{"id":10094,"date":"2015-05-18T21:11:14","date_gmt":"2015-05-18T17:11:14","guid":{"rendered":"http:\/\/asue.edu.az\/bunyadova-kemale-aslan-qizi-2\/"},"modified":"2024-11-14T21:59:36","modified_gmt":"2024-11-14T17:59:36","slug":"bunyadova-kamala-aslan","status":"publish","type":"page","link":"http:\/\/unec.edu.az\/en\/bunyadova-kamala-aslan\/","title":{"rendered":"Bunyadova Kamala Aslan"},"content":{"rendered":"<h4><span style=\"color: #800000;\"><a style=\"color: #800000;\" href=\"https:\/\/unec.edu.az\/application\/uploads\/2015\/01\/Kamale-m_.jpg\"><img fetchpriority=\"high\" decoding=\"async\" class=\"alignleft wp-image-1887 size-full\" title=\"left\" src=\"https:\/\/unec.edu.az\/application\/uploads\/2015\/01\/Kamale-m_.jpg\" alt=\"Kamale m_\" width=\"250\" height=\"236\" \/><\/a><\/span><\/h4>\n<h4><span style=\"color: #800000;\">Branch Manager Bunyadova Kemale Aslan<\/span><\/h4>\n<p><span style=\"color: #000000; font-size: 12pt;\"><em>e-mail: k.bunyadova@unec.edu.az<\/em><\/span><\/p>\n<p style=\"text-align: justify;\">She was born on December 19, 1965.<\/p>\n<p style=\"text-align: justify;\">In 1983 she finished secondary school No. 87, and in 1983-1985worked at the Information Center of the Ministry of Internal Affairs. In 1985, she attended Law Faculty of Kiev State University named after Taras Shevchenko, and since 1988 she has continued her study at the Law Faculty of Baku State University and\u00a0 graduated it in 1990.<\/p>\n<p style=\"text-align: justify;\">Began labor activity as a member of the College of Barristers of the Republic of Azerbaijan in 1990.\u00a0 In 1993-1999 she worked in the Union of Consumer Societies (\u201cAzerittifag\u201d), head of Legal Department of the Board of Directors, in 1999-2009 Assistant Director of \u201cAzerAirNavitaion\u201d Company of \u201cAzerbaijan HavaYollari\u201d State Concern on Legal Affairs, in 2009-2014 as the chief lawyer of the Board of \u201cAzertunelmetrotikinti\u201d State JSC.<\/p>\n<p style=\"text-align: justify;\">Knows English, Ukrainian and Russian languages. Married and has two sons.<\/p>\n<p style=\"text-align: justify;\"><a class=\"fancybox-thumb\" href=\"https:\/\/unec.edu.az\/application\/uploads\/2015\/05\/kamala207f048a2069d1.jpg\"><img decoding=\"async\" class=\"fancybox-margin alignnone wp-image-164705 size-image236x180\" src=\"https:\/\/unec.edu.az\/application\/uploads\/2015\/05\/kamala207f048a2069d1-236x180.jpg\" alt=\"kamala207f048a2069d1\" width=\"236\" height=\"180\" \/><\/a><a class=\"fancybox-thumb\" href=\"https:\/\/unec.edu.az\/application\/uploads\/2016\/12\/kollektiv_5643.jpg\"><img decoding=\"async\" class=\"fancybox-margin alignnone wp-image-79014 size-image236x180\" title=\"UNEC m\u00fc\u0259lliml\u0259ri m\u00fckafatland\u0131rld\u0131 (30.11.2016)\" src=\"https:\/\/unec.edu.az\/application\/uploads\/2016\/12\/kollektiv_5643-236x180.jpg\" alt=\"kollektiv_5643\" width=\"236\" height=\"180\" \/><\/a><a class=\"fancybox-thumb\" href=\"http:\/\/unec.edu.az\/application\/uploads\/2024\/11\/kamala7021aff7de6.jpg\"><img loading=\"lazy\" decoding=\"async\" class=\"fancybox-margin alignnone wp-image-450265 size-image236x180\" title=\"UNEC-d\u0259 inzibati hey\u0259t \u00fc\u00e7\u00fcn t\u0259liml\u0259r davam edir (14.11.2024)\" src=\"http:\/\/unec.edu.az\/application\/uploads\/2024\/11\/kamala7021aff7de6-236x180.jpg\" alt=\"\" width=\"236\" height=\"180\" \/><\/a><a class=\"fancybox-thumb\" href=\"http:\/\/unec.edu.az\/application\/uploads\/2024\/11\/kamalac0bf696c2.jpg\"><img loading=\"lazy\" decoding=\"async\" class=\"fancybox-margin alignnone wp-image-450262 size-image236x180\" title=\"UNEC-d\u0259 inzibati hey\u0259t \u00fc\u00e7\u00fcn t\u0259liml\u0259r davam edir (14.11.2024)\" src=\"http:\/\/unec.edu.az\/application\/uploads\/2024\/11\/kamalac0bf696c2-236x180.jpg\" alt=\"\" width=\"236\" height=\"180\" \/><\/a><\/p>\n","protected":false},"excerpt":{"rendered":"<p>Branch Manager Bunyadova Kemale Aslan e-mail: k.bunyadova@unec.edu.az She was born on December 19, 1965. In 1983 she finished secondary school No. 87, and in 1983-1985worked at the Information Center of the Ministry of Internal Affairs. In 1985, she attended Law Faculty of Kiev State University named after Taras Shevchenko, and since 1988 she has continued [&hellip;]<\/p>\n","protected":false},"author":10,"featured_media":0,"parent":0,"menu_order":0,"comment_status":"open","ping_status":"open","template":"","meta":{"footnotes":""},"class_list":["post-10094","page","type-page","status-publish","hentry"],"_links":{"self":[{"href":"http:\/\/unec.edu.az\/en\/wp-json\/wp\/v2\/pages\/10094","targetHints":{"allow":["GET"]}}],"collection":[{"href":"http:\/\/unec.edu.az\/en\/wp-json\/wp\/v2\/pages"}],"about":[{"href":"http:\/\/unec.edu.az\/en\/wp-json\/wp\/v2\/types\/page"}],"author":[{"embeddable":true,"href":"http:\/\/unec.edu.az\/en\/wp-json\/wp\/v2\/users\/10"}],"replies":[{"embeddable":true,"href":"http:\/\/unec.edu.az\/en\/wp-json\/wp\/v2\/comments?post=10094"}],"version-history":[{"count":10,"href":"http:\/\/unec.edu.az\/en\/wp-json\/wp\/v2\/pages\/10094\/revisions"}],"predecessor-version":[{"id":450305,"href":"http:\/\/unec.edu.az\/en\/wp-json\/wp\/v2\/pages\/10094\/revisions\/450305"}],"wp:attachment":[{"href":"http:\/\/unec.edu.az\/en\/wp-json\/wp\/v2\/media?parent=10094"}],"curies":[{"name":"wp","href":"https:\/\/api.w.org\/{rel}","templated":true}]}}