{"id":10103,"date":"2015-05-18T21:13:12","date_gmt":"2015-05-18T17:13:12","guid":{"rendered":"http:\/\/asue.edu.az\/eliyev-fuad-bahadur-oglu-2\/"},"modified":"2018-09-27T11:15:05","modified_gmt":"2018-09-27T07:15:05","slug":"eliyev-fuad-bahadur-oglu","status":"publish","type":"page","link":"http:\/\/unec.edu.az\/en\/eliyev-fuad-bahadur-oglu\/","title":{"rendered":"s\/t Aliyev Fuad Bahadur"},"content":{"rendered":"<h4 style=\"text-align: justify;\"><span style=\"color: #800000;\"><a href=\"https:\/\/unec.edu.az\/application\/uploads\/2015\/01\/Fuad-m_1-e1423805547965.jpg\"><img fetchpriority=\"high\" decoding=\"async\" class=\"alignleft wp-image-2098\" title=\"left\" src=\"https:\/\/unec.edu.az\/application\/uploads\/2015\/01\/Fuad-m_1-e1423805547965-300x200.jpg\" alt=\"Fuad m_\" width=\"335\" height=\"223\" srcset=\"http:\/\/unec.edu.az\/application\/uploads\/2015\/01\/Fuad-m_1-e1423805547965-300x200.jpg 300w, http:\/\/unec.edu.az\/application\/uploads\/2015\/01\/Fuad-m_1-e1423805547965.jpg 1024w\" sizes=\"(max-width: 335px) 100vw, 335px\" \/><\/a><\/span><\/h4>\n<h4 style=\"text-align: justify;\"><span style=\"color: #800000;\">Aliyev Fuad Bahadur<\/span><\/h4>\n<p>Was born on August 26, 1974\u00a0in Aghjabadi town.<\/p>\n<p style=\"text-align: justify;\">In 1996,\u00a0he graduated\u00a0from the \u201cManager training\u201d faculty of the Institute for Administration of People\u2019s Economy under the Cabinet of Ministers of the Republic of Azerbaijan. In the same year, he entered the \u201cFinance-Accounting\u201d section of the Master Degree at the Dumlupinar University of the Republic of Turkey. He successfully graduated from the University in 1998.<\/p>\n<p style=\"text-align: justify;\">Over 1995-1996 years,\u00a0he worked as the translator at the Baku Representation of the Turkish Development and Cooperation Agency of the Ministry of Foreign Affairs of Turkey.<\/p>\n<p style=\"text-align: justify;\">From September 1995 to May 2001, he worked as the head laboratory assistant and from 1998 to May 2001 as the teacher at the Institute for Administration of People\u2019s Economy under the Cabinet of Ministers of the Republic of Azerbaijan.<\/p>\n<p style=\"text-align: justify;\">From September 2001 up to now,<strong>\u00a0<\/strong>he has been the senior teacher at the \u201cBanking work\u201d department.<\/p>\n<p id=\"tw-target-text\" class=\"tw-data-text tw-ta tw-text-small\" dir=\"ltr\" data-placeholder=\"\u041f\u0435\u0440\u0435\u0432\u043e\u0434\"><span lang=\"en\">Until 27\/09\/2018, he worked as Director of the UNEC Career Center.<\/span><\/p>\n<p style=\"text-align: justify;\">He has about 20 scientific articles and thesis published.<\/p>\n<p style=\"text-align: justify;\">He is one of the authors who prepared the bachelor program on \u201cAnalysis and assessment of investment projects\u201d subject and is the author of the book of the same title.<\/p>\n<p><a class=\"fancybox-thumb\" href=\"https:\/\/unec.edu.az\/application\/uploads\/2018\/09\/DSC_0286.jpg\" rel=\"fancybox-thumb\"><img decoding=\"async\" class=\"alignnone wp-image-128219 size-thumbnail\" title=\"UNEC \u0259m\u0259kda\u015flar\u0131 K\u0130S \u00fczr\u0259 beyn\u0259lxalq auditor sertifikat\u0131 qazan\u0131b (18.09.2018)\" src=\"https:\/\/unec.edu.az\/application\/uploads\/2018\/09\/DSC_0286-150x150.jpg\" alt=\"DSC_0286\" width=\"150\" height=\"150\" \/><\/a><a class=\"fancybox-thumb\" href=\"https:\/\/unec.edu.az\/application\/uploads\/2015\/05\/DSC_8237.jpg\" rel=\"fancybox-thumb\"><img decoding=\"async\" class=\"alignnone wp-image-66683 size-thumbnail\" src=\"https:\/\/unec.edu.az\/application\/uploads\/2015\/05\/DSC_8237-150x150.jpg\" alt=\"DSC_8237\" width=\"150\" height=\"150\" \/><\/a><a class=\"fancybox-thumb\" href=\"https:\/\/unec.edu.az\/application\/uploads\/2015\/12\/14489534736073913237_750x500.jpg\" rel=\"fancybox-thumb\"><img loading=\"lazy\" decoding=\"async\" class=\"alignnone wp-image-29625 size-thumbnail\" src=\"https:\/\/unec.edu.az\/application\/uploads\/2015\/12\/14489534736073913237_750x500-150x150.jpg\" alt=\"14489534736073913237_750x500\" width=\"150\" height=\"150\" \/><\/a><a class=\"fancybox-thumb\" href=\"https:\/\/unec.edu.az\/application\/uploads\/2015\/12\/14489534735413816067_750x500.jpg\" rel=\"fancybox-thumb\"><img loading=\"lazy\" decoding=\"async\" class=\"alignnone wp-image-29623 size-thumbnail\" src=\"https:\/\/unec.edu.az\/application\/uploads\/2015\/12\/14489534735413816067_750x500-150x150.jpg\" alt=\"14489534735413816067_750x500\" width=\"150\" height=\"150\" \/><\/a><a class=\"fancybox-thumb\" href=\"https:\/\/unec.edu.az\/application\/uploads\/2015\/12\/Snimok111.jpg\" rel=\"fancybox-thumb\"><img loading=\"lazy\" decoding=\"async\" class=\"alignnone wp-image-29627 size-thumbnail\" src=\"https:\/\/unec.edu.az\/application\/uploads\/2015\/12\/Snimok111-150x150.jpg\" alt=\"\u0421\u043d\u0438\u043c\u043e\u043a111\" width=\"150\" height=\"150\" \/><\/a><a class=\"fancybox-thumb\" href=\"https:\/\/unec.edu.az\/application\/uploads\/2015\/05\/5555.jpg\" target=\"_blank\" rel=\"fancybox-thumb\"><img loading=\"lazy\" decoding=\"async\" class=\"alignnone wp-image-29720 size-thumbnail\" src=\"https:\/\/unec.edu.az\/application\/uploads\/2015\/05\/5555-150x150.jpg\" alt=\"5555\" width=\"150\" height=\"150\" \/><\/a><\/p>\n<p><span style=\"color: #333333;\"><em><a style=\"color: #333333;\" href=\"https:\/\/unec.edu.az\/en\/unec-moskva-beynelxalq-tehsil-ve-karyera-sergisinde\/\">UNEC at \u201cMoscow International Education and Career\u201d exhibition<\/a>\u00a0(24.10.2017)<br \/>\n<a style=\"color: #333333;\" href=\"https:\/\/unec.edu.az\/en\/unec-telebeleri-avropa-birliyi-olkelerinde-tecrube-kececekler\/\">UNEC Students will pass Internship in Europe<\/a>\u00a0(16.06.2017)<br \/>\n<\/em><\/span><em><span style=\"color: #333333;\"><a style=\"color: #333333;\" href=\"https:\/\/unec.edu.az\/en\/unec-telebelerinin-uguru-en-yaxsi-biznes-ideyasi-ve-en-yaxsi-enactus-ruhu\/\">UNEC Students\u2019 Success: \u201cThe best business idea\u201d and \u201cThe best ENACTUS spirit\u201d<\/a>\u00a0(30.05.2017)<br \/>\n<\/span><\/em><em><a style=\"color: #000000;\" href=\"https:\/\/unec.edu.az\/en\/unec-in-telebe-ve-magistrleri-azerbaycan-senaye-sigorta-asc-nin-mukafatini-qazanib\/\">Undergraduate and Graduate Students won prize by \u201cAzerbaijan Industrial Insurance\u201d<\/a>\u00a0(15.03.2017)<\/em><\/p>\n<p><span style=\"color: #000000;\"><em><a style=\"color: #000000;\" href=\"https:\/\/unec.edu.az\/en\/maarifci-qht-ler-ve-gencler-teskilatlari-unec-in-karyera-merkezinde-beynelxalq-konulluler-gunu-nu-qeyd-etdiler\/\"> The \u201cInternational Volunteers Day\u201d marked at UNEC by the Educationist NGO and Youth Organizations<\/a>\u00a0(06.12.2016)<br \/>\n<\/em><em><a style=\"color: #000000;\" href=\"https:\/\/unec.edu.az\/en\/unec-academic-thinking-human-development\/\">UNEC Academic Thinking: \u201cHuman Development\u201d<\/a>\u00a0(23.11.2016)<br \/>\n<\/em><em><a style=\"color: #000000;\" href=\"https:\/\/unec.edu.az\/en\/unec-beynelxalq-karyera-merkezleri-seminarinda-temsil-olunub\/\">UNEC was represented in the seminars of \u201cInternational Career Centers\u201d<\/a>\u00a0(16.11.2016)<br \/>\n<\/em><em><a style=\"color: #000000;\" href=\"https:\/\/unec.edu.az\/en\/adiu-nun-karyera-merkezinin-direktoru-fuad-eliyevin-respublika-qezetinde-derc-olunan-meqalesi\/\">ASUE Career Center Director Fuad Aliyev\u2019s article published in the newspaper \u201cRepublic\u201d<\/a>\u00a0 \u00a0<a style=\"color: #000000;\" href=\"https:\/\/unec.edu.az\/adiu-nun-karyera-merkezinin-direktoru-fuad-eliyevin-respublika-qezetinde-derc-olunan-meqalesi\/\">(22.06.2015)<\/a><\/em><\/span><\/p>\n<p><a class=\"fancybox-thumb\" href=\"https:\/\/unec.edu.az\/application\/uploads\/2017\/10\/DSC_57751.jpg\" rel=\"fancybox-thumb\"><img loading=\"lazy\" decoding=\"async\" class=\"alignnone wp-image-105695 size-thumbnail\" title=\"UNEC yeni layih\u0259l\u0259rini t\u0259qdim edir (06.10.2017)\" src=\"https:\/\/unec.edu.az\/application\/uploads\/2017\/10\/DSC_57751-150x150.jpg\" alt=\"DSC_5775\" width=\"150\" height=\"150\" \/><\/a><a class=\"fancybox-thumb\" href=\"https:\/\/unec.edu.az\/application\/uploads\/2017\/10\/DSC_57831.jpg\" rel=\"fancybox-thumb\"><img loading=\"lazy\" decoding=\"async\" class=\"alignnone wp-image-105696 size-thumbnail\" title=\"UNEC yeni layih\u0259l\u0259rini t\u0259qdim edir\" src=\"https:\/\/unec.edu.az\/application\/uploads\/2017\/10\/DSC_57831-150x150.jpg\" alt=\"DSC_5783\" width=\"150\" height=\"150\" \/><\/a><a class=\"fancybox-thumb\" href=\"https:\/\/unec.edu.az\/application\/uploads\/2017\/05\/enactus1.jpg\" rel=\"fancybox-thumb\"><img loading=\"lazy\" decoding=\"async\" class=\"alignnone wp-image-97406 size-thumbnail\" title=\"UNEC t\u0259l\u0259b\u0259l\u0259rinin u\u011furu: \u201c\u018fn yax\u015f\u0131 biznes ideyas\u0131\u201d v\u0259 \u201c\u018fn yax\u015f\u0131 ENACTUS ruhu\u201d (30.05.2017)\" src=\"https:\/\/unec.edu.az\/application\/uploads\/2017\/05\/enactus1-150x150.jpg\" alt=\"enactus1\" width=\"150\" height=\"150\" \/><\/a><a class=\"fancybox-thumb\" href=\"https:\/\/unec.edu.az\/application\/uploads\/2016\/11\/seminar33.jpg\" rel=\"fancybox-thumb\"><img loading=\"lazy\" decoding=\"async\" class=\"alignnone wp-image-72123 size-thumbnail\" title=\"UNEC \u201cBeyn\u0259lxalq Karyera M\u0259rk\u0259zl\u0259ri\u201d seminar\u0131nda t\u0259msil olunub (16.11.2016)\" src=\"https:\/\/unec.edu.az\/application\/uploads\/2016\/11\/seminar33-150x150.jpg\" alt=\"seminar33\" width=\"150\" height=\"150\" \/><\/a><a class=\"fancybox-thumb\" href=\"https:\/\/unec.edu.az\/application\/uploads\/2017\/03\/DSC_0640.jpg\" rel=\"fancybox-thumb\"><img loading=\"lazy\" decoding=\"async\" class=\"alignnone wp-image-87612 size-thumbnail\" title=\"T\u0259l\u0259b\u0259 v\u0259 magistrl\u0259r \u201cAz\u0259rbaycan S\u0259naye S\u0131\u011forta\u201d-n\u0131n m\u00fckafat\u0131n\u0131 qazand\u0131 (15.03.2017)\" src=\"https:\/\/unec.edu.az\/application\/uploads\/2017\/03\/DSC_0640-150x150.jpg\" alt=\"DSC_0640\" width=\"150\" height=\"150\" \/><\/a><a class=\"fancybox-thumb\" href=\"https:\/\/unec.edu.az\/application\/uploads\/2016\/12\/1-DSC_2601.jpg\" rel=\"fancybox-thumb\"><img loading=\"lazy\" decoding=\"async\" class=\"alignnone wp-image-75283 size-thumbnail\" title=\"UNEC-in professor-m\u00fc\u0259llim hey\u0259ti Sumqay\u0131t Kimya S\u0259naye Park\u0131nda olublar (07.12.2016)\" src=\"https:\/\/unec.edu.az\/application\/uploads\/2016\/12\/1-DSC_2601-150x150.jpg\" alt=\"1-DSC_2601\" width=\"150\" height=\"150\" \/><\/a><\/p>\n","protected":false},"excerpt":{"rendered":"<p>Aliyev Fuad Bahadur Was born on August 26, 1974\u00a0in Aghjabadi town. In 1996,\u00a0he graduated\u00a0from the \u201cManager training\u201d faculty of the Institute for Administration of People\u2019s Economy under the Cabinet of Ministers of the Republic of Azerbaijan. In the same year, he entered the \u201cFinance-Accounting\u201d section of the Master Degree at the Dumlupinar University of the [&hellip;]<\/p>\n","protected":false},"author":10,"featured_media":0,"parent":0,"menu_order":0,"comment_status":"open","ping_status":"open","template":"","meta":{"footnotes":""},"class_list":["post-10103","page","type-page","status-publish","hentry"],"_links":{"self":[{"href":"http:\/\/unec.edu.az\/en\/wp-json\/wp\/v2\/pages\/10103","targetHints":{"allow":["GET"]}}],"collection":[{"href":"http:\/\/unec.edu.az\/en\/wp-json\/wp\/v2\/pages"}],"about":[{"href":"http:\/\/unec.edu.az\/en\/wp-json\/wp\/v2\/types\/page"}],"author":[{"embeddable":true,"href":"http:\/\/unec.edu.az\/en\/wp-json\/wp\/v2\/users\/10"}],"replies":[{"embeddable":true,"href":"http:\/\/unec.edu.az\/en\/wp-json\/wp\/v2\/comments?post=10103"}],"version-history":[{"count":28,"href":"http:\/\/unec.edu.az\/en\/wp-json\/wp\/v2\/pages\/10103\/revisions"}],"predecessor-version":[{"id":128761,"href":"http:\/\/unec.edu.az\/en\/wp-json\/wp\/v2\/pages\/10103\/revisions\/128761"}],"wp:attachment":[{"href":"http:\/\/unec.edu.az\/en\/wp-json\/wp\/v2\/media?parent=10103"}],"curies":[{"name":"wp","href":"https:\/\/api.w.org\/{rel}","templated":true}]}}