{"id":10333,"date":"2015-05-20T10:59:34","date_gmt":"2015-05-20T06:59:34","guid":{"rendered":"https:\/\/unec.edu.az\/dos-quliyev-asiman-aydin-oglu-2\/"},"modified":"2021-09-30T15:06:29","modified_gmt":"2021-09-30T11:06:29","slug":"assist-prof-guliyev-asiman-aydin","status":"publish","type":"page","link":"http:\/\/unec.edu.az\/en\/assist-prof-guliyev-asiman-aydin\/","title":{"rendered":"Assist.Prof.Guliyev Asiman Aydin"},"content":{"rendered":"<h4><span style=\"color: #800000;\"><a href=\"https:\/\/unec.edu.az\/application\/uploads\/2015\/02\/asiman1805.jpg\"><img fetchpriority=\"high\" decoding=\"async\" class=\"alignleft wp-image-9635\" title=\"left\" src=\"https:\/\/unec.edu.az\/application\/uploads\/2015\/02\/asiman1805-200x300.jpg\" alt=\"asiman1805\" width=\"232\" height=\"348\" srcset=\"http:\/\/unec.edu.az\/application\/uploads\/2015\/02\/asiman1805-200x300.jpg 200w, http:\/\/unec.edu.az\/application\/uploads\/2015\/02\/asiman1805.jpg 300w\" sizes=\"(max-width: 232px) 100vw, 232px\" \/><\/a><\/span><\/h4>\n<h4><span style=\"color: #800000;\">Can. of Economy, Assist.Prof. Guliyev Asiman \u00a0Aydin<\/span><\/h4>\n<p><span style=\"color: #000000; font-size: 12pt;\"><em>e-mail: as.guliyev@unec.edu.az<\/em><\/span><\/p>\n<p style=\"text-align: justify;\">He was born in Shaki\u00a0in 1956.\u00a0He got secondary education in Baku school within 1963-1973.<br \/>\nHe studied at Azerbaijan Institute of National Economy (present Azerbaijan State University of Economics)\u00a0in 1973-1978.<br \/>\nIn the years 1983-1985he was the post graduate of the same institute.<br \/>\nIn 1988\u00a0got the title of a candidate on economic sciences defending at St. Petersburg University of Economics and Finance named after Voznesensky.<\/p>\n<p style=\"text-align: justify;\">\u00a0In 1986-1992 served as a teacher at ASUE, in 1986-1989 was the chairman of Student Trade Union Committee of ASUE.<\/p>\n<p style=\"text-align: justify;\">In 1992-1993\u00a0worked as the head of the Executive Power of Lerik region.<\/p>\n<p style=\"text-align: justify;\">In 1994-1997\u00a0became an Associated Professor of Baku Business University, worked as a dean.<br \/>\nSince 1997\u00a0has been the an Associated Professor of ASUE chair of \u201cEconomic Theory \u2013 1\u201d.<\/p>\n<p style=\"text-align: justify;\">Since 2000\u00a0has been a press secretary of ASUE journal \u201cEconomics Sciences: theory and practice\u201d.<\/p>\n<p style=\"text-align: justify;\">In 2006-2014 he became a deputy dean of ASUE faculty of \u201cTurkish World of Business Administration\u201d.<br \/>\nSince 2014 -2021 has been a Dean of the Faculty \u201cGeneral Economy\u201d.<\/p>\n<p style=\"text-align: justify;\">More than 60 of his studies, monographs, manuals and translations have been published in Azerbaijan, Russia, and Czechoslovakia.\u00a0He regularly participates at the international conferences.<\/p>\n<p style=\"text-align: justify;\">According to the Order of the President of the Republic of Azerbaijan dated September 24, 2020, he was awarded the honorary title of &#8220;Honored Teacher&#8221; on the occasion of the 90th anniversary of\u00a0 Azerbaijan State University of Economics and for his services to the development of education in Azerbaijan.<\/p>\n<p style=\"text-align: justify;\"><em><a style=\"color: #000080;\" href=\"https:\/\/unec.edu.az\/application\/uploads\/2015\/05\/eser_asia.pdf\">L\u0130ST OF SC\u0130ENT\u0130F\u0130C WORKS<\/a><\/em><\/p>\n<p style=\"text-align: justify;\"><a class=\"fancybox-thumb\" href=\"https:\/\/unec.edu.az\/application\/uploads\/2021\/06\/TAG_4161.jpg\" rel=\"fancybox-thumb\"><img decoding=\"async\" class=\"fancybox-margin alignnone wp-image-163930 size-thumbnail\" src=\"https:\/\/unec.edu.az\/application\/uploads\/2021\/06\/TAG_4161-150x150.jpg\" alt=\"TAG_4161\" width=\"150\" height=\"150\" \/><\/a><a class=\"fancybox-thumb\" href=\"https:\/\/unec.edu.az\/application\/uploads\/2015\/07\/DSC_2247.jpg\" rel=\"fancybox-thumb\"><img decoding=\"async\" class=\"fancybox-margin  alignnone wp-image-18227 size-thumbnail\" src=\"https:\/\/unec.edu.az\/application\/uploads\/2015\/07\/DSC_2247-150x150.jpg\" alt=\"DSC_2247\" width=\"150\" height=\"150\" \/><\/a><a class=\"fancybox-thumb\" href=\"https:\/\/unec.edu.az\/application\/uploads\/2016\/11\/IMG_2827.jpg\" rel=\"fancybox-thumb\"><img loading=\"lazy\" decoding=\"async\" class=\"fancybox-margin  alignnone wp-image-74062 size-thumbnail\" src=\"https:\/\/unec.edu.az\/application\/uploads\/2016\/11\/IMG_2827-150x150.jpg\" alt=\"IMG_2827\" width=\"150\" height=\"150\" \/><\/a><a class=\"fancybox-thumb\" href=\"https:\/\/unec.edu.az\/application\/uploads\/2016\/10\/DSC_0048.jpg\" rel=\"fancybox-thumb\"><img loading=\"lazy\" decoding=\"async\" class=\"fancybox-margin  alignnone wp-image-67640 size-thumbnail\" src=\"https:\/\/unec.edu.az\/application\/uploads\/2016\/10\/DSC_0048-150x150.jpg\" alt=\"DSC_0048\" width=\"150\" height=\"150\" \/><\/a><a class=\"fancybox-thumb\" href=\"https:\/\/unec.edu.az\/application\/uploads\/2016\/12\/asiman_2678.jpg\" rel=\"fancybox-thumb\"><img loading=\"lazy\" decoding=\"async\" class=\"fancybox-margin alignnone wp-image-75835 size-thumbnail\" title=\"UNEC-in professor-m\u00fc\u0259llim hey\u0259ti Sumqay\u0131t Kimya S\u0259naye Park\u0131nda olublar (07.12.2016)\" src=\"https:\/\/unec.edu.az\/application\/uploads\/2016\/12\/asiman_2678-150x150.jpg\" alt=\"asiman_2678\" width=\"150\" height=\"150\" \/><\/a><a class=\"fancybox-thumb\" href=\"https:\/\/unec.edu.az\/application\/uploads\/2017\/02\/turk_00021.jpg\" rel=\"fancybox-thumb\"><img loading=\"lazy\" decoding=\"async\" class=\"fancybox-margin alignnone wp-image-84258 size-thumbnail\" title=\"T\u00fcrkiye- Azerbaycan \u0130li\u015fkilerine Akademi Deste\u011fi (13.02.2017)\" src=\"https:\/\/unec.edu.az\/application\/uploads\/2017\/02\/turk_00021-150x150.jpg\" alt=\"turk_0002(1)\" width=\"150\" height=\"150\" \/><\/a><\/p>\n<p>* <em><a style=\"color: #333333;\" href=\"https:\/\/unec.edu.az\/en\/unec-de-memmed-araz-poeziyasi\/\">Mammad Araz poetry at UNEC<\/a>\u00a0(27.12.2017)<\/em><\/p>\n<p><em> \u201cThe Strategic Roadmap\u201d studied at UNEC\u00a0(19.01.2017)<a style=\"color: #000000;\" href=\"https:\/\/unec.edu.az\/en\/iqtisad-universitetinde-bu-sahede-ciddi-deyisiklikler-olacaq-musahibe\/\"><br \/>\n\u201cSerious changes will take place at the University of Economics in this area\u201d- INTERVIEW<\/a>\u00a0(12.12.2016)<br \/>\n<\/em><em><a style=\"color: #000000;\" href=\"https:\/\/unec.edu.az\/en\/unec-muellimlerinin-meqalesi-abs-nin-stenford-universitetinin-jurnalinda\/\">UNEC Teaching staff\u2019s articles in the journal of the University of Stanford of the US<\/a>\u00a0\u00a0<\/em><em>(22.06.2016)<\/em><\/p>\n<p><a class=\"fancybox-thumb\" href=\"https:\/\/unec.edu.az\/application\/uploads\/2015\/05\/DSC_asiman.jpg\" rel=\"fancybox-thumb\"><img loading=\"lazy\" decoding=\"async\" class=\"fancybox-margin alignnone wp-image-136171 \" title=\"\u0130qtisadiyyat fak\u00fclt\u0259sinin dekan\u0131 dosent Asiman Quliyev &quot;UNEC \u0130mtahan&quot; verili\u015finin qona\u011f\u0131 olub (07.01.2019)\" src=\"https:\/\/unec.edu.az\/application\/uploads\/2015\/05\/DSC_asiman-236x180.jpg\" alt=\"DSC_asiman\" width=\"191\" height=\"146\" \/><\/a><a class=\"fancybox-thumb\" href=\"https:\/\/unec.edu.az\/application\/uploads\/2017\/07\/ulu07-3.jpg\" rel=\"fancybox-thumb\"><img loading=\"lazy\" decoding=\"async\" class=\"fancybox-margin alignnone wp-image-101851 \" title=\"UNEC-in n\u00fcmay\u0259nd\u0259 hey\u0259ti T\u00fcrkiy\u0259nin Uluda\u011f Universitetind\u0259 (11.07.2017)\" src=\"https:\/\/unec.edu.az\/application\/uploads\/2017\/07\/ulu07-3-236x180.jpg\" alt=\"ulu07-3\" width=\"190\" height=\"145\" \/><\/a><a class=\"fancybox-thumb\" href=\"https:\/\/unec.edu.az\/application\/uploads\/2017\/07\/ulu8807-2.jpg\" rel=\"fancybox-thumb\"><img loading=\"lazy\" decoding=\"async\" class=\"fancybox-margin alignnone wp-image-101850 \" title=\"UNEC-in n\u00fcmay\u0259nd\u0259 hey\u0259ti T\u00fcrkiy\u0259nin Uluda\u011f Universitetind\u0259 (11.07.2017)\" src=\"https:\/\/unec.edu.az\/application\/uploads\/2017\/07\/ulu8807-2-236x180.jpg\" alt=\"ulu8807-2\" width=\"187\" height=\"143\" \/><\/a><a class=\"fancybox-thumb\" href=\"https:\/\/unec.edu.az\/application\/uploads\/2017\/07\/ulu997-1.jpg\" rel=\"fancybox-thumb\"><img loading=\"lazy\" decoding=\"async\" class=\"fancybox-margin alignnone wp-image-101849 \" title=\"UNEC-in n\u00fcmay\u0259nd\u0259 hey\u0259ti T\u00fcrkiy\u0259nin Uluda\u011f Universitetind\u0259 (11.07.2017)\" src=\"https:\/\/unec.edu.az\/application\/uploads\/2017\/07\/ulu997-1-236x180.jpg\" alt=\"ulu997-1\" width=\"189\" height=\"144\" \/><\/a><a class=\"fancybox-thumb\" href=\"https:\/\/unec.edu.az\/application\/uploads\/2017\/05\/Azerbaidzano-delegacijos-vizitas-MRU-2952.jpg\" rel=\"fancybox-thumb\"><img loading=\"lazy\" decoding=\"async\" class=\"fancybox-margin alignnone wp-image-97254 \" title=\"UNEC Avropa t\u0259hsil m\u0259kan\u0131na inteqrasiyan\u0131 geni\u015fl\u0259ndirir (30.05.2017)\" src=\"https:\/\/unec.edu.az\/application\/uploads\/2017\/05\/Azerbaidzano-delegacijos-vizitas-MRU-2952-236x180.jpg\" alt=\"Azerbaidzano delegacijos vizitas MRU-2952\" width=\"189\" height=\"144\" \/><\/a><\/p>\n","protected":false},"excerpt":{"rendered":"<p>Can. of Economy, Assist.Prof. Guliyev Asiman \u00a0Aydin e-mail: as.guliyev@unec.edu.az He was born in Shaki\u00a0in 1956.\u00a0He got secondary education in Baku school within 1963-1973. He studied at Azerbaijan Institute of National Economy (present Azerbaijan State University of Economics)\u00a0in 1973-1978. In the years 1983-1985he was the post graduate of the same institute. In 1988\u00a0got the title of [&hellip;]<\/p>\n","protected":false},"author":10,"featured_media":0,"parent":0,"menu_order":0,"comment_status":"open","ping_status":"open","template":"","meta":{"footnotes":""},"class_list":["post-10333","page","type-page","status-publish","hentry"],"_links":{"self":[{"href":"http:\/\/unec.edu.az\/en\/wp-json\/wp\/v2\/pages\/10333","targetHints":{"allow":["GET"]}}],"collection":[{"href":"http:\/\/unec.edu.az\/en\/wp-json\/wp\/v2\/pages"}],"about":[{"href":"http:\/\/unec.edu.az\/en\/wp-json\/wp\/v2\/types\/page"}],"author":[{"embeddable":true,"href":"http:\/\/unec.edu.az\/en\/wp-json\/wp\/v2\/users\/10"}],"replies":[{"embeddable":true,"href":"http:\/\/unec.edu.az\/en\/wp-json\/wp\/v2\/comments?post=10333"}],"version-history":[{"count":22,"href":"http:\/\/unec.edu.az\/en\/wp-json\/wp\/v2\/pages\/10333\/revisions"}],"predecessor-version":[{"id":166247,"href":"http:\/\/unec.edu.az\/en\/wp-json\/wp\/v2\/pages\/10333\/revisions\/166247"}],"wp:attachment":[{"href":"http:\/\/unec.edu.az\/en\/wp-json\/wp\/v2\/media?parent=10333"}],"curies":[{"name":"wp","href":"https:\/\/api.w.org\/{rel}","templated":true}]}}