{"id":12944,"date":"2015-06-02T15:38:34","date_gmt":"2015-06-02T11:38:34","guid":{"rendered":"https:\/\/unec.edu.az\/fil-e-d-ebdulhesenli-tofiq-ebduleziz-oglu-2\/"},"modified":"2025-10-02T10:12:54","modified_gmt":"2025-10-02T06:12:54","slug":"doctor-of-philology-abdulhasanli-tofig-abdulaziz","status":"publish","type":"page","link":"http:\/\/unec.edu.az\/en\/doctor-of-philology-abdulhasanli-tofig-abdulaziz\/","title":{"rendered":"Doctor of Philology, Abdulhasanli Tofig Abdulaziz oglu"},"content":{"rendered":"<h4><a href=\"https:\/\/unec.edu.az\/application\/uploads\/2015\/06\/abdulhesenov_Tofiq.jpg\"><img fetchpriority=\"high\" decoding=\"async\" class=\"alignleft wp-image-125995 size-medium\" title=\"left\" src=\"https:\/\/unec.edu.az\/application\/uploads\/2015\/06\/abdulhesenov_Tofiq-300x200.jpg\" alt=\"abdulhesenov_Tofiq\" width=\"300\" height=\"200\" srcset=\"http:\/\/unec.edu.az\/application\/uploads\/2015\/06\/abdulhesenov_Tofiq-300x200.jpg 300w, http:\/\/unec.edu.az\/application\/uploads\/2015\/06\/abdulhesenov_Tofiq.jpg 800w\" sizes=\"(max-width: 300px) 100vw, 300px\" \/><\/a><\/h4>\n<p><span style=\"color: #800000;\">Head of the Department of \u201cAZERBAIJANI LANGUAGE\u201d,\u00a0Doctor of Philology, Prof. Abdulhasanli Tofig Abdulaziz<\/span><\/p>\n<h4><span style=\"color: #333333;\"><em>e-mail:\u00a0<a style=\"color: #333333;\" href=\"https:\/\/e.mail.ru\/compose?To=tofiq.abdulhasan@unec.edu.az\">tofiq.abdulhasan@unec.edu.az<\/a><\/em><\/span><\/h4>\n<p><strong>\u00a0<\/strong>He was born in Pirabba province of Neftchala region on December 30 1955.<\/p>\n<p style=\"text-align: justify;\">Within the years of 1973-1981 he studied in the Faculty of Philology of Azerbaijan State University and graduate from in honors received a degree in Philology- an instructor of Azerbaijan Language and Literature.<br \/>\nHe completed the Faculty of Finance and Credit of Azerbaijan State University of Economics with honorary diploma in 2000.<\/p>\n<p style=\"text-align: justify;\">He started to work in the manufacturer in the years of 1972-1985. In 1974-1976 he served in the army.<\/p>\n<p style=\"text-align: justify;\">Within 1985-1990 he worked as an editor of the publish house \u201cGanjlik\u201d (Youth). He was appointed a Director of the newspaper \u201cHayat\u201d (Life) of the Supreme Soviet of Azerbaijan. In the years of 1992-2002 he was a Head of the Department of the newspaper \u201cAzerbaijan\u201d under the Parliament. <span class=\"Y2IQFc\" lang=\"en\">Since 2003, he has worked as the editorial director of the &#8220;Respublika&#8221; newspaper of the Presidential Administration of the Republic of Azerbaijan.<\/span><\/p>\n<p style=\"text-align: justify;\">He became a Candidate of Philological Sciences after the defense of Candidate\u2019s paper; in 2004 he received the title of the Associate Professor.<br \/>\nSince 2014 he is a Dr. of Philology and a Professor.<\/p>\n<p style=\"text-align: justify;\">He has been serving as an instructor, senior teacher and an Assistant Professor of the department of \u201cAzerbaijani Language\u201d since 1993. Currently he is a Head of the Department of \u201cAzerbaijani Language\u201d.<\/p>\n<p style=\"text-align: justify;\">He is the author of 4 monographs, 5 textbooks, including the book and monograph dedicated to the problems of Azerbaijan Language and Literature, more than 100 scientific articles published in the country and abroad, as well as the textbooks on \u201cAzerbaijani Language\u201d and \u201cBusiness Azerbaijani\u201d.<\/p>\n<p style=\"text-align: justify;\">By the Order of the President of the Republic of Azerbaijan dated September 24, 2020, he was awarded &#8220;Taraggi&#8221; medal on the occasion of the 90th anniversary of\u00a0\u00a0Azerbaijan State University of Economics and for his services to the development of education in Azerbaijan.<\/p>\n<p style=\"text-align: justify;\">He is an Honored Employee of Culture of our Republic. More than 200 publicist articles written by were edited on the official public newspapers. He is a member of Azerbaijan Writers\u2019 Union, Union of Journalists and Republic Union of Economists. He is also the Laureate of the awards \u201cGizil Gelem\u201d (Golden Pen), \u201cHasan Bey Zardabi\u201d and \u201cAraz Ali Adabi\u201d.<\/p>\n<p style=\"text-align: justify;\">T.Abdulhasanli is married, has three children.<\/p>\n<p><span style=\"color: #000080;\"><em><a style=\"color: #000080;\" href=\"https:\/\/unec.edu.az\/application\/uploads\/2015\/06\/Ebdulhasanov_Tofiq_elmi_eserler.pdf\">LIST OF SCIENTIFIC WORKS<\/a><\/em><\/span><\/p>\n<p style=\"text-align: justify;\"><a class=\"fancybox-thumb\" href=\"https:\/\/unec.edu.az\/application\/uploads\/2021\/06\/TAG_4266.jpg\" rel=\"fancybox-thumb\"><img decoding=\"async\" class=\"fancybox-margin alignnone wp-image-163951 size-thumbnail\" src=\"https:\/\/unec.edu.az\/application\/uploads\/2021\/06\/TAG_4266-150x150.jpg\" alt=\"TAG_4266\" width=\"150\" height=\"150\" \/><\/a><a class=\"fancybox-thumb\" href=\"https:\/\/unec.edu.az\/application\/uploads\/2015\/06\/tofiq7f695534d.jpg\" rel=\"fancybox-thumb\"><img decoding=\"async\" class=\"fancybox-margin alignnone wp-image-147822 size-thumbnail\" title=\"UNEC-in Elmi \u015euras\u0131nda professor diplomunun t\u0259qdim olunmas\u0131 (12\/2019)\" src=\"https:\/\/unec.edu.az\/application\/uploads\/2015\/06\/tofiq7f695534d-150x150.jpg\" alt=\"tofiq7f695534d\" width=\"150\" height=\"150\" \/><\/a><a class=\"fancybox-thumb\" href=\"https:\/\/unec.edu.az\/application\/uploads\/2015\/06\/1-tofiq_1369.jpg\" rel=\"fancybox-thumb\"><img loading=\"lazy\" decoding=\"async\" class=\"fancybox-margin  alignnone wp-image-73722 size-thumbnail\" title=\"UNEC-d\u0259 konfrans: \u201cM\u00fcst\u0259qil Az\u0259rbaycan\u0131n inki\u015faf\u0131 r\u0259q\u0259ml\u0259rd\u0259\u201d (24.11.2016)\" src=\"https:\/\/unec.edu.az\/application\/uploads\/2015\/06\/1-tofiq_1369-150x150.jpg\" alt=\"1-tofiq_1369\" width=\"150\" height=\"150\" \/><\/a><a class=\"fancybox-thumb\" href=\"https:\/\/unec.edu.az\/application\/uploads\/2015\/06\/tofiq0087.jpg\" rel=\"fancybox-thumb\"><img loading=\"lazy\" decoding=\"async\" class=\"fancybox-margin alignnone wp-image-67463 size-thumbnail\" src=\"https:\/\/unec.edu.az\/application\/uploads\/2015\/06\/tofiq0087-150x150.jpg\" alt=\"???????????????????????????????\" width=\"150\" height=\"150\" \/><\/a><a class=\"fancybox-thumb\" href=\"https:\/\/unec.edu.az\/application\/uploads\/2015\/05\/DSC_0000.jpg\" rel=\"fancybox-thumb\"><img loading=\"lazy\" decoding=\"async\" class=\"fancybox-margin  alignnone wp-image-7341 size-thumbnail\" src=\"https:\/\/unec.edu.az\/application\/uploads\/2015\/05\/DSC_0000-150x150.jpg\" alt=\"DSC_0000\" width=\"150\" height=\"150\" \/><\/a><a class=\"fancybox-thumb\" href=\"https:\/\/unec.edu.az\/application\/uploads\/2015\/06\/tofiq061.jpg\" rel=\"fancybox-thumb\"><img loading=\"lazy\" decoding=\"async\" class=\"fancybox-margin alignnone wp-image-67464 size-thumbnail\" src=\"https:\/\/unec.edu.az\/application\/uploads\/2015\/06\/tofiq061-150x150.jpg\" alt=\"???????????????????????????????\" width=\"150\" height=\"150\" \/><\/a><\/p>\n<p style=\"text-align: justify;\">More than 150 articles were published in the country and 25 abroad (3 impact journals); his 8 speeches were published on the prestigious scientific journals.<\/p>\n<p style=\"text-align: justify;\"><a class=\"fancybox-thumb\" href=\"https:\/\/unec.edu.az\/application\/uploads\/2017\/02\/tofiq_0617.jpg\" rel=\"fancybox-thumb\"><img loading=\"lazy\" decoding=\"async\" class=\"fancybox-margin  alignnone wp-image-84729 size-thumbnail\" title=\"UNEC-in professor-m\u00fc\u0259llim hey\u0259ti T\u00fcrkiy\u0259 universitetl\u0259rinin t\u0259cr\u00fcb\u0259sind\u0259n dan\u0131\u015fd\u0131 (16.04.2017)\" src=\"https:\/\/unec.edu.az\/application\/uploads\/2017\/02\/tofiq_0617-150x150.jpg\" alt=\"tofiq_0617\" width=\"150\" height=\"150\" \/><\/a><a class=\"fancybox-thumb\" href=\"https:\/\/unec.edu.az\/application\/uploads\/2017\/02\/IMG_0619.jpg\" rel=\"fancybox-thumb\"><img loading=\"lazy\" decoding=\"async\" class=\"fancybox-margin  alignnone wp-image-84669 size-thumbnail\" title=\"UNEC-in professor-m\u00fc\u0259llim hey\u0259ti T\u00fcrkiy\u0259 universitetl\u0259rinin t\u0259cr\u00fcb\u0259sind\u0259n dan\u0131\u015fd\u0131 (16.04.2017)\" src=\"https:\/\/unec.edu.az\/application\/uploads\/2017\/02\/IMG_0619-150x150.jpg\" alt=\"IMG_0619\" width=\"150\" height=\"150\" \/><\/a><a class=\"fancybox-thumb\" href=\"https:\/\/unec.edu.az\/application\/uploads\/2017\/02\/IMG_0618.jpg\" rel=\"fancybox-thumb\"><img loading=\"lazy\" decoding=\"async\" class=\"fancybox-margin  alignnone wp-image-84668 size-thumbnail\" title=\"UNEC-in professor-m\u00fc\u0259llim hey\u0259ti T\u00fcrkiy\u0259 universitetl\u0259rinin t\u0259cr\u00fcb\u0259sind\u0259n dan\u0131\u015fd\u0131 (16.04.2017)\" src=\"https:\/\/unec.edu.az\/application\/uploads\/2017\/02\/IMG_0618-150x150.jpg\" alt=\"IMG_0618\" width=\"150\" height=\"150\" \/><\/a><a class=\"fancybox-thumb\" href=\"https:\/\/unec.edu.az\/application\/uploads\/2017\/05\/IMG_0320.jpg\" rel=\"fancybox-thumb\"><img loading=\"lazy\" decoding=\"async\" class=\"fancybox-margin  alignnone wp-image-95470 size-thumbnail\" title=\"UNEC regionlarda (16.05.2017)\" src=\"https:\/\/unec.edu.az\/application\/uploads\/2017\/05\/IMG_0320-150x150.jpg\" alt=\"IMG_0320\" width=\"150\" height=\"150\" \/><\/a><a class=\"fancybox-thumb\" href=\"https:\/\/unec.edu.az\/application\/uploads\/2017\/05\/IMG_0330.jpg\" rel=\"fancybox-thumb\"><img loading=\"lazy\" decoding=\"async\" class=\"fancybox-margin  alignnone wp-image-95471 size-thumbnail\" title=\"UNEC regionlarda (16.05.2017)\" src=\"https:\/\/unec.edu.az\/application\/uploads\/2017\/05\/IMG_0330-150x150.jpg\" alt=\"IMG_0330\" width=\"150\" height=\"150\" \/><\/a><a class=\"fancybox-thumb\" href=\"https:\/\/unec.edu.az\/application\/uploads\/2015\/06\/tofiqqb3117d18e93b2c8.jpg\" rel=\"fancybox-thumb\"><img loading=\"lazy\" decoding=\"async\" class=\"fancybox-margin alignnone wp-image-139940 size-thumbnail\" title=\"UNEC-d\u0259 N\u0259simi yarad\u0131c\u0131l\u0131\u011f\u0131na h\u0259sr olunan t\u0259dbir ke\u00e7irilib (17.05.2019)\" src=\"https:\/\/unec.edu.az\/application\/uploads\/2015\/06\/tofiqqb3117d18e93b2c8-150x150.jpg\" alt=\"tofiqqb3117d18e93b2c8\" width=\"150\" height=\"150\" \/><\/a><\/p>\n<p><span style=\"color: #333333;\"><em><a style=\"color: #333333;\" href=\"https:\/\/unec.edu.az\/en\/unec-regionlarda\/\">UNEC in the Regions<\/a>\u00a0(16.05.2017)<br \/>\n<\/em><\/span><em><a style=\"color: #333333;\" href=\"https:\/\/unec.edu.az\/en\/unec-regionlarda\/\">UNEC in the Regions<\/a>\u00a0(16.05.2017)<br \/>\n<\/em><em><a style=\"color: #333333;\" href=\"https:\/\/unec.edu.az\/en\/unec-xarici-universitetlerin-tecrubesini-oyrenmeye-davam-edir\/\">UNEC exchanges Experience with Foreign Universities<\/a>\u00a0(13.02.2017)<\/em><\/p>\n<p><a class=\"fancybox-thumb\" href=\"https:\/\/unec.edu.az\/application\/uploads\/2019\/04\/DSC_3472.jpg\" rel=\"fancybox-thumb\"><img loading=\"lazy\" decoding=\"async\" class=\"fancybox-margin alignnone wp-image-139201 size-thumbnail\" title=\"UNEC-d\u0259 N\u0259siminin f\u0259ls\u0259fi ideyalar\u0131na h\u0259sr edilmi\u015f konfrans ke\u00e7irildi (24.04.2019)\" src=\"https:\/\/unec.edu.az\/application\/uploads\/2019\/04\/DSC_3472-150x150.jpg\" alt=\"UNEC-d\u0259 N\u0259siminin f\u0259ls\u0259fi ideyalar\u0131na h\u0259sr edilmi\u015f konfrans ke\u00e7irildi\" width=\"150\" height=\"150\" \/><\/a><a class=\"fancybox-thumb\" href=\"https:\/\/unec.edu.az\/application\/uploads\/2019\/04\/DSC_3506.jpg\" rel=\"fancybox-thumb\"><img loading=\"lazy\" decoding=\"async\" class=\"fancybox-margin alignnone wp-image-139211 size-thumbnail\" title=\"UNEC-d\u0259 N\u0259siminin f\u0259ls\u0259fi ideyalar\u0131na h\u0259sr edilmi\u015f konfrans ke\u00e7irildi (24.04.2019)\" src=\"https:\/\/unec.edu.az\/application\/uploads\/2019\/04\/DSC_3506-150x150.jpg\" alt=\"UNEC-d\u0259 N\u0259siminin f\u0259ls\u0259fi ideyalar\u0131na h\u0259sr edilmi\u015f konfrans ke\u00e7irildi\" width=\"150\" height=\"150\" \/><\/a><a class=\"fancybox-thumb\" href=\"https:\/\/unec.edu.az\/application\/uploads\/2019\/04\/DSC_3510.jpg\" rel=\"fancybox-thumb\"><img loading=\"lazy\" decoding=\"async\" class=\"fancybox-margin alignnone wp-image-139213 size-thumbnail\" title=\"UNEC-d\u0259 N\u0259siminin f\u0259ls\u0259fi ideyalar\u0131na h\u0259sr edilmi\u015f konfrans ke\u00e7irildi (24.04.2019)\" src=\"https:\/\/unec.edu.az\/application\/uploads\/2019\/04\/DSC_3510-150x150.jpg\" alt=\"UNEC-d\u0259 N\u0259siminin f\u0259ls\u0259fi ideyalar\u0131na h\u0259sr edilmi\u015f konfrans ke\u00e7irildi\" width=\"150\" height=\"150\" \/><\/a><a class=\"fancybox-thumb\" href=\"https:\/\/unec.edu.az\/application\/uploads\/2019\/04\/DSC_3517.jpg\" rel=\"fancybox-thumb\"><img loading=\"lazy\" decoding=\"async\" class=\"fancybox-margin alignnone wp-image-139215 size-thumbnail\" title=\"UNEC-d\u0259 N\u0259siminin f\u0259ls\u0259fi ideyalar\u0131na h\u0259sr edilmi\u015f konfrans ke\u00e7irildi (24.04.2019)\" src=\"https:\/\/unec.edu.az\/application\/uploads\/2019\/04\/DSC_3517-150x150.jpg\" alt=\"UNEC-d\u0259 N\u0259siminin f\u0259ls\u0259fi ideyalar\u0131na h\u0259sr edilmi\u015f konfrans ke\u00e7irildi\" width=\"150\" height=\"150\" \/><\/a><a class=\"fancybox-thumb\" href=\"https:\/\/unec.edu.az\/application\/uploads\/2015\/06\/tofiq.jpg\" rel=\"fancybox-thumb\"><img loading=\"lazy\" decoding=\"async\" class=\"fancybox-margin alignnone wp-image-137461 size-thumbnail\" title=\"UNEC-d\u0259 Beyn\u0259lxalq Ana Dili G\u00fcn\u00fcn\u0259 h\u0259sr olunmu\u015f t\u0259dbir (21.02.2019)\" src=\"https:\/\/unec.edu.az\/application\/uploads\/2015\/06\/tofiq-150x150.jpg\" alt=\"tofiq\" width=\"150\" height=\"150\" \/><\/a><a class=\"fancybox-thumb\" href=\"https:\/\/unec.edu.az\/application\/uploads\/2015\/06\/DSC04706.jpg\" rel=\"fancybox-thumb\"><img loading=\"lazy\" decoding=\"async\" class=\"fancybox-margin alignnone wp-image-137460 size-thumbnail\" title=\"UNEC-d\u0259 Beyn\u0259lxalq Ana Dili G\u00fcn\u00fcn\u0259 h\u0259sr olunmu\u015f t\u0259dbir (21.02.2019)\" src=\"https:\/\/unec.edu.az\/application\/uploads\/2015\/06\/DSC04706-150x150.jpg\" alt=\"DSC04706\" width=\"150\" height=\"150\" \/><\/a><\/p>\n","protected":false},"excerpt":{"rendered":"<p>Head of the Department of \u201cAZERBAIJANI LANGUAGE\u201d,\u00a0Doctor of Philology, Prof. Abdulhasanli Tofig Abdulaziz e-mail:\u00a0tofiq.abdulhasan@unec.edu.az \u00a0He was born in Pirabba province of Neftchala region on December 30 1955. Within the years of 1973-1981 he studied in the Faculty of Philology of Azerbaijan State University and graduate from in honors received a degree in Philology- an instructor [&hellip;]<\/p>\n","protected":false},"author":10,"featured_media":0,"parent":0,"menu_order":0,"comment_status":"open","ping_status":"open","template":"","meta":{"footnotes":""},"class_list":["post-12944","page","type-page","status-publish","hentry"],"_links":{"self":[{"href":"http:\/\/unec.edu.az\/en\/wp-json\/wp\/v2\/pages\/12944","targetHints":{"allow":["GET"]}}],"collection":[{"href":"http:\/\/unec.edu.az\/en\/wp-json\/wp\/v2\/pages"}],"about":[{"href":"http:\/\/unec.edu.az\/en\/wp-json\/wp\/v2\/types\/page"}],"author":[{"embeddable":true,"href":"http:\/\/unec.edu.az\/en\/wp-json\/wp\/v2\/users\/10"}],"replies":[{"embeddable":true,"href":"http:\/\/unec.edu.az\/en\/wp-json\/wp\/v2\/comments?post=12944"}],"version-history":[{"count":28,"href":"http:\/\/unec.edu.az\/en\/wp-json\/wp\/v2\/pages\/12944\/revisions"}],"predecessor-version":[{"id":474002,"href":"http:\/\/unec.edu.az\/en\/wp-json\/wp\/v2\/pages\/12944\/revisions\/474002"}],"wp:attachment":[{"href":"http:\/\/unec.edu.az\/en\/wp-json\/wp\/v2\/media?parent=12944"}],"curies":[{"name":"wp","href":"https:\/\/api.w.org\/{rel}","templated":true}]}}