{"id":12960,"date":"2015-06-02T15:41:13","date_gmt":"2015-06-02T11:41:13","guid":{"rendered":"https:\/\/unec.edu.az\/dosent-eliyev-mehemmed-elekber-oglu-2\/"},"modified":"2024-09-04T15:01:16","modified_gmt":"2024-09-04T11:01:16","slug":"associate-professor-aliyev-mahammad-alakbar","status":"publish","type":"page","link":"http:\/\/unec.edu.az\/en\/associate-professor-aliyev-mahammad-alakbar\/","title":{"rendered":"associate professor Aliyev Mahammad Alakbar oglu"},"content":{"rendered":"<h4><a href=\"https:\/\/unec.edu.az\/application\/uploads\/2015\/06\/mahammad6443418947961608149_n.jpg\"><img decoding=\"async\" class=\"alignleft wp-image-180251 \" title=\"left\" src=\"https:\/\/unec.edu.az\/application\/uploads\/2015\/06\/mahammad6443418947961608149_n-300x249.jpg\" alt=\"mahammad6443418947961608149_n\" width=\"239\" height=\"198\" srcset=\"http:\/\/unec.edu.az\/application\/uploads\/2015\/06\/mahammad6443418947961608149_n-300x249.jpg 300w, http:\/\/unec.edu.az\/application\/uploads\/2015\/06\/mahammad6443418947961608149_n.jpg 641w\" sizes=\"(max-width: 239px) 100vw, 239px\" \/><\/a><\/h4>\n<h4><\/h4>\n<h4 id=\"tw-target-text\" class=\"tw-data-text tw-text-large tw-ta\" dir=\"ltr\" data-placeholder=\"\u041f\u0435\u0440\u0435\u0432\u043e\u0434\"><span style=\"color: #800000;\"><span class=\"Y2IQFc\" lang=\"en\">Head of &#8220;Business and logistics&#8221; department<br \/>\n<\/span>Cand. of Econ., Assoc. Prof. Aliyev Mahammad Alakbar<\/span><\/h4>\n<h4><span style=\"color: #333333;\"><em>e-mail: m.aliyev@unec.edu.az<\/em><\/span><\/h4>\n<p style=\"text-align: justify;\">He was born in Givrag village, Sharur region, Nakhchivan Autonomous Republic, Azerbaijan Republic on September 04, 1955.<\/p>\n<p><strong>Education:<\/strong><\/p>\n<p style=\"text-align: justify;\">1962-1972 \u2013 Givrag village secondary school, Sharur region, Nakhchivan Autonomous Republic<br \/>\n1976-1980 \u2013\u00a0Azerbaijan National Economy Institute named after D.Bunyadzade\u00a0(present Azerbaijan State University Economics)<br \/>\n2005 \u2013\u00a0PhD on economics; \u00a02008 \u2013 Associate Professor<\/p>\n<p><strong>Labour activity:<\/strong><\/p>\n<p>1972-1973 \u2013 worker in sovkhoz named after N.Narimanov in Sharur region<br \/>\n1980-2001 \u2013 economist, senior economist, chief of workshop, chief engineer, deputy director in the enterprises of the Ministry of Oil Refining and Petrochemical Industry; chairman and director of Trade Union Committee.<br \/>\n2006-2011 \u2013 Deputy Dean; \u00a0 \u00a02011-2012 \u2013 Head of department<\/p>\n<p id=\"tw-target-text\" class=\"tw-data-text tw-text-large tw-ta\" dir=\"ltr\" data-placeholder=\"\u041f\u0435\u0440\u0435\u0432\u043e\u0434\"><span class=\"Y2IQFc\" lang=\"en\">Currently, he is the head of UNEC&#8217;s &#8220;Business and Logistics&#8221; department (formerly &#8220;Business Management&#8221;).<\/span><\/p>\n<p style=\"text-align: justify;\">According to the Order of the President of the Republic of Azerbaijan dated September 24, 2020, he was awarded the honorary title of &#8220;Honored Teacher&#8221; on the occasion of the 90th anniversary of\u00a0 Azerbaijan State University of Economics and for his services to the development of education in Azerbaijan.<\/p>\n<p>He is an author of 15 scientific articles about strategic problems of introduction of Azerbaijan oil to world markets, 1 textbook and 1 training aid.<\/p>\n<p>He is married, has three children and two grandchildren.<\/p>\n<p><a class=\"fancybox-thumb\" href=\"https:\/\/unec.edu.az\/application\/uploads\/2015\/06\/mahammad_4927.jpg\" rel=\"fancybox-thumb\"><img decoding=\"async\" class=\"fancybox-margin alignnone wp-image-135205 size-thumbnail\" title=\"UNEC-d\u0259 Elmi \u015euran\u0131n n\u00f6vb\u0259ti iclas\u0131 ke\u00e7irilib (07.12.2018)\" src=\"https:\/\/unec.edu.az\/application\/uploads\/2015\/06\/mahammad_4927-150x150.jpg\" alt=\"mahammad_4927\" width=\"150\" height=\"150\" \/><\/a><a class=\"fancybox-thumb\" href=\"https:\/\/unec.edu.az\/application\/uploads\/2017\/02\/turk_00061.jpg\" rel=\"fancybox-thumb\"><img decoding=\"async\" class=\"fancybox-margin alignnone wp-image-84259 size-thumbnail\" title=\"T\u00fcrkiye- Azerbaycan \u0130li\u015fkilerine Akademi Deste\u011fi (13.02.2017)\" src=\"https:\/\/unec.edu.az\/application\/uploads\/2017\/02\/turk_00061-150x150.jpg\" alt=\"turk_0006(1)\" width=\"150\" height=\"150\" \/><\/a><a class=\"fancybox-thumb\" href=\"https:\/\/unec.edu.az\/application\/uploads\/2016\/10\/DSC00009.jpg\" rel=\"fancybox-thumb\"><img loading=\"lazy\" decoding=\"async\" class=\"fancybox-margin  alignnone wp-image-66517 size-thumbnail\" src=\"https:\/\/unec.edu.az\/application\/uploads\/2016\/10\/DSC00009-150x150.jpg\" alt=\"???????????????????????????????\" width=\"150\" height=\"150\" \/><\/a><a class=\"fancybox-thumb\" href=\"https:\/\/unec.edu.az\/application\/uploads\/2015\/06\/mahh85.jpg\" rel=\"fancybox-thumb\"><img loading=\"lazy\" decoding=\"async\" class=\"fancybox-margin alignnone wp-image-67458 size-thumbnail\" src=\"https:\/\/unec.edu.az\/application\/uploads\/2015\/06\/mahh85-150x150.jpg\" alt=\"???????????????????????????????\" width=\"150\" height=\"150\" \/><\/a><a class=\"fancybox-thumb\" href=\"https:\/\/unec.edu.az\/application\/uploads\/2015\/06\/mahh081.jpg\" rel=\"fancybox-thumb\"><img loading=\"lazy\" decoding=\"async\" class=\"fancybox-margin alignnone wp-image-67459 size-thumbnail\" src=\"https:\/\/unec.edu.az\/application\/uploads\/2015\/06\/mahh081-150x150.jpg\" alt=\"???????????????????????????????\" width=\"150\" height=\"150\" \/><\/a><a class=\"fancybox-thumb\" href=\"https:\/\/unec.edu.az\/application\/uploads\/2017\/12\/DSC_0911.jpg\" rel=\"fancybox-thumb\"><img loading=\"lazy\" decoding=\"async\" class=\"fancybox-margin alignnone wp-image-112911 size-thumbnail\" title=\"Pakistanl\u0131 t\u0259dqiqat\u00e7\u0131 UNEC-d\u0259 (08.12.2017)\" src=\"https:\/\/unec.edu.az\/application\/uploads\/2017\/12\/DSC_0911-150x150.jpg\" alt=\"DSC_0911\" width=\"150\" height=\"150\" \/><\/a><\/p>\n<p><em><a style=\"color: #000080;\" href=\"https:\/\/unec.edu.az\/application\/uploads\/2015\/06\/Mahammad-Aliyev.pdf\">LIST OF SCIENTIFIC WORKS<\/a><\/em><\/p>\n<p><em><span style=\"font-size: 12pt;\"><span style=\"color: #333333;\"><a style=\"color: #000000;\" href=\"https:\/\/unec.edu.az\/en\/kicik-ve-orta-sahibkarligin-inkisafi-vetendaslarin-sosial-rifahini-yaxsilasdiracaq\/\">Development of Small and Medium- sized Enterprise will improve Citizens\u2019 Welfare<\/a>\u00a0(25.01.2017)<\/span><\/span><\/em><\/p>\n<p><a class=\"fancybox-thumb\" href=\"https:\/\/unec.edu.az\/application\/uploads\/2015\/06\/mahammad_6671.jpg\" rel=\"fancybox-thumb\"><img loading=\"lazy\" decoding=\"async\" class=\"fancybox-margin alignnone wp-image-136714 size-image236x180\" title=\"UNEC-d\u0259 yeni sillabus \u0259sas\u0131nda t\u0259liml\u0259r ke\u00e7mi\u015f m\u00fc\u0259llim hey\u0259tin\u0259 sertifikatlar\u0131n verilm\u0259si  (22.01.2019)\" src=\"https:\/\/unec.edu.az\/application\/uploads\/2015\/06\/mahammad_6671-236x180.jpg\" alt=\"mahammad_6671\" width=\"236\" height=\"180\" \/><\/a><a class=\"fancybox-thumb\" href=\"https:\/\/unec.edu.az\/application\/uploads\/2015\/06\/evrika2.jpg\" rel=\"fancybox-thumb\"><img loading=\"lazy\" decoding=\"async\" class=\"fancybox-margin alignnone wp-image-118708 size-image236x180\" title=\"\u201cEvrika\u201d liseyinin \u015fagirdl\u0259ri: \u201cUNEC t\u0259l\u0259b\u0259si olmaq ist\u0259yirik\u201d\" src=\"https:\/\/unec.edu.az\/application\/uploads\/2015\/06\/evrika2-236x180.jpg\" alt=\"???????????????????????????????\" width=\"236\" height=\"180\" \/><\/a><a class=\"fancybox-thumb\" href=\"https:\/\/unec.edu.az\/application\/uploads\/2015\/06\/evrika7.jpg\" rel=\"fancybox-thumb\"><img loading=\"lazy\" decoding=\"async\" class=\"fancybox-margin alignnone wp-image-118709 size-image236x180\" title=\"\u201cEvrika\u201d liseyinin \u015fagirdl\u0259ri: \u201cUNEC t\u0259l\u0259b\u0259si olmaq ist\u0259yirik\u201d (15.02.2018)\" src=\"https:\/\/unec.edu.az\/application\/uploads\/2015\/06\/evrika7-236x180.jpg\" alt=\"???????????????????????????????\" width=\"236\" height=\"180\" srcset=\"http:\/\/unec.edu.az\/application\/uploads\/2015\/06\/evrika7-236x180.jpg 236w, http:\/\/unec.edu.az\/application\/uploads\/2015\/06\/evrika7-300x228.jpg 300w, http:\/\/unec.edu.az\/application\/uploads\/2015\/06\/evrika7.jpg 790w\" sizes=\"(max-width: 236px) 100vw, 236px\" \/><\/a><a class=\"fancybox-thumb\" href=\"https:\/\/unec.edu.az\/application\/uploads\/2015\/06\/mahammadmok.jpg\" rel=\"fancybox-thumb\"><img loading=\"lazy\" decoding=\"async\" class=\"fancybox-margin alignnone wp-image-95044 size-image236x180\" src=\"https:\/\/unec.edu.az\/application\/uploads\/2015\/06\/mahammadmok-236x180.jpg\" alt=\"mahammad\u043c\u043e\u043a\" width=\"236\" height=\"180\" \/><\/a><\/p>\n","protected":false},"excerpt":{"rendered":"<p>Head of &#8220;Business and logistics&#8221; department Cand. of Econ., Assoc. Prof. Aliyev Mahammad Alakbar e-mail: m.aliyev@unec.edu.az He was born in Givrag village, Sharur region, Nakhchivan Autonomous Republic, Azerbaijan Republic on September 04, 1955. Education: 1962-1972 \u2013 Givrag village secondary school, Sharur region, Nakhchivan Autonomous Republic 1976-1980 \u2013\u00a0Azerbaijan National Economy Institute named after D.Bunyadzade\u00a0(present Azerbaijan State [&hellip;]<\/p>\n","protected":false},"author":10,"featured_media":0,"parent":0,"menu_order":0,"comment_status":"open","ping_status":"open","template":"","meta":{"footnotes":""},"class_list":["post-12960","page","type-page","status-publish","hentry"],"_links":{"self":[{"href":"http:\/\/unec.edu.az\/en\/wp-json\/wp\/v2\/pages\/12960","targetHints":{"allow":["GET"]}}],"collection":[{"href":"http:\/\/unec.edu.az\/en\/wp-json\/wp\/v2\/pages"}],"about":[{"href":"http:\/\/unec.edu.az\/en\/wp-json\/wp\/v2\/types\/page"}],"author":[{"embeddable":true,"href":"http:\/\/unec.edu.az\/en\/wp-json\/wp\/v2\/users\/10"}],"replies":[{"embeddable":true,"href":"http:\/\/unec.edu.az\/en\/wp-json\/wp\/v2\/comments?post=12960"}],"version-history":[{"count":19,"href":"http:\/\/unec.edu.az\/en\/wp-json\/wp\/v2\/pages\/12960\/revisions"}],"predecessor-version":[{"id":442627,"href":"http:\/\/unec.edu.az\/en\/wp-json\/wp\/v2\/pages\/12960\/revisions\/442627"}],"wp:attachment":[{"href":"http:\/\/unec.edu.az\/en\/wp-json\/wp\/v2\/media?parent=12960"}],"curies":[{"name":"wp","href":"https:\/\/api.w.org\/{rel}","templated":true}]}}