{"id":13161,"date":"2015-06-03T16:13:32","date_gmt":"2015-06-03T12:13:32","guid":{"rendered":"https:\/\/unec.edu.az\/dosent-rovneq-mirze-oglu-rzayev-2\/"},"modified":"2024-11-19T11:05:35","modified_gmt":"2024-11-19T07:05:35","slug":"rzayev-rovnag-mirza","status":"publish","type":"page","link":"http:\/\/unec.edu.az\/en\/rzayev-rovnag-mirza\/","title":{"rendered":"associate professor  Rzayev Rovnag Mirza oglu"},"content":{"rendered":"<h4><\/h4>\n<h4><a href=\"http:\/\/unec.edu.az\/application\/uploads\/2024\/11\/rovnaq071e2c1efd1.jpg\"><img fetchpriority=\"high\" decoding=\"async\" class=\"alignleft wp-image-450761 \" title=\"left\" src=\"http:\/\/unec.edu.az\/application\/uploads\/2024\/11\/rovnaq071e2c1efd1-279x300.jpg\" sizes=\"(max-width: 227px) 100vw, 227px\" srcset=\"https:\/\/unec.edu.az\/application\/uploads\/2024\/11\/rovnaq071e2c1efd1-279x300.jpg 279w, https:\/\/unec.edu.az\/application\/uploads\/2024\/11\/rovnaq071e2c1efd1.jpg 600w\" alt=\"\" width=\"227\" height=\"244\" \/><\/a><\/h4>\n<h4><span style=\"color: #800000;\">Vice-Rector for Science and Innovation, Doctor of Physical and Mathematical Sciences, Professor Rovnag Mirza oglu Rzayev<\/span><\/h4>\n<p><span style=\"color: #333333;\"><em>e-mail:<\/em><\/span><br \/>\n<em><span style=\"color: #000080;\">Rovnag_rzayev@unec.edu.az\u00a0<\/span><\/em><br \/>\n<em><span style=\"color: #000080;\">rovnaq.rzayev@mail.ru\u00a0<\/span><\/em><\/p>\n<p><span style=\"color: #333333;\"><em>Academic Profiles:<\/em><\/span><\/p>\n<p><em><a href=\"https:\/\/scholar.google.ru\/citations?user=VqFHYHUAAAAJ&amp;hl=ru&amp;oi=ao\"><span style=\"color: #000080;\">Scholar<\/span><\/a><span style=\"color: #000080;\">\u00a0\u00a0<\/span><\/em><span style=\"color: #000080;\"><em><br \/>\n<a style=\"color: #000080;\" href=\"https:\/\/www.scopus.com\/authid\/detail.uri?authorId=36779821200\">Scopus<\/a><br \/>\n<a style=\"color: #000080;\" href=\"https:\/\/orcid.org\/0000-0003-2531-4914\">ORCID<\/a><br \/>\n<a style=\"color: #000080;\" href=\"https:\/\/www.researchgate.net\/profile\/Rovnag-Rzayev\">Researchgate<\/a><br \/>\n<a style=\"color: #000080;\" href=\"https:\/\/www.webofscience.com\/wos\/author\/record\/32065544\">Webofscience<\/a><\/em><\/span><\/p>\n<p>Born on February 12, 1970, in Bilav village, Ordubad district.<\/p>\n<p>He graduated from secondary school in 1986 and completed his studies at the Faculty of Physics, Baku State University, in 1992.<\/p>\n<p>From 1988 to 1989, he served in the military.<\/p>\n<p>Between 1992-1995, he was a full-time Ph.D. student at the Faculty of Physics, Baku State University. Since 1996, he has been working at the Azerbaijan State University of Economics (UNEC).<\/p>\n<p>In 1993, he started working at the \u201cSolid State Electronics\u201d Scientific Research Laboratory under the Department of \u201cPhysical Electronics\u201d at Baku State University, and from 2006 to 2016, he was a research fellow in the \u201cPhysics of Semiconductors\u201d Department at the Institute of Physics Problems at Baku State University.<\/p>\n<p>In 1998, he defended his Ph.D. thesis on \u201cElectronic properties of gallium selenide monocrystals doped with dysprosium,\u201d earning the degree of Candidate of Physical and Mathematical Sciences.<\/p>\n<p>In 2014, he defended his doctoral dissertation on \u201cThe influence of drift barriers on electronic phenomena in crystals of AIIIBVI-type layered semiconductors,\u201d receiving the degree of Doctor of Physical Sciences.<\/p>\n<p>By decisions of the Higher Attestation Commission under the President of the Republic of Azerbaijan, he was awarded the academic title of \u201cAssociate Professor\u201d in 2004 and \u201cProfessor\u201d in 2019.<\/p>\n<p>From 2011 to 2020, he served as Head of the \u201cPhysics and Chemistry\u201d Department at UNEC.<\/p>\n<p>From 2020 to 2024, he held the position of Head of the \u201cEngineering and Applied Sciences\u201d Department at UNEC.<\/p>\n<p>Since 2024, he has been appointed Vice-Rector for Science and Innovation at the Azerbaijan State University of Economics (UNEC).<\/p>\n<p>By order No. 188\/3\/2019 dated March 29, 2019, of the Rector of UNEC, he was appointed as the Scientific Director of the Scientific Research Center for \u201cComposite Materials.\u201d<\/p>\n<p>He is a member of the UNEC Scientific Council and the Scientific Council of the Faculty of Engineering.<\/p>\n<p>Author of more than 250 scientific works, including over 60 articles published in reputable international journals indexed in Web of Science and Scopus, 120 scientific articles, 50 international (most of which are abroad) and over 50 national conference materials, 1 textbook, 10 teaching aids, and numerous programs and methodological manuals.<\/p>\n<p>He has repeatedly won international and national grant competitions and has served as a project leader.<\/p>\n<p>Dr. Rzayev is the Editor-in-Chief of the UNEC JOURNAL OF ENGINEERING AND APPLIED SCIENCES: <span style=\"color: #000080;\"><em>[https:\/\/www.unec-jeas.com\/](https:\/\/www.unec-jeas.com\/)<\/em><\/span><\/p>\n<p>He is a member of the editorial boards of periodicals such as \u201cScientific Works\u201d and \u201cTeaching Physics, Mathematics, and Informatics\u201d of the Azerbaijan Technical University, which are included in the list of scientific publications approved by the Higher Attestation Commission under the President of the Republic of Azerbaijan, as well as the \u201cNeftegazovoye Delo\u201d journal published in the Russian Federation and included in the Commission&#8217;s list (\u0420\u0418\u041d\u0426).<\/p>\n<p>From 2017 to 2023, he was a member of the Expert Council on Physics and Astronomy under the Higher Attestation Commission under the President of the Republic of Azerbaijan. Since 2024, he has been appointed as the Chair of the Expert Council.<\/p>\n<p>He was awarded the Honorary Certificate of the Ministry of Science and Education of the Republic of Azerbaijan.<\/p>\n<p>By Presidential Decree dated September 24, 2020, he was awarded the honorary title of \u201cHonored Teacher\u201d on the occasion of the 90th anniversary of the Azerbaijan State University of Economics in recognition of his contributions to the development of education in Azerbaijan.<\/p>\n<p>He is a member of the New Azerbaijan Party.<\/p>\n<p>Married, with three children.<\/p>\n<p><span style=\"font-size: 8pt; color: #ffffff;\">*<\/span><br \/>\n<span style=\"color: #000080;\"><em><a style=\"color: #000080;\" href=\"https:\/\/unec.edu.az\/application\/uploads\/2015\/06\/Rzayev-R.pdf\">L\u0130ST OF SCIENTIFIC WORKS<\/a><\/em><\/span><\/p>\n<p><a class=\"fancybox-thumb\" href=\"https:\/\/unec.edu.az\/application\/uploads\/2015\/06\/rovnaq75c87da73b4.jpg\"><img decoding=\"async\" class=\"fancybox-margin alignnone wp-image-164470 \" src=\"https:\/\/unec.edu.az\/application\/uploads\/2015\/06\/rovnaq75c87da73b4-150x150.jpg\" alt=\"rovnaq75c87da73b4\" width=\"114\" height=\"114\" \/><\/a><a class=\"fancybox-thumb\" href=\"https:\/\/unec.edu.az\/application\/uploads\/2015\/11\/DSC_0321-001.jpg\"><img decoding=\"async\" class=\"fancybox-margin  alignnone wp-image-29226 \" src=\"https:\/\/unec.edu.az\/application\/uploads\/2015\/11\/DSC_0321-001-150x150.jpg\" alt=\"DSC_0321-001\" width=\"117\" height=\"117\" \/><\/a><a class=\"fancybox-thumb\" href=\"https:\/\/unec.edu.az\/application\/uploads\/2015\/06\/fffeda14541ef982c.jpg\"><img loading=\"lazy\" decoding=\"async\" class=\"fancybox-margin alignnone wp-image-168846 \" title=\"UNEC-d\u0259 Aziz Sancar ad\u0131na Qida t\u0259hl\u00fck\u0259sizliyi laboratoriyas\u0131n\u0131n a\u00e7\u0131l\u0131\u015f\u0131 olub (06.12.2021)\" src=\"https:\/\/unec.edu.az\/application\/uploads\/2015\/06\/fffeda14541ef982c-150x150.jpg\" alt=\"fffeda14541ef982c\" width=\"115\" height=\"115\" \/><\/a><a class=\"fancybox-thumb\" href=\"https:\/\/unec.edu.az\/application\/uploads\/2015\/06\/ffffaf8c442e5403b8d2d9124080de.jpg\"><img loading=\"lazy\" decoding=\"async\" class=\"fancybox-margin alignnone wp-image-168847 \" title=\"UNEC-d\u0259 Aziz Sancar ad\u0131na Qida t\u0259hl\u00fck\u0259sizliyi laboratoriyas\u0131n\u0131n a\u00e7\u0131l\u0131\u015f\u0131 olub (06.12.2021)\" src=\"https:\/\/unec.edu.az\/application\/uploads\/2015\/06\/ffffaf8c442e5403b8d2d9124080de-150x150.jpg\" alt=\"ffffaf8c442e5403b8d2d9124080de\" width=\"114\" height=\"114\" \/><\/a><a class=\"fancybox-thumb\" href=\"https:\/\/unec.edu.az\/application\/uploads\/2016\/12\/1-DSC_2601.jpg\"><img loading=\"lazy\" decoding=\"async\" class=\"fancybox-margin  alignnone wp-image-75283 \" title=\"UNEC-in professor-m\u00fc\u0259llim hey\u0259ti Sumqay\u0131t Kimya S\u0259naye Park\u0131nda olublar (07.12.2016)\" src=\"https:\/\/unec.edu.az\/application\/uploads\/2016\/12\/1-DSC_2601-150x150.jpg\" alt=\"1-DSC_2601\" width=\"112\" height=\"113\" \/><\/a><a class=\"fancybox-thumb\" href=\"https:\/\/unec.edu.az\/application\/uploads\/2015\/06\/Turkiye.jpg\"><img loading=\"lazy\" decoding=\"async\" class=\"fancybox-margin  alignnone wp-image-85330 \" title=\"UNEC m\u00fc\u0259lliml\u0259rinin T\u00fcrkiy\u0259 universitetl\u0259rin\u0259 s\u0259f\u0259ri s\u0259m\u0259r\u0259li oldu (16.02.2017)\" src=\"https:\/\/unec.edu.az\/application\/uploads\/2015\/06\/Turkiye-150x150.jpg\" alt=\"Turkiye\" width=\"112\" height=\"112\" \/><\/a><a class=\"fancybox-thumb\" href=\"https:\/\/unec.edu.az\/application\/uploads\/2015\/06\/qida09158.jpg\"><img loading=\"lazy\" decoding=\"async\" class=\"fancybox-margin  alignnone wp-image-85329 \" title=\"UNEC m\u00fc\u0259lliml\u0259rinin T\u00fcrkiy\u0259 universitetl\u0259rin\u0259 s\u0259f\u0259ri s\u0259m\u0259r\u0259li oldu (16.02.2017)\" src=\"https:\/\/unec.edu.az\/application\/uploads\/2015\/06\/qida09158-150x150.jpg\" alt=\"qida09158\" width=\"111\" height=\"111\" \/><\/a><\/p>\n<p><span style=\"color: #333333;\"><em><span style=\"color: #333333;\"><a style=\"color: #333333;\" href=\"https:\/\/unec.edu.az\/en\/unec-de-ikt-ve-innovasiyalarin-inkisafinda-dovlet-desteyi-mexanizmleri-muzakire-olunub\/\">The mechanisms of state support for the development of ICT and innovations have been discussed at UNEC<\/a>\u00a0(26.12.2017)<a style=\"color: #333333;\" href=\"https:\/\/unec.edu.az\/en\/unec-in-texnoloji-tehsil-qrupu-ndan-telebeler-ucun-disput\/\"><br \/>\nThe dispute for UNEC students from \u201cTechnological Education Group\u201d<\/a><a style=\"color: #000000;\" href=\"https:\/\/unec.edu.az\/en\/unec-de-elmi-tedqiqat-islerinin-perspektivleri-muzakire-edilib\/\">\u00a0(21.11.2017)<br \/>\nProspects of Scientific Research Works discussed at UNEC<\/a>\u00a0(10.03.2017)<br \/>\n<a style=\"color: #000000;\" href=\"https:\/\/unec.edu.az\/en\/unec-alimlerinin-elmi-tedqiqat-isleri-impakt-faktorlu-jurnalda-derc-edilib\/\">UNEC Scientists\u2019 Research Work has been published in the Journal with Impact Factor<\/a>\u00a0(16.02.2017)<br \/>\n<\/span><\/em><\/span><em><a style=\"color: #000000;\" href=\"https:\/\/unec.edu.az\/en\/unec-alimlerinin-elmi-tedqiqat-isleri-impakt-faktorlu-jurnalda-derc-edilib\/\">UNEC Scientists\u2019 Research Work has been published in the Journal with Impact Factor<\/a>\u00a0\u00a0(26.11.2015)<br \/>\n<\/em><em><a style=\"color: #000000;\" href=\"https:\/\/unec.edu.az\/en\/unec-alimleri-beynelxalq-konfransda-cixis-edibler\/\">UNEC Scholars participate in the International Conference<\/a>\u00a0\u00a0(25.11.2015)\u00a0<\/em><\/p>\n<p><a class=\"fancybox-thumb\" href=\"https:\/\/unec.edu.az\/application\/uploads\/2017\/05\/gence1221333.jpg\"><img loading=\"lazy\" decoding=\"async\" class=\"fancybox-margin alignnone wp-image-94789 \" title=\"UNEC aliml\u0259ri beyn\u0259lxalq konfransda (11.05.2017)\" src=\"https:\/\/unec.edu.az\/application\/uploads\/2017\/05\/gence1221333-236x180.jpg\" alt=\"gence1221333\" width=\"178\" height=\"136\" \/><\/a><a class=\"fancybox-thumb\" href=\"https:\/\/unec.edu.az\/application\/uploads\/2017\/05\/gence1221.jpg\"><img loading=\"lazy\" decoding=\"async\" class=\"fancybox-margin alignnone wp-image-94790 \" title=\"UNEC aliml\u0259ri beyn\u0259lxalq konfransda (11.05.2017)\" src=\"https:\/\/unec.edu.az\/application\/uploads\/2017\/05\/gence1221-236x180.jpg\" alt=\"gence1221\" width=\"175\" height=\"134\" \/><\/a><a class=\"fancybox-thumb\" href=\"https:\/\/unec.edu.az\/application\/uploads\/2015\/02\/qida-20171026-WA0005.jpg\"><img loading=\"lazy\" decoding=\"async\" class=\"fancybox-margin  alignnone wp-image-108666 \" title=\"Sumqay\u0131t Texnologiyalar Park\u0131nda (26.10.2017)\" src=\"https:\/\/unec.edu.az\/application\/uploads\/2015\/02\/qida-20171026-WA0005-150x150.jpg\" alt=\"qida-20171026-WA0005\" width=\"133\" height=\"133\" \/><\/a><a class=\"fancybox-thumb\" href=\"https:\/\/unec.edu.az\/application\/uploads\/2015\/06\/evrika7.jpg\"><img loading=\"lazy\" decoding=\"async\" class=\"fancybox-margin  alignnone wp-image-118709 \" title=\"\u201cEvrika\u201d liseyinin \u015fagirdl\u0259ri: \u201cUNEC t\u0259l\u0259b\u0259si olmaq ist\u0259yirik\u201d (15.02.2018)\" src=\"https:\/\/unec.edu.az\/application\/uploads\/2015\/06\/evrika7-150x150.jpg\" alt=\"???????????????????????????????\" width=\"133\" height=\"133\" \/><\/a><a class=\"fancybox-thumb\" href=\"https:\/\/unec.edu.az\/application\/uploads\/2015\/06\/fizaka4b4a77f203.jpg\"><img loading=\"lazy\" decoding=\"async\" class=\"fancybox-margin  alignnone wp-image-166951\" title=\"UNEC aliml\u0259rinin t\u0259dqiqat\u0131 beyn\u0259lxalq m\u00fcsabiq\u0259nin qalibi olub (21.10.2021)\" src=\"https:\/\/unec.edu.az\/application\/uploads\/2015\/06\/fizaka4b4a77f203-150x150.jpg\" alt=\"fizaka4b4a77f203\" width=\"135\" height=\"135\" \/><\/a><a class=\"fancybox-thumb\" href=\"https:\/\/unec.edu.az\/application\/uploads\/2015\/06\/fizaka25007390e45c8616aeaf96.jpg\"><img loading=\"lazy\" decoding=\"async\" class=\"fancybox-margin  alignnone wp-image-166952\" title=\"UNEC aliml\u0259rinin t\u0259dqiqat\u0131 beyn\u0259lxalq m\u00fcsabiq\u0259nin qalibi olub (21.10.2021)\" src=\"https:\/\/unec.edu.az\/application\/uploads\/2015\/06\/fizaka25007390e45c8616aeaf96-150x150.jpg\" alt=\"fizaka25007390e45c8616aeaf96\" width=\"138\" height=\"138\" \/><\/a><\/p>\n","protected":false},"excerpt":{"rendered":"<p>Vice-Rector for Science and Innovation, Doctor of Physical and Mathematical Sciences, Professor Rovnag Mirza oglu Rzayev e-mail: Rovnag_rzayev@unec.edu.az\u00a0 rovnaq.rzayev@mail.ru\u00a0 Academic Profiles: Scholar\u00a0\u00a0 Scopus ORCID Researchgate Webofscience Born on February 12, 1970, in Bilav village, Ordubad district. He graduated from secondary school in 1986 and completed his studies at the Faculty of Physics, Baku State University, [&hellip;]<\/p>\n","protected":false},"author":10,"featured_media":0,"parent":0,"menu_order":0,"comment_status":"open","ping_status":"open","template":"","meta":{"footnotes":""},"class_list":["post-13161","page","type-page","status-publish","hentry"],"_links":{"self":[{"href":"http:\/\/unec.edu.az\/en\/wp-json\/wp\/v2\/pages\/13161","targetHints":{"allow":["GET"]}}],"collection":[{"href":"http:\/\/unec.edu.az\/en\/wp-json\/wp\/v2\/pages"}],"about":[{"href":"http:\/\/unec.edu.az\/en\/wp-json\/wp\/v2\/types\/page"}],"author":[{"embeddable":true,"href":"http:\/\/unec.edu.az\/en\/wp-json\/wp\/v2\/users\/10"}],"replies":[{"embeddable":true,"href":"http:\/\/unec.edu.az\/en\/wp-json\/wp\/v2\/comments?post=13161"}],"version-history":[{"count":23,"href":"http:\/\/unec.edu.az\/en\/wp-json\/wp\/v2\/pages\/13161\/revisions"}],"predecessor-version":[{"id":450863,"href":"http:\/\/unec.edu.az\/en\/wp-json\/wp\/v2\/pages\/13161\/revisions\/450863"}],"wp:attachment":[{"href":"http:\/\/unec.edu.az\/en\/wp-json\/wp\/v2\/media?parent=13161"}],"curies":[{"name":"wp","href":"https:\/\/api.w.org\/{rel}","templated":true}]}}