{"id":131929,"date":"2018-11-27T16:03:54","date_gmt":"2018-11-27T12:03:54","guid":{"rendered":"https:\/\/unec.edu.az\/?page_id=131929"},"modified":"2018-11-27T16:05:04","modified_gmt":"2018-11-27T12:05:04","slug":"ecnebi-vetendaslarin-umumi-qebul-qaydalari","status":"publish","type":"page","link":"http:\/\/unec.edu.az\/en\/ecnebi-vetendaslarin-umumi-qebul-qaydalari\/","title":{"rendered":"\u018fcn\u0259bi v\u0259t\u0259nda\u015flar\u0131n \u00fcmumi q\u0259bul qaydalar\u0131"},"content":{"rendered":"<p><strong>\u018fcn\u0259bi v\u0259t\u0259nda\u015flar\u0131n \u00fcmumi q\u0259bul qaydalar\u0131<\/strong><\/p>\n","protected":false},"excerpt":{"rendered":"<p>\u018fcn\u0259bi v\u0259t\u0259nda\u015flar\u0131n \u00fcmumi q\u0259bul qaydalar\u0131<\/p>\n","protected":false},"author":6,"featured_media":0,"parent":0,"menu_order":0,"comment_status":"open","ping_status":"open","template":"page-templates\/2columncontent.php","meta":{"footnotes":""},"class_list":["post-131929","page","type-page","status-publish","hentry"],"_links":{"self":[{"href":"http:\/\/unec.edu.az\/en\/wp-json\/wp\/v2\/pages\/131929","targetHints":{"allow":["GET"]}}],"collection":[{"href":"http:\/\/unec.edu.az\/en\/wp-json\/wp\/v2\/pages"}],"about":[{"href":"http:\/\/unec.edu.az\/en\/wp-json\/wp\/v2\/types\/page"}],"author":[{"embeddable":true,"href":"http:\/\/unec.edu.az\/en\/wp-json\/wp\/v2\/users\/6"}],"replies":[{"embeddable":true,"href":"http:\/\/unec.edu.az\/en\/wp-json\/wp\/v2\/comments?post=131929"}],"version-history":[{"count":2,"href":"http:\/\/unec.edu.az\/en\/wp-json\/wp\/v2\/pages\/131929\/revisions"}],"predecessor-version":[{"id":131931,"href":"http:\/\/unec.edu.az\/en\/wp-json\/wp\/v2\/pages\/131929\/revisions\/131931"}],"wp:attachment":[{"href":"http:\/\/unec.edu.az\/en\/wp-json\/wp\/v2\/media?parent=131929"}],"curies":[{"name":"wp","href":"https:\/\/api.w.org\/{rel}","templated":true}]}}