{"id":13254,"date":"2015-06-04T15:26:55","date_gmt":"2015-06-04T11:26:55","guid":{"rendered":"https:\/\/unec.edu.az\/dosent-quliyeva-aida-aydin-qizi-2\/"},"modified":"2024-11-18T00:20:49","modified_gmt":"2024-11-17T20:20:49","slug":"head-of-the-sabah-aida-aydin-guliyeva","status":"publish","type":"page","link":"http:\/\/unec.edu.az\/en\/head-of-the-sabah-aida-aydin-guliyeva\/","title":{"rendered":"Candidate of Economic Sciences, Associated Professor Aida Aydin Guliyeva"},"content":{"rendered":"<h4><span style=\"font-size: 8pt; color: #ffffff;\">&gt;<\/span><strong><span style=\"color: #800000;\"><a href=\"https:\/\/unec.edu.az\/application\/uploads\/2015\/11\/Aida-x-.jpg\"><img fetchpriority=\"high\" decoding=\"async\" class=\"alignleft wp-image-28697 size-medium\" src=\"https:\/\/unec.edu.az\/application\/uploads\/2015\/11\/Aida-x--300x200.jpg\" alt=\"Aida-x-\" width=\"300\" height=\"200\" srcset=\"http:\/\/unec.edu.az\/application\/uploads\/2015\/11\/Aida-x--300x200.jpg 300w, http:\/\/unec.edu.az\/application\/uploads\/2015\/11\/Aida-x-.jpg 449w\" sizes=\"(max-width: 300px) 100vw, 300px\" \/><\/a><\/span><\/strong><span style=\"color: #800000;\">Head of the &#8220;SABAH&#8221; Center Cand. of Econ., Assoc.Prof. Aida Aydin Guliyeva<\/span><\/h4>\n<h4><span style=\"color: #800000;\"><span style=\"color: #000000;\"><em>e-mail:\u00a0 a.guliyeva@unec.edu.az<\/em><\/span><\/span><\/h4>\n<p style=\"text-align: justify;\">In 1996 she defended her Candidate\u2019s Dissertation and received her PhD in economy.<br \/>\nIn 2001 she studied in MBA courses at Georgia State University in Atlanta, Georgia, USA.<strong>\u00a0\u00a0\u00a0 \u00a0<\/strong><br \/>\nIn 2005, she attended the \u2018post-doctoral research\u2019 program at Oxford University in Oxford, Great Britain.<br \/>\nIn 2009, she gave lectures on the topic \u2018Azerbaijan Economy \u2013 challenges and perspectives\u2019 at Szent Istvan University (G\u00f6dolle city) and The Institute of World Economy (Budapest) with the initiative of the Azerbaijan Embassy to Hungary.<\/p>\n<p style=\"text-align: justify;\">Currently she is the Associated Professor of the \u2018Information economy and technologies\u2019 Chair.<\/p>\n<p style=\"text-align: justify;\">She is the head of \u2018Sabah\u2019 centre of Azerbaijan State Economic University since 2014.<\/p>\n<p style=\"text-align: justify;\">HE was awarded the &#8220;PROSPERITY&#8221; medal by the Decree of the President of the Republic of Azerbaijan on September, 2011.<\/p>\n<p style=\"text-align: justify;\">She has been awarded with the Honorary Award of Azerbaijan Republic Ministry of Education for the achievements gained in the field of training and educating of the young generation in October of 2015.<\/p>\n<p style=\"text-align: justify;\"><a class=\"fancybox-thumb\" href=\"https:\/\/unec.edu.az\/application\/uploads\/2015\/06\/aidaaf9cd73.jpg\"><img decoding=\"async\" class=\"fancybox-margin alignnone wp-image-165330 size-thumbnail\" src=\"https:\/\/unec.edu.az\/application\/uploads\/2015\/06\/aidaaf9cd73-150x150.jpg\" alt=\"aidaaf9cd73\" width=\"150\" height=\"150\" \/><\/a><a class=\"fancybox-thumb\" href=\"https:\/\/unec.edu.az\/application\/uploads\/2015\/11\/DSC_0332.jpg\"><img decoding=\"async\" class=\"fancybox-margin  alignnone wp-image-29232 size-thumbnail\" src=\"https:\/\/unec.edu.az\/application\/uploads\/2015\/11\/DSC_0332-150x150.jpg\" alt=\"DSC_0332\" width=\"150\" height=\"150\" \/><\/a><a class=\"fancybox-thumb\" href=\"https:\/\/unec.edu.az\/application\/uploads\/2015\/06\/Turkiye.jpg\"><img loading=\"lazy\" decoding=\"async\" class=\"fancybox-margin alignnone wp-image-85330 size-thumbnail\" title=\"UNEC m\u00fc\u0259lliml\u0259rinin T\u00fcrkiy\u0259 universitetl\u0259rin\u0259 s\u0259f\u0259ri s\u0259m\u0259r\u0259li oldu (16.02.2017)\" src=\"https:\/\/unec.edu.az\/application\/uploads\/2015\/06\/Turkiye-150x150.jpg\" alt=\"Turkiye\" width=\"150\" height=\"150\" \/><\/a><a class=\"fancybox-thumb\" href=\"https:\/\/unec.edu.az\/application\/uploads\/2015\/06\/aidaa_4946.jpg\"><img loading=\"lazy\" decoding=\"async\" class=\"fancybox-margin alignnone wp-image-135952 size-thumbnail\" title=\"UNEC-d\u0259 Elmi \u015euran\u0131n n\u00f6vb\u0259ti iclas\u0131 ke\u00e7irilib (07.12.2018)\" src=\"https:\/\/unec.edu.az\/application\/uploads\/2015\/06\/aidaa_4946-150x150.jpg\" alt=\"aidaa_4946\" width=\"150\" height=\"150\" \/><\/a><a class=\"fancybox-thumb\" href=\"https:\/\/unec.edu.az\/application\/uploads\/2015\/06\/qida09158.jpg\"><img loading=\"lazy\" decoding=\"async\" class=\"fancybox-margin alignnone wp-image-85329 size-thumbnail\" title=\"UNEC m\u00fc\u0259lliml\u0259rinin T\u00fcrkiy\u0259 universitetl\u0259rin\u0259 s\u0259f\u0259ri s\u0259m\u0259r\u0259li oldu (16.02.2017)\" src=\"https:\/\/unec.edu.az\/application\/uploads\/2015\/06\/qida09158-150x150.jpg\" alt=\"qida09158\" width=\"150\" height=\"150\" \/><\/a><a class=\"fancybox-thumb\" href=\"http:\/\/unec.edu.az\/application\/uploads\/2024\/11\/aidab.jpeg\"><img loading=\"lazy\" decoding=\"async\" class=\"fancybox-margin alignnone wp-image-450674 size-thumbnail\" title=\"UNEC-in 3436 t\u0259l\u0259b\u0259si istehsalat t\u0259cr\u00fcb\u0259sind\u0259 olub (03.07.2024)\" src=\"http:\/\/unec.edu.az\/application\/uploads\/2024\/11\/aidab-150x150.jpeg\" alt=\"\" width=\"150\" height=\"150\" \/><\/a><a class=\"fancybox-thumb\" href=\"https:\/\/unec.edu.az\/application\/uploads\/2016\/05\/IMG_2896.jpg\"><img loading=\"lazy\" decoding=\"async\" class=\"fancybox-margin  alignnone wp-image-53741 size-thumbnail\" src=\"https:\/\/unec.edu.az\/application\/uploads\/2016\/05\/IMG_2896-150x150.jpg\" alt=\"IMG_2896\" width=\"150\" height=\"150\" \/><\/a><a class=\"fancybox-thumb alignnone\" title=\"UNEC-d\u0259 Elmi \u015euran\u0131n n\u00f6vb\u0259ti iclas\u0131 ke\u00e7irilib\" href=\"https:\/\/unec.edu.az\/application\/uploads\/2016\/05\/WhatsApp-Image-20160519-1.jpg\"><img loading=\"lazy\" decoding=\"async\" class=\"fancybox-margin alignnone wp-image-53789 size-thumbnail\" src=\"https:\/\/unec.edu.az\/application\/uploads\/2016\/05\/WhatsApp-Image-20160519-1-150x150.jpg\" alt=\"WhatsApp-Image-20160519 (1)\" width=\"150\" height=\"150\" \/><\/a><\/p>\n<p><em><a style=\"color: #333333;\" href=\"https:\/\/unec.edu.az\/en\/poznan-iqtisadiyyat-ve-biznes-universitetinde-unec-muellimlerinin-pedaqoji-potensiali-yuksek-qiymetlendirilib\/\">UNEC Teachers\u2019 Pedagogical Potential were highly rated at the Poznan University of Economics and Business<\/a>\u00a0(12.05.2017)<\/em><\/p>\n<p><span style=\"color: #333333;\"><em><a style=\"color: #333333;\" href=\"https:\/\/unec.edu.az\/en\/unec-xarici-universitetlerin-tecrubesini-oyrenmeye-davam-edir\/\"> UNEC exchanges Experience with Foreign Universities<\/a>\u00a0(13.02.2017)<br \/>\n<\/em><em><a style=\"color: #333333;\" href=\"https:\/\/unec.edu.az\/en\/unec-alimleri-beynelxalq-konfransa-qatilib\/\">UNEC Scholars join the International Conference<\/a>\u00a0<\/em><em>\u00a0(20.05.2016)<\/em><\/span><\/p>\n<p><a class=\"fancybox-thumb\" href=\"https:\/\/unec.edu.az\/application\/uploads\/2015\/06\/aida6727ad3d0a56c0abf3e.jpg\"><img loading=\"lazy\" decoding=\"async\" class=\"fancybox-margin alignnone wp-image-140924 size-thumbnail\" title=\"\u201cS\u0259ninl\u0259 f\u0259xr edirik, Az\u0259rbaycan \u0259sg\u0259ri! (08.06.2019)\" src=\"https:\/\/unec.edu.az\/application\/uploads\/2015\/06\/aida6727ad3d0a56c0abf3e-150x150.jpg\" alt=\"aida6727ad3d0a56c0abf3e\" width=\"150\" height=\"150\" \/><\/a><a class=\"fancybox-thumb\" href=\"https:\/\/unec.edu.az\/application\/uploads\/2015\/06\/qadinlar96d2b0ba1.jpg\"><img loading=\"lazy\" decoding=\"async\" class=\"fancybox-margin alignnone wp-image-140925 size-thumbnail\" title=\"\u201cS\u0259ninl\u0259 f\u0259xr edirik, Az\u0259rbaycan \u0259sg\u0259ri! (08.06.2019)\" src=\"https:\/\/unec.edu.az\/application\/uploads\/2015\/06\/qadinlar96d2b0ba1-150x150.jpg\" alt=\"qadinlar96d2b0ba\" width=\"150\" height=\"150\" \/><\/a><a class=\"fancybox-thumb\" href=\"https:\/\/unec.edu.az\/application\/uploads\/2017\/10\/IMG-20171006-WA0000.jpg\"><img loading=\"lazy\" decoding=\"async\" class=\"fancybox-margin alignnone wp-image-106053 size-thumbnail\" title=\"\u201cII Beyn\u0259lxalq \u0130qtisadi v\u0259 \u0130nzibati Perspektivl\u0259r: Dayan\u0131ql\u0131 Qlobal R\u0259qab\u0259t\u201d (11.10.2017)\" src=\"https:\/\/unec.edu.az\/application\/uploads\/2017\/10\/IMG-20171006-WA0000-150x150.jpg\" alt=\"IMG-20171006-WA0000\" width=\"150\" height=\"150\" \/><\/a><a class=\"fancybox-thumb\" href=\"https:\/\/unec.edu.az\/application\/uploads\/2015\/06\/zohra_aida0329-WA0013.jpg\"><img loading=\"lazy\" decoding=\"async\" class=\"fancybox-margin alignnone wp-image-89274 size-thumbnail\" title=\"UNEC-in m\u00fc\u0259llim v\u0259 t\u0259l\u0259b\u0259l\u0259ri Praqada t\u0259liml\u0259rd\u0259 i\u015ftirak edib (30.03.2017)\" src=\"https:\/\/unec.edu.az\/application\/uploads\/2015\/06\/zohra_aida0329-WA0013-150x150.jpg\" alt=\"zohra_aida0329-WA0013\" width=\"150\" height=\"150\" \/><\/a><a class=\"fancybox-thumb\" href=\"https:\/\/unec.edu.az\/application\/uploads\/2017\/05\/IMG_4145-001.jpg\"><img loading=\"lazy\" decoding=\"async\" class=\"fancybox-margin alignnone wp-image-95178 size-thumbnail\" title=\"Poznan \u0130qtisadiyyat v\u0259 Biznes Universitetind\u0259 UNEC m\u00fc\u0259lliml\u0259rinin pedaqoji potensial\u0131 y\u00fcks\u0259k qiym\u0259tl\u0259ndirilib (12.05.2017)\" src=\"https:\/\/unec.edu.az\/application\/uploads\/2017\/05\/IMG_4145-001-150x150.jpg\" alt=\"IMG_4145-001\" width=\"150\" height=\"150\" \/><\/a><a class=\"fancybox-thumb\" href=\"https:\/\/unec.edu.az\/application\/uploads\/2015\/06\/aidaa5e74ac858fe6269e.jpg\"><img loading=\"lazy\" decoding=\"async\" class=\"fancybox-margin alignnone wp-image-153744 size-thumbnail\" title=\"UNEC m\u00fc\u0259lliml\u0259rinin ara\u015fd\u0131rmas\u0131 Scopusda: X\u0259z\u0259ryan\u0131 \u00f6lk\u0259l\u0259rin enerji istehsal\u0131na \u00dc\u0130G-nin t\u0259siri (04.06.2020)\" src=\"https:\/\/unec.edu.az\/application\/uploads\/2015\/06\/aidaa5e74ac858fe6269e-150x150.jpg\" alt=\"aidaa5e74ac858fe6269e\" width=\"150\" height=\"150\" \/><\/a><a class=\"fancybox-thumb\" href=\"https:\/\/unec.edu.az\/application\/uploads\/2015\/06\/scan_aida1111.jpg\"><img loading=\"lazy\" decoding=\"async\" class=\"fancybox-margin alignnone wp-image-93093 size-thumbnail\" title=\"Poznan (Pol\u015fa) - sertifikat\" src=\"https:\/\/unec.edu.az\/application\/uploads\/2015\/06\/scan_aida1111-150x150.jpg\" alt=\"scan_aida111\" width=\"150\" height=\"150\" \/><\/a><\/p>\n","protected":false},"excerpt":{"rendered":"<p>&gt;Head of the &#8220;SABAH&#8221; Center Cand. of Econ., Assoc.Prof. Aida Aydin Guliyeva e-mail:\u00a0 a.guliyeva@unec.edu.az In 1996 she defended her Candidate\u2019s Dissertation and received her PhD in economy. In 2001 she studied in MBA courses at Georgia State University in Atlanta, Georgia, USA.\u00a0\u00a0\u00a0 \u00a0 In 2005, she attended the \u2018post-doctoral research\u2019 program at Oxford University in [&hellip;]<\/p>\n","protected":false},"author":10,"featured_media":0,"parent":0,"menu_order":0,"comment_status":"open","ping_status":"open","template":"","meta":{"footnotes":""},"class_list":["post-13254","page","type-page","status-publish","hentry"],"_links":{"self":[{"href":"http:\/\/unec.edu.az\/en\/wp-json\/wp\/v2\/pages\/13254","targetHints":{"allow":["GET"]}}],"collection":[{"href":"http:\/\/unec.edu.az\/en\/wp-json\/wp\/v2\/pages"}],"about":[{"href":"http:\/\/unec.edu.az\/en\/wp-json\/wp\/v2\/types\/page"}],"author":[{"embeddable":true,"href":"http:\/\/unec.edu.az\/en\/wp-json\/wp\/v2\/users\/10"}],"replies":[{"embeddable":true,"href":"http:\/\/unec.edu.az\/en\/wp-json\/wp\/v2\/comments?post=13254"}],"version-history":[{"count":27,"href":"http:\/\/unec.edu.az\/en\/wp-json\/wp\/v2\/pages\/13254\/revisions"}],"predecessor-version":[{"id":450729,"href":"http:\/\/unec.edu.az\/en\/wp-json\/wp\/v2\/pages\/13254\/revisions\/450729"}],"wp:attachment":[{"href":"http:\/\/unec.edu.az\/en\/wp-json\/wp\/v2\/media?parent=13254"}],"curies":[{"name":"wp","href":"https:\/\/api.w.org\/{rel}","templated":true}]}}