{"id":13289,"date":"2015-06-11T14:51:23","date_gmt":"2015-06-11T10:51:23","guid":{"rendered":"https:\/\/unec.edu.az\/13216-2\/"},"modified":"2015-06-12T10:04:50","modified_gmt":"2015-06-12T06:04:50","slug":"13216-2","status":"publish","type":"page","link":"http:\/\/unec.edu.az\/en\/13216-2\/","title":{"rendered":""},"content":{"rendered":"<h4><span style=\"color: #800000;\"><a href=\"https:\/\/unec.edu.az\/application\/uploads\/2015\/06\/rovsan11.jpg\"><img fetchpriority=\"high\" decoding=\"async\" class=\"left alignleft wp-image-13218 size-full\" src=\"https:\/\/unec.edu.az\/application\/uploads\/2015\/06\/rovsan11.jpg\" alt=\"rovsan11\" width=\"250\" height=\"250\" srcset=\"http:\/\/unec.edu.az\/application\/uploads\/2015\/06\/rovsan11.jpg 250w, http:\/\/unec.edu.az\/application\/uploads\/2015\/06\/rovsan11-150x150.jpg 150w\" sizes=\"(max-width: 250px) 100vw, 250px\" \/><\/a>D\u0259rb\u0259nd filial\u0131n\u0131n direktoru\u00a0<\/span><\/h4>\n<h4 class=\"itemTitle\"><span style=\"color: #800000;\">Prof. G\u00f6y\u00fc\u015fov R\u00f6v\u015f\u0259n Cahandar o\u011flu<\/span><\/h4>\n","protected":false},"excerpt":{"rendered":"<p>D\u0259rb\u0259nd filial\u0131n\u0131n direktoru\u00a0 Prof. G\u00f6y\u00fc\u015fov R\u00f6v\u015f\u0259n Cahandar o\u011flu<\/p>\n","protected":false},"author":10,"featured_media":0,"parent":0,"menu_order":0,"comment_status":"open","ping_status":"open","template":"","meta":{"footnotes":""},"class_list":["post-13289","page","type-page","status-publish","hentry"],"_links":{"self":[{"href":"http:\/\/unec.edu.az\/en\/wp-json\/wp\/v2\/pages\/13289","targetHints":{"allow":["GET"]}}],"collection":[{"href":"http:\/\/unec.edu.az\/en\/wp-json\/wp\/v2\/pages"}],"about":[{"href":"http:\/\/unec.edu.az\/en\/wp-json\/wp\/v2\/types\/page"}],"author":[{"embeddable":true,"href":"http:\/\/unec.edu.az\/en\/wp-json\/wp\/v2\/users\/10"}],"replies":[{"embeddable":true,"href":"http:\/\/unec.edu.az\/en\/wp-json\/wp\/v2\/comments?post=13289"}],"version-history":[{"count":1,"href":"http:\/\/unec.edu.az\/en\/wp-json\/wp\/v2\/pages\/13289\/revisions"}],"predecessor-version":[{"id":13290,"href":"http:\/\/unec.edu.az\/en\/wp-json\/wp\/v2\/pages\/13289\/revisions\/13290"}],"wp:attachment":[{"href":"http:\/\/unec.edu.az\/en\/wp-json\/wp\/v2\/media?parent=13289"}],"curies":[{"name":"wp","href":"https:\/\/api.w.org\/{rel}","templated":true}]}}