{"id":156005,"date":"2020-09-14T19:27:00","date_gmt":"2020-09-14T15:27:00","guid":{"rendered":"https:\/\/unec.edu.az\/?page_id=156005"},"modified":"2020-09-15T17:29:25","modified_gmt":"2020-09-15T13:29:25","slug":"jurnallar-ve-diger-elmi-nesrler","status":"publish","type":"page","link":"http:\/\/unec.edu.az\/en\/jurnallar-ve-diger-elmi-nesrler\/","title":{"rendered":"Jurnallar v\u0259 dig\u0259r elmi n\u0259\u015frl\u0259r"},"content":{"rendered":"<h3 style=\"text-align: left;\"><span style=\"color: #333333;\">Jurnallar v\u0259 dig\u0259r elmi n\u0259\u015frl\u0259r<\/span><\/h3>\n<h4><em><span style=\"color: #000080;\"><a style=\"color: #000080;\" href=\"https:\/\/unec.edu.az\/application\/uploads\/2020\/09\/Bilig-T-rk-D-nyas-Sosial-Elml-r-Jurnal-.pdf\">Bilig-T\u00fcrk D\u00fcnyas\u0131 Sosial Elml\u0259r Jurnal\u0131<\/a><\/span><\/em><\/h4>\n<h4><em><span style=\"color: #000080;\"> <a style=\"color: #000080;\" href=\"https:\/\/unec.edu.az\/application\/uploads\/2020\/09\/International-Journal-of-Advanced-Computer-Science-and-Applications.pdf\">International Journal of Advanced Computer Science and Applications<\/a> <\/span><\/em><\/h4>\n<h4><em><span style=\"color: #000080;\"><a style=\"color: #000080;\" href=\"https:\/\/unec.edu.az\/application\/uploads\/2020\/09\/International-Journal-of-Advanced-Science-and-Technology.pdf\">International Journal of Advanced Science and Technology<\/a> <\/span><\/em><\/h4>\n<h4><em><span style=\"color: #000080;\"><a style=\"color: #000080;\" href=\"https:\/\/unec.edu.az\/application\/uploads\/2020\/09\/International-Journal-of-Energy-Economics-and-Policy.pdf\">International Journal of Energy Economics and Policy<\/a> <\/span><\/em><\/h4>\n<h4><em><span style=\"color: #000080;\"><a style=\"color: #000080;\" href=\"https:\/\/unec.edu.az\/application\/uploads\/2020\/09\/Journal-of-Applied-Economics.pdf\">Journal of Applied Economics<\/a> <\/span><\/em><\/h4>\n<h4><span style=\"color: #000080;\"><em><a style=\"color: #000080;\" href=\"https:\/\/unec.edu.az\/application\/uploads\/2020\/09\/Journal-of-International-Studies.docx.pdf\">Journal of International Studies<\/a><\/em><\/span><\/h4>\n<h4><span style=\"color: #000080;\"><em><a style=\"color: #000080;\" href=\"https:\/\/unec.edu.az\/application\/uploads\/2020\/09\/Journal-of-Political-Economy.pdf\">Journal of Political Economy<\/a> <\/em><\/span><\/h4>\n<h4><span style=\"color: #000080;\"><em><a style=\"color: #000080;\" href=\"https:\/\/unec.edu.az\/application\/uploads\/2020\/09\/Marine-Policy.docx.pdf\">Marine Policy.docx<\/a> <\/em><\/span><\/h4>\n<h4><span style=\"color: #000080;\"><em><a style=\"color: #000080;\" href=\"https:\/\/unec.edu.az\/application\/uploads\/2020\/09\/Polish-Journal-of-Management-Studies.docx.pdf\">Polish Journal of Management Studies.<\/a><\/em><\/span><\/h4>\n<h4><span style=\"color: #000080;\"><em><a style=\"color: #000080;\" href=\"https:\/\/unec.edu.az\/application\/uploads\/2020\/09\/Pol-a-n-ri-SCOPUS-beyn-lxalq-indeksli-jurnallar.pdf\">Pol\u015fa n\u0259\u015fri (SCOPUS) beyn\u0259lxalq indeksli jurnallar<\/a> <\/em><\/span><\/h4>\n<h4><span style=\"color: #000080;\"><em><a style=\"color: #000080;\" href=\"https:\/\/unec.edu.az\/application\/uploads\/2020\/09\/Scopus-indexed-journals-of-Russian-2019.pdf\">Scopus indexed journals of Russian 2019<\/a> <\/em><\/span><\/h4>\n<h4><span style=\"color: #000080;\"><em><a style=\"color: #000080;\" href=\"https:\/\/unec.edu.az\/application\/uploads\/2020\/09\/Scopus-indexed-journals-of-Turkey-2019.xlsx\">Scopus indexed journals of Turkey 2019<\/a><\/em><\/span><\/h4>\n<h4><\/h4>\n","protected":false},"excerpt":{"rendered":"<p>Jurnallar v\u0259 dig\u0259r elmi n\u0259\u015frl\u0259r Bilig-T\u00fcrk D\u00fcnyas\u0131 Sosial Elml\u0259r Jurnal\u0131 International Journal of Advanced Computer Science and Applications International Journal of Advanced Science and Technology International Journal of Energy Economics and Policy Journal of Applied Economics Journal of International Studies Journal of Political Economy Marine Policy.docx Polish Journal of Management Studies. Pol\u015fa n\u0259\u015fri (SCOPUS) beyn\u0259lxalq [&hellip;]<\/p>\n","protected":false},"author":6,"featured_media":0,"parent":0,"menu_order":0,"comment_status":"open","ping_status":"open","template":"","meta":{"footnotes":""},"class_list":["post-156005","page","type-page","status-publish","hentry"],"_links":{"self":[{"href":"http:\/\/unec.edu.az\/en\/wp-json\/wp\/v2\/pages\/156005","targetHints":{"allow":["GET"]}}],"collection":[{"href":"http:\/\/unec.edu.az\/en\/wp-json\/wp\/v2\/pages"}],"about":[{"href":"http:\/\/unec.edu.az\/en\/wp-json\/wp\/v2\/types\/page"}],"author":[{"embeddable":true,"href":"http:\/\/unec.edu.az\/en\/wp-json\/wp\/v2\/users\/6"}],"replies":[{"embeddable":true,"href":"http:\/\/unec.edu.az\/en\/wp-json\/wp\/v2\/comments?post=156005"}],"version-history":[{"count":4,"href":"http:\/\/unec.edu.az\/en\/wp-json\/wp\/v2\/pages\/156005\/revisions"}],"predecessor-version":[{"id":156092,"href":"http:\/\/unec.edu.az\/en\/wp-json\/wp\/v2\/pages\/156005\/revisions\/156092"}],"wp:attachment":[{"href":"http:\/\/unec.edu.az\/en\/wp-json\/wp\/v2\/media?parent=156005"}],"curies":[{"name":"wp","href":"https:\/\/api.w.org\/{rel}","templated":true}]}}