{"id":157388,"date":"2020-10-27T19:46:25","date_gmt":"2020-10-27T15:46:25","guid":{"rendered":"https:\/\/unec.edu.az\/education\/faculties\/muhendislik-fakultesi\/"},"modified":"2025-01-07T11:12:05","modified_gmt":"2025-01-07T07:12:05","slug":"muhendislik-fakultesi","status":"publish","type":"page","link":"http:\/\/unec.edu.az\/en\/education\/faculties\/muhendislik-fakultesi\/","title":{"rendered":"FACULTY OF ENGINEERING"},"content":{"rendered":"<h4><a href=\"http:\/\/unec.edu.az\/application\/uploads\/2024\/12\/Engeneering-ing.jpg\"><img fetchpriority=\"high\" decoding=\"async\" class=\"wp-image-454924 aligncenter\" src=\"http:\/\/unec.edu.az\/application\/uploads\/2024\/12\/Engeneering-ing-300x103.jpg\" alt=\"\" width=\"850\" height=\"292\" srcset=\"http:\/\/unec.edu.az\/application\/uploads\/2024\/12\/Engeneering-ing-300x103.jpg 300w, http:\/\/unec.edu.az\/application\/uploads\/2024\/12\/Engeneering-ing-1024x351.jpg 1024w, http:\/\/unec.edu.az\/application\/uploads\/2024\/12\/Engeneering-ing-768x263.jpg 768w, http:\/\/unec.edu.az\/application\/uploads\/2024\/12\/Engeneering-ing.jpg 1309w\" sizes=\"(max-width: 850px) 100vw, 850px\" \/><\/a><\/h4>\n<table style=\"height: 10px; width: 89.881%;\" width=\"921\">\n<tbody>\n<tr style=\"height: 10px;\">\n<td style=\"height: 10px; width: 44.4561%;\">\n<h4 class=\"tw-data-text tw-text-large XcVN5d tw-ta\" dir=\"ltr\" data-placeholder=\"\u041f\u0435\u0440\u0435\u0432\u043e\u0434\"><span style=\"color: #800000;\"><a style=\"color: #800000;\" href=\"https:\/\/unec.edu.az\/en\/dos-semedov-elcin-elesger-oglu\/\"><span lang=\"en\">Dean: <\/span>Cand. of Tech.Sc., Assist.Prof.<br \/>\nSamadov Elchin\u00a0 Alasgar<\/a><\/span><\/h4>\n<h4><span style=\"color: #333333;\"><em><span style=\"font-size: 12pt;\">Telephone<\/span><\/em><em>:\u00a0<\/em><em>+(994) 12 492-59-03 (13-23)<br \/>\n<\/em><em>e-mail:\u00a0<\/em><em>elchin_samadov@unec.edu.az<\/em><\/span><\/h4>\n<\/td>\n<td style=\"height: 10px; width: 44.2386%;\">\n<h4><span style=\"color: #800000;\"><a style=\"color: #800000;\" href=\"https:\/\/unec.edu.az\/en\/abdullayeva-sevinc-museyib\/\">Deputy Dean:<br \/>\nAbdullayeva Sevinj Museyib<\/a><\/span><\/h4>\n<h4><span style=\"color: #333333;\"><em>Telephone<\/em><em>:\u00a0<\/em><em>+(994) 12 492-59-03 (13-31)<\/em><\/span><\/h4>\n<\/td>\n<\/tr>\n<\/tbody>\n<\/table>\n<p><a class=\"fancybox-thumb \" href=\"http:\/\/unec.edu.az\/application\/uploads\/2024\/09\/semed32685_3317237159109804340_n.jpg\"><img decoding=\"async\" class=\"fancybox-margin alignnone wp-image-443721 size-image236x180\" title=\"UNEC-in M\u00fch\u0259ndislik fak\u00fclt\u0259sinin dekan\u0131 dos.El\u00e7in S\u0259m\u0259dov I kurs t\u0259l\u0259b\u0259l\u0259ri il\u0259 g\u00f6r\u00fc\u015f\u00fcb (23.09.2024)\" src=\"http:\/\/unec.edu.az\/application\/uploads\/2024\/09\/semed32685_3317237159109804340_n-236x180.jpg\" alt=\"\" width=\"236\" height=\"180\" \/><\/a><a class=\"fancybox-thumb\" href=\"http:\/\/unec.edu.az\/application\/uploads\/2024\/09\/semed14497660147755_n.jpg\"><img decoding=\"async\" class=\"fancybox-margin alignnone wp-image-443715 size-image236x180\" title=\"UNEC-in M\u00fch\u0259ndislik fak\u00fclt\u0259sinin dekan\u0131 dos.El\u00e7in S\u0259m\u0259dov I kurs t\u0259l\u0259b\u0259l\u0259ri il\u0259 g\u00f6r\u00fc\u015f\u00fcb (23.09.2024)\" src=\"http:\/\/unec.edu.az\/application\/uploads\/2024\/09\/semed14497660147755_n-236x180.jpg\" alt=\"\" width=\"236\" height=\"180\" \/><\/a><a class=\"fancybox-thumb\" href=\"http:\/\/unec.edu.az\/application\/uploads\/2024\/09\/semed690_335280683277665856_n.jpg\"><img loading=\"lazy\" decoding=\"async\" class=\"fancybox-margin alignnone wp-image-443718 size-image236x180\" title=\"UNEC-in M\u00fch\u0259ndislik fak\u00fclt\u0259sinin dekan\u0131 dos.El\u00e7in S\u0259m\u0259dov I kurs t\u0259l\u0259b\u0259l\u0259ri il\u0259 g\u00f6r\u00fc\u015f\u00fcb (23.09.2024)\" src=\"http:\/\/unec.edu.az\/application\/uploads\/2024\/09\/semed690_335280683277665856_n-236x180.jpg\" alt=\"\" width=\"236\" height=\"180\" \/><\/a><a class=\"fancybox-thumb\" href=\"https:\/\/unec.edu.az\/application\/uploads\/2020\/10\/muhh979e6dab8e0eb9b28.jpeg\"><img loading=\"lazy\" decoding=\"async\" class=\"fancybox-margin alignnone wp-image-177322 size-image236x180\" src=\"https:\/\/unec.edu.az\/application\/uploads\/2020\/10\/muhh979e6dab8e0eb9b28-236x180.jpeg\" alt=\"muhh979e6dab8e0eb9b28\" width=\"236\" height=\"180\" \/><\/a><\/p>\n","protected":false},"excerpt":{"rendered":"<p>Dean: Cand. of Tech.Sc., Assist.Prof. Samadov Elchin\u00a0 Alasgar Telephone:\u00a0+(994) 12 492-59-03 (13-23) e-mail:\u00a0elchin_samadov@unec.edu.az Deputy Dean: Abdullayeva Sevinj Museyib Telephone:\u00a0+(994) 12 492-59-03 (13-31)<\/p>\n","protected":false},"author":6,"featured_media":0,"parent":108,"menu_order":11,"comment_status":"open","ping_status":"open","template":"page-templates\/3columncontent.php","meta":{"footnotes":""},"class_list":["post-157388","page","type-page","status-publish","hentry"],"_links":{"self":[{"href":"http:\/\/unec.edu.az\/en\/wp-json\/wp\/v2\/pages\/157388","targetHints":{"allow":["GET"]}}],"collection":[{"href":"http:\/\/unec.edu.az\/en\/wp-json\/wp\/v2\/pages"}],"about":[{"href":"http:\/\/unec.edu.az\/en\/wp-json\/wp\/v2\/types\/page"}],"author":[{"embeddable":true,"href":"http:\/\/unec.edu.az\/en\/wp-json\/wp\/v2\/users\/6"}],"replies":[{"embeddable":true,"href":"http:\/\/unec.edu.az\/en\/wp-json\/wp\/v2\/comments?post=157388"}],"version-history":[{"count":19,"href":"http:\/\/unec.edu.az\/en\/wp-json\/wp\/v2\/pages\/157388\/revisions"}],"predecessor-version":[{"id":457118,"href":"http:\/\/unec.edu.az\/en\/wp-json\/wp\/v2\/pages\/157388\/revisions\/457118"}],"up":[{"embeddable":true,"href":"http:\/\/unec.edu.az\/en\/wp-json\/wp\/v2\/pages\/108"}],"wp:attachment":[{"href":"http:\/\/unec.edu.az\/en\/wp-json\/wp\/v2\/media?parent=157388"}],"curies":[{"name":"wp","href":"https:\/\/api.w.org\/{rel}","templated":true}]}}