{"id":157397,"date":"2020-10-27T21:10:29","date_gmt":"2020-10-27T17:10:29","guid":{"rendered":"https:\/\/unec.edu.az\/research\/chairs\/reqemsal-texnologiyalar-ve-tetbiqi-informatika\/"},"modified":"2025-01-22T15:25:11","modified_gmt":"2025-01-22T11:25:11","slug":"reqemsal-texnologiyalar-ve-tetbiqi-informatika","status":"publish","type":"page","link":"http:\/\/unec.edu.az\/en\/research\/chairs\/reqemsal-texnologiyalar-ve-tetbiqi-informatika\/","title":{"rendered":"DIGITAL TECHNOLOGIES AND APPLIED INFORMATICS"},"content":{"rendered":"<table style=\"height: 146px;\" width=\"447\">\n<tbody>\n<tr>\n<td>\n<h4><span style=\"color: #800000;\"><a style=\"color: #800000;\" href=\"https:\/\/unec.edu.az\/en\/prof-abbasov-eli-memmed-oglu\/\">Head of the chair: acad. Ali Mammad Abbasov<\/a><\/span><\/h4>\n<h4>\u00a0<span style=\"color: #000000;\"><em>Address: Baku, M.Mukhtarov, 194 (III building)<br \/>\n<\/em><em>Contact:\u00a0\u00a0<\/em><\/span><span style=\"color: #333333;\"><em><span style=\"font-size: 12pt;\">+(994) 12 492-59-03 (13-25)<\/span><\/em><\/span><\/h4>\n<\/td>\n<\/tr>\n<\/tbody>\n<\/table>\n<p><a class=\"fancybox-thumb\" href=\"https:\/\/unec.edu.az\/application\/uploads\/2015\/02\/infor02112018.jpg\" rel=\"fancybox-thumb\"><img decoding=\"async\" class=\"fancybox-margin alignnone wp-image-130259 size-thumbnail\" title=\"\u201cElmi-t\u0259dqiqat\u201d ili \u00e7\u0259r\u00e7iv\u0259sind\u0259  Texnologiya v\u0259 dizayn fak\u00fclt\u0259sind\u0259 \u201cR\u0259q\u0259msal iqtisadiyyat v\u0259 \u0130KT\u201d kafedras\u0131 r\u0259hb\u0259rliyinin t\u0259\u015fkilat\u00e7\u0131l\u0131\u011f\u0131 il\u0259 elmi-praktiki seminar ke\u00e7irilmi\u015fdir  (23.10.2018)\" src=\"https:\/\/unec.edu.az\/application\/uploads\/2015\/02\/infor02112018-150x150.jpg\" alt=\"??????????\" width=\"150\" height=\"150\" \/><\/a><a class=\"fancybox-thumb\" href=\"https:\/\/unec.edu.az\/application\/uploads\/2016\/06\/informasiya.jpg\" rel=\"fancybox-thumb\"><img decoding=\"async\" class=\"fancybox-margin alignnone wp-image-123802 size-thumbnail\" title=\"UNEC magistrl\u0259ri m\u00fczakir\u0259 edir: \u201c\u0130nformasiya sisteml\u0259rinin v\u0259 texnologiyalar\u0131n\u0131n m\u00fcasir probleml\u0259ri\u201d (13.04.2018)\" src=\"https:\/\/unec.edu.az\/application\/uploads\/2016\/06\/informasiya-150x150.jpg\" alt=\"informasiya\" width=\"150\" height=\"150\" \/><\/a><a class=\"fancybox-thumb\" href=\"https:\/\/unec.edu.az\/application\/uploads\/2015\/02\/vekil_infor96_n.jpg\" rel=\"fancybox-thumb\"><img decoding=\"async\" class=\"fancybox-margin alignnone wp-image-82454 size-thumbnail\" title=\"UNEC-d\u0259 \u201cStrateji Yol X\u0259rit\u0259si\u201d m\u00fczakir\u0259 edilib (27.01.2017)\" src=\"https:\/\/unec.edu.az\/application\/uploads\/2015\/02\/vekil_infor96_n-150x150.jpg\" alt=\"vekil_infor96_n\" width=\"150\" height=\"150\" \/><\/a><a class=\"fancybox-thumb\" href=\"https:\/\/unec.edu.az\/application\/uploads\/2017\/10\/DSC_7483.jpg\" rel=\"fancybox-thumb\"><img loading=\"lazy\" decoding=\"async\" class=\"fancybox-margin alignnone wp-image-108031 size-thumbnail\" title=\"UNEC-d\u0259 disput: \u201c\u0130T-nin inki\u015faf\u0131n\u0131n t\u0259hsil prosesin\u0259 t\u0259siri\u201d (25.10.2017)\" src=\"https:\/\/unec.edu.az\/application\/uploads\/2017\/10\/DSC_7483-150x150.jpg\" alt=\"DSC_7483\" width=\"150\" height=\"150\" \/><\/a><a class=\"fancybox-thumb\" href=\"https:\/\/unec.edu.az\/application\/uploads\/2017\/10\/DSC_7506.jpg\" rel=\"fancybox-thumb\"><img loading=\"lazy\" decoding=\"async\" class=\"fancybox-margin alignnone wp-image-108035 size-thumbnail\" title=\"UNEC-d\u0259 disput: \u201c\u0130T-nin inki\u015faf\u0131n\u0131n t\u0259hsil prosesin\u0259 t\u0259siri\u201d (25.10.2017)\" src=\"https:\/\/unec.edu.az\/application\/uploads\/2017\/10\/DSC_7506-150x150.jpg\" alt=\"DSC_7506\" width=\"150\" height=\"150\" \/><\/a><a class=\"fancybox-thumb\" href=\"https:\/\/unec.edu.az\/application\/uploads\/2017\/10\/DSC_7465.jpg\" rel=\"fancybox-thumb\"><img loading=\"lazy\" decoding=\"async\" class=\"fancybox-margin alignnone wp-image-108027 size-thumbnail\" title=\"UNEC-d\u0259 disput: \u201c\u0130T-nin inki\u015faf\u0131n\u0131n t\u0259hsil prosesin\u0259 t\u0259siri\u201d (25.10.2017)\" src=\"https:\/\/unec.edu.az\/application\/uploads\/2017\/10\/DSC_7465-150x150.jpg\" alt=\"DSC_7465\" width=\"150\" height=\"150\" \/><\/a><\/p>\n<p><strong><span style=\"color: #000000;\"><em>On October 19, 2020, the Department of \u201cDigital Technologies and Applied Informatics\u201d was established at the Faculty of \u201cDigital Economy\u201d.<\/em><\/span><\/strong><\/p>\n<p><strong><em><span style=\"color: #000000;\">Previously, it operated as a department of\u00a0<\/span><span style=\"color: #000080;\"><a style=\"color: #000080;\" href=\"https:\/\/unec.edu.az\/en\/information-economy-and-technologies\/\">&#8220;Digital Economy and ICT&#8221;.<\/a><\/span><\/em><\/strong><\/p>\n","protected":false},"excerpt":{"rendered":"<p>Head of the chair: acad. Ali Mammad Abbasov \u00a0Address: Baku, M.Mukhtarov, 194 (III building) Contact:\u00a0\u00a0+(994) 12 492-59-03 (13-25) On October 19, 2020, the Department of \u201cDigital Technologies and Applied Informatics\u201d was established at the Faculty of \u201cDigital Economy\u201d. Previously, it operated as a department of\u00a0&#8220;Digital Economy and ICT&#8221;.<\/p>\n","protected":false},"author":6,"featured_media":0,"parent":3858,"menu_order":40,"comment_status":"open","ping_status":"open","template":"page-templates\/3columncontent.php","meta":{"footnotes":""},"class_list":["post-157397","page","type-page","status-publish","hentry"],"_links":{"self":[{"href":"http:\/\/unec.edu.az\/en\/wp-json\/wp\/v2\/pages\/157397","targetHints":{"allow":["GET"]}}],"collection":[{"href":"http:\/\/unec.edu.az\/en\/wp-json\/wp\/v2\/pages"}],"about":[{"href":"http:\/\/unec.edu.az\/en\/wp-json\/wp\/v2\/types\/page"}],"author":[{"embeddable":true,"href":"http:\/\/unec.edu.az\/en\/wp-json\/wp\/v2\/users\/6"}],"replies":[{"embeddable":true,"href":"http:\/\/unec.edu.az\/en\/wp-json\/wp\/v2\/comments?post=157397"}],"version-history":[{"count":26,"href":"http:\/\/unec.edu.az\/en\/wp-json\/wp\/v2\/pages\/157397\/revisions"}],"predecessor-version":[{"id":447923,"href":"http:\/\/unec.edu.az\/en\/wp-json\/wp\/v2\/pages\/157397\/revisions\/447923"}],"up":[{"embeddable":true,"href":"http:\/\/unec.edu.az\/en\/wp-json\/wp\/v2\/pages\/3858"}],"wp:attachment":[{"href":"http:\/\/unec.edu.az\/en\/wp-json\/wp\/v2\/media?parent=157397"}],"curies":[{"name":"wp","href":"https:\/\/api.w.org\/{rel}","templated":true}]}}