{"id":174670,"date":"2022-04-20T09:46:50","date_gmt":"2022-04-20T05:46:50","guid":{"rendered":"https:\/\/unec.edu.az\/?page_id=174670"},"modified":"2022-04-20T09:46:50","modified_gmt":"2022-04-20T05:46:50","slug":"i-e-n-dos-novruzova-azade-qadir","status":"publish","type":"page","link":"http:\/\/unec.edu.az\/en\/i-e-n-dos-novruzova-azade-qadir\/","title":{"rendered":"i.e.n., dos. Novruzova Azad\u0259 Qadir"},"content":{"rendered":"<p>N\u0259z\u0259ri v\u0259 praktiki iqtisadiyyat kafedras\u0131n\u0131n i.e.n., dos. Novruzova Azad\u0259 Qadir<\/p>\n<p>&nbsp;<\/p>\n<p><span style=\"color: #000080;\"><em><a style=\"color: #000080;\" href=\"https:\/\/unec.edu.az\/application\/uploads\/2022\/04\/Azada_Novruzova_elmi-s-rl-r.pdf\">ELM\u0130 \u018fS\u018fRL\u018fR\u0130N\u0130N S\u0130YAHISI<\/a><\/em><\/span><\/p>\n","protected":false},"excerpt":{"rendered":"<p>N\u0259z\u0259ri v\u0259 praktiki iqtisadiyyat kafedras\u0131n\u0131n i.e.n., dos. Novruzova Azad\u0259 Qadir &nbsp; ELM\u0130 \u018fS\u018fRL\u018fR\u0130N\u0130N S\u0130YAHISI<\/p>\n","protected":false},"author":7,"featured_media":0,"parent":0,"menu_order":0,"comment_status":"open","ping_status":"open","template":"","meta":{"footnotes":""},"class_list":["post-174670","page","type-page","status-publish","hentry"],"_links":{"self":[{"href":"http:\/\/unec.edu.az\/en\/wp-json\/wp\/v2\/pages\/174670","targetHints":{"allow":["GET"]}}],"collection":[{"href":"http:\/\/unec.edu.az\/en\/wp-json\/wp\/v2\/pages"}],"about":[{"href":"http:\/\/unec.edu.az\/en\/wp-json\/wp\/v2\/types\/page"}],"author":[{"embeddable":true,"href":"http:\/\/unec.edu.az\/en\/wp-json\/wp\/v2\/users\/7"}],"replies":[{"embeddable":true,"href":"http:\/\/unec.edu.az\/en\/wp-json\/wp\/v2\/comments?post=174670"}],"version-history":[{"count":1,"href":"http:\/\/unec.edu.az\/en\/wp-json\/wp\/v2\/pages\/174670\/revisions"}],"predecessor-version":[{"id":174672,"href":"http:\/\/unec.edu.az\/en\/wp-json\/wp\/v2\/pages\/174670\/revisions\/174672"}],"wp:attachment":[{"href":"http:\/\/unec.edu.az\/en\/wp-json\/wp\/v2\/media?parent=174670"}],"curies":[{"name":"wp","href":"https:\/\/api.w.org\/{rel}","templated":true}]}}