{"id":192864,"date":"2023-11-14T12:14:04","date_gmt":"2023-11-14T08:14:04","guid":{"rendered":"https:\/\/unec.edu.az\/?page_id=192864"},"modified":"2023-11-14T12:14:04","modified_gmt":"2023-11-14T08:14:04","slug":"iqlim-deyisikliyi-davamliliq-ve-beynelxalq-emekdasliq-movzusunda-konfrans","status":"publish","type":"page","link":"http:\/\/unec.edu.az\/en\/iqlim-deyisikliyi-davamliliq-ve-beynelxalq-emekdasliq-movzusunda-konfrans\/","title":{"rendered":"\u201c\u0130qlim D\u0259yi\u015fikliyi, Davaml\u0131l\u0131q v\u0259 Beyn\u0259lxalq \u018fm\u0259kda\u015fl\u0131q\u201d m\u00f6vzusunda konfrans"},"content":{"rendered":"<p><strong><em><span style=\"color: #000080;\"><a style=\"color: #000080;\" href=\"http:\/\/unec.edu.az\/application\/uploads\/2023\/11\/TCU_141123_compressed.pdf\">\u201c\u0130qlim D\u0259yi\u015fikliyi, Davaml\u0131l\u0131q v\u0259 Beyn\u0259lxalq \u018fm\u0259kda\u015fl\u0131q\u201d\u00a0m\u00f6vzusunda konfrans haqq\u0131nda \u0259trafl\u0131 m\u0259lumat<\/a><\/span><\/em><\/strong><\/p>\n","protected":false},"excerpt":{"rendered":"<p>\u201c\u0130qlim D\u0259yi\u015fikliyi, Davaml\u0131l\u0131q v\u0259 Beyn\u0259lxalq \u018fm\u0259kda\u015fl\u0131q\u201d\u00a0m\u00f6vzusunda konfrans haqq\u0131nda \u0259trafl\u0131 m\u0259lumat<\/p>\n","protected":false},"author":7,"featured_media":0,"parent":0,"menu_order":0,"comment_status":"open","ping_status":"open","template":"","meta":{"footnotes":""},"class_list":["post-192864","page","type-page","status-publish","hentry"],"_links":{"self":[{"href":"http:\/\/unec.edu.az\/en\/wp-json\/wp\/v2\/pages\/192864","targetHints":{"allow":["GET"]}}],"collection":[{"href":"http:\/\/unec.edu.az\/en\/wp-json\/wp\/v2\/pages"}],"about":[{"href":"http:\/\/unec.edu.az\/en\/wp-json\/wp\/v2\/types\/page"}],"author":[{"embeddable":true,"href":"http:\/\/unec.edu.az\/en\/wp-json\/wp\/v2\/users\/7"}],"replies":[{"embeddable":true,"href":"http:\/\/unec.edu.az\/en\/wp-json\/wp\/v2\/comments?post=192864"}],"version-history":[{"count":1,"href":"http:\/\/unec.edu.az\/en\/wp-json\/wp\/v2\/pages\/192864\/revisions"}],"predecessor-version":[{"id":192866,"href":"http:\/\/unec.edu.az\/en\/wp-json\/wp\/v2\/pages\/192864\/revisions\/192866"}],"wp:attachment":[{"href":"http:\/\/unec.edu.az\/en\/wp-json\/wp\/v2\/media?parent=192864"}],"curies":[{"name":"wp","href":"https:\/\/api.w.org\/{rel}","templated":true}]}}