{"id":42185,"date":"2016-02-16T10:05:33","date_gmt":"2016-02-16T06:05:33","guid":{"rendered":"https:\/\/unec.edu.az\/iqtisadci-qezeti-2\/"},"modified":"2024-05-15T08:25:25","modified_gmt":"2024-05-15T04:25:25","slug":"iqtisadci-qezeti","status":"publish","type":"page","link":"http:\/\/unec.edu.az\/en\/iqtisadci-qezeti\/","title":{"rendered":"&#8220;\u0130qtisad\u00e7\u0131&#8221; q\u0259zeti"},"content":{"rendered":"<h4><span style=\"color: #800000;\">Newspaper \u201cIgtisadchi\u201d (Economist)<\/span><\/h4>\n","protected":false},"excerpt":{"rendered":"<p>Newspaper \u201cIgtisadchi\u201d (Economist)<\/p>\n","protected":false},"author":6,"featured_media":0,"parent":0,"menu_order":0,"comment_status":"open","ping_status":"open","template":"page-templates\/2columncontent.php","meta":{"footnotes":""},"class_list":["post-42185","page","type-page","status-publish","hentry"],"_links":{"self":[{"href":"http:\/\/unec.edu.az\/en\/wp-json\/wp\/v2\/pages\/42185","targetHints":{"allow":["GET"]}}],"collection":[{"href":"http:\/\/unec.edu.az\/en\/wp-json\/wp\/v2\/pages"}],"about":[{"href":"http:\/\/unec.edu.az\/en\/wp-json\/wp\/v2\/types\/page"}],"author":[{"embeddable":true,"href":"http:\/\/unec.edu.az\/en\/wp-json\/wp\/v2\/users\/6"}],"replies":[{"embeddable":true,"href":"http:\/\/unec.edu.az\/en\/wp-json\/wp\/v2\/comments?post=42185"}],"version-history":[{"count":9,"href":"http:\/\/unec.edu.az\/en\/wp-json\/wp\/v2\/pages\/42185\/revisions"}],"predecessor-version":[{"id":99693,"href":"http:\/\/unec.edu.az\/en\/wp-json\/wp\/v2\/pages\/42185\/revisions\/99693"}],"wp:attachment":[{"href":"http:\/\/unec.edu.az\/en\/wp-json\/wp\/v2\/media?parent=42185"}],"curies":[{"name":"wp","href":"https:\/\/api.w.org\/{rel}","templated":true}]}}