{"id":447843,"date":"2024-10-25T15:57:48","date_gmt":"2024-10-25T11:57:48","guid":{"rendered":"https:\/\/unec.edu.az\/?page_id=447843"},"modified":"2024-10-25T15:57:50","modified_gmt":"2024-10-25T11:57:50","slug":"esgerov-remzi-esger-oglu","status":"publish","type":"page","link":"http:\/\/unec.edu.az\/en\/esgerov-remzi-esger-oglu\/","title":{"rendered":"\u018fsg\u0259rov R\u0259mzi \u018fsg\u0259r o\u011flu"},"content":{"rendered":"\n<h4><span style=\"color: #800000;\"><strong><a style=\"color: #800000;\" href=\"https:\/\/unec.edu.az\/esgerov-remzi-esger-oglu-1967-1992\/\">\u018fsg\u0259rov R\u0259mzi \u018fsg\u0259r o\u011flu<\/a><\/strong><\/span><\/h4>\n<p>\u018fsg\u0259rov R\u0259mzi \u018fsg\u0259r o\u011flu 21 yanvar 1967-c\u0131 ild\u0259 La\u00e7\u0131nda anadan olub.<\/p>\n<p>Orta m\u0259kt\u0259bi La\u00e7\u0131nda bitirib, Dada\u015f B\u00fcnyadzad\u0259 ad\u0131na Az\u0259rbaycan Xalq T\u0259s\u0259rr\u00fcaft\u0131 \u0130nstitutuna (indiki UNEC) q\u0259bul olunub.<\/p>\n<p>Erm\u0259nistan\u0131n Az\u0259rbaycana qar\u015f\u0131 torpaq iddialar\u0131 ba\u015flad\u0131qdan sonra qiyabi \u015f\u00f6b\u0259y\u0259 ke\u00e7\u0259r\u0259k, k\u00f6n\u00fcll\u00fc d\u00f6y\u00fc\u015f\u0259 yollan\u0131b. R\u0259mzi \u018fsg\u0259rov La\u00e7\u0131n milli batalyonunun d\u00f6y\u00fc\u015f\u00e7\u00fcc\u00fc v\u0259 811 sayl\u0131 h\u0259rbi hiss\u0259nin zabiti olub.<\/p>\n<p>25 may 1992-ci ild\u0259 La\u00e7\u0131n\u0131n G\u00fcl\u0259birt k\u0259ndi u\u011frunda ged\u0259n d\u00f6y\u00fc\u015fl\u0259rd\u0259 q\u0259hr\u0259mancas\u0131na h\u0259lak olub. Beyl\u0259qan rayonunda d\u0259fn edilib. R\u0259mzi \u018fsg\u0259rov \u015f\u0259hidlik zirv\u0259sin\u0259 y\u00fcks\u0259l\u0259rk\u0259n V kurs t\u0259l\u0259b\u0259si idi.<\/p>\n","protected":false},"excerpt":{"rendered":"<p>\u018fsg\u0259rov R\u0259mzi \u018fsg\u0259r o\u011flu \u018fsg\u0259rov R\u0259mzi \u018fsg\u0259r o\u011flu 21 yanvar 1967-c\u0131 ild\u0259 La\u00e7\u0131nda anadan olub. Orta m\u0259kt\u0259bi La\u00e7\u0131nda bitirib, Dada\u015f B\u00fcnyadzad\u0259 ad\u0131na Az\u0259rbaycan Xalq T\u0259s\u0259rr\u00fcaft\u0131 \u0130nstitutuna (indiki UNEC) q\u0259bul olunub. Erm\u0259nistan\u0131n Az\u0259rbaycana qar\u015f\u0131 torpaq iddialar\u0131 ba\u015flad\u0131qdan sonra qiyabi \u015f\u00f6b\u0259y\u0259 ke\u00e7\u0259r\u0259k, k\u00f6n\u00fcll\u00fc d\u00f6y\u00fc\u015f\u0259 yollan\u0131b. R\u0259mzi \u018fsg\u0259rov La\u00e7\u0131n milli batalyonunun d\u00f6y\u00fc\u015f\u00e7\u00fcc\u00fc v\u0259 811 sayl\u0131 h\u0259rbi hiss\u0259nin zabiti [&hellip;]<\/p>\n","protected":false},"author":8,"featured_media":0,"parent":0,"menu_order":0,"comment_status":"closed","ping_status":"closed","template":"page-templates\/2columncontent.php","meta":{"footnotes":""},"class_list":["post-447843","page","type-page","status-publish","hentry"],"_links":{"self":[{"href":"http:\/\/unec.edu.az\/en\/wp-json\/wp\/v2\/pages\/447843","targetHints":{"allow":["GET"]}}],"collection":[{"href":"http:\/\/unec.edu.az\/en\/wp-json\/wp\/v2\/pages"}],"about":[{"href":"http:\/\/unec.edu.az\/en\/wp-json\/wp\/v2\/types\/page"}],"author":[{"embeddable":true,"href":"http:\/\/unec.edu.az\/en\/wp-json\/wp\/v2\/users\/8"}],"replies":[{"embeddable":true,"href":"http:\/\/unec.edu.az\/en\/wp-json\/wp\/v2\/comments?post=447843"}],"version-history":[{"count":1,"href":"http:\/\/unec.edu.az\/en\/wp-json\/wp\/v2\/pages\/447843\/revisions"}],"predecessor-version":[{"id":447847,"href":"http:\/\/unec.edu.az\/en\/wp-json\/wp\/v2\/pages\/447843\/revisions\/447847"}],"wp:attachment":[{"href":"http:\/\/unec.edu.az\/en\/wp-json\/wp\/v2\/media?parent=447843"}],"curies":[{"name":"wp","href":"https:\/\/api.w.org\/{rel}","templated":true}]}}