{"id":457373,"date":"2025-01-10T12:13:44","date_gmt":"2025-01-10T08:13:44","guid":{"rendered":"https:\/\/unec.edu.az\/quliyev-huseynqulu-imran-oglu\/"},"modified":"2025-01-13T09:04:06","modified_gmt":"2025-01-13T05:04:06","slug":"quliyev-huseynqulu-imran-oglu","status":"publish","type":"page","link":"http:\/\/unec.edu.az\/en\/quliyev-huseynqulu-imran-oglu\/","title":{"rendered":"Quliyev H\u00fcseynqulu \u0130mran o\u011flu"},"content":{"rendered":"\n<p><strong>Quliyev H\u00fcseynqulu \u0130mran o\u011flu<\/strong><\/p>\n","protected":false},"excerpt":{"rendered":"<p>Quliyev H\u00fcseynqulu \u0130mran o\u011flu<\/p>\n","protected":false},"author":6,"featured_media":0,"parent":0,"menu_order":0,"comment_status":"closed","ping_status":"closed","template":"page-templates\/2columncontent.php","meta":{"footnotes":""},"class_list":["post-457373","page","type-page","status-publish","hentry"],"_links":{"self":[{"href":"http:\/\/unec.edu.az\/en\/wp-json\/wp\/v2\/pages\/457373","targetHints":{"allow":["GET"]}}],"collection":[{"href":"http:\/\/unec.edu.az\/en\/wp-json\/wp\/v2\/pages"}],"about":[{"href":"http:\/\/unec.edu.az\/en\/wp-json\/wp\/v2\/types\/page"}],"author":[{"embeddable":true,"href":"http:\/\/unec.edu.az\/en\/wp-json\/wp\/v2\/users\/6"}],"replies":[{"embeddable":true,"href":"http:\/\/unec.edu.az\/en\/wp-json\/wp\/v2\/comments?post=457373"}],"version-history":[{"count":1,"href":"http:\/\/unec.edu.az\/en\/wp-json\/wp\/v2\/pages\/457373\/revisions"}],"predecessor-version":[{"id":457374,"href":"http:\/\/unec.edu.az\/en\/wp-json\/wp\/v2\/pages\/457373\/revisions\/457374"}],"wp:attachment":[{"href":"http:\/\/unec.edu.az\/en\/wp-json\/wp\/v2\/media?parent=457373"}],"curies":[{"name":"wp","href":"https:\/\/api.w.org\/{rel}","templated":true}]}}