{"id":7509,"date":"2015-03-31T09:34:40","date_gmt":"2015-03-31T05:34:40","guid":{"rendered":"http:\/\/asue.edu.az\/strategiya-3\/"},"modified":"2018-12-19T15:25:05","modified_gmt":"2018-12-19T11:25:05","slug":"strategiya","status":"publish","type":"page","link":"http:\/\/unec.edu.az\/en\/strategiya\/","title":{"rendered":"Strategiyam\u0131z"},"content":{"rendered":"<h3 style=\"text-align: center;\"><span style=\"color: #000080;\"><strong>\u201cUNEC &#8211; 100\u201d<br \/>\n<\/strong><strong>\u0130NK\u0130\u015eAF STRATEG\u0130YASI<br \/>\n<\/strong><strong>(2019-2030)<\/strong><strong>\u00a0<\/strong><\/span><\/h3>\n<p style=\"text-align: right;\"><span style=\"font-size: 12pt; color: #000080;\"><strong><em>UNEC &#8211; u\u011furlu yolun ba\u015flan\u011f\u0131c\u0131&#8230;<\/em><\/strong><\/span><\/p>\n","protected":false},"excerpt":{"rendered":"<p>\u201cUNEC &#8211; 100\u201d \u0130NK\u0130\u015eAF STRATEG\u0130YASI (2019-2030)\u00a0 UNEC &#8211; u\u011furlu yolun ba\u015flan\u011f\u0131c\u0131&#8230;<\/p>\n","protected":false},"author":10,"featured_media":0,"parent":0,"menu_order":0,"comment_status":"open","ping_status":"open","template":"page-templates\/3columncontent.php","meta":{"footnotes":""},"class_list":["post-7509","page","type-page","status-publish","hentry"],"_links":{"self":[{"href":"http:\/\/unec.edu.az\/en\/wp-json\/wp\/v2\/pages\/7509","targetHints":{"allow":["GET"]}}],"collection":[{"href":"http:\/\/unec.edu.az\/en\/wp-json\/wp\/v2\/pages"}],"about":[{"href":"http:\/\/unec.edu.az\/en\/wp-json\/wp\/v2\/types\/page"}],"author":[{"embeddable":true,"href":"http:\/\/unec.edu.az\/en\/wp-json\/wp\/v2\/users\/10"}],"replies":[{"embeddable":true,"href":"http:\/\/unec.edu.az\/en\/wp-json\/wp\/v2\/comments?post=7509"}],"version-history":[{"count":10,"href":"http:\/\/unec.edu.az\/en\/wp-json\/wp\/v2\/pages\/7509\/revisions"}],"predecessor-version":[{"id":135180,"href":"http:\/\/unec.edu.az\/en\/wp-json\/wp\/v2\/pages\/7509\/revisions\/135180"}],"wp:attachment":[{"href":"http:\/\/unec.edu.az\/en\/wp-json\/wp\/v2\/media?parent=7509"}],"curies":[{"name":"wp","href":"https:\/\/api.w.org\/{rel}","templated":true}]}}