{"id":7784,"date":"2015-05-06T13:58:13","date_gmt":"2015-05-06T09:58:13","guid":{"rendered":"http:\/\/asue.edu.az\/education\/7760-2\/"},"modified":"2024-12-17T10:03:57","modified_gmt":"2024-12-17T06:03:57","slug":"distant-correspondence-and-supplementary-education-center","status":"publish","type":"page","link":"http:\/\/unec.edu.az\/en\/education\/distant-correspondence-and-supplementary-education-center\/","title":{"rendered":"Correspondence and additional education center"},"content":{"rendered":"<p><a href=\"http:\/\/unec.edu.az\/application\/uploads\/2024\/12\/qiyabi-tehsil-merkezi.jpg\"><img fetchpriority=\"high\" decoding=\"async\" class=\"wp-image-454967 aligncenter\" src=\"http:\/\/unec.edu.az\/application\/uploads\/2024\/12\/qiyabi-tehsil-merkezi-300x115.jpg\" alt=\"\" width=\"850\" height=\"326\" srcset=\"http:\/\/unec.edu.az\/application\/uploads\/2024\/12\/qiyabi-tehsil-merkezi-300x115.jpg 300w, http:\/\/unec.edu.az\/application\/uploads\/2024\/12\/qiyabi-tehsil-merkezi-1024x394.jpg 1024w, http:\/\/unec.edu.az\/application\/uploads\/2024\/12\/qiyabi-tehsil-merkezi-768x295.jpg 768w, http:\/\/unec.edu.az\/application\/uploads\/2024\/12\/qiyabi-tehsil-merkezi.jpg 1285w\" sizes=\"(max-width: 850px) 100vw, 850px\" \/><\/a><\/p>\n<table style=\"height: 146px;\" width=\"1106\">\n<tbody>\n<tr>\n<td style=\"width: 200px;\">\n<h4><span style=\"color: #800000;\"><a style=\"color: #800000;\" href=\"https:\/\/unec.edu.az\/en\/tanriverdiyev-sabuhi-mileddin\/\">Director:<br \/>\ns\/t Tanriverdiyev Sabuhi Mileddin<\/a><\/span><\/h4>\n<h4><\/h4>\n<h4><span style=\"color: #000000;\">Telephone:+(994) 12\u00a0564-38-92<br \/>\n<em>e-mail:sabuhi.tanriverdiyev@unec.edu.az<\/em><\/span><\/h4>\n<\/td>\n<td style=\"width: 200px;\">\n<h4><span style=\"color: #800000;\"><a style=\"color: #800000;\" href=\"https:\/\/unec.edu.az\/en\/i-e-n-dos-veliyev-hebib-memmed\/\">Deputy Director:<br \/>\nCan.of Econ., Assist.Prof. Veliyev Habib Mammad<\/a><\/span><\/h4>\n<h4><span style=\"color: #000000;\">Telephone:<\/span><br \/>\n<span style=\"color: #000000;\"> +(994) 12\u00a0564-38-92<\/span><\/h4>\n<\/td>\n<td style=\"width: 200px;\">\n<h4><span style=\"color: #800000;\"><a style=\"color: #800000;\" href=\"https:\/\/unec.edu.az\/en\/dos-kerimova-terane-isa-qizi\/\">Deputy Director:<\/a><br \/>\n<a style=\"color: #800000;\" href=\"https:\/\/unec.edu.az\/en\/dos-kerimova-terane-isa-qizi\/\"> Can.of Econ., Assist.Prof. <span style=\"color: #800000;\">Kerimova Tarana Isa<\/span><\/a><br \/>\n<\/span><\/h4>\n<h4><span style=\"color: #000000;\">Telephone:<\/span><br \/>\n<span style=\"color: #000000;\"> +(994) 12\u00a0564-38-92<\/span><\/h4>\n<\/td>\n<td style=\"width: 200px;\">\n<h4><span style=\"color: #800000;\"><a style=\"color: #800000;\" href=\"https:\/\/unec.edu.az\/en\/i-e-n-dos-ekberov-rovsen-memmed\/\">Deputy Director:<br \/>\nCan.of Econ.,Assist.Prof.<br \/>\nAkbarov Rovshan Mammad\u00a0<\/a><\/span><\/h4>\n<h4><span style=\"color: #000000;\">Telephone:<\/span><br \/>\n<span style=\"color: #000000;\"> +(994) 12\u00a0564-38-92<\/span><\/h4>\n<\/td>\n<td style=\"width: 5px;\"><\/td>\n<\/tr>\n<\/tbody>\n<\/table>\n<h4 id=\"tw-target-text\" class=\"tw-data-text tw-text-large tw-ta\" dir=\"ltr\" data-placeholder=\"\u041f\u0435\u0440\u0435\u0432\u043e\u0434\"><span style=\"color: #800000;\"><a style=\"color: #800000;\" href=\"https:\/\/unec.edu.az\/application\/uploads\/2015\/05\/D-STANT-AZER-27.09.2017.pdf\"><br \/>\n<span style=\"color: #000000;\">UNEC Correspondence and Additional Education Center &#8211; brochure<\/span><\/a><\/span><\/h4>\n<h4 id=\"tw-target-text\" class=\"tw-data-text tw-text-large tw-ta\" dir=\"ltr\" data-placeholder=\"\u041f\u0435\u0440\u0435\u0432\u043e\u0434\"><span class=\"Y2IQFc\" lang=\"en\" style=\"color: #800000;\">Secretary of UNEC Correspondence and Additional Education Center: Agayeva Rena Vahid<br \/>\n<\/span><span style=\"color: #000000;\"><em>Telephone\u00a0: +(994) 12 564 32 66\u00a0<\/em><\/span><\/h4>\n<h4><span style=\"color: #800000;\"><a style=\"color: #800000;\" href=\"https:\/\/unec.edu.az\/en\/kocerli-yalcin-enver-oglu\/\">Head of Correspondence\u00a0 Education Department: Kocherli Yalchin Enver<br \/>\n<\/a><\/span><span style=\"color: #000000;\"><em>Telephone:\u00a0\u00a0+(994) 50 370 22 27<\/em><\/span><\/h4>\n<h4><span style=\"color: #800000;\"><a style=\"color: #800000;\" href=\"Can. of Econ., Assoc.Prof. Garibli Emin Adil\u00a0\">Head of additional education department: Garibli Emin Adil\u00a0<\/a><\/span><\/h4>\n<p><a class=\"fancybox-thumb\" href=\"https:\/\/unec.edu.az\/application\/uploads\/2015\/05\/qiyabi_648344122.jpg\" rel=\"fancybox-thumb\"><img decoding=\"async\" class=\"fancybox-margin alignnone wp-image-166212 \" src=\"https:\/\/unec.edu.az\/application\/uploads\/2015\/05\/qiyabi_648344122-150x150.jpg\" alt=\"qiyabi_648344122\" width=\"110\" height=\"110\" \/><\/a><a class=\"fancybox-thumb\" href=\"https:\/\/unec.edu.az\/application\/uploads\/2015\/05\/qiyabi_6483441.jpg\" rel=\"fancybox-thumb\"><img decoding=\"async\" class=\"fancybox-margin alignnone wp-image-166213 \" src=\"https:\/\/unec.edu.az\/application\/uploads\/2015\/05\/qiyabi_6483441-150x150.jpg\" alt=\"qiyabi_6483441\" width=\"109\" height=\"109\" \/><\/a><a class=\"fancybox-thumb\" href=\"https:\/\/unec.edu.az\/application\/uploads\/2016\/06\/unec-12.jpg\" rel=\"fancybox-thumb\"><img loading=\"lazy\" decoding=\"async\" class=\"fancybox-margin alignnone wp-image-59794 \" src=\"https:\/\/unec.edu.az\/application\/uploads\/2016\/06\/unec-12-150x150.jpg\" alt=\"unec (12)\" width=\"107\" height=\"107\" \/><\/a><a class=\"fancybox-thumb\" href=\"https:\/\/unec.edu.az\/application\/uploads\/2016\/06\/unec-13.jpg\" rel=\"fancybox-thumb\"><img loading=\"lazy\" decoding=\"async\" class=\"fancybox-margin alignnone wp-image-59795 \" src=\"https:\/\/unec.edu.az\/application\/uploads\/2016\/06\/unec-13-150x150.jpg\" alt=\"unec (13)\" width=\"107\" height=\"107\" \/><\/a><a class=\"fancybox-thumb\" href=\"https:\/\/unec.edu.az\/application\/uploads\/2016\/04\/DSC_8325.jpg\" rel=\"fancybox-thumb\"><img loading=\"lazy\" decoding=\"async\" class=\"fancybox-margin  alignnone wp-image-48906 \" src=\"https:\/\/unec.edu.az\/application\/uploads\/2016\/04\/DSC_8325-150x150.jpg\" alt=\"DSC_8325\" width=\"106\" height=\"106\" \/><\/a><a class=\"fancybox-thumb\" href=\"https:\/\/unec.edu.az\/application\/uploads\/2016\/04\/DSC_8328.jpg\" rel=\"fancybox-thumb\"><img loading=\"lazy\" decoding=\"async\" class=\"fancybox-margin  alignnone wp-image-48909 \" src=\"https:\/\/unec.edu.az\/application\/uploads\/2016\/04\/DSC_8328-150x150.jpg\" alt=\"DSC_8328\" width=\"107\" height=\"107\" \/><\/a><a class=\"fancybox-thumb\" href=\"https:\/\/unec.edu.az\/application\/uploads\/2015\/05\/qqDSC_7458.jpg\" rel=\"fancybox-thumb\"><img loading=\"lazy\" decoding=\"async\" class=\"fancybox-margin  alignnone wp-image-28561 \" src=\"https:\/\/unec.edu.az\/application\/uploads\/2015\/05\/qqDSC_7458-150x150.jpg\" alt=\"qqDSC_7458\" width=\"109\" height=\"109\" \/><\/a><a class=\"fancybox-thumb\" href=\"https:\/\/unec.edu.az\/application\/uploads\/2017\/06\/DSC_2042.jpg\" rel=\"fancybox-thumb\"><img loading=\"lazy\" decoding=\"async\" class=\"fancybox-margin alignnone wp-image-100092 \" title=\"\u201cUNEC m\u0259zunlar\u0131 Az\u0259rbaycan iqtisadiyyat\u0131na misilsiz t\u00f6hf\u0259l\u0259r ver\u0259c\u0259k\u201d (30.06.2017)\" src=\"https:\/\/unec.edu.az\/application\/uploads\/2017\/06\/DSC_2042-150x150.jpg\" alt=\"DSC_2042\" width=\"111\" height=\"111\" \/><\/a><\/p>\n<p><span style=\"color: #000000;\"><em><a style=\"color: #000000;\" href=\"https:\/\/unec.edu.az\/en\/unec-den-mekteblilere-kitab-sevinci\/\">The book joy to the pupils from UNEC<\/a>\u00a0(02.04.2018)<br \/>\nUNEC will benefit from the IZU experience in the field of additional education (28.02.2018)<br \/>\n<\/em><em><a style=\"color: #000000;\" href=\"https:\/\/unec.edu.az\/en\/istanbul-sabahattin-zaim-universitetinin-professoru-unec-ekspert-jurnalinda-meqalelerle-cixis-etmekle-maraqliyiq\/\">The Turkish professor: \u201cWe are interested in presenting articles in the \u201cUNEC expert\u201d magazine\u201d<\/a>\u00a0(07.02.2018)<br \/>\n<\/em><em><a style=\"color: #000000;\" href=\"https:\/\/unec.edu.az\/en\/unec-de-qiyabi-tehsil-alan-telebelerle-gorus\/\">The meeting with the students getting the correspondence education at UNEC<\/a>\u00a0(10.01.2018)<br \/>\n<\/em><em><a style=\"color: #000000;\" href=\"https:\/\/unec.edu.az\/en\/unec-de-tehsil-imkanlari\/\">Education Opportunities at UNEC<\/a>\u00a0(11.07.2017)<br \/>\n<\/em><\/span><em><span style=\"color: #333333;\"><span style=\"color: #000000;\"><a style=\"color: #000000;\" href=\"https:\/\/unec.edu.az\/en\/merkez-direktoru-qebul-qaydalarindan-danisdi\/\">The Center Director spoke about the Admission rules<\/a>\u00a0(23.06.2017)<\/span><br \/>\n<\/span><\/em><span style=\"color: #000000;\"><em><a style=\"color: #000000;\" href=\"https:\/\/unec.edu.az\/en\/unec-in-qiyabi-tehsil-alan-telebelerinin-derse-davamiyyeti-yuksekdir\/\">UNEC\u2019s Part-time Students\u2019 Attendance became higher<\/a>\u00a0(25.01.2017)<br \/>\n<\/em><em><a style=\"color: #000000;\" href=\"https:\/\/unec.edu.az\/en\/unec-de-seir-musabiqesi-kecirilib\/\">The Poetry Contest held at UNEC<\/a>\u00a0(13.12.2016)<br \/>\n<\/em><em><a style=\"color: #000000;\" href=\"https:\/\/unec.edu.az\/en\/unec-telebeleri-menim-ucrengli-bayragim\/\">UNEC Students: My Tricolor Flag<\/a>\u00a0(08.11.2016)<br \/>\n<\/em><em><a style=\"color: #000000;\" href=\"https:\/\/unec.edu.az\/en\/unec-de-tekrar-ali-tehsil-almaq-isteyenlerin-sayi-artib\/\">The number of those who want to get Retraining Higher Education is increased<\/a>\u00a0(31.10.2016)<\/em><em><a style=\"color: #000000;\" href=\"https:\/\/unec.edu.az\/en\/distant-qiyabi-ve-elave-tehsil-merkezinde-ikinci-ali-tehsile-qebul-olmus-telebelerle-gorus-kecirilib\/\">Meeting with the Students enrolled to the Secondary Higher Education held at the Distance, Part- time and Secondary Education Center<\/a>\u00a0(21.10.2016)<br \/>\n<\/em><em><a style=\"color: #000000;\" href=\"https:\/\/unec.edu.az\/en\/unec-telebeleri-arasinda-esse-musabiqesi-kecirilib\/\">The Essay Contest held among the UNEC Students<\/a>\u00a0(18.10.2016)<br \/>\n<\/em><em><a style=\"color: #000000;\" href=\"https:\/\/unec.edu.az\/en\/distant-qiyabi-ve-elave-tehsil-merkezinin-qiyabi-tehsil-sobesinin-1-ve-2-ci-kurs-telebeleri-ile-gorus-kecirilib\/\">Meeting with the 1 and 2 year Part- time Undergraduate Students of the Distance, Part- time and Secondary Education Center<\/a>\u00a0(10.10.2016)<br \/>\n<\/em><em><a style=\"color: #000000;\" href=\"https:\/\/unec.edu.az\/en\/unec-de-merkeze-yeni-direktor-teyin-edilib\/\">The new Director has been appointed<\/a>\u00a0(21.04.2016)<br \/>\n<\/em><a style=\"color: #000000;\" href=\"https:\/\/unec.edu.az\/en\/e-muradov-unec-de-eyani-ve-qiyabi-tehsil-alan-ucun-eyni-serait-yaradilib\/\">A.Muradov: \u201cFull-time and Part- time Students were created the same conditions at UNEC\u201d<\/a>\u00a0<em>(21.10.2015)<\/em><\/span><\/p>\n<p><a class=\"fancybox-thumb\" href=\"https:\/\/unec.edu.az\/application\/uploads\/2017\/10\/DSC_73741.jpg\" rel=\"fancybox-thumb\"><img loading=\"lazy\" decoding=\"async\" class=\"fancybox-margin alignnone wp-image-107696 \" title=\"UNEC-in qiyabi t\u0259hsil alan t\u0259l\u0259b\u0259l\u0259ri \u00fc\u00e7\u00fcn ilk: TEC yarad\u0131l\u0131b (23.10.2017)\" src=\"https:\/\/unec.edu.az\/application\/uploads\/2017\/10\/DSC_73741-236x180.jpg\" alt=\"DSC_7374\" width=\"191\" height=\"146\" \/><\/a><a class=\"fancybox-thumb\" href=\"https:\/\/unec.edu.az\/application\/uploads\/2017\/10\/DSC_73791.jpg\" rel=\"fancybox-thumb\"><img loading=\"lazy\" decoding=\"async\" class=\"fancybox-margin alignnone wp-image-107698 \" title=\"UNEC-in qiyabi t\u0259hsil alan t\u0259l\u0259b\u0259l\u0259ri \u00fc\u00e7\u00fcn ilk: TEC yarad\u0131l\u0131b (23.10.2017)\" src=\"https:\/\/unec.edu.az\/application\/uploads\/2017\/10\/DSC_73791-236x180.jpg\" alt=\"DSC_7379\" width=\"192\" height=\"146\" \/><\/a><a class=\"fancybox-thumb\" href=\"https:\/\/unec.edu.az\/application\/uploads\/2017\/10\/DSC_73901.jpg\" rel=\"fancybox-thumb\"><img loading=\"lazy\" decoding=\"async\" class=\"fancybox-margin alignnone wp-image-107701 \" title=\"UNEC-in qiyabi t\u0259hsil alan t\u0259l\u0259b\u0259l\u0259ri \u00fc\u00e7\u00fcn ilk: TEC yarad\u0131l\u0131b (23.10.2017)\" src=\"https:\/\/unec.edu.az\/application\/uploads\/2017\/10\/DSC_73901-236x180.jpg\" alt=\"DSC_7390\" width=\"192\" height=\"147\" \/><\/a><a class=\"fancybox-thumb\" href=\"https:\/\/unec.edu.az\/application\/uploads\/2018\/02\/DSC_7661.jpg\" rel=\"fancybox-thumb\"><img loading=\"lazy\" decoding=\"async\" class=\"fancybox-margin alignnone wp-image-118249 \" src=\"https:\/\/unec.edu.az\/application\/uploads\/2018\/02\/DSC_7661-236x180.jpg\" alt=\"DSC_7661\" width=\"194\" height=\"148\" \/><\/a><a class=\"fancybox-thumb\" href=\"https:\/\/unec.edu.az\/application\/uploads\/2018\/02\/DSC_7670.jpg\" rel=\"fancybox-thumb\"><img loading=\"lazy\" decoding=\"async\" class=\"fancybox-margin alignnone wp-image-118250 \" src=\"https:\/\/unec.edu.az\/application\/uploads\/2018\/02\/DSC_7670-236x180.jpg\" alt=\"DSC_7670\" width=\"191\" height=\"146\" \/><\/a><\/p>\n","protected":false},"excerpt":{"rendered":"<p>Director: s\/t Tanriverdiyev Sabuhi Mileddin Telephone:+(994) 12\u00a0564-38-92 e-mail:sabuhi.tanriverdiyev@unec.edu.az Deputy Director: Can.of Econ., Assist.Prof. Veliyev Habib Mammad Telephone: +(994) 12\u00a0564-38-92 Deputy Director: Can.of Econ., Assist.Prof. Kerimova Tarana Isa Telephone: +(994) 12\u00a0564-38-92 Deputy Director: Can.of Econ.,Assist.Prof. Akbarov Rovshan Mammad\u00a0 Telephone: +(994) 12\u00a0564-38-92 UNEC Correspondence and Additional Education Center &#8211; brochure Secretary of UNEC Correspondence and Additional Education [&hellip;]<\/p>\n","protected":false},"author":10,"featured_media":0,"parent":103,"menu_order":0,"comment_status":"open","ping_status":"open","template":"page-templates\/3columncontent.php","meta":{"footnotes":""},"class_list":["post-7784","page","type-page","status-publish","hentry"],"_links":{"self":[{"href":"http:\/\/unec.edu.az\/en\/wp-json\/wp\/v2\/pages\/7784","targetHints":{"allow":["GET"]}}],"collection":[{"href":"http:\/\/unec.edu.az\/en\/wp-json\/wp\/v2\/pages"}],"about":[{"href":"http:\/\/unec.edu.az\/en\/wp-json\/wp\/v2\/types\/page"}],"author":[{"embeddable":true,"href":"http:\/\/unec.edu.az\/en\/wp-json\/wp\/v2\/users\/10"}],"replies":[{"embeddable":true,"href":"http:\/\/unec.edu.az\/en\/wp-json\/wp\/v2\/comments?post=7784"}],"version-history":[{"count":113,"href":"http:\/\/unec.edu.az\/en\/wp-json\/wp\/v2\/pages\/7784\/revisions"}],"predecessor-version":[{"id":454970,"href":"http:\/\/unec.edu.az\/en\/wp-json\/wp\/v2\/pages\/7784\/revisions\/454970"}],"up":[{"embeddable":true,"href":"http:\/\/unec.edu.az\/en\/wp-json\/wp\/v2\/pages\/103"}],"wp:attachment":[{"href":"http:\/\/unec.edu.az\/en\/wp-json\/wp\/v2\/media?parent=7784"}],"curies":[{"name":"wp","href":"https:\/\/api.w.org\/{rel}","templated":true}]}}