{"id":8058,"date":"2015-02-17T17:35:32","date_gmt":"2015-02-17T13:35:32","guid":{"rendered":"http:\/\/asue.edu.az\/karyera-merkezi-2\/"},"modified":"2026-03-16T15:24:26","modified_gmt":"2026-03-16T11:24:26","slug":"karyera-merkezi","status":"publish","type":"page","link":"http:\/\/unec.edu.az\/en\/karyera-merkezi\/","title":{"rendered":"CAREER CENTER"},"content":{"rendered":"<table style=\"height: 203px; width: 100.119%;\" width=\"329\">\n<tbody>\n<tr>\n<td style=\"width: 100%;\">\n<h4><span style=\"color: #993300;\"><a style=\"color: #993300;\" href=\"https:\/\/unec.edu.az\/en\/sevinc-mecid-namiq-qizi\/\">Director of the Career Center: Sevinj Majid Namig gizi<\/a><\/span><\/h4>\n<h4><span style=\"color: #333399; font-size: 12pt;\"><em>e-mail: sevinj_macid@unec.edu.az<strong>\u00a0<\/strong><br \/>\n<\/em><\/span><span style=\"color: #000000;\"><em style=\"font-family: inherit; font-size: inherit; font-weight: inherit;\">Telephone:\u00a0 +(994) 12 497-59-03 ; internal 1174; 1132<br \/>\n<\/em><\/span><\/h4>\n<\/td>\n<\/tr>\n<\/tbody>\n<\/table>\n<h4 id=\"tw-target-text\" class=\"tw-data-text tw-text-large tw-ta\" dir=\"ltr\" data-placeholder=\"\u041f\u0435\u0440\u0435\u0432\u043e\u0434\"><span class=\"Y2IQFc\" lang=\"en\"><br \/>\n<span style=\"color: #000080;\"><a style=\"color: #000080;\" href=\"https:\/\/unec.edu.az\/en\/karyera-merkezinin-tedbirleri-2015-2018\/\">Career Center events (2015 \u2013 2018)<\/a><\/span><\/span><\/h4>\n<p><a class=\"fancybox-thumb\" href=\"https:\/\/unec.edu.az\/application\/uploads\/2015\/02\/karyera.png\"><img decoding=\"async\" class=\"fancybox-margin alignnone wp-image-179035 size-thumbnail\" src=\"https:\/\/unec.edu.az\/application\/uploads\/2015\/02\/karyera-150x150.png\" alt=\"karyera\" width=\"150\" height=\"150\" \/><\/a><a class=\"fancybox-thumb\" href=\"https:\/\/unec.edu.az\/application\/uploads\/2015\/02\/karrre7ca0986df16.jpg\"><img decoding=\"async\" class=\"fancybox-margin alignnone wp-image-178940 size-thumbnail\" title=\"UNEC-d\u0259 Pa\u015fa Kapital \u0130nvestisiya \u015firk\u0259tinin t\u0259qdimat\u0131 ke\u00e7irilib (25.05.2022)\" src=\"https:\/\/unec.edu.az\/application\/uploads\/2015\/02\/karrre7ca0986df16-150x150.jpg\" alt=\"karrre7ca0986df16\" width=\"150\" height=\"150\" \/><\/a><a class=\"fancybox-thumb\" href=\"https:\/\/unec.edu.az\/application\/uploads\/2015\/02\/kar7b949ac8c0d5d.jpg\"><img decoding=\"async\" class=\"fancybox-margin alignnone wp-image-178939 size-thumbnail\" title=\"UNEC-d\u0259 Pa\u015fa Kapital \u0130nvestisiya \u015firk\u0259tinin t\u0259qdimat\u0131 ke\u00e7irilib (25.05.2022)\" src=\"https:\/\/unec.edu.az\/application\/uploads\/2015\/02\/kar7b949ac8c0d5d-150x150.jpg\" alt=\"kar7b949ac8c0d5d\" width=\"150\" height=\"150\" \/><\/a><a class=\"fancybox-thumb\" href=\"https:\/\/unec.edu.az\/application\/uploads\/2015\/02\/kar97315118c55ede952c.png\"><img loading=\"lazy\" decoding=\"async\" class=\"fancybox-margin alignnone wp-image-178941 size-thumbnail\" title=\"UNEC-d\u0259n n\u00f6vb\u0259ti yenilik: Virtual Karyera Yarmarkas\u0131 (28.06.2022)\" src=\"https:\/\/unec.edu.az\/application\/uploads\/2015\/02\/kar97315118c55ede952c-150x150.png\" alt=\"kar97315118c55ede952c\" width=\"150\" height=\"150\" \/><\/a><a class=\"fancybox-thumb\" href=\"https:\/\/unec.edu.az\/application\/uploads\/2015\/02\/kar63e9ef94.png\"><img loading=\"lazy\" decoding=\"async\" class=\"fancybox-margin alignnone wp-image-178942 size-thumbnail\" title=\"UNEC-d\u0259n n\u00f6vb\u0259ti yenilik: Virtual Karyera Yarmarkas\u0131 (28.06.2022)\" src=\"https:\/\/unec.edu.az\/application\/uploads\/2015\/02\/kar63e9ef94-150x150.png\" alt=\"kar63e9ef94\" width=\"150\" height=\"150\" \/><\/a><a class=\"fancybox-thumb\" href=\"https:\/\/unec.edu.az\/application\/uploads\/2015\/02\/kar88160d65ad7914f2.jpg\"><img loading=\"lazy\" decoding=\"async\" class=\"fancybox-margin alignnone wp-image-178944 size-thumbnail\" title=\"UNEC-d\u0259 \u201cBir ideyam var\u201d layih\u0259sinin t\u0259qdimat\u0131 ke\u00e7irilib (31.03.2022)\" src=\"https:\/\/unec.edu.az\/application\/uploads\/2015\/02\/kar88160d65ad7914f2-150x150.jpg\" alt=\"kar88160d65ad7914f2\" width=\"150\" height=\"150\" \/><\/a><\/p>\n","protected":false},"excerpt":{"rendered":"<p>Director of the Career Center: Sevinj Majid Namig gizi e-mail: sevinj_macid@unec.edu.az\u00a0 Telephone:\u00a0 +(994) 12 497-59-03 ; internal 1174; 1132 Career Center events (2015 \u2013 2018)<\/p>\n","protected":false},"author":10,"featured_media":0,"parent":0,"menu_order":7,"comment_status":"open","ping_status":"open","template":"page-templates\/3columncontent.php","meta":{"footnotes":""},"class_list":["post-8058","page","type-page","status-publish","hentry"],"_links":{"self":[{"href":"http:\/\/unec.edu.az\/en\/wp-json\/wp\/v2\/pages\/8058","targetHints":{"allow":["GET"]}}],"collection":[{"href":"http:\/\/unec.edu.az\/en\/wp-json\/wp\/v2\/pages"}],"about":[{"href":"http:\/\/unec.edu.az\/en\/wp-json\/wp\/v2\/types\/page"}],"author":[{"embeddable":true,"href":"http:\/\/unec.edu.az\/en\/wp-json\/wp\/v2\/users\/10"}],"replies":[{"embeddable":true,"href":"http:\/\/unec.edu.az\/en\/wp-json\/wp\/v2\/comments?post=8058"}],"version-history":[{"count":100,"href":"http:\/\/unec.edu.az\/en\/wp-json\/wp\/v2\/pages\/8058\/revisions"}],"predecessor-version":[{"id":482985,"href":"http:\/\/unec.edu.az\/en\/wp-json\/wp\/v2\/pages\/8058\/revisions\/482985"}],"wp:attachment":[{"href":"http:\/\/unec.edu.az\/en\/wp-json\/wp\/v2\/media?parent=8058"}],"curies":[{"name":"wp","href":"https:\/\/api.w.org\/{rel}","templated":true}]}}