{"id":8497,"date":"2015-02-06T09:03:23","date_gmt":"2015-02-06T05:03:23","guid":{"rendered":"http:\/\/asue.edu.az\/idareetme11\/departamentler\/beynelxalq-elaqeler-departamenti\/"},"modified":"2026-03-16T15:31:47","modified_gmt":"2026-03-16T11:31:47","slug":"international-relations-department","status":"publish","type":"page","link":"http:\/\/unec.edu.az\/en\/idareetme11\/departments-2\/international-relations-department\/","title":{"rendered":"INTERNATIONAL COOPERATION Department"},"content":{"rendered":"<table style=\"height: 78px; width: 51.1905%;\" width=\"649\">\n<tbody>\n<tr style=\"height: 78px;\">\n<td style=\"width: 100%; height: 78px;\">\n<h4 id=\"tw-target-text\" class=\"tw-data-text tw-text-large tw-ta\" dir=\"ltr\" data-placeholder=\"\u041f\u0435\u0440\u0435\u0432\u043e\u0434\"><span style=\"color: #800000;\"><span class=\"Y2IQFc\" lang=\"en\">\u00a0<\/span><\/span><span style=\"color: #000000;\"><em><span class=\"Y2IQFc\" lang=\"en\">Contact phone: +(994) 12 492-60-45<br \/><\/span><\/em><span style=\"color: #000080;\"><em>e-mail:\u00a0<\/em><\/span><\/span><\/h4>\n<\/td>\n<\/tr>\n<\/tbody>\n<\/table>\n<p><em><a class=\"fancybox-thumb\" href=\"https:\/\/unec.edu.az\/application\/uploads\/2015\/02\/beyyy42c856db5e052f26.jpg\"><img decoding=\"async\" class=\"fancybox-margin alignnone wp-image-178175 size-image236x180\" src=\"https:\/\/unec.edu.az\/application\/uploads\/2015\/02\/beyyy42c856db5e052f26-236x180.jpg\" alt=\"beyyy42c856db5e052f26\" width=\"236\" height=\"180\" \/><\/a><a class=\"fancybox-thumb\" href=\"http:\/\/unec.edu.az\/application\/uploads\/2024\/05\/beynal9ee46861118ec9df.jpeg\"><img decoding=\"async\" class=\"fancybox-margin alignnone wp-image-436089 size-image236x180\" src=\"http:\/\/unec.edu.az\/application\/uploads\/2024\/05\/beynal9ee46861118ec9df-236x180.jpeg\" alt=\"\" width=\"236\" height=\"180\" \/><\/a><a class=\"fancybox-thumb\" href=\"http:\/\/unec.edu.az\/application\/uploads\/2024\/05\/beynalc099faf45.jpeg\"><img decoding=\"async\" class=\"fancybox-margin alignnone wp-image-436093 size-image236x180\" src=\"http:\/\/unec.edu.az\/application\/uploads\/2024\/05\/beynalc099faf45-236x180.jpeg\" alt=\"\" width=\"236\" height=\"180\" \/><\/a><a class=\"fancybox-thumb\" href=\"http:\/\/unec.edu.az\/application\/uploads\/2024\/05\/beynald76d206c2dcdfe67c.jpg\"><img loading=\"lazy\" decoding=\"async\" class=\"fancybox-margin alignnone wp-image-436096 size-image236x180\" src=\"http:\/\/unec.edu.az\/application\/uploads\/2024\/05\/beynald76d206c2dcdfe67c-236x180.jpg\" alt=\"\" width=\"236\" height=\"180\" \/><\/a><\/em><\/p>\n<h4><em><span style=\"color: #000080;\"><a style=\"color: #000080;\" href=\"https:\/\/unec.edu.az\/rur-world-university-rankings\/\">RUR World University Rankings<\/a><\/span><\/em><\/h4>\n<h4 id=\"tw-target-text\" class=\"tw-data-text tw-text-large tw-ta\" dir=\"ltr\" data-placeholder=\"\u041f\u0435\u0440\u0435\u0432\u043e\u0434\" data-ved=\"2ahUKEwiP_t-IzfmJAxULbPEDHe0DIJQQ3ewLegQICxAW\" aria-label=\"\u041f\u0435\u0440\u0435\u0432\u0435\u0434\u0435\u043d\u043d\u044b\u0439 \u0442\u0435\u043a\u0441\u0442: News of the Department of International Cooperation (2015-2018)\"><span style=\"color: #000080;\"><a style=\"color: #000080;\" href=\"https:\/\/unec.edu.az\/en\/192062-2\/\"><em><span class=\"Y2IQFc\" lang=\"en\">News of the Department of International Cooperation (2015-2018)<\/span><\/em><\/a><\/span><\/h4>\n<h4><em><span style=\"color: #000080;\"><a style=\"color: #000080;\" href=\"http:\/\/unec.edu.az\/application\/uploads\/2024\/04\/UNEC-Climate-Action-Plan-2023.pdf\">UNEC Climate Action Plan 2023<\/a><\/span><\/em><\/h4>\n<h4><em><span style=\"color: #000080;\"><a style=\"color: #000080;\" href=\"http:\/\/unec.edu.az\/application\/uploads\/2024\/04\/UNEC-Climate-Action-Plan-2024_com.pdf\">UNEC Climate Action Plan \u2013 2024_com<\/a><\/span><\/em><span style=\"color: #333333;\"><em><span style=\"color: #333333;\"><a style=\"color: #333333;\" href=\"https:\/\/unec.edu.az\/en\/pan-avropa-universitetinin-professoru-unec-de\/\"><br \/><\/a><\/span><\/em><\/span><\/h4>\n<p><em><a class=\"fancybox-thumb\" href=\"https:\/\/unec.edu.az\/application\/uploads\/2015\/01\/DSC_2543.jpg\"><img loading=\"lazy\" decoding=\"async\" class=\"fancybox-margin alignnone wp-image-129934 \" src=\"https:\/\/unec.edu.az\/application\/uploads\/2015\/01\/DSC_2543-236x180.jpg\" alt=\"DSC_2543\" width=\"194\" height=\"148\" \/><\/a><a class=\"fancybox-thumb\" href=\"https:\/\/unec.edu.az\/application\/uploads\/2015\/01\/DSC_2535.jpg\"><img loading=\"lazy\" decoding=\"async\" class=\"fancybox-margin alignnone wp-image-129933 \" src=\"https:\/\/unec.edu.az\/application\/uploads\/2015\/01\/DSC_2535-236x180.jpg\" alt=\"DSC_2535\" width=\"194\" height=\"148\" \/><\/a><a class=\"fancybox-thumb\" href=\"https:\/\/unec.edu.az\/application\/uploads\/2015\/01\/DSC_2529.jpg\"><img loading=\"lazy\" decoding=\"async\" class=\"fancybox-margin alignnone wp-image-129932 \" src=\"https:\/\/unec.edu.az\/application\/uploads\/2015\/01\/DSC_2529-236x180.jpg\" alt=\"DSC_2529\" width=\"192\" height=\"147\" \/><\/a><a class=\"fancybox-thumb\" href=\"https:\/\/unec.edu.az\/application\/uploads\/2017\/11\/DSC_8131.jpg\"><img loading=\"lazy\" decoding=\"async\" class=\"fancybox-margin alignnone wp-image-110165 \" title=\"Pan Avropa Universitetinin professoru UNEC-d\u0259 (10.11.2017)\" src=\"https:\/\/unec.edu.az\/application\/uploads\/2017\/11\/DSC_8131-236x180.jpg\" alt=\"DSC_8131\" width=\"192\" height=\"147\" \/><\/a><a class=\"fancybox-thumb\" href=\"https:\/\/unec.edu.az\/application\/uploads\/2017\/11\/DSC_8147.jpg\"><img loading=\"lazy\" decoding=\"async\" class=\"fancybox-margin alignnone wp-image-110169 \" title=\"Pan Avropa Universitetinin professoru UNEC-d\u0259 (10.11.2017)\" src=\"https:\/\/unec.edu.az\/application\/uploads\/2017\/11\/DSC_8147-236x180.jpg\" alt=\"DSC_8147\" width=\"194\" height=\"148\" \/><\/a><br \/><\/em><\/p>\n<p><a class=\"fancybox-thumb\" href=\"https:\/\/unec.edu.az\/application\/uploads\/2017\/10\/DSC_7359.jpg\"><img loading=\"lazy\" decoding=\"async\" class=\"fancybox-margin alignnone wp-image-107555 size-thumbnail\" title=\"Pakistan \u0130slam Respublikas\u0131n\u0131n Az\u0259rbaycandak\u0131 s\u0259firi UNEC-d\u0259 (20.10.2017)\" src=\"https:\/\/unec.edu.az\/application\/uploads\/2017\/10\/DSC_7359-150x150.jpg\" alt=\"DSC_7359\" width=\"150\" height=\"150\" \/><\/a><a class=\"fancybox-thumb\" href=\"https:\/\/unec.edu.az\/application\/uploads\/2015\/02\/DSC_6637-001.jpg\"><img loading=\"lazy\" decoding=\"async\" class=\"fancybox-margin alignnone wp-image-53881 size-thumbnail\" src=\"https:\/\/unec.edu.az\/application\/uploads\/2015\/02\/DSC_6637-001-150x150.jpg\" alt=\"DSC_6637-001\" width=\"150\" height=\"150\" \/><\/a>\u00a0<a class=\"fancybox-thumb\" href=\"https:\/\/unec.edu.az\/application\/uploads\/2015\/02\/DSC_6650-001.jpg\"><img loading=\"lazy\" decoding=\"async\" class=\"fancybox-margin alignnone wp-image-53882 size-thumbnail\" src=\"https:\/\/unec.edu.az\/application\/uploads\/2015\/02\/DSC_6650-001-150x150.jpg\" alt=\"DSC_6650-001\" width=\"150\" height=\"150\" \/><\/a>\u00a0\u00a0<a class=\"fancybox-thumb\" href=\"https:\/\/unec.edu.az\/application\/uploads\/2015\/02\/DSC_6733-001.jpg\"><img loading=\"lazy\" decoding=\"async\" class=\"fancybox-margin alignnone wp-image-53884 size-thumbnail\" src=\"https:\/\/unec.edu.az\/application\/uploads\/2015\/02\/DSC_6733-001-150x150.jpg\" alt=\"DSC_6733-001\" width=\"150\" height=\"150\" \/><\/a>\u00a0<a class=\"fancybox-thumb\" href=\"https:\/\/unec.edu.az\/application\/uploads\/2015\/02\/DSC_6734-001.jpg\"><img loading=\"lazy\" decoding=\"async\" class=\"fancybox-margin alignnone wp-image-53885 size-thumbnail\" src=\"https:\/\/unec.edu.az\/application\/uploads\/2015\/02\/DSC_6734-001-150x150.jpg\" alt=\"DSC_6734-001\" width=\"150\" height=\"150\" \/><\/a>\u00a0<a class=\"fancybox-thumb\" href=\"https:\/\/unec.edu.az\/application\/uploads\/2015\/02\/DSC_7187-001.jpg\"><img loading=\"lazy\" decoding=\"async\" class=\"fancybox-margin alignnone wp-image-53886 size-thumbnail\" src=\"https:\/\/unec.edu.az\/application\/uploads\/2015\/02\/DSC_7187-001-150x150.jpg\" alt=\"DSC_7187-001\" width=\"150\" height=\"150\" \/><\/a><\/p>\n<p><a class=\"fancybox-thumb\" href=\"https:\/\/unec.edu.az\/application\/uploads\/2015\/01\/DSC_2504.jpg\"><img loading=\"lazy\" decoding=\"async\" class=\"fancybox-margin alignnone wp-image-129927 size-thumbnail\" src=\"https:\/\/unec.edu.az\/application\/uploads\/2015\/01\/DSC_2504-150x150.jpg\" alt=\"DSC_2504\" width=\"150\" height=\"150\" \/><\/a><a class=\"fancybox-thumb\" href=\"https:\/\/unec.edu.az\/application\/uploads\/2016\/03\/DSC_5741.jpg\"><img loading=\"lazy\" decoding=\"async\" class=\"fancybox-margin alignnone wp-image-44158 size-thumbnail\" src=\"https:\/\/unec.edu.az\/application\/uploads\/2016\/03\/DSC_5741-150x150.jpg\" alt=\"DSC_5741\" width=\"150\" height=\"150\" \/><\/a><a class=\"fancybox-thumb\" href=\"https:\/\/unec.edu.az\/application\/uploads\/2015\/02\/beyDSC_8242.jpg\"><img loading=\"lazy\" decoding=\"async\" class=\"fancybox-margin alignnone wp-image-53888 size-thumbnail\" src=\"https:\/\/unec.edu.az\/application\/uploads\/2015\/02\/beyDSC_8242-150x150.jpg\" alt=\"beyDSC_8242\" width=\"150\" height=\"150\" \/><\/a><a class=\"fancybox-thumb\" href=\"https:\/\/unec.edu.az\/application\/uploads\/2015\/02\/beyiiii1.jpg\"><img loading=\"lazy\" decoding=\"async\" class=\"fancybox-margin alignnone wp-image-53889 size-thumbnail\" src=\"https:\/\/unec.edu.az\/application\/uploads\/2015\/02\/beyiiii1-150x150.jpg\" alt=\"beyiiii1\" width=\"150\" height=\"150\" \/><\/a><a class=\"fancybox-thumb\" href=\"https:\/\/unec.edu.az\/application\/uploads\/2015\/02\/DSC_7397-001.jpg\"><img loading=\"lazy\" decoding=\"async\" class=\"fancybox-margin alignnone wp-image-53890 size-thumbnail\" src=\"https:\/\/unec.edu.az\/application\/uploads\/2015\/02\/DSC_7397-001-150x150.jpg\" alt=\"DSC_7397-001\" width=\"150\" height=\"150\" \/><\/a><a class=\"fancybox-thumb\" href=\"https:\/\/unec.edu.az\/application\/uploads\/2015\/02\/DSC_7540-001.jpg\"><img loading=\"lazy\" decoding=\"async\" class=\"fancybox-margin alignnone wp-image-53891 size-thumbnail\" src=\"https:\/\/unec.edu.az\/application\/uploads\/2015\/02\/DSC_7540-001-150x150.jpg\" alt=\"DSC_7540-001\" width=\"150\" height=\"150\" \/><\/a><\/p>\n\n","protected":false},"excerpt":{"rendered":"<p>\u00a0Contact phone: +(994) 12 492-60-45e-mail:\u00a0 RUR World University Rankings News of the Department of International Cooperation (2015-2018) UNEC Climate Action Plan 2023 UNEC Climate Action Plan \u2013 2024_com \u00a0\u00a0\u00a0\u00a0\u00a0<\/p>\n","protected":false},"author":6,"featured_media":0,"parent":7698,"menu_order":2,"comment_status":"open","ping_status":"open","template":"page-templates\/3columncontent.php","meta":{"footnotes":""},"class_list":["post-8497","page","type-page","status-publish","hentry"],"_links":{"self":[{"href":"http:\/\/unec.edu.az\/en\/wp-json\/wp\/v2\/pages\/8497","targetHints":{"allow":["GET"]}}],"collection":[{"href":"http:\/\/unec.edu.az\/en\/wp-json\/wp\/v2\/pages"}],"about":[{"href":"http:\/\/unec.edu.az\/en\/wp-json\/wp\/v2\/types\/page"}],"author":[{"embeddable":true,"href":"http:\/\/unec.edu.az\/en\/wp-json\/wp\/v2\/users\/6"}],"replies":[{"embeddable":true,"href":"http:\/\/unec.edu.az\/en\/wp-json\/wp\/v2\/comments?post=8497"}],"version-history":[{"count":84,"href":"http:\/\/unec.edu.az\/en\/wp-json\/wp\/v2\/pages\/8497\/revisions"}],"predecessor-version":[{"id":464935,"href":"http:\/\/unec.edu.az\/en\/wp-json\/wp\/v2\/pages\/8497\/revisions\/464935"}],"up":[{"embeddable":true,"href":"http:\/\/unec.edu.az\/en\/wp-json\/wp\/v2\/pages\/7698"}],"wp:attachment":[{"href":"http:\/\/unec.edu.az\/en\/wp-json\/wp\/v2\/media?parent=8497"}],"curies":[{"name":"wp","href":"https:\/\/api.w.org\/{rel}","templated":true}]}}