{"id":8839,"date":"2015-02-12T15:55:50","date_gmt":"2015-02-12T11:55:50","guid":{"rendered":"http:\/\/asue.edu.az\/education\/bachelor\/ingilis-dilinde-tedris-merkezi\/"},"modified":"2025-09-17T10:47:50","modified_gmt":"2025-09-17T06:47:50","slug":"international-school-of-economics","status":"publish","type":"page","link":"http:\/\/unec.edu.az\/en\/education\/faculties\/international-school-of-economics\/","title":{"rendered":"INTERNATIONAL SCHOOL OF ECONOMICS (ISE)"},"content":{"rendered":"<h4><a href=\"http:\/\/unec.edu.az\/application\/uploads\/2024\/12\/ISEing.jpg\"><img fetchpriority=\"high\" decoding=\"async\" class=\"wp-image-454915 aligncenter\" src=\"http:\/\/unec.edu.az\/application\/uploads\/2024\/12\/ISEing-300x114.jpg\" alt=\"\" width=\"850\" height=\"323\" srcset=\"http:\/\/unec.edu.az\/application\/uploads\/2024\/12\/ISEing-300x114.jpg 300w, http:\/\/unec.edu.az\/application\/uploads\/2024\/12\/ISEing-768x291.jpg 768w, http:\/\/unec.edu.az\/application\/uploads\/2024\/12\/ISEing.jpg 1274w\" sizes=\"(max-width: 850px) 100vw, 850px\" \/><\/a><\/h4>\n<table style=\"height: 10px; width: 100%;\" width=\"685\">\n<tbody>\n<tr style=\"height: 56px;\">\n<td style=\"width: 45.1191%; height: 10px;\">\n<h4 class=\"tw-data-text tw-text-large tw-ta\" dir=\"ltr\" data-placeholder=\"\u041f\u0435\u0440\u0435\u0432\u043e\u0434\" data-ved=\"2ahUKEwjC6cnZ_t6DAxXBQfEDHalsAfwQ3ewLegQIBRAQ\"><span style=\"color: #800000;\"><a style=\"color: #800000;\" href=\"https:\/\/unec.edu.az\/en\/rzayeva-inare-rza\/\"><span class=\"Y2IQFc\" lang=\"en\">Director:<br \/>\n<\/span>PhD in Economy Rzayeva Inara Rza<\/a><\/span><\/h4>\n<h4 id=\"tw-target-text\" class=\"tw-data-text tw-text-large tw-ta\" dir=\"ltr\" data-placeholder=\"\u041f\u0435\u0440\u0435\u0432\u043e\u0434\" data-ved=\"2ahUKEwi17tDW8-KKAxXHQ_EDHf8MCT4Q3ewLegQICRAU\" aria-label=\"\u041f\u0435\u0440\u0435\u0432\u0435\u0434\u0435\u043d\u043d\u044b\u0439 \u0442\u0435\u043a\u0441\u0442: Address: Baku, Istiglaliyet Street 6 (I building)\"><span style=\"color: #000000;\"><em><span class=\"Y2IQFc\" lang=\"en\">Address: Baku, Istiglaliyet Street 6 (I building)<\/span><\/em><\/span><\/h4>\n<h4><span style=\"color: #000000;\"><em><span style=\"font-size: 12pt;\">Telephone<\/span><\/em><em><span style=\"font-size: 12pt;\">:<\/span><\/em><em>+<\/em><em>(994) 12 437-10-83<br \/>\n<\/em><em>+(994) 12 492-59-03\u00a0 \u00a0(11-57)<\/em><\/span><\/h4>\n<h4><span style=\"color: #000000;\"><em>e-mail: inara_rzayeva@unec.edu.az<\/em><\/span><\/h4>\n<\/td>\n<td style=\"width: 31.1309%;\">\n<h4 id=\"tw-target-text\" class=\"tw-data-text tw-text-large tw-ta\" dir=\"ltr\" tabindex=\"-1\" role=\"text\" data-placeholder=\"\u041f\u0435\u0440\u0435\u0432\u043e\u0434\" data-ved=\"2ahUKEwjj692EkN-PAxVnRPEDHQLYAHMQ3ewLegQICxAV\" aria-label=\"\u041f\u0435\u0440\u0435\u0432\u0435\u0434\u0435\u043d\u043d\u044b\u0439 \u0442\u0435\u043a\u0441\u0442: Deputy Director:\nAysel Guliyeva Agil gizi\"><span style=\"color: #800000;\"><a style=\"color: #800000;\" href=\"https:\/\/unec.edu.az\/en\/quliyeva-aysel-aqil\/\"><span class=\"Y2IQFc\" lang=\"en\">Deputy Director: Aysel Guliyeva Agil <\/span><\/a><\/span><\/h4>\n<h4 id=\"tw-target-text\" class=\"tw-data-text tw-text-large tw-ta\" dir=\"ltr\" data-placeholder=\"\u041f\u0435\u0440\u0435\u0432\u043e\u0434\" data-ved=\"2ahUKEwi17tDW8-KKAxXHQ_EDHf8MCT4Q3ewLegQICRAU\" aria-label=\"\u041f\u0435\u0440\u0435\u0432\u0435\u0434\u0435\u043d\u043d\u044b\u0439 \u0442\u0435\u043a\u0441\u0442: Address: Baku, Istiglaliyet Street 6 (I building)\"><span style=\"color: #000000;\"><em><span class=\"Y2IQFc\" lang=\"en\">Address: Baku, Istiglaliyet Street 6 (I building)<\/span><\/em><\/span><\/h4>\n<h4><span style=\"color: #000000;\"><em><span style=\"font-size: 12pt;\">Telephone<\/span><\/em><em><span style=\"font-size: 12pt;\">:<\/span><\/em><em>+<\/em><em>(994) 12 437-10-83<br \/>\n<\/em><em>+(994) 12 492-59-03\u00a0 \u00a0(11-57)<\/em><\/span><\/h4>\n<h4><span style=\"color: #000000;\"><em>e-mail: <\/em><em>aguliyeva@unec.edu.az<\/em><\/span><\/h4>\n<\/td>\n<td style=\"width: 23.0357%; height: 10px;\">\n<h4 id=\"tw-target-text\" class=\"tw-data-text tw-text-large tw-ta\" dir=\"ltr\" tabindex=\"-1\" role=\"text\" data-placeholder=\"\u041f\u0435\u0440\u0435\u0432\u043e\u0434\" data-ved=\"2ahUKEwjj692EkN-PAxVnRPEDHQLYAHMQ3ewLegQICxAV\" aria-label=\"\u041f\u0435\u0440\u0435\u0432\u0435\u0434\u0435\u043d\u043d\u044b\u0439 \u0442\u0435\u043a\u0441\u0442: Secretary: \nKhuraman Amiraslanova\"><span class=\"Y2IQFc\" lang=\"en\" style=\"color: #800000;\">Secretary: Khuraman Amiraslanova<\/span><\/h4>\n<h4><span style=\"color: #000000;\"><em><span style=\"font-size: 12pt;\">Telephone:<\/span>+(994) 12 492-60-91<br \/>\n<\/em><em>\u00a0 \u00a0 \u00a0 \u00a0+(994) 12 492-59-03 (11-54)<\/em><\/span><\/h4>\n<h4><span style=\"color: #000000;\"><em>e-mail:<br \/>\n<a style=\"color: #000000;\" href=\"https:\/\/e.mail.ru\/compose\/?mailto=mailto%3akhuraman.amiraslanova@unec.edu.az\">khuraman.amiraslanova@unec.edu.az<\/a><\/em><\/span><\/h4>\n<\/td>\n<\/tr>\n<\/tbody>\n<\/table>\n<p><a href=\"https:\/\/unec.edu.az\/application\/uploads\/2015\/02\/ISE-Promo-1.jpg\"><img decoding=\"async\" class=\"alignnone wp-image-154962 \" src=\"https:\/\/unec.edu.az\/application\/uploads\/2015\/02\/ISE-Promo-1-232x300.jpg\" alt=\"ISE Promo -1\" width=\"291\" height=\"375\" \/><\/a>\u00a0<a href=\"https:\/\/unec.edu.az\/application\/uploads\/2015\/02\/ise55.jpg\"><img decoding=\"async\" class=\"alignnone  wp-image-166540\" src=\"https:\/\/unec.edu.az\/application\/uploads\/2015\/02\/ise55-257x300.jpg\" alt=\"ise55\" width=\"294\" height=\"343\" srcset=\"http:\/\/unec.edu.az\/application\/uploads\/2015\/02\/ise55-257x300.jpg 257w, http:\/\/unec.edu.az\/application\/uploads\/2015\/02\/ise55.jpg 404w\" sizes=\"(max-width: 294px) 100vw, 294px\" \/><\/a> <a href=\"https:\/\/unec.edu.az\/application\/uploads\/2015\/02\/ISE-Promo-4.jpg\"><img loading=\"lazy\" decoding=\"async\" class=\"alignnone  wp-image-154965\" src=\"https:\/\/unec.edu.az\/application\/uploads\/2015\/02\/ISE-Promo-4-232x300.jpg\" alt=\"ISE Promo-4\" width=\"290\" height=\"375\" srcset=\"http:\/\/unec.edu.az\/application\/uploads\/2015\/02\/ISE-Promo-4-232x300.jpg 232w, http:\/\/unec.edu.az\/application\/uploads\/2015\/02\/ISE-Promo-4-791x1024.jpg 791w, http:\/\/unec.edu.az\/application\/uploads\/2015\/02\/ISE-Promo-4.jpg 1700w\" sizes=\"(max-width: 290px) 100vw, 290px\" \/><\/a><\/p>\n<p><em><strong>Dear International Students<\/strong><\/em>,<\/p>\n<p>We look forward to welcoming you to the International School of Economics (UNEC)!<\/p>\n<p>Please see further information about\u00a0<strong>Online Registration and Application Forms on<\/strong>\u00a0<strong>https:\/\/unec.edu.az\/en\/admission\/international-students\/<\/strong><\/p>\n<p><a class=\"fancybox-thumb\" href=\"https:\/\/unec.edu.az\/application\/uploads\/2015\/02\/ACCREDITED-PROGRAMME.png\"><img loading=\"lazy\" decoding=\"async\" class=\"fancybox-margin alignnone wp-image-128333 size-thumbnail\" title=\"Beyn\u0259lxalq \u0130qtisadiyyat M\u0259kt\u0259bi ACCA akkreditasiyas\u0131n\u0131 qazand\u0131\" src=\"https:\/\/unec.edu.az\/application\/uploads\/2015\/02\/ACCREDITED-PROGRAMME-150x150.png\" sizes=\"(max-width: 150px) 100vw, 150px\" srcset=\"https:\/\/unec.edu.az\/application\/uploads\/2015\/02\/ACCREDITED-PROGRAMME-150x150.png 150w, https:\/\/unec.edu.az\/application\/uploads\/2015\/02\/ACCREDITED-PROGRAMME.png 207w\" alt=\"ACCREDITED-PROGRAMME\" width=\"150\" height=\"150\" \/><\/a><a class=\"fancybox-thumb\" href=\"https:\/\/unec.edu.az\/application\/uploads\/2015\/02\/0001.jpg\"><img loading=\"lazy\" decoding=\"async\" class=\"fancybox-margin alignnone wp-image-142271 size-thumbnail\" src=\"https:\/\/unec.edu.az\/application\/uploads\/2015\/02\/0001-150x150.jpg\" alt=\"0001\" width=\"150\" height=\"150\" \/><\/a><a class=\"fancybox-thumb\" href=\"https:\/\/unec.edu.az\/application\/uploads\/2017\/09\/DSC_4644.jpg\"><img loading=\"lazy\" decoding=\"async\" class=\"fancybox-margin alignnone wp-image-104153 size-thumbnail\" title=\"UNEC-in h\u0259d\u0259fi savadl\u0131 abituriyentl\u0259rdir (19.09.2017)\" src=\"https:\/\/unec.edu.az\/application\/uploads\/2017\/09\/DSC_4644-150x150.jpg\" alt=\"DSC_4644\" width=\"150\" height=\"150\" \/><\/a><a class=\"fancybox-thumb\" href=\"http:\/\/unec.edu.az\/application\/uploads\/2024\/09\/mmmmm-09-30-at-16.19.53.jpeg\"><img loading=\"lazy\" decoding=\"async\" class=\"fancybox-margin alignnone wp-image-444623 size-thumbnail\" src=\"http:\/\/unec.edu.az\/application\/uploads\/2024\/09\/mmmmm-09-30-at-16.19.53-150x150.jpeg\" alt=\"\" width=\"150\" height=\"150\" \/><\/a><a class=\"fancybox-thumb\" href=\"http:\/\/unec.edu.az\/application\/uploads\/2024\/09\/WhatsApp-Image-2024-09-30-at-17.18.03-1-1.jpeg\"><img loading=\"lazy\" decoding=\"async\" class=\"fancybox-margin alignnone wp-image-444615 size-thumbnail\" src=\"http:\/\/unec.edu.az\/application\/uploads\/2024\/09\/WhatsApp-Image-2024-09-30-at-17.18.03-1-1-150x150.jpeg\" alt=\"\" width=\"150\" height=\"150\" \/><\/a><a class=\"fancybox-thumb\" href=\"http:\/\/unec.edu.az\/application\/uploads\/2024\/09\/WhatsApp-Image-2024-09-30-at-17.18.03-2.jpeg\"><img loading=\"lazy\" decoding=\"async\" class=\"fancybox-margin alignnone wp-image-444618 size-thumbnail\" src=\"http:\/\/unec.edu.az\/application\/uploads\/2024\/09\/WhatsApp-Image-2024-09-30-at-17.18.03-2-150x150.jpeg\" alt=\"\" width=\"150\" height=\"150\" \/><\/a><\/p>\n<h4 id=\"tw-target-text\" class=\"tw-data-text tw-text-large tw-ta\" dir=\"ltr\" data-placeholder=\"\u041f\u0435\u0440\u0435\u0432\u043e\u0434\" data-ved=\"2ahUKEwiG6IXCtOyIAxV62gIHHe0bLU4Q3ewLegQICBAU\" aria-label=\"\u041f\u0435\u0440\u0435\u0432\u0435\u0434\u0435\u043d\u043d\u044b\u0439 \u0442\u0435\u043a\u0441\u0442: News of the International School of Economics in UNEC NEWS\"><em><span class=\"Y2IQFc\" lang=\"en\">News of the International School of Economics in UNEC NEWS<\/span><\/em><\/h4>\n<h4 class=\"tw-data-text tw-text-large tw-ta\" dir=\"ltr\" data-placeholder=\"\u041f\u0435\u0440\u0435\u0432\u043e\u0434\" data-ved=\"2ahUKEwiG6IXCtOyIAxV62gIHHe0bLU4Q3ewLegQICBAU\" aria-label=\"\u041f\u0435\u0440\u0435\u0432\u0435\u0434\u0435\u043d\u043d\u044b\u0439 \u0442\u0435\u043a\u0441\u0442: News of the International School of Economics in UNEC NEWS\"><a class=\"fancybox-thumb\" href=\"http:\/\/unec.edu.az\/application\/uploads\/2024\/09\/WhatsApp-Image-2024-09-30-at-16.00.05.jpeg\"><img loading=\"lazy\" decoding=\"async\" class=\"alignnone wp-image-444534 size-thumbnail\" src=\"http:\/\/unec.edu.az\/application\/uploads\/2024\/09\/WhatsApp-Image-2024-09-30-at-16.00.05-150x150.jpeg\" alt=\"\" width=\"150\" height=\"150\" \/><\/a><a class=\"fancybox-thumb\" href=\"http:\/\/unec.edu.az\/application\/uploads\/2024\/09\/WhatsApp-Image-2024-09-30-at-16.02.32.jpeg\"><img loading=\"lazy\" decoding=\"async\" class=\"alignnone wp-image-444537 size-thumbnail\" src=\"http:\/\/unec.edu.az\/application\/uploads\/2024\/09\/WhatsApp-Image-2024-09-30-at-16.02.32-150x150.jpeg\" alt=\"\" width=\"150\" height=\"150\" \/><\/a><a class=\"fancybox-thumb\" href=\"http:\/\/unec.edu.az\/application\/uploads\/2024\/09\/WhatsApp-Image-2024-09-30-at-16.01.20.jpeg\"><img loading=\"lazy\" decoding=\"async\" class=\"alignnone wp-image-444540 size-thumbnail\" src=\"http:\/\/unec.edu.az\/application\/uploads\/2024\/09\/WhatsApp-Image-2024-09-30-at-16.01.20-150x150.jpeg\" alt=\"\" width=\"150\" height=\"150\" \/><\/a><a class=\"fancybox-thumb\" href=\"http:\/\/unec.edu.az\/application\/uploads\/2024\/09\/WhatsApp-Image-2024-09-30-at-16.04.04.jpeg\"><img loading=\"lazy\" decoding=\"async\" class=\"alignnone wp-image-444545 size-thumbnail\" src=\"http:\/\/unec.edu.az\/application\/uploads\/2024\/09\/WhatsApp-Image-2024-09-30-at-16.04.04-150x150.jpeg\" alt=\"\" width=\"150\" height=\"150\" \/><\/a><a class=\"fancybox-thumb\" href=\"http:\/\/unec.edu.az\/application\/uploads\/2024\/09\/WhatsApp-Image-2024-09-30-at-16.19.54-1.jpeg\"><img loading=\"lazy\" decoding=\"async\" class=\"alignnone wp-image-444552 size-thumbnail\" src=\"http:\/\/unec.edu.az\/application\/uploads\/2024\/09\/WhatsApp-Image-2024-09-30-at-16.19.54-1-150x150.jpeg\" alt=\"\" width=\"150\" height=\"150\" \/><\/a><a class=\"fancybox-thumb\" href=\"http:\/\/unec.edu.az\/application\/uploads\/2024\/09\/WhatsApp-Image-2024-09-30-at-16.19.54.jpeg\"><img loading=\"lazy\" decoding=\"async\" class=\"alignnone wp-image-444555 size-thumbnail\" src=\"http:\/\/unec.edu.az\/application\/uploads\/2024\/09\/WhatsApp-Image-2024-09-30-at-16.19.54-150x150.jpeg\" alt=\"\" width=\"150\" height=\"150\" \/><\/a><a class=\"fancybox-thumb\" href=\"http:\/\/unec.edu.az\/application\/uploads\/2024\/09\/WhatsApp-Image-2024-09-30-at-16.03.38.jpeg\"><img loading=\"lazy\" decoding=\"async\" class=\"alignnone wp-image-444548\" src=\"http:\/\/unec.edu.az\/application\/uploads\/2024\/09\/WhatsApp-Image-2024-09-30-at-16.03.38-150x150.jpeg\" alt=\"\" width=\"113\" height=\"113\" \/><\/a><a class=\"fancybox-thumb\" href=\"https:\/\/unec.edu.az\/application\/uploads\/2016\/09\/DSC_6306.jpg\"><img loading=\"lazy\" decoding=\"async\" class=\"alignnone wp-image-64272\" src=\"https:\/\/unec.edu.az\/application\/uploads\/2016\/09\/DSC_6306-150x150.jpg\" alt=\"DSC_6306\" width=\"111\" height=\"111\" \/><\/a><a class=\"fancybox-thumb\" href=\"https:\/\/unec.edu.az\/application\/uploads\/2016\/09\/DSC_6398.jpg\"><img loading=\"lazy\" decoding=\"async\" class=\"alignnone wp-image-64284\" src=\"https:\/\/unec.edu.az\/application\/uploads\/2016\/09\/DSC_6398-150x150.jpg\" alt=\"DSC_6398\" width=\"117\" height=\"117\" \/><\/a><a class=\"fancybox-thumb\" href=\"http:\/\/unec.edu.az\/application\/uploads\/2024\/09\/WhatsApp-Image-2024-09-30-at-17.18.03-1.jpeg\"><img loading=\"lazy\" decoding=\"async\" class=\"alignnone wp-image-444605\" src=\"http:\/\/unec.edu.az\/application\/uploads\/2024\/09\/WhatsApp-Image-2024-09-30-at-17.18.03-1-150x150.jpeg\" alt=\"\" width=\"117\" height=\"117\" \/><\/a><a class=\"fancybox-thumb\" href=\"http:\/\/unec.edu.az\/application\/uploads\/2024\/09\/WhatsApp-Image-2024-09-30-at-17.18.03.jpeg\"><img loading=\"lazy\" decoding=\"async\" class=\"alignnone wp-image-444608\" src=\"http:\/\/unec.edu.az\/application\/uploads\/2024\/09\/WhatsApp-Image-2024-09-30-at-17.18.03-150x150.jpeg\" alt=\"\" width=\"116\" height=\"116\" \/><\/a><a class=\"fancybox-thumb\" href=\"https:\/\/unec.edu.az\/application\/uploads\/2017\/04\/ICD-Direktor.jpg\"><img loading=\"lazy\" decoding=\"async\" class=\"alignnone wp-image-91853\" title=\"Parisd\u0259 UNEC Beyn\u0259lxalq \u0130qtisadiyyat M\u0259kt\u0259bi il\u0259 \u0130CD Biznes M\u0259kt\u0259bi aras\u0131nda ikili diploma dair raz\u0131l\u0131q \u0259ld\u0259 edilib (24.04.2017)\" src=\"https:\/\/unec.edu.az\/application\/uploads\/2017\/04\/ICD-Direktor-150x150.jpg\" alt=\"ICD Direktor\" width=\"118\" height=\"118\" \/><\/a><a class=\"fancybox-thumb\" href=\"https:\/\/unec.edu.az\/application\/uploads\/2017\/04\/DSC_3175.jpg\"><img loading=\"lazy\" decoding=\"async\" class=\"alignnone wp-image-90154\" title=\"M\u0259zunlar UNEC-d\u0259 (10.04.2017)\" src=\"https:\/\/unec.edu.az\/application\/uploads\/2017\/04\/DSC_3175-150x150.jpg\" alt=\"DSC_3175\" width=\"121\" height=\"121\" \/><\/a><\/h4>\n<h4><span style=\"color: #000080;\"><a style=\"color: #000080;\" href=\"https:\/\/unec.edu.az\/en\/news-of-the-international-school-of-economics-2015-2018\/\"><em>News of the International School of Economics (2015 \u2013 2018)<\/em><\/a><\/span><\/h4>\n","protected":false},"excerpt":{"rendered":"<p>Director: PhD in Economy Rzayeva Inara Rza Address: Baku, Istiglaliyet Street 6 (I building) Telephone:+(994) 12 437-10-83 +(994) 12 492-59-03\u00a0 \u00a0(11-57) e-mail: inara_rzayeva@unec.edu.az Deputy Director: Aysel Guliyeva Agil Address: Baku, Istiglaliyet Street 6 (I building) Telephone:+(994) 12 437-10-83 +(994) 12 492-59-03\u00a0 \u00a0(11-57) e-mail: aguliyeva@unec.edu.az Secretary: Khuraman Amiraslanova Telephone:+(994) 12 492-60-91 \u00a0 \u00a0 \u00a0 \u00a0+(994) 12 [&hellip;]<\/p>\n","protected":false},"author":10,"featured_media":0,"parent":108,"menu_order":2,"comment_status":"open","ping_status":"closed","template":"page-templates\/3columncontent.php","meta":{"footnotes":""},"class_list":["post-8839","page","type-page","status-publish","hentry"],"_links":{"self":[{"href":"http:\/\/unec.edu.az\/en\/wp-json\/wp\/v2\/pages\/8839","targetHints":{"allow":["GET"]}}],"collection":[{"href":"http:\/\/unec.edu.az\/en\/wp-json\/wp\/v2\/pages"}],"about":[{"href":"http:\/\/unec.edu.az\/en\/wp-json\/wp\/v2\/types\/page"}],"author":[{"embeddable":true,"href":"http:\/\/unec.edu.az\/en\/wp-json\/wp\/v2\/users\/10"}],"replies":[{"embeddable":true,"href":"http:\/\/unec.edu.az\/en\/wp-json\/wp\/v2\/comments?post=8839"}],"version-history":[{"count":137,"href":"http:\/\/unec.edu.az\/en\/wp-json\/wp\/v2\/pages\/8839\/revisions"}],"predecessor-version":[{"id":473185,"href":"http:\/\/unec.edu.az\/en\/wp-json\/wp\/v2\/pages\/8839\/revisions\/473185"}],"up":[{"embeddable":true,"href":"http:\/\/unec.edu.az\/en\/wp-json\/wp\/v2\/pages\/108"}],"wp:attachment":[{"href":"http:\/\/unec.edu.az\/en\/wp-json\/wp\/v2\/media?parent=8839"}],"curies":[{"name":"wp","href":"https:\/\/api.w.org\/{rel}","templated":true}]}}