{"id":8967,"date":"2015-02-15T23:58:33","date_gmt":"2015-02-15T19:58:33","guid":{"rendered":"http:\/\/asue.edu.az\/research\/kafedralar\/qida-mehsullari-texnologiyasi\/"},"modified":"2021-01-09T22:08:40","modified_gmt":"2021-01-09T18:08:40","slug":"the-technology-of-food-products","status":"publish","type":"page","link":"http:\/\/unec.edu.az\/en\/the-technology-of-food-products\/","title":{"rendered":"THE TECHNOLOGY OF FOOD PRODUCTS"},"content":{"rendered":"<h4 style=\"text-align: justify;\"><em><strong>In 2020, the department of &#8220;Food Technology&#8221; was abolished.<\/strong><\/em><\/h4>\n<p style=\"text-align: justify;\"><em>On 19.10.2020, the departments of &#8220;Expertise of consumer goods&#8221;, &#8220;Standardization and certification&#8221;, &#8220;Food technology&#8221;, &#8220;Technological machines and field equipment&#8221; and &#8220;Physics and chemistry&#8221; of the faculty of &#8220;Expertise and Standardization&#8221; were abolished. The faculty of\u00a0 &#8220;Engineering \u201d and the department of \u201cEngineering and applied sciences \u201d \u00a0were established.<\/em><\/p>\n<p>\u00a0<a class=\"fancybox-thumb\" href=\"https:\/\/unec.edu.az\/application\/uploads\/2015\/02\/qida-20171026-WA0005.jpg\" rel=\"fancybox-thumb\"><img decoding=\"async\" class=\"fancybox-margin alignnone wp-image-108666 size-thumbnail\" title=\"Sumqay\u0131t Texnologiyalar Park\u0131nda (26.10.2017)\" src=\"https:\/\/unec.edu.az\/application\/uploads\/2015\/02\/qida-20171026-WA0005-150x150.jpg\" alt=\"qida-20171026-WA0005\" width=\"150\" height=\"150\" \/><\/a><a class=\"fancybox-thumb\" href=\"https:\/\/unec.edu.az\/application\/uploads\/2016\/10\/texnologiya01.jpg\" rel=\"fancybox-thumb\"><img decoding=\"async\" class=\"fancybox-margin alignnone wp-image-69902 size-thumbnail\" src=\"https:\/\/unec.edu.az\/application\/uploads\/2016\/10\/texnologiya01-150x150.jpg\" alt=\"texnologiya01\" width=\"150\" height=\"150\" \/><\/a><a class=\"fancybox-thumb\" href=\"https:\/\/unec.edu.az\/application\/uploads\/2015\/02\/qida2fae5d5d5c200.jpeg\" rel=\"fancybox-thumb\"><img decoding=\"async\" class=\"fancybox-margin alignnone wp-image-150271 size-thumbnail\" title=\"UNEC-in \u201cQida m\u0259hsullar\u0131n\u0131n texnologiyas\u0131\u201d kafedras\u0131 I yer\u0259 layiq g\u00f6r\u00fcl\u00fcb (03\/02\/2020)\" src=\"https:\/\/unec.edu.az\/application\/uploads\/2015\/02\/qida2fae5d5d5c200-150x150.jpeg\" alt=\"qida2fae5d5d5c200\" width=\"150\" height=\"150\" \/><\/a><a class=\"fancybox-thumb\" href=\"https:\/\/unec.edu.az\/application\/uploads\/2015\/02\/IMG-20151214-WA0025.jpg\" rel=\"fancybox-thumb\"><img loading=\"lazy\" decoding=\"async\" class=\"fancybox-margin alignnone wp-image-31198 size-thumbnail\" src=\"https:\/\/unec.edu.az\/application\/uploads\/2015\/02\/IMG-20151214-WA0025-150x150.jpg\" alt=\"IMG-20151214-WA0025\" width=\"150\" height=\"150\" \/><\/a><a class=\"fancybox-thumb\" href=\"https:\/\/unec.edu.az\/application\/uploads\/2015\/02\/IMG-20151214-WA0016.jpg\" rel=\"fancybox-thumb\"><img loading=\"lazy\" decoding=\"async\" class=\"fancybox-margin alignnone wp-image-31190 size-thumbnail\" src=\"https:\/\/unec.edu.az\/application\/uploads\/2015\/02\/IMG-20151214-WA0016-150x150.jpg\" alt=\"IMG-20151214-WA0016\" width=\"150\" height=\"150\" \/><\/a><a class=\"fancybox-thumb\" href=\"https:\/\/unec.edu.az\/application\/uploads\/2015\/02\/qida20170717-WA0007.jpg\" rel=\"fancybox-thumb\"><img loading=\"lazy\" decoding=\"async\" class=\"fancybox-margin alignnone wp-image-111951 size-thumbnail\" src=\"https:\/\/unec.edu.az\/application\/uploads\/2015\/02\/qida20170717-WA0007-150x150.jpg\" alt=\"qida20170717-WA0007\" width=\"150\" height=\"150\" \/><\/a><\/p>\n<p><span style=\"color: #800000;\"><em><strong>The employees of the Department participated in the II Plov Festival<\/strong><\/em><\/span><\/p>\n<p style=\"text-align: justify;\">The II International Plov Festival was held on December 11, 2015 by the Ministry of Culture of the Republic of Azerbaijan and the National Culinary Association of Azerbaijan. The festival was organized in the \u201cSerin\u201d( \u201cCool\u201d) wedding palace. Employees of the Departments of Design and Technology of Food Products \u2013 N.Kh.Rahimov, A.Gurbanova, E.M.Omarova, M.H.Maharramova, S.M.Maharramova and M.Yusifova actively participated in the festival. The purpose of the festival is to get acquainted with the rice culture of different countries and familiarize foreign guests with the porch of the Azerbaijani cuisine. At the festival, different kinds of Turkish, Indonesian, Iranian, Saudi Arabian, Tajik, Uzbek, Indian, Korean plovs were demonstrated. In the end, the President of ANKA Tahir Amiraslanov gave detailed information about rice culture.<\/p>\n<p><a class=\"fancybox-thumb\" href=\"https:\/\/unec.edu.az\/application\/uploads\/2015\/02\/IMG-20151214-WA0018.jpg\" rel=\"fancybox-thumb\"><img loading=\"lazy\" decoding=\"async\" class=\"fancybox-margin alignnone wp-image-31191 size-thumbnail\" src=\"https:\/\/unec.edu.az\/application\/uploads\/2015\/02\/IMG-20151214-WA0018-150x150.jpg\" alt=\"IMG-20151214-WA0018\" width=\"150\" height=\"150\" \/><\/a> <a class=\"fancybox-thumb\" href=\"https:\/\/unec.edu.az\/application\/uploads\/2015\/02\/IMG-20151214-WA0019.jpg\" rel=\"fancybox-thumb\"><img loading=\"lazy\" decoding=\"async\" class=\"fancybox-margin alignnone wp-image-31192 size-thumbnail\" src=\"https:\/\/unec.edu.az\/application\/uploads\/2015\/02\/IMG-20151214-WA0019-150x150.jpg\" alt=\"IMG-20151214-WA0019\" width=\"150\" height=\"150\" \/><\/a> <a class=\"fancybox-thumb\" href=\"https:\/\/unec.edu.az\/application\/uploads\/2015\/02\/IMG-20151214-WA0020.jpg\" rel=\"fancybox-thumb\"><img loading=\"lazy\" decoding=\"async\" class=\"fancybox-margin alignnone wp-image-31193 size-thumbnail\" src=\"https:\/\/unec.edu.az\/application\/uploads\/2015\/02\/IMG-20151214-WA0020-150x150.jpg\" alt=\"IMG-20151214-WA0020\" width=\"150\" height=\"150\" \/><\/a> <a class=\"fancybox-thumb\" href=\"https:\/\/unec.edu.az\/application\/uploads\/2015\/02\/IMG-20151214-WA0021.jpg\" rel=\"fancybox-thumb\"><img loading=\"lazy\" decoding=\"async\" class=\"fancybox-margin alignnone wp-image-31194 size-thumbnail\" src=\"https:\/\/unec.edu.az\/application\/uploads\/2015\/02\/IMG-20151214-WA0021-150x150.jpg\" alt=\"IMG-20151214-WA0021\" width=\"150\" height=\"150\" \/><\/a> <a class=\"fancybox-thumb\" href=\"https:\/\/unec.edu.az\/application\/uploads\/2015\/02\/IMG-20151214-WA0023.jpg\" rel=\"fancybox-thumb\"><img loading=\"lazy\" decoding=\"async\" class=\"fancybox-margin alignnone wp-image-31196 size-thumbnail\" src=\"https:\/\/unec.edu.az\/application\/uploads\/2015\/02\/IMG-20151214-WA0023-150x150.jpg\" alt=\"IMG-20151214-WA0023\" width=\"150\" height=\"150\" \/><\/a> <a class=\"fancybox-thumb\" href=\"https:\/\/unec.edu.az\/application\/uploads\/2015\/02\/IMG-20151214-WA0024.jpg\" rel=\"fancybox-thumb\"><img loading=\"lazy\" decoding=\"async\" class=\"fancybox-margin alignnone wp-image-31197 size-thumbnail\" src=\"https:\/\/unec.edu.az\/application\/uploads\/2015\/02\/IMG-20151214-WA0024-150x150.jpg\" alt=\"IMG-20151214-WA0024\" width=\"150\" height=\"150\" \/><\/a><\/p>\n<p><span style=\"color: #333333;\"><span style=\"font-size: 8pt; color: #ffffff;\">*<\/span><br \/>\n<em><a style=\"color: #333333;\" href=\"https:\/\/unec.edu.az\/en\/unec-dosenti-qida-mehsullarinin-texnoloji-xususiyyetlerini-tedqiqi-edib\/\">Assistant Professor of UNEC research Technological Characteristics of Foodstuff<\/a>\u00a0(27.04.2017)<br \/>\n<\/em><em><a style=\"color: #333333;\" href=\"https:\/\/unec.edu.az\/en\/unec-mezunlari-universitetde-elde-etdiyimiz-bilikler-is-prosesinde-cox-faydali-olur\/\">UNEC Graduates: \u201cThe Knowledge obtained at the university is very useful in the working process\u201d<\/a>\u00a0(21.04.2017)<br \/>\n<\/em><em><a style=\"color: #333333;\" href=\"https:\/\/unec.edu.az\/en\/unec-telebeleri-az-granata-sire-ve-serab-emali-zavodunda-istehsalat-tecrube-kececekler\/\">UNEC Students are to pass an Internship in \u201cAz-Granata Juice and Wine Processing Plant\u201d<\/a>\u00a0(31.10.2016)<br \/>\n<\/em><em><a style=\"color: #333333;\" href=\"https:\/\/unec.edu.az\/en\/unec-de-elmi-seminar\/\">Scientific Seminar held at UNEC<\/a>\u00a0(26.05.2016)<br \/>\n<\/em><em><a style=\"color: #333333;\" href=\"https:\/\/unec.edu.az\/en\/unec-kollektivi-world-food-azerbaijan-sergisinde\/\">UNEC Staff at the Exhibition of \u201cWorldFood Azerbaijan\u201d (20.05.2016)<br \/>\n<\/a><\/em><em><a style=\"color: #333333;\" href=\"https:\/\/unec.edu.az\/en\/unec-telebeleri-isvecre-metbexi-ile-tanis-olublar\/\">UNEC Students become familiar with Swiss Cuisine<\/a>\u00a0<span style=\"font-size: 12pt;\">\u00a0(19.04.2016)<br \/>\n<\/span><\/em><em><a style=\"color: #333333;\" href=\"https:\/\/unec.edu.az\/en\/adiu-emekdasi-beynelxalq-elmi-texniki-konfransda\/\">ASUE Employee in the International Scientific and Technical Conference<\/a>\u00a0<span style=\"font-size: 12pt;\">(04.05.2015)<\/span><\/em><\/span><\/p>\n","protected":false},"excerpt":{"rendered":"<p>In 2020, the department of &#8220;Food Technology&#8221; was abolished. On 19.10.2020, the departments of &#8220;Expertise of consumer goods&#8221;, &#8220;Standardization and certification&#8221;, &#8220;Food technology&#8221;, &#8220;Technological machines and field equipment&#8221; and &#8220;Physics and chemistry&#8221; of the faculty of &#8220;Expertise and Standardization&#8221; were abolished. The faculty of\u00a0 &#8220;Engineering \u201d and the department of \u201cEngineering and applied sciences \u201d [&hellip;]<\/p>\n","protected":false},"author":10,"featured_media":0,"parent":0,"menu_order":31,"comment_status":"open","ping_status":"open","template":"page-templates\/3columncontent.php","meta":{"footnotes":""},"class_list":["post-8967","page","type-page","status-publish","hentry"],"_links":{"self":[{"href":"http:\/\/unec.edu.az\/en\/wp-json\/wp\/v2\/pages\/8967","targetHints":{"allow":["GET"]}}],"collection":[{"href":"http:\/\/unec.edu.az\/en\/wp-json\/wp\/v2\/pages"}],"about":[{"href":"http:\/\/unec.edu.az\/en\/wp-json\/wp\/v2\/types\/page"}],"author":[{"embeddable":true,"href":"http:\/\/unec.edu.az\/en\/wp-json\/wp\/v2\/users\/10"}],"replies":[{"embeddable":true,"href":"http:\/\/unec.edu.az\/en\/wp-json\/wp\/v2\/comments?post=8967"}],"version-history":[{"count":39,"href":"http:\/\/unec.edu.az\/en\/wp-json\/wp\/v2\/pages\/8967\/revisions"}],"predecessor-version":[{"id":158967,"href":"http:\/\/unec.edu.az\/en\/wp-json\/wp\/v2\/pages\/8967\/revisions\/158967"}],"wp:attachment":[{"href":"http:\/\/unec.edu.az\/en\/wp-json\/wp\/v2\/media?parent=8967"}],"curies":[{"name":"wp","href":"https:\/\/api.w.org\/{rel}","templated":true}]}}