{"id":8974,"date":"2015-02-14T23:56:26","date_gmt":"2015-02-14T19:56:26","guid":{"rendered":"http:\/\/asue.edu.az\/research\/kafedralar\/maliyye\/"},"modified":"2025-04-24T15:51:00","modified_gmt":"2025-04-24T11:51:00","slug":"financa-and-financial-institutions","status":"publish","type":"page","link":"http:\/\/unec.edu.az\/en\/research\/chairs\/financa-and-financial-institutions\/","title":{"rendered":"FINANCE AND AUDIT"},"content":{"rendered":"<table style=\"height: 209px;\" width=\"632\">\n<tbody>\n<tr>\n<td>\n<h4><span style=\"color: #800000;\"><a style=\"color: #800000;\" href=\"https:\/\/unec.edu.az\/en\/avaz-alakbarov-akbar\/\">Head of Department Dr of Econ., Prof. \u00a0Avaz Alakbarov Akbar<\/a><\/span><\/h4>\n<h4><span style=\"color: #333333;\"><span style=\"font-size: 12pt;\"><em>Telephone:\u00a0<\/em><\/span><em>+(994) 12\u00a0492-59-13;\u00a0<\/em><em>+(994) 12\u00a0492-40-04;\u00a018-46 (daxili:\u00a01100)<br \/>\n<\/em><em>e-mail: avaz.alakbarov@unec.edu.az<\/em><\/span><\/h4>\n<\/td>\n<\/tr>\n<\/tbody>\n<\/table>\n<p><a class=\"fancybox-thumb\" href=\"https:\/\/unec.edu.az\/application\/uploads\/2015\/02\/maliyaaa-1024x684.jpg\" rel=\"fancybox-thumb\"><img decoding=\"async\" class=\"fancybox-margin alignnone wp-image-67218 size-thumbnail\" src=\"https:\/\/unec.edu.az\/application\/uploads\/2015\/02\/maliyaaa-1024x684-150x150.jpg\" alt=\"maliyaaa-1024x684\" width=\"150\" height=\"150\" \/><\/a><a class=\"fancybox-thumb\" href=\"https:\/\/unec.edu.az\/application\/uploads\/2016\/10\/13.jpg\" rel=\"fancybox-thumb\"><img decoding=\"async\" class=\"fancybox-margin alignnone wp-image-69662 size-thumbnail\" src=\"https:\/\/unec.edu.az\/application\/uploads\/2016\/10\/13-150x150.jpg\" alt=\"13\" width=\"150\" height=\"150\" \/><\/a><a class=\"fancybox-thumb\" href=\"https:\/\/unec.edu.az\/application\/uploads\/2016\/09\/IMG_1567.jpg\" rel=\"fancybox-thumb\"><img decoding=\"async\" class=\"fancybox-margin alignnone wp-image-64883 size-thumbnail\" src=\"https:\/\/unec.edu.az\/application\/uploads\/2016\/09\/IMG_1567-150x150.jpg\" alt=\"IMG_1567\" width=\"150\" height=\"150\" \/><\/a><a class=\"fancybox-thumb\" href=\"https:\/\/unec.edu.az\/application\/uploads\/2015\/02\/maliyya0dbb63e2688272.jpg\" rel=\"fancybox-thumb\"><img loading=\"lazy\" decoding=\"async\" class=\"fancybox-margin alignnone wp-image-154452 size-thumbnail\" title=\"UNEC-d\u0259 qiym\u0259tli ka\u011f\u0131zlar bazar\u0131na dair sertifikat proqramlar\u0131 t\u0259\u015fkil olunacaq (15.11.2019)\" src=\"https:\/\/unec.edu.az\/application\/uploads\/2015\/02\/maliyya0dbb63e2688272-150x150.jpg\" alt=\"maliyya0dbb63e2688272\" width=\"150\" height=\"150\" \/><\/a><a class=\"fancybox-thumb\" href=\"https:\/\/unec.edu.az\/application\/uploads\/2015\/02\/maliyya60a1e3b7aa04d21c95.jpg\" rel=\"fancybox-thumb\"><img loading=\"lazy\" decoding=\"async\" class=\"fancybox-margin alignnone wp-image-154454 size-thumbnail\" title=\"UNEC-d\u0259 qiym\u0259tli ka\u011f\u0131zlar bazar\u0131na dair sertifikat proqramlar\u0131 t\u0259\u015fkil olunacaq (15.11.2019)\" src=\"https:\/\/unec.edu.az\/application\/uploads\/2015\/02\/maliyya60a1e3b7aa04d21c95-150x150.jpg\" alt=\"maliyya60a1e3b7aa04d21c95\" width=\"150\" height=\"150\" \/><\/a><a class=\"fancybox-thumb\" href=\"https:\/\/unec.edu.az\/application\/uploads\/2015\/02\/maliyya83b34a8cfb2ab8914.jpg\" rel=\"fancybox-thumb\"><img loading=\"lazy\" decoding=\"async\" class=\"fancybox-margin alignnone wp-image-154453 size-thumbnail\" title=\"UNEC-d\u0259 qiym\u0259tli ka\u011f\u0131zlar bazar\u0131na dair sertifikat proqramlar\u0131 t\u0259\u015fkil olunacaq (15.11.2019)\" src=\"https:\/\/unec.edu.az\/application\/uploads\/2015\/02\/maliyya83b34a8cfb2ab8914-150x150.jpg\" alt=\"maliyya83b34a8cfb2ab8914\" width=\"150\" height=\"150\" \/><\/a><\/p>\n<h4 id=\"tw-target-text\" class=\"tw-data-text tw-text-large tw-ta\" dir=\"ltr\" data-placeholder=\"\u041f\u0435\u0440\u0435\u0432\u043e\u0434\" data-ved=\"2ahUKEwjkqKuo9qiJAxUMhf0HHa5MBdAQ3ewLegQIBxAU\" aria-label=\"\u041f\u0435\u0440\u0435\u0432\u0435\u0434\u0435\u043d\u043d\u044b\u0439 \u0442\u0435\u043a\u0441\u0442: News of the &quot;Finance and financial institutions&quot; department in UNEC NEWS (2015 - 2018)\"><span style=\"color: #000080;\"><em><a style=\"color: #000080;\" href=\"https:\/\/unec.edu.az\/en\/maliyye-ve-maliyye-institutlari-kafedrasinin-xeberleri-unec-news-da-2015-2018\/\"><span class=\"Y2IQFc\" lang=\"en\">News of the &#8220;Finance and financial institutions&#8221; department in UNEC NEWS (2015 &#8211; 2018)<\/span><\/a><\/em><\/span><\/h4>\n<p><a class=\"fancybox-thumb\" href=\"https:\/\/unec.edu.az\/application\/uploads\/2016\/12\/1-DSC_3518.jpg\" rel=\"fancybox-thumb\"><img loading=\"lazy\" decoding=\"async\" class=\"fancybox-margin alignnone wp-image-76593 size-thumbnail\" title=\"10th Olympiad held among the Undergraduate and Graduate Students(16.12.2016)\" src=\"https:\/\/unec.edu.az\/application\/uploads\/2016\/12\/1-DSC_3518-150x150.jpg\" alt=\"1-DSC_3518\" width=\"150\" height=\"150\" \/><\/a><a class=\"fancybox-thumb\" href=\"https:\/\/unec.edu.az\/application\/uploads\/2017\/07\/DSC_3512.jpg\" rel=\"fancybox-thumb\"><img loading=\"lazy\" decoding=\"async\" class=\"fancybox-margin alignnone wp-image-101694 size-thumbnail\" title=\"\u201cI feel proud of my Native University\u2019s this day!\u201d (10.07.2017)\" src=\"https:\/\/unec.edu.az\/application\/uploads\/2017\/07\/DSC_3512-150x150.jpg\" alt=\"DSC_3512\" width=\"150\" height=\"150\" \/><\/a><a class=\"fancybox-thumb\" href=\"https:\/\/unec.edu.az\/application\/uploads\/2016\/05\/DSC_9287-001.jpg\" rel=\"fancybox-thumb\"><img loading=\"lazy\" decoding=\"async\" class=\"fancybox-margin alignnone wp-image-50976 size-thumbnail\" src=\"https:\/\/unec.edu.az\/application\/uploads\/2016\/05\/DSC_9287-001-150x150.jpg\" alt=\"DSC_9287-001\" width=\"150\" height=\"150\" \/><\/a> \u00a0<a class=\"fancybox-thumb\" href=\"https:\/\/unec.edu.az\/application\/uploads\/2016\/05\/DSC_9238.jpg\" rel=\"fancybox-thumb\"><img loading=\"lazy\" decoding=\"async\" class=\"fancybox-margin alignnone wp-image-50966 size-thumbnail\" src=\"https:\/\/unec.edu.az\/application\/uploads\/2016\/05\/DSC_9238-150x150.jpg\" alt=\"DSC_9238\" width=\"150\" height=\"150\" \/><\/a><a class=\"fancybox-thumb\" href=\"https:\/\/unec.edu.az\/application\/uploads\/2015\/02\/maliyyaok.jpg\" rel=\"fancybox-thumb\"><img loading=\"lazy\" decoding=\"async\" class=\"fancybox-margin alignnone wp-image-70275 size-thumbnail\" src=\"https:\/\/unec.edu.az\/application\/uploads\/2015\/02\/maliyyaok-150x150.jpg\" alt=\"maliyya\u043e\u043a\" width=\"150\" height=\"150\" \/><\/a> \u00a0<a class=\"fancybox-thumb\" href=\"https:\/\/unec.edu.az\/application\/uploads\/2016\/05\/DSC_9285.jpg\" rel=\"fancybox-thumb\"><img loading=\"lazy\" decoding=\"async\" class=\"fancybox-margin alignnone wp-image-50975 size-thumbnail\" src=\"https:\/\/unec.edu.az\/application\/uploads\/2016\/05\/DSC_9285-150x150.jpg\" alt=\"DSC_9285\" width=\"150\" height=\"150\" \/><\/a><\/p>\n","protected":false},"excerpt":{"rendered":"<p>Head of Department Dr of Econ., Prof. \u00a0Avaz Alakbarov Akbar Telephone:\u00a0+(994) 12\u00a0492-59-13;\u00a0+(994) 12\u00a0492-40-04;\u00a018-46 (daxili:\u00a01100) e-mail: avaz.alakbarov@unec.edu.az News of the &#8220;Finance and financial institutions&#8221; department in UNEC NEWS (2015 &#8211; 2018) \u00a0 \u00a0<\/p>\n","protected":false},"author":10,"featured_media":0,"parent":3858,"menu_order":34,"comment_status":"open","ping_status":"open","template":"page-templates\/3columncontent.php","meta":{"footnotes":""},"class_list":["post-8974","page","type-page","status-publish","hentry"],"_links":{"self":[{"href":"http:\/\/unec.edu.az\/en\/wp-json\/wp\/v2\/pages\/8974","targetHints":{"allow":["GET"]}}],"collection":[{"href":"http:\/\/unec.edu.az\/en\/wp-json\/wp\/v2\/pages"}],"about":[{"href":"http:\/\/unec.edu.az\/en\/wp-json\/wp\/v2\/types\/page"}],"author":[{"embeddable":true,"href":"http:\/\/unec.edu.az\/en\/wp-json\/wp\/v2\/users\/10"}],"replies":[{"embeddable":true,"href":"http:\/\/unec.edu.az\/en\/wp-json\/wp\/v2\/comments?post=8974"}],"version-history":[{"count":116,"href":"http:\/\/unec.edu.az\/en\/wp-json\/wp\/v2\/pages\/8974\/revisions"}],"predecessor-version":[{"id":457941,"href":"http:\/\/unec.edu.az\/en\/wp-json\/wp\/v2\/pages\/8974\/revisions\/457941"}],"up":[{"embeddable":true,"href":"http:\/\/unec.edu.az\/en\/wp-json\/wp\/v2\/pages\/3858"}],"wp:attachment":[{"href":"http:\/\/unec.edu.az\/en\/wp-json\/wp\/v2\/media?parent=8974"}],"curies":[{"name":"wp","href":"https:\/\/api.w.org\/{rel}","templated":true}]}}