{"id":101034,"date":"2017-07-05T16:32:40","date_gmt":"2017-07-05T12:32:40","guid":{"rendered":"https:\/\/unec.edu.az\/beynelxalq-magistratura-ve-doktorantura-merkezi-2\/"},"modified":"2026-02-13T17:15:23","modified_gmt":"2026-02-13T13:15:23","slug":"beynelxalq-magistratura-ve-doktorantura-merkezi","status":"publish","type":"page","link":"http:\/\/unec.edu.az\/ru\/beynelxalq-magistratura-ve-doktorantura-merkezi\/","title":{"rendered":"\u0428\u043a\u043e\u043b\u0430 \u041c\u0430\u0433\u0438\u0441\u0442\u0440\u0430\u0442\u0443\u0440\u044b"},"content":{"rendered":"<table style=\"width: 89.881%;\" width=\"1222\">\n<tbody>\n<tr>\n<td style=\"width: 31.4135%;\">\n<h4><span style=\"color: #800000;\"><a style=\"color: #800000;\" href=\"https:\/\/unec.edu.az\/ru\/i-e-n-dos-isayev-sohrab-zulfuqar\/\">\u0420\u0443\u043a\u043e\u0432\u043e\u0434\u0438\u0442\u0435\u043b\u044c:<\/a><\/span><br \/>\n<span style=\"color: #800000;\"><a style=\"color: #800000;\" href=\"https:\/\/unec.edu.az\/ru\/i-e-n-dos-isayev-sohrab-zulfuqar\/\">\u043a.\u044d.\u043d, \u0434\u043e\u0446. \u0418\u0441\u0430\u0435\u0432 \u0417\u043e\u0445\u0440\u0430\u0431 \u0417\u0443\u043b\u044c\u0444\u0443\u0433\u0430\u0440\u00a0<\/a><\/span><\/h4>\n<p><span style=\"color: #000000;\"><em>e-mail: sohrab.isayev@unec.edu.az<\/em><\/span><\/p>\n<p><span style=\"color: #000000;\"><em>\u0422\u0435\u043b\u0435\u0444\u043e\u043d:<br \/>\n<\/em><\/span><span style=\"color: #000000;\"><em>+(994) 12 449-91-13;<br \/>\n<\/em><em>+(994) 12 492-59-03 (1420)<\/em><\/span><\/td>\n<td style=\"width: 27.9317%;\">\n<h4><span style=\"color: #800000;\"><a style=\"color: #800000;\" href=\"https:\/\/unec.edu.az\/ru\/i-f-d-dos-serdarova-sevda-yusif\/\">\u0417\u0430\u043c. \u0440\u0443\u043a\u043e\u0432\u043e\u0434\u0438\u0442\u0435\u043b\u044f:<\/a><\/span><br \/>\n<span style=\"color: #800000;\"><a style=\"color: #800000;\" href=\"https:\/\/unec.edu.az\/ru\/i-f-d-dos-serdarova-sevda-yusif\/\">\u0434\u043e\u0446. \u0421\u0435\u0432\u0434\u0430 \u0421\u0430\u0440\u0434\u0430\u0440\u043e\u0432\u0430 \u042e\u0441\u0438\u0444<\/a><\/span><\/h4>\n<p><em>e-mail: sardarova_sevda@unec.edu.az<\/em><\/p>\n<p><em>\u0422\u0435\u043b\u0435\u0444\u043e\u043d:<br \/>\n+(994) 12 492-59-03 (1425)<\/em><\/td>\n<\/tr>\n<\/tbody>\n<\/table>\n<p><span style=\"color: #800000;\"><span style=\"color: #000080;\"><em>e-mail:\u00a0<a style=\"color: #000080;\" href=\"mailto:huseynova.sevda@unec.edu.az\">huseynova.sevda@unec.edu.az<br \/>\n<\/a><\/em><span style=\"color: #000000;\"><em>\u0422\u0435\u043b\u0435\u0444\u043e\u043d:<\/em><em>+(994) 12 440-47-42 ; 492-59-03 (1419)<\/em><\/span><\/span><\/span><\/p>\n<p><span style=\"color: #ffffff;\">*<\/span><br \/>\n<span style=\"color: #000000;\"><span class=\"Y2IQFc\" lang=\"ru\">\u041e\u0442\u0434\u0435\u043b \u0440\u0435\u0433\u0438\u0441\u0442\u0440\u0430\u0446\u0438\u0438, \u0443\u0447\u0435\u0442\u0430 \u0438 \u0434\u043e\u043a\u0443\u043c\u0435\u043d\u0442\u0430\u0446\u0438\u0438<\/span><em>: +(994) 12 440-66-32<br \/>\n<\/em><em>\u0422\u044c\u044e\u0442\u043e\u0440\u0441\u043a\u0438\u0439 \u043e\u0442\u0434\u0435\u043b: +(994) 12 440-47-42<br \/>\n<\/em><span class=\"Y2IQFc\" lang=\"ru\">\u0420\u0443\u043a\u043e\u0432\u043e\u0434\u0438\u0442\u0435\u043b\u0438 \u043f\u0440\u043e\u0433\u0440\u0430\u043c\u043c\u044b<\/span><em>: +(994) 12 440-71-59<\/em><\/span><\/p>\n<p><a class=\"fancybox-thumb\" href=\"https:\/\/unec.edu.az\/application\/uploads\/2017\/07\/e5db2-DSC_2735.jpg\"><img decoding=\"async\" class=\"fancybox-margin alignnone wp-image-180818 \" src=\"https:\/\/unec.edu.az\/application\/uploads\/2017\/07\/e5db2-DSC_2735-150x150.jpg\" alt=\"e5db2-DSC_2735\" width=\"116\" height=\"116\" \/><\/a><a class=\"fancybox-thumb\" href=\"https:\/\/unec.edu.az\/application\/uploads\/2017\/07\/IMG_1057-12-03-18-07-16-01.jpg\">\u00a0<\/a><a class=\"fancybox-thumb\" href=\"https:\/\/unec.edu.az\/application\/uploads\/2017\/07\/310178511_568841261672470_1626604045759985700_n.jpg\"><img decoding=\"async\" class=\"fancybox-margin alignnone wp-image-180819 \" src=\"https:\/\/unec.edu.az\/application\/uploads\/2017\/07\/310178511_568841261672470_1626604045759985700_n-150x150.jpg\" alt=\"310178511_568841261672470_1626604045759985700_n\" width=\"116\" height=\"116\" \/><\/a><a class=\"fancybox-thumb\" href=\"https:\/\/unec.edu.az\/application\/uploads\/2017\/07\/IMG_1057-12-03-18-07-16-01.jpg\">\u00a0<\/a><a class=\"fancybox-thumb\" href=\"https:\/\/unec.edu.az\/application\/uploads\/2017\/07\/b9989-WhatsApp-Image-2021-07-17-at-19.21.30-14-.jpeg\"><img decoding=\"async\" class=\"fancybox-margin alignnone wp-image-180820 \" src=\"https:\/\/unec.edu.az\/application\/uploads\/2017\/07\/b9989-WhatsApp-Image-2021-07-17-at-19.21.30-14--150x150.jpeg\" alt=\"b9989-WhatsApp-Image-2021-07-17-at-19.21.30--14-\" width=\"112\" height=\"112\" \/><\/a><a class=\"fancybox-thumb\" href=\"https:\/\/unec.edu.az\/application\/uploads\/2017\/07\/6N1A01511.jpg\"><img loading=\"lazy\" decoding=\"async\" class=\"fancybox-margin alignnone wp-image-180903 \" src=\"https:\/\/unec.edu.az\/application\/uploads\/2017\/07\/6N1A01511-150x150.jpg\" alt=\"6N1A0151\" width=\"112\" height=\"112\" \/><\/a><a class=\"fancybox-thumb\" href=\"https:\/\/unec.edu.az\/application\/uploads\/2017\/07\/fariz6N1A0278.jpg\"><img loading=\"lazy\" decoding=\"async\" class=\"fancybox-margin alignnone wp-image-180904 \" src=\"https:\/\/unec.edu.az\/application\/uploads\/2017\/07\/fariz6N1A0278-150x150.jpg\" alt=\"fariz6N1A0278\" width=\"112\" height=\"112\" \/><\/a><a class=\"fancybox-thumb\" href=\"https:\/\/unec.edu.az\/application\/uploads\/2017\/07\/6N1A01911.jpg\"><img loading=\"lazy\" decoding=\"async\" class=\"fancybox-margin alignnone wp-image-180906 \" src=\"https:\/\/unec.edu.az\/application\/uploads\/2017\/07\/6N1A01911-150x150.jpg\" alt=\"6N1A0191\" width=\"117\" height=\"117\" \/><\/a><a class=\"fancybox-thumb\" href=\"https:\/\/unec.edu.az\/application\/uploads\/2017\/07\/6N1A02491.jpg\"><img loading=\"lazy\" decoding=\"async\" class=\"fancybox-margin alignnone wp-image-180908 \" src=\"https:\/\/unec.edu.az\/application\/uploads\/2017\/07\/6N1A02491-150x150.jpg\" alt=\"6N1A0249\" width=\"116\" height=\"116\" \/><\/a><a class=\"fancybox-thumb\" href=\"https:\/\/unec.edu.az\/application\/uploads\/2017\/07\/6N1A02641.jpg\"><img loading=\"lazy\" decoding=\"async\" class=\"fancybox-margin alignnone wp-image-180909 \" src=\"https:\/\/unec.edu.az\/application\/uploads\/2017\/07\/6N1A02641-150x150.jpg\" alt=\"6N1A0264\" width=\"116\" height=\"116\" \/><\/a><a class=\"fancybox-thumb\" href=\"https:\/\/unec.edu.az\/application\/uploads\/2017\/07\/6N1A03951.jpg\"><img loading=\"lazy\" decoding=\"async\" class=\"fancybox-margin alignnone wp-image-180915 \" src=\"https:\/\/unec.edu.az\/application\/uploads\/2017\/07\/6N1A03951-150x150.jpg\" alt=\"6N1A0395\" width=\"117\" height=\"117\" \/><\/a><a class=\"fancybox-thumb\" href=\"https:\/\/unec.edu.az\/application\/uploads\/2017\/07\/6N1A04321.jpg\"><img loading=\"lazy\" decoding=\"async\" class=\"fancybox-margin alignnone wp-image-180916 \" src=\"https:\/\/unec.edu.az\/application\/uploads\/2017\/07\/6N1A04321-150x150.jpg\" alt=\"6N1A0432\" width=\"115\" height=\"115\" \/><\/a><a class=\"fancybox-thumb\" href=\"https:\/\/unec.edu.az\/application\/uploads\/2017\/07\/6N1A03991.jpg\"><img loading=\"lazy\" decoding=\"async\" class=\"fancybox-margin alignnone wp-image-180917 \" src=\"https:\/\/unec.edu.az\/application\/uploads\/2017\/07\/6N1A03991-150x150.jpg\" alt=\"6N1A0399\" width=\"122\" height=\"122\" \/><\/a><a class=\"fancybox-thumb\" href=\"https:\/\/unec.edu.az\/application\/uploads\/2017\/07\/6N1A02321.jpg\"><img loading=\"lazy\" decoding=\"async\" class=\"fancybox-margin alignnone wp-image-180919 \" src=\"https:\/\/unec.edu.az\/application\/uploads\/2017\/07\/6N1A02321-150x150.jpg\" alt=\"6N1A0232\" width=\"116\" height=\"116\" \/><\/a><a class=\"fancybox-thumb\" href=\"https:\/\/unec.edu.az\/application\/uploads\/2017\/07\/Image211.jpg\"><img loading=\"lazy\" decoding=\"async\" class=\"fancybox-margin alignnone wp-image-180920 \" src=\"https:\/\/unec.edu.az\/application\/uploads\/2017\/07\/Image211-150x150.jpg\" alt=\"Image21\" width=\"116\" height=\"116\" \/><\/a><a class=\"fancybox-thumb\" href=\"https:\/\/unec.edu.az\/application\/uploads\/2017\/07\/d9655-DSC_3209.jpg\"><img loading=\"lazy\" decoding=\"async\" class=\"fancybox-margin alignnone wp-image-181073 \" src=\"https:\/\/unec.edu.az\/application\/uploads\/2017\/07\/d9655-DSC_3209-150x150.jpg\" alt=\"d9655-DSC_3209\" width=\"120\" height=\"120\" \/><\/a><\/p>\n<h4 id=\"tw-target-text\" class=\"tw-data-text tw-text-large tw-ta\" dir=\"ltr\" data-placeholder=\"\u041f\u0435\u0440\u0435\u0432\u043e\u0434\"><span style=\"color: #333399;\"><em><span class=\"Y2IQFc\" lang=\"ru\"><a style=\"color: #333399;\" href=\"https:\/\/unec.edu.az\/application\/uploads\/2017\/07\/Buklet-magistr-azeri.pdf\">\u041c\u0430\u0433\u0438\u0441\u0442\u0435\u0440\u0441\u043a\u0438\u0435 \u043f\u0440\u043e\u0433\u0440\u0430\u043c\u043c\u044b &#8212; \u0431\u0440\u043e\u0448\u044e\u0440\u0430<\/a><\/span><\/em><\/span><\/h4>\n<h4 class=\"tw-data-text tw-text-large tw-ta\" dir=\"ltr\" data-placeholder=\"\u041f\u0435\u0440\u0435\u0432\u043e\u0434\"><span style=\"color: #333399;\"><em><a style=\"color: #333399;\" href=\"Sevda M\u0259mm\u0259d q\u0131z\u0131 H\u00fcseynova T\u0259v\u0259ll\u00fcd: 04.02.78, Bak\u0131 \u015f\u0259h\u0259ri  E-Mail: huseynova.sevda@unec.edu.az  T\u0259hsil Az\u0259rbaycan D\u00f6vl\u0259t \u0130qtisad \u0130nstitutu, Marketinq (bakalavr) \u2013 1995-1999  Az\u0259rbaycan D\u00f6vl\u0259t \u0130qtisad \u0130nstitutu, Marketinq (magistr) \u2013 2001-2004  2012- ci ild\u0259n Az\u0259rbaycan D\u00f6vl\u0259t \u0130qtisad Universitetinin dissertant\u0131d\u0131r.     \u0130\u015f t\u0259cr\u00fcb\u0259si S\u0259hiyy\u0259 Nazirliyi, iqtisad\u00e7\u0131 \u2013 1999-2001  Az\u0259rbaycan D\u00f6vl\u0259t \u0130qtisad Universitetinin  \u201cT\u0259dris hiss\u0259si\u201d,  \u201cKommersiya\u201d fak\u00fclt\u0259si,  \u201cMagistratura m\u0259rk\u0259zi\u201d \u2013 2001 \u20132017  Az\u0259rbaycan D\u00f6vl\u0259t \u0130qtisad Universitetinin \u201cMarketinq\u201d kafedras\u0131, s\/h m\u00fc\u0259llim \u2013 2012 \u2013 2014  Az\u0259rbaycan D\u00f6vl\u0259t \u0130qtisad Universitetinin Beyn\u0259lxalq magistratura v\u0259 doktorantura m\u0259rk\u0259zi, b\u00f6y\u00fck m\u00fct\u0259x\u0259ssis \u2013 2017 \u2013 2018  Az\u0259rbaycan D\u00f6vl\u0259t \u0130qtisad Universitetinin Beyn\u0259lxalq magistratura v\u0259 doktorantura m\u0259rk\u0259zi Katibliyinin katibi \u2013 17.10.2018\">\u0411\u0440\u043e\u0448\u044e\u0440\u0430 \u0446\u0435\u043d\u0442\u0440\u0430<\/a><\/em><\/span><\/h4>\n<h4><span style=\"color: #333399;\"><em><a style=\"color: #333399;\" href=\"https:\/\/unec.edu.az\/application\/uploads\/2017\/07\/UNEC-KATALOQ-son.pdf\">\u041a\u0430\u0442\u0430\u043b\u043e\u0433 \u041c\u0426\u041c\u0414<\/a><\/em><\/span><\/h4>\n","protected":false},"excerpt":{"rendered":"<p>\u0420\u0443\u043a\u043e\u0432\u043e\u0434\u0438\u0442\u0435\u043b\u044c: \u043a.\u044d.\u043d, \u0434\u043e\u0446. \u0418\u0441\u0430\u0435\u0432 \u0417\u043e\u0445\u0440\u0430\u0431 \u0417\u0443\u043b\u044c\u0444\u0443\u0433\u0430\u0440\u00a0 e-mail: sohrab.isayev@unec.edu.az \u0422\u0435\u043b\u0435\u0444\u043e\u043d: +(994) 12 449-91-13; +(994) 12 492-59-03 (1420) \u0417\u0430\u043c. \u0440\u0443\u043a\u043e\u0432\u043e\u0434\u0438\u0442\u0435\u043b\u044f: \u0434\u043e\u0446. \u0421\u0435\u0432\u0434\u0430 \u0421\u0430\u0440\u0434\u0430\u0440\u043e\u0432\u0430 \u042e\u0441\u0438\u0444 e-mail: sardarova_sevda@unec.edu.az \u0422\u0435\u043b\u0435\u0444\u043e\u043d: +(994) 12 492-59-03 (1425) e-mail:\u00a0huseynova.sevda@unec.edu.az \u0422\u0435\u043b\u0435\u0444\u043e\u043d:+(994) 12 440-47-42 ; 492-59-03 (1419) * \u041e\u0442\u0434\u0435\u043b \u0440\u0435\u0433\u0438\u0441\u0442\u0440\u0430\u0446\u0438\u0438, \u0443\u0447\u0435\u0442\u0430 \u0438 \u0434\u043e\u043a\u0443\u043c\u0435\u043d\u0442\u0430\u0446\u0438\u0438: +(994) 12 440-66-32 \u0422\u044c\u044e\u0442\u043e\u0440\u0441\u043a\u0438\u0439 \u043e\u0442\u0434\u0435\u043b: +(994) 12 440-47-42 \u0420\u0443\u043a\u043e\u0432\u043e\u0434\u0438\u0442\u0435\u043b\u0438 \u043f\u0440\u043e\u0433\u0440\u0430\u043c\u043c\u044b: +(994) 12 440-71-59 [&hellip;]<\/p>\n","protected":false},"author":6,"featured_media":0,"parent":0,"menu_order":0,"comment_status":"open","ping_status":"open","template":"page-templates\/3columncontent.php","meta":{"footnotes":""},"class_list":["post-101034","page","type-page","status-publish","hentry"],"_links":{"self":[{"href":"http:\/\/unec.edu.az\/ru\/wp-json\/wp\/v2\/pages\/101034","targetHints":{"allow":["GET"]}}],"collection":[{"href":"http:\/\/unec.edu.az\/ru\/wp-json\/wp\/v2\/pages"}],"about":[{"href":"http:\/\/unec.edu.az\/ru\/wp-json\/wp\/v2\/types\/page"}],"author":[{"embeddable":true,"href":"http:\/\/unec.edu.az\/ru\/wp-json\/wp\/v2\/users\/6"}],"replies":[{"embeddable":true,"href":"http:\/\/unec.edu.az\/ru\/wp-json\/wp\/v2\/comments?post=101034"}],"version-history":[{"count":67,"href":"http:\/\/unec.edu.az\/ru\/wp-json\/wp\/v2\/pages\/101034\/revisions"}],"predecessor-version":[{"id":480839,"href":"http:\/\/unec.edu.az\/ru\/wp-json\/wp\/v2\/pages\/101034\/revisions\/480839"}],"wp:attachment":[{"href":"http:\/\/unec.edu.az\/ru\/wp-json\/wp\/v2\/media?parent=101034"}],"curies":[{"name":"wp","href":"https:\/\/api.w.org\/{rel}","templated":true}]}}