{"id":12186,"date":"2015-05-18T21:13:12","date_gmt":"2015-05-18T17:13:12","guid":{"rendered":"https:\/\/unec.edu.az\/eliyev-fuad-bahadur-oglu-2\/"},"modified":"2018-09-27T11:27:38","modified_gmt":"2018-09-27T07:27:38","slug":"eliyev-fuad-bahadur-oglu","status":"publish","type":"page","link":"http:\/\/unec.edu.az\/ru\/eliyev-fuad-bahadur-oglu\/","title":{"rendered":"\u0441\u0442\/\u043f\u0440\u0435\u043f. \u0410\u043b\u0438\u0435\u0432 \u0424\u0443\u0430\u0434 \u0411\u0430\u0445\u0430\u0434\u0443\u0440 \u043e\u0433\u043b\u044b"},"content":{"rendered":"<h4 style=\"text-align: justify;\"><span style=\"color: #800000;\"><a href=\"https:\/\/unec.edu.az\/application\/uploads\/2015\/01\/Fuad-m_1-e1423805547965.jpg\"><img fetchpriority=\"high\" decoding=\"async\" class=\"alignleft wp-image-2098\" title=\"left\" src=\"https:\/\/unec.edu.az\/application\/uploads\/2015\/01\/Fuad-m_1-e1423805547965-300x200.jpg\" alt=\"Fuad m_\" width=\"335\" height=\"223\" srcset=\"http:\/\/unec.edu.az\/application\/uploads\/2015\/01\/Fuad-m_1-e1423805547965-300x200.jpg 300w, http:\/\/unec.edu.az\/application\/uploads\/2015\/01\/Fuad-m_1-e1423805547965.jpg 1024w\" sizes=\"(max-width: 335px) 100vw, 335px\" \/><\/a><em><span style=\"font-family: Arial, sans-serif;\">\u0410\u043b\u0438\u0435\u0432 \u0424\u0443\u0430\u0434 \u0411\u0430\u0445\u0430\u0434\u0443\u0440 \u043e\u0433\u043b\u044b<\/span><\/em><\/span><\/h4>\n<p>\u0420\u043e\u0434\u0438\u043b\u0441\u044f 26 \u0430\u0432\u0433\u0443\u0441\u0442\u0430 1974 \u0433\u043e\u0434\u0430 \u0432 \u0433\u043e\u0440\u043e\u0434\u0435 \u0410\u0433\u0434\u0436\u0430\u0431\u0435\u0434\u0438.<\/p>\n<p style=\"text-align: justify;\">\u0412 1996 \u0433\u043e\u0434\u0443 \u043e\u043a\u043e\u043d\u0447\u0438\u043b \u0444\u0430\u043a\u0443\u043b\u044c\u0442\u0435\u0442 \u00ab\u041f\u043e\u0434\u0433\u043e\u0442\u043e\u0432\u043a\u0430 \u043c\u0435\u043d\u0435\u0434\u0436\u0435\u0440\u0430\u00bb \u0418\u043d\u0441\u0442\u0438\u0442\u0443\u0442 \u0443\u043f\u0440\u0430\u0432\u043b\u0435\u043d\u0438\u044f \u043d\u0430\u0440\u043e\u0434\u043d\u044b\u043c \u0445\u043e\u0437\u044f\u0439\u0441\u0442\u0432\u043e\u043c \u043f\u0440\u0438 \u041a\u0430\u0431\u0438\u043d\u0435\u0442\u0435 \u043c\u0438\u043d\u0438\u0441\u0442\u0440\u043e\u0432 \u0410\u0437\u0435\u0440\u0431\u0430\u0439\u0434\u0436\u0430\u043d\u0441\u043a\u043e\u0439 \u0420\u0435\u0441\u043f\u0443\u0431\u043b\u0438\u043a\u0438. \u0412 \u0442\u043e\u043c \u0436\u0435 \u0433\u043e\u0434\u0443 \u043f\u043e\u0441\u0442\u0443\u043f\u0438\u043b \u0432 \u043c\u0430\u0433\u0438\u0441\u0442\u0440\u0430\u0442\u0443\u0440\u0443 \u043d\u0430 \u043e\u0442\u0434\u0435\u043b\u0435\u043d\u0438\u0435 \u00ab\u0424\u0438\u043d\u0430\u043d\u0441\u044b \u0438 \u0431\u0443\u0445\u0433\u0430\u043b\u0442\u0435\u0440\u0438\u044f\u00bb \u0443\u043d\u0438\u0432\u0435\u0440\u0441\u0438\u0442\u0435\u0442\u0430 \u0414\u0443\u043c\u043b\u0443\u043f\u0438\u043d\u0430\u0440 \u0422\u0443\u0440\u0435\u0446\u043a\u043e\u0439 \u0420\u0435\u0441\u043f\u0443\u0431\u043b\u0438\u043a\u0438. \u0412 1998 \u0433\u043e\u0434\u0443 \u0443\u0441\u043f\u0435\u0448\u043d\u043e \u0437\u0430\u043a\u043e\u043d\u0447\u0438\u043b \u0443\u043d\u0438\u0432\u0435\u0440\u0441\u0438\u0442\u0435\u0442.<\/p>\n<p style=\"text-align: justify;\">\u0412 1995-1996 \u0433\u043e\u0434\u044b \u0440\u0430\u0431\u043e\u0442\u0430\u043b \u043f\u0435\u0440\u0435\u0432\u043e\u0434\u0447\u0438\u043a\u043e\u043c \u0432 \u0411\u0430\u043a\u0438\u043d\u0441\u043a\u043e\u043c \u043f\u0440\u0435\u0434\u0441\u0442\u0430\u0432\u0438\u0442\u0435\u043b\u044c\u0441\u0442\u0432\u0435 \u0422\u0443\u0440\u0435\u0446\u043a\u043e\u0433\u043e \u0430\u0433\u0435\u043d\u0442\u0441\u0442\u0432\u0430 \u0440\u0430\u0437\u0432\u0438\u0442\u0438\u044f \u0438 \u0441\u043e\u0442\u0440\u0443\u0434\u043d\u0438\u0447\u0435\u0441\u0442\u0432\u0430 \u041c\u0438\u043d\u0438\u0441\u0442\u0435\u0440\u0441\u0442\u0432\u0430 \u0438\u043d\u043e\u0441\u0442\u0440\u0430\u043d\u043d\u044b\u0445 \u0434\u0435\u043b \u0422\u0443\u0440\u0446\u0438\u0438.<\/p>\n<p style=\"text-align: justify;\">\u0421 \u0441\u0435\u043d\u0442\u044f\u0431\u0440\u0435 1995 \u0433\u043e\u0434\u0430 \u0434\u043e \u043c\u0430\u044f \u00a02001 \u0433\u043e\u0434\u0430 \u0440\u0430\u0431\u043e\u0442\u0430\u043b \u0441\u0442\u0430\u0440\u0448\u0438\u043c \u043b\u0430\u0431\u043e\u0440\u0430\u043d\u0442\u043e\u043c \u0432 \u0418\u043d\u0441\u0442\u0438\u0442\u0443\u0442\u0435 \u0443\u043f\u0440\u0430\u0432\u043b\u0435\u043d\u0438\u044f \u043d\u0430\u0440\u043e\u0434\u043d\u044b\u043c \u0445\u043e\u0437\u044f\u0439\u0441\u0442\u0432\u043e\u043c \u043f\u0440\u0438 \u041a\u0430\u0431\u0438\u043d\u0435\u0442\u0435 \u043c\u0438\u043d\u0438\u0441\u0442\u0440\u043e\u0432 \u0410\u0437\u0435\u0440\u0431\u0430\u0439\u0434\u0436\u0430\u043d\u0441\u043a\u043e\u0439 \u0420\u0435\u0441\u043f\u0443\u0431\u043b\u0438\u043a\u0438. \u0421 1998 \u0433\u043e\u0434\u0430 \u0434\u043e \u043c\u0430\u044f 2001 \u0433\u043e\u0434\u0430 \u0432 \u0442\u043e\u043c \u0436\u0435 \u0438\u043d\u0441\u0442\u0438\u0442\u0443\u0442\u0435 \u0440\u0430\u0431\u043e\u0442\u0430\u043b \u043f\u0440\u0435\u043f\u043e\u0434\u0430\u0432\u0430\u0442\u0435\u043b\u0435\u043c.<\/p>\n<p style=\"text-align: justify;\">\u0421 \u0441\u0435\u043d\u0442\u044f\u0431\u0440\u044f 2001 \u0433\u043e\u0434\u0430\u00a0 \u0440\u0430\u0431\u043e\u0442\u0430\u043b\u00a0\u0441\u0442\u0440\u0430\u0448\u0438\u043c \u043f\u0440\u0435\u043f\u043e\u0434\u0430\u0432\u0430\u0442\u0435\u043b\u0435\u043c \u043d\u0430 \u043a\u0430\u0444\u0435\u0434\u0440\u0435 \u00ab\u0411\u0430\u043d\u043a\u043e\u0432\u0441\u043a\u043e\u0435 \u0434\u0435\u043b\u043e\u00bb. \u0421 \u0441\u0435\u043d\u0442\u044f\u0431\u0440\u044f 2018 \u0433\u043e\u0434\u0430 \u0440\u0430\u0431\u043e\u0442\u0430\u0435\u0442 \u043d\u0430 \u043a\u0430\u0444\u0435\u0434\u0440\u0435 &#171;\u042d\u043a\u043e\u043d\u043e\u043c\u0438\u043a\u0430 \u0438 \u0443\u043f\u0440\u0430\u0432\u043b\u0435\u043d\u0438\u0435 \u0431\u0438\u0437\u043d\u0435\u0441\u043e\u043c&#187;.<\/p>\n<p id=\"tw-target-text\" class=\"tw-data-text tw-ta tw-text-small\" dir=\"ltr\" data-placeholder=\"\u041f\u0435\u0440\u0435\u0432\u043e\u0434\"><span lang=\"ru\">\u0414\u043e 27\/09\/2018 \u043e\u043d \u0440\u0430\u0431\u043e\u0442\u0430\u043b \u0434\u0438\u0440\u0435\u043a\u0442\u043e\u0440\u043e\u043c \u0426\u0435\u043d\u0442\u0440\u0430 \u043a\u0430\u0440\u044c\u0435\u0440\u044b UNEC.<\/span><\/p>\n<p style=\"text-align: justify;\">\u00a0\u041e\u043f\u0443\u0431\u043b\u0438\u043a\u043e\u0432\u0430\u043b \u043e\u043a\u043e\u043b\u043e 20 \u0441\u0442\u0430\u0442\u0435\u0439 \u0438 \u0442\u0435\u0437\u0438\u0441\u043e\u0432.<\/p>\n<p style=\"text-align: justify;\">\u042f\u0432\u043b\u044f\u0435\u0442\u0441\u044f \u043e\u0434\u043d\u0438\u043c \u0438\u0437 \u043f\u0440\u0435\u043f\u043e\u0434\u0430\u0432\u0430\u0442\u0435\u043b\u0435\u0439, \u0440\u0430\u0437\u0440\u0430\u0431\u043e\u0442\u0430\u0432\u0448\u0438\u0445 \u043f\u0440\u043e\u0433\u0440\u0430\u043c\u043c\u0443 \u0434\u043b\u044f \u0431\u0430\u043a\u0430\u043b\u0430\u0432\u0440\u0430 \u043f\u043e \u0441\u043f\u0435\u0446\u0438\u0430\u043b\u044c\u043d\u043e\u0441\u0442\u0438 \u00ab\u0410\u043d\u0430\u043b\u0438\u0437 \u0438 \u043e\u0446\u0435\u043d\u043a\u0430 \u0438\u043d\u0432\u0435\u0441\u0442\u0438\u0446\u0438\u043e\u043d\u043d\u044b\u0445 \u043f\u0440\u043e\u0435\u043a\u0442\u043e\u0432\u00bb, \u0430 \u0442\u0430\u043a\u0436\u0435 \u0430\u0432\u0442\u043e\u0440\u043e\u043c \u0443\u0447\u0435\u0431\u043d\u043e\u0433\u043e \u043f\u043e\u0441\u043e\u0431\u0438\u044f \u043f\u043e\u0434 \u0442\u0430\u043a\u0438\u043c \u0436\u0435 \u043d\u0430\u0437\u0432\u0430\u043d\u0438\u0435\u043c.<\/p>\n<p><img decoding=\"async\" class=\"fancybox-margin alignnone wp-image-128219 size-thumbnail\" title=\"UNEC \u0259m\u0259kda\u015flar\u0131 K\u0130S \u00fczr\u0259 beyn\u0259lxalq auditor sertifikat\u0131 qazan\u0131b (18.09.2018)\" src=\"https:\/\/unec.edu.az\/application\/uploads\/2018\/09\/DSC_0286-150x150.jpg\" alt=\"DSC_0286\" width=\"150\" height=\"150\" \/><a class=\"fancybox-thumb\" href=\"https:\/\/unec.edu.az\/application\/uploads\/2015\/05\/DSC_8237.jpg\" rel=\"fancybox-thumb\"><img decoding=\"async\" class=\"fancybox-margin  alignnone wp-image-66683 size-thumbnail\" src=\"https:\/\/unec.edu.az\/application\/uploads\/2015\/05\/DSC_8237-150x150.jpg\" alt=\"DSC_8237\" width=\"150\" height=\"150\" \/><\/a><a class=\"fancybox-thumb\" href=\"https:\/\/unec.edu.az\/application\/uploads\/2015\/12\/14489534736073913237_750x500.jpg\" rel=\"fancybox-thumb\"><img loading=\"lazy\" decoding=\"async\" class=\"fancybox-margin  alignnone wp-image-29625 size-thumbnail\" src=\"https:\/\/unec.edu.az\/application\/uploads\/2015\/12\/14489534736073913237_750x500-150x150.jpg\" alt=\"14489534736073913237_750x500\" width=\"150\" height=\"150\" \/><\/a><a class=\"fancybox-thumb\" href=\"https:\/\/unec.edu.az\/application\/uploads\/2015\/12\/14489534735413816067_750x500.jpg\" rel=\"fancybox-thumb\"><img loading=\"lazy\" decoding=\"async\" class=\"fancybox-margin  alignnone wp-image-29623 size-thumbnail\" src=\"https:\/\/unec.edu.az\/application\/uploads\/2015\/12\/14489534735413816067_750x500-150x150.jpg\" alt=\"14489534735413816067_750x500\" width=\"150\" height=\"150\" \/><\/a><a class=\"fancybox-thumb\" href=\"https:\/\/unec.edu.az\/application\/uploads\/2015\/12\/Snimok111.jpg\" rel=\"fancybox-thumb\"><img loading=\"lazy\" decoding=\"async\" class=\"fancybox-margin  alignnone wp-image-29627 size-thumbnail\" src=\"https:\/\/unec.edu.az\/application\/uploads\/2015\/12\/Snimok111-150x150.jpg\" alt=\"\u0421\u043d\u0438\u043c\u043e\u043a111\" width=\"150\" height=\"150\" \/><\/a><a class=\"fancybox-thumb\" href=\"https:\/\/unec.edu.az\/application\/uploads\/2015\/05\/5555.jpg\" target=\"_blank\" rel=\"fancybox-thumb\"><img loading=\"lazy\" decoding=\"async\" class=\"fancybox-margin  alignnone wp-image-29720 size-thumbnail\" src=\"https:\/\/unec.edu.az\/application\/uploads\/2015\/05\/5555-150x150.jpg\" alt=\"5555\" width=\"150\" height=\"150\" \/><\/a><\/p>\n<p><em><span style=\"color: #000000;\"><a style=\"color: #000000;\" href=\"https:\/\/unec.edu.az\/ru\/unec-telebelerinin-uguru-en-yaxsi-biznes-ideyasi-ve-en-yaxsi-enactus-ruhu\/\">\u0423\u0441\u043f\u0435\u0445 \u0441\u0442\u0443\u0434\u0435\u043d\u0442\u043e\u0432 UNEC: \u00ab\u041b\u0443\u0447\u0448\u0430\u044f \u0431\u0438\u0437\u043d\u0435\u0441 \u0438\u0434\u0435\u044f\u00bb \u0438 \u00ab\u041b\u0443\u0447\u0448\u0438\u0439 \u0434\u0443\u0445 ENACTUS\u00bb <\/a>(30.05.2017)<br \/>\n<a style=\"color: #000000;\" href=\"https:\/\/unec.edu.az\/ru\/unec-in-telebe-ve-magistrleri-nufuzlu-sirketde-odenisli-tecrube-imkani-elde-edecek\/\">\u0421\u0442\u0443\u0434\u0435\u043d\u0442\u044b \u0438 \u043c\u0430\u0433\u0438\u0441\u0442\u0440\u044b UNEC \u043f\u043e\u043b\u0443\u0447\u0430\u0442 \u0432\u043e\u0437\u043c\u043e\u0436\u043d\u043e\u0441\u0442\u044c \u043f\u0440\u043e\u0439\u0442\u0438 \u043f\u0440\u0430\u043a\u0442\u0438\u043a\u0443 \u043d\u0430 \u043f\u043b\u0430\u0442\u043d\u043e\u0439 \u043e\u0441\u043d\u043e\u0432\u0435 \u0432 \u043f\u0440\u0435\u0441\u0442\u0438\u0436\u043d\u043e\u0439 \u043a\u043e\u043c\u043f\u0430\u043d\u0438\u0438 <\/a>(23.05.2017)<\/span><\/em><br \/>\n<em><span style=\"color: #000000;\"><a style=\"color: #000000;\" href=\"https:\/\/unec.edu.az\/ru\/unec-telebeleri-excelsior-hotel-spa-baku-otelinde\/\">\u0421\u0442\u0443\u0434\u0435\u043d\u0442\u044b UNEC \u0432 \u043e\u0442\u0435\u043b\u0435 \u201cExcelsior Hotel &amp; Spa Baku\u201d <\/a>(20.04.2017)<\/span><\/em><br \/>\n<em><span style=\"color: #000000;\"><a style=\"color: #000000;\" href=\"https:\/\/unec.edu.az\/ru\/unec-telebeleri-ugura-aparan-yolda-sexsi-pr-i-nece-qurmali\/\">\u0421\u0442\u0443\u0434\u0435\u043d\u0442\u044b UNEC \u043d\u0430 \u043f\u0443\u0442\u0438 \u043a \u0443\u0441\u043f\u0435\u0445\u0443 \u2013 \u043a\u0430\u043a \u0441\u043e\u0437\u0434\u0430\u0442\u044c \u00ab\u043b\u0438\u0447\u043d\u044b\u0439 PR\u201d?<\/a>\u00a0(18.04.2017)<\/span><\/em><br \/>\n<em><span style=\"color: #000000;\"><a style=\"color: #000000;\" href=\"https:\/\/unec.edu.az\/ru\/unec-in-telebe-ve-magistrleri-azerbaycan-senaye-sigorta-asc-nin-mukafatini-qazanib\/\">\u0421\u0442\u0443\u0434\u0435\u043d\u0442\u044b \u0438 \u043c\u0430\u0433\u0438\u0441\u0442\u0440\u044b \u043f\u043e\u043b\u0443\u0447\u0438\u043b\u0438 \u043f\u0440\u0435\u043c\u0438\u0438 \u00ab\u0410\u0437\u0435\u0440\u0431\u0430\u0439\u0434\u0436\u0430\u043d\u0441\u043a\u043e\u0433\u043e \u043f\u0440\u043e\u043c\u044b\u0448\u043b\u0435\u043d\u043d\u043e\u0433\u043e \u0441\u0442\u0440\u0430\u0445\u043e\u0432\u0430\u043d\u0438\u044f\u00bb<\/a>\u00a0(15.03.2017)<\/span><\/em><br \/>\n<em><span style=\"color: #000000;\"><a style=\"color: #000000;\" href=\"https:\/\/unec.edu.az\/ru\/maarifci-qht-ler-ve-gencler-teskilatlari-unec-in-karyera-merkezinde-beynelxalq-konulluler-gunu-nu-qeyd-etdiler\/\">\u041f\u0440\u043e\u0441\u0432\u0435\u0442\u0438\u0442\u0435\u043b\u044c\u0441\u043a\u0438\u0435 \u041d\u041f\u041e \u0438 \u043c\u043e\u043b\u043e\u0434\u0435\u0436\u043d\u044b\u0435 \u043e\u0440\u0433\u0430\u043d\u0438\u0437\u0430\u0446\u0438\u0438 \u043e\u0442\u043c\u0435\u0442\u0438\u043b\u0438 \u00ab\u041c\u0435\u0436\u0434\u0443\u043d\u0430\u0440\u043e\u0434\u043d\u044b\u0439 \u0434\u0435\u043d\u044c \u0434\u043e\u0431\u0440\u043e\u0432\u043e\u043b\u044c\u0446\u0435\u0432\u00bb \u0432 UNEC<\/a>\u00a0(06.12.2016)<\/span><\/em><br \/>\n<em><span style=\"color: #000000;\"><a style=\"color: #000000;\" href=\"https:\/\/unec.edu.az\/ru\/unec-academic-thinking-human-development\/\">\u00a0UNEC Academic Thinking: \u201cHuman development\u201d<\/a><a style=\"color: #000000;\" href=\"https:\/\/unec.edu.az\/ru\/unec-academic-thinking-human-development\/\">\u00a0<\/a>(23.11.2016)<br \/>\n<a style=\"color: #000000;\" href=\"https:\/\/unec.edu.az\/ru\/unec-beynelxalq-karyera-merkezleri-seminarinda-temsil-olunub\/\">\u00a0UNEC \u043f\u0440\u0435\u0434\u0441\u0442\u0430\u0432\u043b\u0435\u043d \u043d\u0430 \u0441\u0435\u043c\u0438\u043d\u0430\u0440\u0435 \u00ab\u041c\u0435\u0436\u0434\u0443\u043d\u0430\u0440\u043e\u0434\u043d\u044b\u0435 \u0446\u0435\u043d\u0442\u0440\u044b \u043a\u0430\u0440\u044c\u0435\u0440\u044b\u00bb<\/a>\u00a0(16.11.2016)\u00a0<\/span><\/em><\/p>\n<p><a class=\"fancybox-thumb\" href=\"https:\/\/unec.edu.az\/application\/uploads\/2017\/10\/DSC_57751.jpg\" rel=\"fancybox-thumb\"><img loading=\"lazy\" decoding=\"async\" class=\"alignnone wp-image-105695 size-thumbnail\" title=\"UNEC yeni layih\u0259l\u0259rini t\u0259qdim edir (06.10.2017)\" src=\"https:\/\/unec.edu.az\/application\/uploads\/2017\/10\/DSC_57751-150x150.jpg\" alt=\"DSC_5775\" width=\"150\" height=\"150\" \/><\/a><a class=\"fancybox-thumb\" href=\"https:\/\/unec.edu.az\/application\/uploads\/2017\/10\/DSC_57831.jpg\" rel=\"fancybox-thumb\"><img loading=\"lazy\" decoding=\"async\" class=\"alignnone wp-image-105696 size-thumbnail\" title=\"UNEC yeni layih\u0259l\u0259rini t\u0259qdim edir\" src=\"https:\/\/unec.edu.az\/application\/uploads\/2017\/10\/DSC_57831-150x150.jpg\" alt=\"DSC_5783\" width=\"150\" height=\"150\" \/><\/a><a class=\"fancybox-thumb\" href=\"https:\/\/unec.edu.az\/application\/uploads\/2017\/05\/enactus1.jpg\" rel=\"fancybox-thumb\"><img loading=\"lazy\" decoding=\"async\" class=\"alignnone wp-image-97406 size-thumbnail\" title=\"UNEC t\u0259l\u0259b\u0259l\u0259rinin u\u011furu: \u201c\u018fn yax\u015f\u0131 biznes ideyas\u0131\u201d v\u0259 \u201c\u018fn yax\u015f\u0131 ENACTUS ruhu\u201d (30.05.2017)\" src=\"https:\/\/unec.edu.az\/application\/uploads\/2017\/05\/enactus1-150x150.jpg\" alt=\"enactus1\" width=\"150\" height=\"150\" \/><\/a><a class=\"fancybox-thumb\" href=\"https:\/\/unec.edu.az\/application\/uploads\/2016\/11\/seminar33.jpg\" rel=\"fancybox-thumb\"><img loading=\"lazy\" decoding=\"async\" class=\"alignnone wp-image-72123 size-thumbnail\" title=\"UNEC \u201cBeyn\u0259lxalq Karyera M\u0259rk\u0259zl\u0259ri\u201d seminar\u0131nda t\u0259msil olunub (16.11.2016)\" src=\"https:\/\/unec.edu.az\/application\/uploads\/2016\/11\/seminar33-150x150.jpg\" alt=\"seminar33\" width=\"150\" height=\"150\" \/><\/a><a class=\"fancybox-thumb\" href=\"https:\/\/unec.edu.az\/application\/uploads\/2017\/03\/DSC_0640.jpg\" rel=\"fancybox-thumb\"><img loading=\"lazy\" decoding=\"async\" class=\"alignnone wp-image-87612 size-thumbnail\" title=\"T\u0259l\u0259b\u0259 v\u0259 magistrl\u0259r \u201cAz\u0259rbaycan S\u0259naye S\u0131\u011forta\u201d-n\u0131n m\u00fckafat\u0131n\u0131 qazand\u0131 (15.03.2017)\" src=\"https:\/\/unec.edu.az\/application\/uploads\/2017\/03\/DSC_0640-150x150.jpg\" alt=\"DSC_0640\" width=\"150\" height=\"150\" \/><\/a><a class=\"fancybox-thumb\" href=\"https:\/\/unec.edu.az\/application\/uploads\/2016\/12\/1-DSC_2601.jpg\" rel=\"fancybox-thumb\"><img loading=\"lazy\" decoding=\"async\" class=\"alignnone wp-image-75283 size-thumbnail\" title=\"UNEC-in professor-m\u00fc\u0259llim hey\u0259ti Sumqay\u0131t Kimya S\u0259naye Park\u0131nda olublar (07.12.2016)\" src=\"https:\/\/unec.edu.az\/application\/uploads\/2016\/12\/1-DSC_2601-150x150.jpg\" alt=\"1-DSC_2601\" width=\"150\" height=\"150\" \/><\/a><\/p>\n","protected":false},"excerpt":{"rendered":"<p>\u0410\u043b\u0438\u0435\u0432 \u0424\u0443\u0430\u0434 \u0411\u0430\u0445\u0430\u0434\u0443\u0440 \u043e\u0433\u043b\u044b \u0420\u043e\u0434\u0438\u043b\u0441\u044f 26 \u0430\u0432\u0433\u0443\u0441\u0442\u0430 1974 \u0433\u043e\u0434\u0430 \u0432 \u0433\u043e\u0440\u043e\u0434\u0435 \u0410\u0433\u0434\u0436\u0430\u0431\u0435\u0434\u0438. \u0412 1996 \u0433\u043e\u0434\u0443 \u043e\u043a\u043e\u043d\u0447\u0438\u043b \u0444\u0430\u043a\u0443\u043b\u044c\u0442\u0435\u0442 \u00ab\u041f\u043e\u0434\u0433\u043e\u0442\u043e\u0432\u043a\u0430 \u043c\u0435\u043d\u0435\u0434\u0436\u0435\u0440\u0430\u00bb \u0418\u043d\u0441\u0442\u0438\u0442\u0443\u0442 \u0443\u043f\u0440\u0430\u0432\u043b\u0435\u043d\u0438\u044f \u043d\u0430\u0440\u043e\u0434\u043d\u044b\u043c \u0445\u043e\u0437\u044f\u0439\u0441\u0442\u0432\u043e\u043c \u043f\u0440\u0438 \u041a\u0430\u0431\u0438\u043d\u0435\u0442\u0435 \u043c\u0438\u043d\u0438\u0441\u0442\u0440\u043e\u0432 \u0410\u0437\u0435\u0440\u0431\u0430\u0439\u0434\u0436\u0430\u043d\u0441\u043a\u043e\u0439 \u0420\u0435\u0441\u043f\u0443\u0431\u043b\u0438\u043a\u0438. \u0412 \u0442\u043e\u043c \u0436\u0435 \u0433\u043e\u0434\u0443 \u043f\u043e\u0441\u0442\u0443\u043f\u0438\u043b \u0432 \u043c\u0430\u0433\u0438\u0441\u0442\u0440\u0430\u0442\u0443\u0440\u0443 \u043d\u0430 \u043e\u0442\u0434\u0435\u043b\u0435\u043d\u0438\u0435 \u00ab\u0424\u0438\u043d\u0430\u043d\u0441\u044b \u0438 \u0431\u0443\u0445\u0433\u0430\u043b\u0442\u0435\u0440\u0438\u044f\u00bb \u0443\u043d\u0438\u0432\u0435\u0440\u0441\u0438\u0442\u0435\u0442\u0430 \u0414\u0443\u043c\u043b\u0443\u043f\u0438\u043d\u0430\u0440 \u0422\u0443\u0440\u0435\u0446\u043a\u043e\u0439 \u0420\u0435\u0441\u043f\u0443\u0431\u043b\u0438\u043a\u0438. \u0412 1998 \u0433\u043e\u0434\u0443 \u0443\u0441\u043f\u0435\u0448\u043d\u043e \u0437\u0430\u043a\u043e\u043d\u0447\u0438\u043b \u0443\u043d\u0438\u0432\u0435\u0440\u0441\u0438\u0442\u0435\u0442. \u0412 1995-1996 \u0433\u043e\u0434\u044b \u0440\u0430\u0431\u043e\u0442\u0430\u043b \u043f\u0435\u0440\u0435\u0432\u043e\u0434\u0447\u0438\u043a\u043e\u043c [&hellip;]<\/p>\n","protected":false},"author":10,"featured_media":0,"parent":0,"menu_order":0,"comment_status":"open","ping_status":"open","template":"","meta":{"footnotes":""},"class_list":["post-12186","page","type-page","status-publish","hentry"],"_links":{"self":[{"href":"http:\/\/unec.edu.az\/ru\/wp-json\/wp\/v2\/pages\/12186","targetHints":{"allow":["GET"]}}],"collection":[{"href":"http:\/\/unec.edu.az\/ru\/wp-json\/wp\/v2\/pages"}],"about":[{"href":"http:\/\/unec.edu.az\/ru\/wp-json\/wp\/v2\/types\/page"}],"author":[{"embeddable":true,"href":"http:\/\/unec.edu.az\/ru\/wp-json\/wp\/v2\/users\/10"}],"replies":[{"embeddable":true,"href":"http:\/\/unec.edu.az\/ru\/wp-json\/wp\/v2\/comments?post=12186"}],"version-history":[{"count":21,"href":"http:\/\/unec.edu.az\/ru\/wp-json\/wp\/v2\/pages\/12186\/revisions"}],"predecessor-version":[{"id":128771,"href":"http:\/\/unec.edu.az\/ru\/wp-json\/wp\/v2\/pages\/12186\/revisions\/128771"}],"wp:attachment":[{"href":"http:\/\/unec.edu.az\/ru\/wp-json\/wp\/v2\/media?parent=12186"}],"curies":[{"name":"wp","href":"https:\/\/api.w.org\/{rel}","templated":true}]}}