{"id":127180,"date":"2018-07-13T14:39:48","date_gmt":"2018-07-13T10:39:48","guid":{"rendered":"https:\/\/unec.edu.az\/?page_id=127180"},"modified":"2018-07-14T15:26:52","modified_gmt":"2018-07-14T11:26:52","slug":"bank-idej","status":"publish","type":"page","link":"http:\/\/unec.edu.az\/ru\/bank-idej\/","title":{"rendered":"\u0411\u0410\u041d\u041a \u0418\u0414\u0415\u0419"},"content":{"rendered":"<div class=\"col\"><form method=\"post\" id=\"cntctfrm_contact_form\" class=\"cntctfrm_contact_form cntctfrm_one_column cntctfrm_ltr cntctfrm_width_default\" action=\"\/ru\/wp-json\/wp\/v2\/pages\/127180#cntctfrm_contact_form\" enctype=\"multipart\/form-data\"><div id=\"cntctfrm_first_column\" class=\"cntctfrm_column\"><div class=\"cntctfrm_field_wrap cntctfrm_field_name_wrap\"namecontact><div class=\"cntctfrm_label cntctfrm_label_name\">\n\t\t\t\t\t\t\t\t\t<label for=\"cntctfrm_contact_name\"> <span class=\"required\">*<\/span><\/label><\/div><div class=\"cntctfrm_input cntctfrm_input_name\">\n\t\t\t\t\t\t\t\t\t<input namecontact class=\"text\" type=\"text\" size=\"40\" pattern=\"^([\\p{L}\\p{M}]{2,}(\\s)*(\\p{L}+\\p{M}*-*){1,})|([\\p{L}\\p{M}]{3,})\" title=\"\u0412\u0432\u0435\u0434\u0438\u0442\u0435 \u0442\u043e\u043b\u044c\u043a\u043e \u0431\u0443\u043a\u0432\u044b, \u043d\u0435 \u043c\u0435\u043d\u0435\u0435 3 \u0441\u0438\u043c\u0432\u043e\u043b\u043e\u0432, \u0441\u043b\u043e\u0432\u0430 \u0440\u0430\u0437\u0434\u0435\u043b\u044f\u044e\u0442\u0441\u044f \u043f\u0440\u043e\u0431\u0435\u043b\u0430\u043c\u0438.\" value=\"\" name=\"cntctfrm_contact_name\" id=\"cntctfrm_contact_name\" \/><\/div><\/div><div class=\"cntctfrm_field_wrap cntctfrm_field_email_wrap\"email><div class=\"cntctfrm_label cntctfrm_label_email\">\n\t\t\t\t\t\t\t\t\t<label for=\"cntctfrm_contact_email\"> <span class=\"required\">*<\/span><\/label>\n\t\t\t\t\t\t\t\t<\/div><div class=\"cntctfrm_input cntctfrm_input_email\">\n\t\t\t\t\t\t\t\t\t<input email class=\"text\" type=\"email\" size=\"40\" value=\"\" name=\"cntctfrm_contact_email\" id=\"cntctfrm_contact_email\" \/><\/div><\/div><div class=\"cntctfrm_field_wrap cntctfrm_field_subject_wrap\"subject><div class=\"cntctfrm_label cntctfrm_label_subject\">\n\t\t\t\t\t\t\t\t\t<label for=\"cntctfrm_contact_subject\"> <span class=\"required\">*<\/span><\/label>\n\t\t\t\t\t\t\t\t<\/div><div class=\"cntctfrm_input cntctfrm_input_subject\">\n\t\t\t\t\t\t\t\t<input subject pattern=\"^([\\p{M}\\p{L}]{1,}(\\s\\p{M}*\\p{L}+-*)*){3,}\" title=\"\u0412\u0432\u0435\u0434\u0438\u0442\u0435 \u0442\u043e\u043b\u044c\u043a\u043e \u0431\u0443\u043a\u0432\u044b, \u043d\u0435 \u043c\u0435\u043d\u0435\u0435 3 \u0441\u0438\u043c\u0432\u043e\u043b\u043e\u0432, \u0441\u043b\u043e\u0432\u0430 \u0440\u0430\u0437\u0434\u0435\u043b\u044f\u044e\u0442\u0441\u044f \u043f\u0440\u043e\u0431\u0435\u043b\u0430\u043c\u0438.\" class=\"text\" type=\"text\" size=\"40\" value=\"\" name=\"cntctfrm_contact_subject\" id=\"cntctfrm_contact_subject\" \/><\/div><\/div><div class=\"cntctfrm_field_wrap cntctfrm_field_message_wrap\"message><div class=\"cntctfrm_label cntctfrm_label_message\">\n\t\t\t\t\t\t\t\t<label for=\"cntctfrm_contact_message\"> <span class=\"required\">*<\/span><\/label>\n\t\t\t\t\t\t\t<\/div><div class=\"cntctfrm_input cntctfrm_input_message\">\n\t\t\t\t\t\t\t\t<textarea message rows=\"5\" cols=\"30\"name=\"cntctfrm_contact_message\" id=\"cntctfrm_contact_message\"><\/textarea><\/div><\/div><div class=\"cntctfrm_field_wrap cntctfrm_field_attachment_wrap\"><div class=\"cntctfrm_label cntctfrm_label_attachment\">\n\t\t\t\t\t\t\t\t\t\t<label for=\"cntctfrm_contact_attachment\"><\/label>\n\t\t\t\t\t\t\t\t\t<\/div><div class=\"cntctfrm_input cntctfrm_input_attachment\"> \n\t\t\t\t\t\t\t\t\t\t<input type=\"file\" name=\"cntctfrm_contact_attachment\" id=\"cntctfrm_contact_attachment\" \/><\/div><\/div><\/div><div class=\"clear\"><\/div><div class=\"cntctfrm_submit_wrap\"><div id=\"cntctfrm_submit_first_column\" class=\"cntctfrm_column\"><div class=\"cntctfrm_input cntctfrm_input_submit\"><input type=\"hidden\" value=\"send\" name=\"cntctfrm_contact_action\">\n\t\t\t\t\t\t\t<input type=\"hidden\" value=\"ru\" name=\"cntctfrm_language\">\n\t\t\t\t\t\t\t<input type=\"hidden\" value=\"1\" name=\"cntctfrm_form_submited\">\n\t\t\t\t\t\t\t<input type=\"hidden\" value=\"cntctfrm_options\" name=\"cntctfrm_options_name\">\n\t\t\t\t\t\t\t<input type=\"submit\" value=\"\" class=\"cntctfrm_contact_submit\" \/>\n\t\t\t\t\t\t<\/div><\/div><div id=\"cntctfrm_submit_second_column\" class=\"cntctfrm_column\"><\/div><div class=\"clear\"><\/div>\n\t\t\t<\/div>\n\t\t\t<\/form><\/div>\n<div class=\"col\">UNEC M\u00fc\u0259lliml\u0259rinin Online Vahid \u0130deya Bank\u0131 Sizin t\u0259r\u0259finizd\u0259n ir\u0259li s\u00fcr\u00fcl\u0259n t\u0259\u015f\u0259bb\u00fcsl\u0259rin toplanmas\u0131 v\u0259 d\u0259y\u0259rl\u0259ndirilm\u0259si \u00fc\u00e7\u00fcn haz\u0131rlanm\u0131\u015fd\u0131r.<br \/>\nH\u0259r birinizin t\u0259klifi bizim \u00fc\u00e7\u00fcn \u0259h\u0259miyy\u0259tlidir v\u0259 UNEC-in strateji inki\u015faf\u0131 \u00fc\u00e7\u00fcn bu istiqam\u0259td\u0259 aktivlik g\u00f6st\u0259rm\u0259yinizi arzu edirik.<\/div>\n","protected":false},"excerpt":{"rendered":"<p>UNEC M\u00fc\u0259lliml\u0259rinin Online Vahid \u0130deya Bank\u0131 Sizin t\u0259r\u0259finizd\u0259n ir\u0259li s\u00fcr\u00fcl\u0259n t\u0259\u015f\u0259bb\u00fcsl\u0259rin toplanmas\u0131 v\u0259 d\u0259y\u0259rl\u0259ndirilm\u0259si \u00fc\u00e7\u00fcn haz\u0131rlanm\u0131\u015fd\u0131r. H\u0259r birinizin t\u0259klifi bizim \u00fc\u00e7\u00fcn \u0259h\u0259miyy\u0259tlidir v\u0259 UNEC-in strateji inki\u015faf\u0131 \u00fc\u00e7\u00fcn bu istiqam\u0259td\u0259 aktivlik g\u00f6st\u0259rm\u0259yinizi arzu edirik.<\/p>\n","protected":false},"author":10,"featured_media":0,"parent":0,"menu_order":0,"comment_status":"open","ping_status":"open","template":"","meta":{"footnotes":""},"class_list":["post-127180","page","type-page","status-publish","hentry"],"_links":{"self":[{"href":"http:\/\/unec.edu.az\/ru\/wp-json\/wp\/v2\/pages\/127180","targetHints":{"allow":["GET"]}}],"collection":[{"href":"http:\/\/unec.edu.az\/ru\/wp-json\/wp\/v2\/pages"}],"about":[{"href":"http:\/\/unec.edu.az\/ru\/wp-json\/wp\/v2\/types\/page"}],"author":[{"embeddable":true,"href":"http:\/\/unec.edu.az\/ru\/wp-json\/wp\/v2\/users\/10"}],"replies":[{"embeddable":true,"href":"http:\/\/unec.edu.az\/ru\/wp-json\/wp\/v2\/comments?post=127180"}],"version-history":[{"count":2,"href":"http:\/\/unec.edu.az\/ru\/wp-json\/wp\/v2\/pages\/127180\/revisions"}],"predecessor-version":[{"id":127184,"href":"http:\/\/unec.edu.az\/ru\/wp-json\/wp\/v2\/pages\/127180\/revisions\/127184"}],"wp:attachment":[{"href":"http:\/\/unec.edu.az\/ru\/wp-json\/wp\/v2\/media?parent=127180"}],"curies":[{"name":"wp","href":"https:\/\/api.w.org\/{rel}","templated":true}]}}