{"id":12751,"date":"2015-06-02T15:19:51","date_gmt":"2015-06-02T11:19:51","guid":{"rendered":"https:\/\/unec.edu.az\/prof-ehmedov-ehmed-cabir-ismayil-oglu-2\/"},"modified":"2020-08-28T19:41:07","modified_gmt":"2020-08-28T15:41:07","slug":"prof-ehmedov-ehmed-cabir-ismayil-oglu","status":"publish","type":"page","link":"http:\/\/unec.edu.az\/ru\/prof-ehmedov-ehmed-cabir-ismayil-oglu\/","title":{"rendered":"\u043f\u0440\u043e\u0444. \u0410\u0445\u043c\u0435\u0434\u043e\u0432 \u0410\u0445\u043c\u0435\u0434-\u0414\u0436\u0430\u0431\u0438\u0440 \u0418\u0441\u043c\u0430\u0438\u043b \u043e\u0433\u043b\u044b"},"content":{"rendered":"<h4 style=\"text-align: justify;\"><\/h4>\n<h4 style=\"text-align: justify;\"><span style=\"color: #800000;\"><a href=\"https:\/\/unec.edu.az\/application\/uploads\/2015\/02\/ehmed.jpg\"><img decoding=\"async\" class=\"alignleft wp-image-4295 size-full\" src=\"https:\/\/unec.edu.az\/application\/uploads\/2015\/02\/ehmed.jpg\" alt=\"ehmed\" width=\"150\" height=\"200\" \/><\/a><\/span><\/h4>\n<p><span style=\"color: #800000;\">\u043f\u0440\u043e\u0444. \u0410\u0445\u043c\u0435\u0434\u043e\u0432 \u0410\u0445\u043c\u0435\u0434-\u0414\u0436\u0430\u0431\u0438\u0440 \u0418\u0441\u043c\u0430\u0438\u043b \u043e\u0433\u043b\u044b\u00a0\u00a0<\/span><\/p>\n<p>\u0420\u043e\u0434\u0438\u043b\u0441\u044f 6 \u0444\u0435\u0432\u0440\u0430\u043b\u044f 1942-\u0433\u043e \u0433\u043e\u0434\u0430 \u0432 \u0433\u043e\u0440\u043e\u0434\u0435 \u0428\u0435\u043a\u0438.<\/p>\n<p style=\"text-align: justify;\">\u041f\u043e\u0441\u043b\u0435 \u043e\u043a\u043e\u043d\u0447\u0430\u043d\u0438\u044f \u0432 1948-1958 \u0433.\u0433. \u0441\u0440\u0435\u0434\u043d\u0435\u0439 \u0448\u043a\u043e\u043b\u044b, 1958-1960 \u0433.\u0433. \u0443\u0447\u0438\u043b\u0441\u044f \u0432 \u0411\u0430\u043a\u0438\u043d\u0441\u043a\u043e\u0439 \u0442\u043e\u0440\u0433\u043e\u0432\u043e-\u043a\u0443\u043b\u0438\u043d\u0430\u0440\u043d\u043e\u0439 \u0448\u043a\u043e\u043b\u0435 \u0438 \u043f\u043e\u043b\u0443\u0447\u0438\u043b \u0441\u043f\u0435\u0446\u0438\u0430\u043b\u044c\u043d\u043e\u0441\u0442\u044c \u043a\u043e\u043d\u0434\u0438\u0442\u0435\u0440\u0430 7 \u0440\u0430\u0437\u0440\u044f\u0434\u0430. \u0412\u00a0 1960-1961 \u0433.\u0433. \u0440\u0430\u0431\u043e\u0442\u0430\u043b \u0432 \u0428\u0435\u043a\u0438\u043d\u0441\u043a\u043e\u043c \u043f\u0438\u0449\u0435\u0432\u043e\u043c \u043a\u043e\u043c\u0431\u0438\u043d\u0430\u0442\u0435 \u043d\u0430 \u0434\u043e\u043b\u0436\u043d\u043e\u0441\u0442\u0438 \u043c\u0430\u0441\u0442\u0435\u0440\u0430-\u043a\u043e\u043d\u0434\u0438\u0442\u0435\u0440\u0430.<\/p>\n<p style=\"text-align: justify;\">\u0412 1961- 1964 \u0433\u0433. \u0441\u043b\u0443\u0436\u0438\u043b \u0432 \u0440\u044f\u0434\u0430\u0445 \u0430\u0440\u043c\u0438\u0438, \u0412 1968- \u043c \u0433\u043e\u0434\u0443 \u043e\u043a\u043e\u043d\u0447\u0438\u043b \u0441 \u0434\u0438\u043f\u043b\u043e\u043c\u043e\u043c \u043e\u0442\u043b\u0438\u0447\u0438\u044f \u0410\u0437\u0435\u0440\u0431\u0430\u0439\u0434\u0436\u0430\u043d\u0441\u043a\u0438\u0439 \u0438\u043d\u0441\u0442\u0438\u0442\u0443\u0442 \u043d\u0430\u0440\u043e\u0434\u043d\u043e\u0433\u043e \u0445\u043e\u0437\u044f\u0439\u0441\u0442\u0432\u0430 \u0438\u043c.\u0414.\u0411\u0443\u043d\u0438\u0430\u0442\u0437\u0430\u0434\u0435, \u043f\u043e \u0441\u043f\u0435\u0446\u0438\u0430\u043b\u044c\u043d\u043e\u0441\u0442\u0438 \u00ab\u0422\u043e\u0432\u0430\u0440\u043e\u0432\u0435\u0434\u0435\u043d\u0438\u0435 \u043f\u0440\u043e\u0434\u0443\u043a\u0442\u043e\u0432 \u043f\u0438\u0442\u0430\u043d\u0438\u044f \u0438 \u043e\u0440\u0433\u0430\u043d\u0438\u0437\u0430\u0446\u0438\u044f \u0442\u043e\u0440\u0433\u043e\u0432\u043b\u0438\u00bb.<\/p>\n<p style=\"text-align: justify;\">\u0423\u0447\u0438\u043b\u0441\u044f \u0432 \u0430\u0441\u043f\u0438\u0440\u0430\u043d\u0442\u0443\u0440\u0435 \u043f\u043e \u0441\u043f\u0435\u0446\u0438\u0430\u043b\u044c\u043d\u043e\u0441\u0442\u0438 \u00ab\u0422\u043e\u0432\u0430\u0440\u043e\u0432\u0435\u0434\u0435\u043d\u0438\u0435 \u043f\u0440\u043e\u0434\u0443\u043a\u0442\u043e\u0432 \u043f\u0438\u0442\u0430\u043d\u0438\u044f\u00bb. \u0412 1973- \u043c \u0433\u043e\u0434\u0443 \u0437\u0430\u0449\u0438\u0442\u0438\u043b \u043a\u0430\u043d\u0434\u0438\u0434\u0430\u0442\u0441\u043a\u0443\u044e \u0434\u0438\u0441\u0441\u0435\u0440\u0442\u0430\u0446\u0438\u044e \u043d\u0430 \u0442\u0435\u043c\u0443 \u00ab\u0418\u0437\u0443\u0447\u0435\u043d\u0438\u0435 \u0442\u043e\u0432\u0430\u0440\u043e\u0432\u0435\u0434\u0447\u0435\u0441\u043a\u0438\u0445 \u0441\u0432\u043e\u0439\u0441\u0442\u0432 \u0432\u044b\u0440\u0430\u0449\u0438\u0432\u0430\u0435\u043c\u043e\u0433\u043e \u0432 \u0410\u0437\u0435\u0440\u0431\u0430\u0439\u0434\u0436\u0430\u043d\u0435 \u0448\u0430\u0444\u0440\u0430\u043d\u0430\u00bb. \u0421 1971-\u0433\u043e \u0433\u043e\u0434\u0430 \u0437\u0430\u043d\u0438\u043c\u0430\u0435\u0442\u0441\u044f \u043f\u0435\u0434\u0430\u0433\u043e\u0433\u0438\u0447\u0435\u0441\u043a\u043e\u0439 \u0434\u0435\u044f\u0442\u0435\u043b\u044c\u043d\u043e\u0441\u0442\u044c\u044e, \u0441 1978-\u0433\u043e \u0433\u043e\u0434\u0430 \u2013 \u043d\u0430 \u0434\u043e\u043b\u0436\u043d\u043e\u0441\u0442\u0438 \u0434\u043e\u0446\u0435\u043d\u0442, \u0441 \u00a02001-\u0433\u043e \u0433\u043e\u0434\u0430\u00a0 \u2013\u00a0 \u043f\u0440\u043e\u0444\u0435\u0441\u0441\u043e\u0440\u0430.<\/p>\n<p style=\"text-align: justify;\">\u0421 1971 \u0433\u043e\u0434\u0430 \u0440\u0430\u0431\u043e\u0442\u0430\u043b \u0432 \u0412\u0423\u0417-\u0430\u0445 \u0410 \u00a0\u0441\u043d\u0430\u0447\u0430\u043b\u0430 \u043d\u0430 \u0434\u043e\u043b\u0436\u043d\u043e\u0441\u0442\u0438 \u0430\u0441\u0441\u0438\u0441\u0442\u0435\u043d\u0442\u0430, \u0437\u0430\u0442\u0435\u043c \u0441\u0442. \u043f\u0440\u0435\u043f\u043e\u0434\u0430\u0432\u0430\u0442\u0435\u043b\u044f (1973), \u0434\u043e\u0446\u0435\u043d\u0442 (1978), \u0437\u0430\u043c. \u0434\u0435\u043a\u0430\u043d\u0430 (1977-1983), \u0434\u0435\u043a\u0430\u043d\u0430 (1984-1987) \u0438 \u0432 \u0440\u0430\u0437\u043b\u0438\u0447\u043d\u044b\u0445 \u0438\u043d\u0441\u0442\u0438\u0442\u0443\u0442\u0430\u0445 \u043d\u0430 \u0432\u044b\u0431\u043e\u0440\u043d\u043e\u0439 \u0434\u043e\u043b\u0436\u043d\u043e\u0441\u0442\u0438 \u0437\u0430\u0432\u0435\u0434\u0443\u044e\u0449\u0435\u0433\u043e \u043a\u0430\u0444\u0435\u0434\u0440\u043e\u0439 (1983, 1991, 1996, 2006).<\/p>\n<p style=\"text-align: justify;\">\u0412 1992 \u0433\u043e\u0434\u0443 \u0431\u044b\u043b \u0443\u0434\u043e\u0441\u0442\u043e\u0435\u043d \u0437\u0432\u0430\u043d\u0438\u044f \u00ab\u0412\u0435\u0442\u0435\u0440\u0430\u043d \u0442\u0440\u0443\u0434\u0430\u00bb, \u0432\u00a02002-\u043c \u0433\u043e\u0434\u0443 \u0435\u043c\u0443 \u0431\u044b\u043b\u043e \u043f\u0440\u0438\u0441\u0443\u0436\u0434\u0435\u043d\u043e \u043f\u043e\u0447\u0435\u0442\u043d\u043e\u0435 \u0437\u0432\u0430\u043d\u0438\u0435 \u00ab\u0417\u0430\u0441\u043b\u0443\u0436\u0435\u043d\u043d\u044b\u0439 \u043f\u0435\u0434\u0430\u0433\u043e\u0433\u00bb. \u041e\u043d \u2013 \u0447\u043b\u0435\u043d \u0421\u043e\u044e\u0437\u0430 \u0436\u0443\u0440\u043d\u0430\u043b\u0438\u0441\u0442\u043e\u0432 \u0410\u0437\u0435\u0440\u0431\u0430\u0439\u0434\u0436\u0430\u043d\u0430 \u0438 \u0421\u043e\u044e\u0437\u0430 \u043f\u0438\u0441\u0430\u0442\u0435\u043b\u0435\u0439 \u0410\u0437\u0435\u0440\u0431\u0430\u0439\u0434\u0436\u0430\u043d\u0430. \u0412 \u043d\u0430\u0441\u0442\u043e\u044f\u0449\u0435\u0435 \u0432\u0440\u0435\u043c\u044f \u044f\u0432\u043b\u044f\u0435\u0442\u0441\u044f \u0437\u0430\u0432\u0435\u0434\u0443\u044e\u0449\u0438\u043c \u043a\u0430\u0444\u0435\u0434\u0440\u043e\u0439 \u00ab\u0422\u043e\u0432\u0430\u0440\u043e\u0432\u0435\u0434\u0435\u043d\u0438\u0435 \u0438 \u044d\u043a\u0441\u043f\u0435\u0440\u0442\u0438\u0437\u0430 \u043f\u0440\u043e\u0434\u0443\u043a\u0442\u043e\u0432 \u043f\u0438\u0442\u0430\u043d\u0438\u044f\u00bb. \u0421 2003 \u0433\u043e\u0434\u0430 \u2013 \u0441\u043e\u0432\u0435\u0442\u043d\u0438\u043a \u043a\u043e\u043c\u043f\u0430\u043d\u0438\u0438 \u00abAz\u0259rsun Holdinq\u00bb. \u0412 2010 \u0433\u043e\u0434\u0443 \u0431\u044b\u043b \u0443\u0434\u043e\u0441\u0442\u043e\u0435\u043d \u043f\u0440\u0435\u043c\u0438\u0438 \u0421\u041c\u0418 \u2013\u00a0 \u00abQ\u0131z\u0131l Q\u0259l\u0259m\u00bb (\u0417\u043e\u043b\u043e\u0442\u043e\u0435 \u043f\u0435\u0440\u043e).<\/p>\n<p style=\"text-align: justify;\">\u0414\u043e 04.09.2020 \u0433\u043e\u0434\u0430 \u043f\u043e\u0447\u0435\u0442\u043d\u044b\u0439 \u043f\u0440\u043e\u0444\u0435\u0441\u0441\u043e\u0440 UNEC, \u043a.\u0442.\u043d. \u0410\u0445\u043c\u0435\u0434\u043e\u0432 \u0410\u0445\u043c\u0435\u0434-\u0414\u0436\u0430\u0431\u0438\u0440 \u0418\u0441\u043c\u0430\u0438\u043b \u043e\u0433\u043b\u044b \u0440\u0430\u0431\u043e\u0442\u0430\u043b \u0434\u043e\u0446\u0435\u043d\u0442\u043e\u043c \u043a\u0430\u0444\u0435\u0434\u0440\u044b \u00ab\u042d\u043a\u0441\u043f\u0435\u0440\u0442\u0438\u0437\u0430 \u043f\u043e\u0442\u0440\u0435\u0431\u0438\u0442\u0435\u043b\u044c\u0441\u043a\u0438\u0445 \u0442\u043e\u0432\u0430\u0440\u043e\u0432\u00bb.<\/p>\n<p style=\"text-align: justify;\">\u041e\u043d \u044f\u0432\u043b\u044f\u0435\u0442\u0441\u044f \u0430\u0432\u0442\u043e\u0440\u043e\u043c \u0431\u043e\u043b\u0435\u0435 325 \u043d\u0430\u0443\u0447\u043d\u044b\u0445 \u0440\u0430\u0431\u043e\u0442 \u043e\u0431\u0449\u0438\u043c \u043e\u0431\u044a\u0435\u043c\u043e\u043c 1150 \u043f\u0435\u0447\u0430\u0442\u043d\u044b\u0445 \u043b\u0438\u0441\u0442\u043e\u0432, \u0432 \u0442\u043e\u043c \u0447\u0438\u0441\u043b\u0435 10 \u0443\u0447\u0435\u0431\u043d\u0438\u043a\u043e\u0432, 15 \u0443\u0447\u0435\u0431\u043d\u044b\u0445 \u043f\u043e\u0441\u043e\u0431\u0438\u0439, 38 \u043a\u043d\u0438\u0433 \u0438 \u043c\u043e\u043d\u043e\u0433\u0440\u0430\u0444\u0438\u0439, \u0431\u043e\u043b\u0435\u0435 40 \u0443\u0447\u0435\u0431\u043d\u043e-\u043c\u0435\u0442\u043e\u0434\u0438\u0447\u0435\u0441\u043a\u0438\u0445 \u043f\u043e\u0441\u043e\u0431\u0438\u0439 \u0438 \u043f\u0440\u043e\u0433\u0440\u0430\u043c\u043c. \u0412 10- \u0442\u043e\u043c\u043d\u043e\u0439 \u0410\u0437\u0435\u0440\u0431\u0430\u0439\u0434\u0436\u0430\u043d\u0441\u043a\u043e\u0439 \u0441\u043e\u0432\u0435\u0442\u0441\u043a\u043e\u0439 \u044d\u043d\u0446\u0438\u043a\u043b\u043e\u043f\u0435\u0434\u0438\u0438 \u043e\u043f\u0443\u0431\u043b\u0438\u043a\u043e\u0432\u0430\u043d\u043e \u0435\u0433\u043e \u00a072 \u0441\u0442\u0430\u0442\u0435\u0439 \u043e \u043f\u0440\u043e\u0434\u0443\u043a\u0442\u0430\u0445 \u043f\u0438\u0442\u0430\u043d\u0438\u044f. \u0412 \u0420\u0435\u0441\u043f\u0443\u0431\u043b\u0438\u043a\u0430\u043d\u0441\u043a\u043e\u0439 \u0431\u0438\u0431\u043b\u0438\u043e\u0442\u0435\u043a\u0435 \u0438\u043c. \u041c.\u0424.\u0410\u0445\u0443\u043d\u0434\u043e\u0432\u0430 \u0445\u0440\u0430\u043d\u044f\u0442\u0441\u044f \u0431\u043e\u043b\u0435\u0435\u00a0 60\u00a0 \u0435\u0433\u043e \u043a\u043d\u0438\u0433.<\/p>\n<p style=\"text-align: justify;\">\u0418\u043c\u0435\u0435\u0442 2 \u0441\u044b\u043d\u043e\u0432\u0435\u0439 \u0438 5 \u0432\u043d\u0443\u043a\u043e\u0432.<\/p>\n<p style=\"text-align: justify;\"><span style=\"color: #000000;\"><em><a style=\"color: #000000;\" href=\"https:\/\/unec.edu.az\/ru\/unec-professorunun-yeni-kitabi-nesr-olunub\/\">\u041e\u043f\u0443\u0431\u043b\u0438\u043a\u043e\u0432\u0430\u043d\u0430 \u043d\u043e\u0432\u0430\u044f \u043a\u043d\u0438\u0433\u0430 \u043f\u0440\u043e\u0444\u0435\u0441\u0441\u043e\u0440\u0430 UNEC<\/a>\u00a0(06.02.2017)<\/em><\/span><\/p>\n<p style=\"text-align: justify;\"><a class=\"fancybox-thumb\" href=\"https:\/\/unec.edu.az\/application\/uploads\/2017\/02\/A-Cabir-1.jpg\" rel=\"fancybox-thumb\"><img decoding=\"async\" class=\"fancybox-margin alignnone wp-image-83149 size-image236x180\" title=\"UNEC professorunun yeni kitab\u0131 n\u0259\u015fr olunub (06.02.2017)\" src=\"https:\/\/unec.edu.az\/application\/uploads\/2017\/02\/A-Cabir-1-236x180.jpg\" alt=\"A-Cabir-1\" width=\"236\" height=\"180\" \/><\/a>\u00a0<a class=\"fancybox-thumb\" href=\"https:\/\/unec.edu.az\/application\/uploads\/2017\/02\/A-Cabir-2.jpg\" rel=\"fancybox-thumb\"><img decoding=\"async\" class=\"fancybox-margin alignnone wp-image-83150 size-image236x180\" title=\"UNEC professorunun yeni kitab\u0131 n\u0259\u015fr olunub (06.02.2017)\" src=\"https:\/\/unec.edu.az\/application\/uploads\/2017\/02\/A-Cabir-2-236x180.jpg\" alt=\"A-Cabir-2\" width=\"236\" height=\"180\" \/><\/a>\u00a0<a class=\"fancybox-thumb\" href=\"https:\/\/unec.edu.az\/application\/uploads\/2017\/02\/A-Cabir-3.jpg\" rel=\"fancybox-thumb\"><img loading=\"lazy\" decoding=\"async\" class=\"fancybox-margin alignnone wp-image-83151 size-image236x180\" title=\"UNEC professorunun yeni kitab\u0131 n\u0259\u015fr olunub (06.02.2017)\" src=\"https:\/\/unec.edu.az\/application\/uploads\/2017\/02\/A-Cabir-3-236x180.jpg\" alt=\"A-Cabir-3\" width=\"236\" height=\"180\" \/><\/a><\/p>\n<p style=\"text-align: justify;\"><span style=\"color: #000000;\"><em><a style=\"color: #000000;\" href=\"https:\/\/unec.edu.az\/application\/uploads\/2015\/06\/hm_d-Cabirin-kitablar.pdf\"><span lang=\"ru\">\u0421\u041f\u0418\u0421\u041e\u041a \u043a\u043d\u0438\u0433 <\/span>\u043e\u043f\u0443\u0431\u043b\u0438\u043a\u043e\u0432\u0430\u043d\u043d\u044b\u0445 \u0432 1970-2015 \u0433.\u0433.<br \/>\n<\/a><a style=\"color: #000000;\" href=\"https:\/\/unec.edu.az\/application\/uploads\/2015\/06\/1968-2015-elmi-_s_rl.pdf\">\u0421\u041f\u0418\u0421\u041e\u041a \u00a0\u043d\u0430\u0443\u0447\u043d\u044b\u0445 \u0438 \u043c\u0435\u0442\u043e\u0434\u0438\u0447\u0435\u0441\u043a\u0438\u0445 \u0440\u0430\u0431\u043e\u0442\u00a0\u043e\u043f\u0443\u0431\u043b\u0438\u043a\u043e\u0432\u0430\u043d\u043d\u044b\u0445 \u0432 1968-2015 \u0433.\u0433.<br \/>\n<\/a><a style=\"color: #000000;\" href=\"https:\/\/unec.edu.az\/application\/uploads\/2015\/06\/2015-ci-ild_-n_sr-olunan-elmi-m_qal_l_r.pdf\"><span lang=\"ru\">\u041d\u0410\u0423\u0427\u041d\u042b\u0415 \u041f\u0423\u0411\u041b\u0418\u041a\u0410\u0426\u0418\u0418 \u043e<\/span>\u043f\u0443\u0431\u043b\u0438\u043a\u043e\u0432\u0430\u043d\u043d\u044b\u0435 \u0432 2015 \u0433\u043e\u0434\u0443<br \/>\n<\/a><a style=\"color: #000000;\" href=\"https:\/\/unec.edu.az\/application\/uploads\/2015\/06\/M-Umumi-texhol-muhazir_-m_tnl_ri.pdf\">\u041b\u0415\u041a\u0426\u0418\u0418 \u043f\u043e \u043f\u0440\u0435\u0434\u043c\u0435\u0442\u0443\u00a0\u00ab\u0422\u0435\u0445\u043d\u043e\u043b\u043e\u0433\u0438\u044f \u0442\u043e\u0432\u0430\u0440\u043e\u0432 \u0448\u0438\u0440\u043e\u043a\u043e\u0433\u043e \u043f\u043e\u0442\u0440\u0435\u0431\u043b\u0435\u043d\u0438\u044f &#187; ( \u043f\u0438\u0449\u0435\u0432\u044b\u0435 \u043f\u0440\u043e\u0434\u0443\u043a\u0442\u044b )<br \/>\n<\/a><a style=\"color: #000000;\" href=\"https:\/\/unec.edu.az\/application\/uploads\/2015\/06\/MT-v_-Taml_-mal-muhazir_-m_tnl_ri.pdf\">\u041b\u0415\u041a\u0426\u0418\u0418 \u043f\u043e \u043f\u0440\u0435\u0434\u043c\u0435\u0442\u0443 \u00a0\u00a0&#171;\u0418\u0441\u0441\u043b\u0435\u0434\u043e\u0432\u0430\u043d\u0438\u044f \u0438 \u044d\u043a\u0441\u043f\u0435\u0440\u0442\u0438\u0437\u0430\u00a0\u0444\u0440\u0443\u043a\u0442\u044b \u0438 \u043e\u0432\u043e\u0449\u0435\u0439 \u0438 \u043d\u0435\u0441\u043b\u0430\u0434\u043a\u0438\u0445 \u0442\u043e\u0432\u0430\u0440\u043e\u0432&#187;<\/a><\/em><\/span><\/p>\n<p><span style=\"color: #000000;\"><em><a style=\"color: #000000;\" href=\"https:\/\/unec.edu.az\/application\/uploads\/2015\/06\/M-Umumi-texhol-muhazir_-m_tnl_ri.pdf\"><br \/>\n<\/a><strong>\u042d\u043b\u0435\u043a\u0442\u0440\u043e\u043d\u043d\u044b\u0435 \u0432\u0430\u0440\u0438\u0430\u043d\u0442\u044b:<\/strong><a style=\"color: #000000;\" href=\"https:\/\/unec.edu.az\/application\/uploads\/2015\/06\/M-Umumi-texhol-muhazir_-m_tnl_ri.pdf\"><br \/>\n<\/a><\/em><\/span><\/p>\n<h4><em><span style=\"color: #000000;\">\u0423\u0447\u0435\u0431\u043d\u0438\u043a\u0438:<\/span><\/em><\/h4>\n<p><span style=\"color: #000000;\"><a style=\"color: #000000;\" href=\"https:\/\/unec.edu.az\/application\/uploads\/2015\/06\/BMAM-Ekspertizasi-darslik.doc\">Bitki m\u0259n\u015f\u0259li m\u0259hsullar\u0131n ekspertizas\u0131<\/a>. 2005<\/span><br \/>\n<span style=\"color: #000000;\"><a style=\"color: #000000;\" href=\"https:\/\/unec.edu.az\/application\/uploads\/2015\/06\/rzaq-Mal-mt-mumi-kurs-d-rslik.doc\">\u018frzaq mallar\u0131 \u0259mt\u0259\u0259\u015f\u00fcnasl\u0131\u011f\u0131. 2012\u00a0<\/a><\/span><br \/>\n<span style=\"color: #000000;\"><a style=\"color: #000000;\" href=\"https:\/\/unec.edu.az\/application\/uploads\/2015\/06\/zaq-mal-N-z-sas-D-rslik.doc\">\u018fzaq mallar\u0131 \u0259mt\u0259\u0259\u015f\u00fcnasl\u0131\u011f\u0131n\u0131n n\u0259z\u0259ri \u0259saslar\u0131<\/a>. 2005<\/span><br \/>\n<span style=\"color: #000000;\"><a style=\"color: #000000;\" href=\"https:\/\/unec.edu.az\/application\/uploads\/2015\/06\/HMAM-Ekspertizasi-darslik.doc\">Heyvanat m\u0259n\u015f\u0259li m\u0259hsullar\u0131n ekspertizas\u0131. 2005\u00a0<\/a><\/span><br \/>\n<span style=\"color: #000000;\"><a style=\"color: #000000;\" href=\"https:\/\/unec.edu.az\/application\/uploads\/2015\/06\/Mejve-terevez-mt-D-rslik.doc\">M\u0435\u0439\u0432\u0259 v\u0259 t\u0259r\u0259v\u0259z \u0259mt\u0259\u0259\u015f\u00fcnasl\u0131\u011f\u0131. 200<\/a>9<\/span><br \/>\n<span style=\"color: #000000;\"><a style=\"color: #000000;\" href=\"https:\/\/unec.edu.az\/application\/uploads\/2015\/06\/Q-nnad-mal-mt-nas-d-rslik.doc\">Q\u0259nnad\u0131 mallar\u0131 \u0259mt\u0259\u0259\u015f\u00fcnasl\u0131\u011f\u0131. <\/a>2010<\/span><br \/>\n<span style=\"color: #000000;\"><a style=\"color: #000000;\" href=\"https:\/\/unec.edu.az\/application\/uploads\/2015\/06\/Taml-mal-mt-nas-D-rslik.doc\">Taml\u0131 mallar\u0131n \u0259mt\u0259\u0259\u015f\u00fcnasl\u0131\u011f\u0131. 2010\u00a0<\/a><\/span><\/p>\n<p>&nbsp;<\/p>\n<h4><em><span style=\"color: #000000;\">\u0423\u0447\u0435\u0431\u043d\u044b\u0435 \u043f\u043e\u0441\u043e\u0431\u0438\u044f:<\/span><\/em><\/h4>\n<p><span style=\"color: #000000;\"><a style=\"color: #000000;\" href=\"https:\/\/unec.edu.az\/application\/uploads\/2015\/06\/1002-shirniyyat.doc\">\u015eirniyyat<\/a>. 2010<\/span><br \/>\n<span style=\"color: #000000;\"><a style=\"color: #000000;\" href=\"https:\/\/unec.edu.az\/application\/uploads\/2015\/06\/Az-rbaycan-r-yi.doc\">Az\u0259rbaycan \u00e7\u00f6r\u0259yi<\/a>. 2010<\/span><br \/>\n<span style=\"color: #000000;\"><a style=\"color: #000000;\" href=\"https:\/\/unec.edu.az\/application\/uploads\/2015\/06\/Az-r-aycan-z-m-nd-n-qidal-m-hsullar.doc\">Az\u0259rbaycan \u00fcz\u00fcm\u00fcnd\u0259n qidal\u0131 \u0259rzaq m\u0259hsullar\u0131. 2009<\/a><\/span><br \/>\n<span style=\"color: #000000;\"><a style=\"color: #000000;\" href=\"https:\/\/unec.edu.az\/application\/uploads\/2015\/06\/Chay-kitabi.doc\">Az\u0259rbaycan \u00e7ay\u0131. 2010<\/a><\/span><br \/>\n<span style=\"color: #000000;\"><a style=\"color: #000000;\" href=\"https:\/\/unec.edu.az\/application\/uploads\/2015\/06\/dviyy-l-r-v-Taml-Qatmalar.doc\">\u018fdviyy\u0259l\u0259r v\u0259 taml\u0131 qatmalar<\/a>. 2009<\/span><br \/>\n<span style=\"color: #000000;\"><a style=\"color: #000000;\" href=\"https:\/\/unec.edu.az\/application\/uploads\/2015\/06\/Milli-az-r-rb-tl-ri-v-spirtsiz-i-kil-r.doc\">Milli az\u0259rbaycan \u015f\u0259rb\u0259tl\u0259ri v\u0259 spirtsiz i\u00e7kil\u0259r<\/a>. 2014<\/span><br \/>\n<span style=\"color: #000000;\"><a style=\"color: #000000;\" href=\"https:\/\/unec.edu.az\/application\/uploads\/2015\/06\/Novruz-sufrasi.doc\">Novruz s\u00fcfr\u0259si<\/a>. 2011<\/span><br \/>\n<span style=\"color: #000000;\"><a style=\"color: #000000;\" href=\"https:\/\/unec.edu.az\/application\/uploads\/2015\/06\/Taml-mallar-n-ekspertizas-d-rs-v-saiti.doc\">Taml\u0131 mallar\u0131n ekspertizas\u0131<\/a>. 2012<\/span><br \/>\n<span style=\"color: #000000;\"><a style=\"color: #000000;\" href=\"https:\/\/unec.edu.az\/application\/uploads\/2015\/06\/Yeyil-n-bitkil-rin-m-alic-vi-xass-l-ri.doc\">Yeyil\u0259n bitkil\u0259rin m\u00fcalic\u0259vi xass\u0259l\u0259ri<\/a>. 2014<\/span><br \/>\n<span style=\"color: #000000;\"><a style=\"color: #000000;\" href=\"https:\/\/unec.edu.az\/application\/uploads\/2015\/06\/QURANI-KERIM-DE-QIDA-kinci-n-r-2015.doc\">\u201cQURAN<\/a><a style=\"color: #000000;\" href=\"https:\/\/unec.edu.az\/application\/uploads\/2015\/06\/QURANI-KERIM-DE-QIDA-kinci-n-r-2015.doc\">\u0130-K\u018fR\u0130M\u201dd\u0259 qida m\u0259hsullar\u0131 v\u0259 islamda qidalanma<\/a><strong>. <\/strong>2015<\/span><br \/>\n<span style=\"color: #000000;\"><a style=\"color: #000000;\" href=\"https:\/\/unec.edu.az\/application\/uploads\/2015\/06\/zeytun-v-zeytun-ya-A-5.doc\">Zeytun v\u0259 zeytun ya\u011f\u0131<\/a>. 2015<\/span><\/p>\n","protected":false},"excerpt":{"rendered":"<p>\u043f\u0440\u043e\u0444. \u0410\u0445\u043c\u0435\u0434\u043e\u0432 \u0410\u0445\u043c\u0435\u0434-\u0414\u0436\u0430\u0431\u0438\u0440 \u0418\u0441\u043c\u0430\u0438\u043b \u043e\u0433\u043b\u044b\u00a0\u00a0 \u0420\u043e\u0434\u0438\u043b\u0441\u044f 6 \u0444\u0435\u0432\u0440\u0430\u043b\u044f 1942-\u0433\u043e \u0433\u043e\u0434\u0430 \u0432 \u0433\u043e\u0440\u043e\u0434\u0435 \u0428\u0435\u043a\u0438. \u041f\u043e\u0441\u043b\u0435 \u043e\u043a\u043e\u043d\u0447\u0430\u043d\u0438\u044f \u0432 1948-1958 \u0433.\u0433. \u0441\u0440\u0435\u0434\u043d\u0435\u0439 \u0448\u043a\u043e\u043b\u044b, 1958-1960 \u0433.\u0433. \u0443\u0447\u0438\u043b\u0441\u044f \u0432 \u0411\u0430\u043a\u0438\u043d\u0441\u043a\u043e\u0439 \u0442\u043e\u0440\u0433\u043e\u0432\u043e-\u043a\u0443\u043b\u0438\u043d\u0430\u0440\u043d\u043e\u0439 \u0448\u043a\u043e\u043b\u0435 \u0438 \u043f\u043e\u043b\u0443\u0447\u0438\u043b \u0441\u043f\u0435\u0446\u0438\u0430\u043b\u044c\u043d\u043e\u0441\u0442\u044c \u043a\u043e\u043d\u0434\u0438\u0442\u0435\u0440\u0430 7 \u0440\u0430\u0437\u0440\u044f\u0434\u0430. \u0412\u00a0 1960-1961 \u0433.\u0433. \u0440\u0430\u0431\u043e\u0442\u0430\u043b \u0432 \u0428\u0435\u043a\u0438\u043d\u0441\u043a\u043e\u043c \u043f\u0438\u0449\u0435\u0432\u043e\u043c \u043a\u043e\u043c\u0431\u0438\u043d\u0430\u0442\u0435 \u043d\u0430 \u0434\u043e\u043b\u0436\u043d\u043e\u0441\u0442\u0438 \u043c\u0430\u0441\u0442\u0435\u0440\u0430-\u043a\u043e\u043d\u0434\u0438\u0442\u0435\u0440\u0430. \u0412 1961- 1964 \u0433\u0433. \u0441\u043b\u0443\u0436\u0438\u043b \u0432 \u0440\u044f\u0434\u0430\u0445 \u0430\u0440\u043c\u0438\u0438, \u0412 1968- \u043c [&hellip;]<\/p>\n","protected":false},"author":10,"featured_media":0,"parent":0,"menu_order":0,"comment_status":"open","ping_status":"open","template":"","meta":{"footnotes":""},"class_list":["post-12751","page","type-page","status-publish","hentry"],"_links":{"self":[{"href":"http:\/\/unec.edu.az\/ru\/wp-json\/wp\/v2\/pages\/12751","targetHints":{"allow":["GET"]}}],"collection":[{"href":"http:\/\/unec.edu.az\/ru\/wp-json\/wp\/v2\/pages"}],"about":[{"href":"http:\/\/unec.edu.az\/ru\/wp-json\/wp\/v2\/types\/page"}],"author":[{"embeddable":true,"href":"http:\/\/unec.edu.az\/ru\/wp-json\/wp\/v2\/users\/10"}],"replies":[{"embeddable":true,"href":"http:\/\/unec.edu.az\/ru\/wp-json\/wp\/v2\/comments?post=12751"}],"version-history":[{"count":10,"href":"http:\/\/unec.edu.az\/ru\/wp-json\/wp\/v2\/pages\/12751\/revisions"}],"predecessor-version":[{"id":155430,"href":"http:\/\/unec.edu.az\/ru\/wp-json\/wp\/v2\/pages\/12751\/revisions\/155430"}],"wp:attachment":[{"href":"http:\/\/unec.edu.az\/ru\/wp-json\/wp\/v2\/media?parent=12751"}],"curies":[{"name":"wp","href":"https:\/\/api.w.org\/{rel}","templated":true}]}}