{"id":13421,"date":"2015-06-04T15:26:55","date_gmt":"2015-06-04T11:26:55","guid":{"rendered":"https:\/\/unec.edu.az\/dosent-quliyeva-aida-aydin-qizi-2\/"},"modified":"2024-12-02T12:41:59","modified_gmt":"2024-12-02T08:41:59","slug":"dosent-quliyeva-aida-aydin-qizi","status":"publish","type":"page","link":"http:\/\/unec.edu.az\/ru\/dosent-quliyeva-aida-aydin-qizi\/","title":{"rendered":"\u0414\u043e\u0446\u0435\u043d\u0442 \u0410\u0438\u0434\u0430 \u0410\u0439\u0434\u044b\u043d \u043a\u044b\u0437\u044b \u041a\u0443\u043b\u0438\u0435\u0432\u0430"},"content":{"rendered":"<h4><a href=\"https:\/\/unec.edu.az\/application\/uploads\/2015\/11\/Aida-x-.jpg\"><img fetchpriority=\"high\" decoding=\"async\" class=\"alignleft wp-image-28697 size-medium\" src=\"https:\/\/unec.edu.az\/application\/uploads\/2015\/11\/Aida-x--300x200.jpg\" alt=\"Aida-x-\" width=\"300\" height=\"200\" srcset=\"http:\/\/unec.edu.az\/application\/uploads\/2015\/11\/Aida-x--300x200.jpg 300w, http:\/\/unec.edu.az\/application\/uploads\/2015\/11\/Aida-x-.jpg 449w\" sizes=\"(max-width: 300px) 100vw, 300px\" \/><\/a><\/h4>\n<h4><span style=\"color: #800000;\"><i>\u0420\u0443\u043a\u043e\u0432\u043e\u0434\u0438\u0442\u0435\u043b\u044c \u0426\u0435\u043d\u0442\u0440\u0430 \u00a0\u201cSABAH\u201d\u00a0\u043a.\u044d.\u043d., \u0434\u043e\u0446\u0435\u043d\u0442<br \/>\n\u0410\u0438\u0434\u0430 \u0410\u0439\u0434\u044b\u043d \u0433\u044b\u0437\u044b \u041a\u0443\u043b\u0438\u0435\u0432\u0430<\/i><\/span><\/h4>\n<h4><span style=\"color: #000000;\"><i>e-mail:\u00a0\u00a0a.guliyeva@unec.edu.az<\/i><\/span><\/h4>\n<p>\u0412 1996 \u0433\u043e\u0434\u0443 \u0437\u0430\u0449\u0438\u0442\u0438\u0432 \u043a\u0430\u043d\u0434\u0438\u0434\u0430\u0442\u0441\u043a\u0443\u044e \u0434\u0438\u0441\u0441\u0435\u0440\u0442\u0430\u0446\u0438\u044e, \u043f\u043e\u043b\u0443\u0447\u0438\u043b\u0430 \u0443\u0447\u0435\u043d\u0443\u044e \u0441\u0442\u0435\u043f\u0435\u043d\u044c \u043a\u0430\u043d\u0434\u0438\u0434\u0430\u0442\u0430 \u044d\u043a\u043e\u043d\u043e\u043c\u0438\u0447\u0435\u0441\u043a\u0438\u0445 \u043d\u0430\u0443\u043a.<br \/>\n\u0412 2001 \u0433\u043e\u0434\u0443 \u043f\u043e\u043b\u0443\u0447\u0438\u043b\u0430 \u043e\u0431\u0440\u0430\u0437\u043e\u0432\u0430\u043d\u0438\u0435 \u043d\u0430 \u043a\u0443\u0440\u0441\u0430\u0445 MBA \u0432 \u0430\u043c\u0435\u0440\u0438\u043a\u0430\u043d\u0441\u043a\u043e\u043c\u00a0<i>\u0413\u043e\u0441\u0443\u0434\u0430\u0440\u0441\u0442\u0432\u0435\u043d\u043d\u043e\u043c \u0443\u043d\u0438\u0432\u0435\u0440\u0441\u0438\u0442\u0435\u0442\u0435<\/i>\u00a0\u0448\u0442\u0430\u0442\u0430\u00a0<i>\u0414\u0436\u043e\u0440\u0434\u0436\u0438\u044f<\/i>, \u043d\u0430\u0445\u043e\u0434\u044f\u0449\u0435\u043c\u0441\u044f \u0432 \u0433. \u0410\u0442\u043b\u0430\u043d\u0442\u0430.<br \/>\n\u0412 2005 \u0433\u043e\u0434\u0443 \u0440\u0430\u0431\u043e\u0442\u0430\u043b\u0430 \u043f\u043e \u043f\u0440\u043e\u0433\u0440\u0430\u043c\u043c\u0435 \u201cpost doctoral research\u201c\u00a0 \u041e\u043a\u0441\u0444\u043e\u0440\u0434\u0441\u043a\u043e\u0433\u043e \u0443\u043d\u0438\u0432\u0435\u0440\u0441\u0438\u0442\u0435\u0442\u0430 \u0432 \u0433. \u041e\u043a\u0441\u0444\u043e\u0440\u0434 (\u0412\u0435\u043b\u0438\u043a\u043e\u0431\u0440\u0438\u0442\u0430\u043d\u0438\u044f).<br \/>\n\u0412 2009 \u0433\u043e\u0434\u0443, \u00a0\u043f\u043e \u0438\u043d\u0438\u0446\u0438\u0430\u0442\u0438\u0432\u0435 \u043f\u043e\u0441\u043e\u043b\u044c\u0441\u0442\u0432\u0430 \u0410\u0437\u0435\u0440\u0431\u0430\u0439\u0434\u0436\u0430\u043d\u0441\u043a\u043e\u0439 \u0420\u0435\u0441\u043f\u0443\u0431\u043b\u0438\u043a\u0438 \u0432 \u0412\u0435\u043d\u0433\u0440\u0438\u0438, \u0447\u0438\u0442\u0430\u043b\u0430 \u043b\u0435\u043a\u0446\u0438\u0438 \u043d\u0430 \u0442\u0435\u043c\u0443 \u00ab\u0410\u0437\u0435\u0440\u0431\u0430\u0439\u0434\u0436\u0430\u043d\u0441\u043a\u0430\u044f \u044d\u043a\u043e\u043d\u043e\u043c\u0438\u043a\u0430: \u043f\u0440\u043e\u0431\u043b\u0435\u043c\u044b \u0438 \u043f\u0435\u0440\u0441\u043f\u0435\u043a\u0442\u0438\u0432\u044b\u00bb \u0432 \u0423\u043d\u0438\u0432\u0435\u0440\u0441\u0438\u0442\u0435\u0442\u0435 \u00ab\u0421\u0435\u043d\u0442 \u0418\u0448\u0442\u0432\u0430\u043d\u0430\u00bb \u0432 \u0433.\u0413\u0435\u0434\u043e\u043b\u043b\u0438, \u0432 \u0418\u043d\u0441\u0442\u0438\u0442\u0443\u0442\u0435 \u043c\u0438\u0440\u043e\u0432\u043e\u0439 \u044d\u043a\u043e\u043d\u043e\u043c\u0438\u043a\u0438 (\u0433.\u00a0\u0411\u0443\u0434\u0430\u043f\u0435\u0448\u0442).<\/p>\n<p>\u0412 \u043d\u0430\u0441\u0442\u043e\u044f\u0449\u0435\u0435 \u0432\u0440\u0435\u043c\u044f \u044f\u0432\u043b\u044f\u0435\u0442\u0441\u044f \u0434\u043e\u0446\u0435\u043d\u0442\u043e\u043c \u043a\u0430\u0444\u0435\u0434\u0440\u044b \u00ab\u0426\u0438\u0444\u0440\u043e\u0432\u0430\u044f \u044d\u043a\u043e\u043d\u043e\u043c\u0438\u043a\u0430 \u0438 \u0442\u0435\u0445\u043d\u043e\u043b\u043e\u0433\u0438\u0438\u00bb.<\/p>\n<p>\u0421 \u0441\u0435\u043d\u0442\u044f\u0431\u0440\u044f 2014 \u0433\u043e\u0434\u0430 \u0440\u0443\u043a\u043e\u0432\u043e\u0434\u0438\u0442 \u0426\u0435\u043d\u0442\u0440\u043e\u043c \u00ab\u0421\u0430\u0431\u0430\u0445\u00bb UNEC.<\/p>\n<p>\u0423\u043a\u0430\u0437\u043e\u043c \u041f\u0440\u0435\u0437\u0438\u0434\u0435\u043d\u0442\u0430 \u0410\u0437\u0435\u0440\u0431\u0430\u0439\u0434\u0436\u0430\u043d\u0441\u043a\u043e\u0439 \u0420\u0435\u0441\u043f\u0443\u0431\u043b\u0438\u043a\u0438 \u043e\u0442 26 \u0441\u0435\u043d\u0442\u044f\u0431\u0440\u044f 2011 \u0433\u043e\u0434\u0430 \u043d\u0430\u0433\u0440\u0430\u0436\u0434\u0435\u043d\u0430 \u043c\u0435\u0434\u0430\u043b\u044c\u044e \u00ab\u0422\u0415\u0420\u0415\u0413\u0413\u0418\u00bb. \u0412 \u043e\u043a\u0442\u044f\u0431\u0440\u0435 2015 \u0433\u043e\u0434\u0430 \u0437\u0430 \u0432\u044b\u0441\u043e\u043a\u0438\u0435 \u0434\u043e\u0441\u0442\u0438\u0436\u0435\u043d\u0438\u044f \u0432 \u043e\u0431\u043b\u0430\u0441\u0442\u0438 \u0432\u043e\u0441\u043f\u0438\u0442\u0430\u043d\u0438\u044f \u043c\u043e\u043b\u043e\u0434\u043e\u0433\u043e \u043f\u043e\u043a\u043e\u043b\u0435\u043d\u0438\u044f \u0431\u044b\u043b\u0430 \u043d\u0430\u0433\u0440\u0430\u0436\u0434\u0435\u043d\u0430 \u00ab\u041f\u043e\u0447\u0435\u0442\u043d\u043e\u0439 \u0433\u0440\u0430\u043c\u043e\u0442\u043e\u0439 \u041c\u0438\u043d\u0438\u0441\u0442\u0435\u0440\u0441\u0442\u0432\u0430 \u043e\u0431\u0440\u0430\u0437\u043e\u0432\u0430\u043d\u0438\u044f \u0410\u0437\u0435\u0440\u0431\u0430\u0439\u0434\u0436\u0430\u043d\u0441\u043a\u043e\u0439 \u0420\u0435\u0441\u043f\u0443\u0431\u043b\u0438\u043a\u0438\u00bb.<\/p>\n<p>\u0412 2020 \u0433\u043e\u0434\u0443 \u043f\u043e \u0441\u043b\u0443\u0447\u0430\u044e 90-\u043b\u0435\u0442\u0438\u044f UNEC \u0438 \u0437\u0430 \u0437\u0430\u0441\u043b\u0443\u0433\u0438 \u0432 \u0440\u0430\u0437\u0432\u0438\u0442\u0438\u0438 \u043e\u0431\u0440\u0430\u0437\u043e\u0432\u0430\u043d\u0438\u044f \u0432 \u0410\u0437\u0435\u0440\u0431\u0430\u0439\u0434\u0436\u0430\u043d\u0435 \u043f\u0440\u0438\u043a\u0430\u0437\u043e\u043c \u043c\u0438\u043d\u0438\u0441\u0442\u0440\u0430 \u043e\u0431\u0440\u0430\u0437\u043e\u0432\u0430\u043d\u0438\u044f \u0410\u0437\u0435\u0440\u0431\u0430\u0439\u0434\u0436\u0430\u043d\u0441\u043a\u043e\u0439 \u0420\u0435\u0441\u043f\u0443\u0431\u043b\u0438\u043a\u0438 \u042d\u043c\u0438\u043d\u0430 \u0410\u043c\u0440\u0443\u043b\u043b\u0430\u0435\u0432\u0430 \u0431\u044b\u043b\u0430 \u043d\u0430\u0433\u0440\u0430\u0436\u0434\u0435\u043d\u0430 \u043d\u0430\u0433\u0440\u0443\u0434\u043d\u044b\u043c \u0437\u043d\u0430\u043a\u043e\u043c \u00ab\u0412\u0435\u0434\u0443\u0449\u0438\u0439 \u0440\u0430\u0431\u043e\u0442\u043d\u0438\u043a \u0432\u044b\u0441\u0448\u0435\u0433\u043e \u043e\u0431\u0440\u0430\u0437\u043e\u0432\u0430\u043d\u0438\u044f \u0410\u0437\u0435\u0440\u0431\u0430\u0439\u0434\u0436\u0430\u043d\u0441\u043a\u043e\u0439 \u0420\u0435\u0441\u043f\u0443\u0431\u043b\u0438\u043a\u0438\u00bb.<\/p>\n<p>\u0421 \u043c\u0430\u044f 2018 \u0433\u043e\u0434\u0430 \u044f\u0432\u043b\u044f\u0435\u0442\u0441\u044f \u0447\u043b\u0435\u043d\u043e\u043c \u0440\u0435\u0434\u043a\u043e\u043b\u043b\u0435\u0433\u0438\u0438 \u0436\u0443\u0440\u043d\u0430\u043b\u043e\u0432 \u00ab\u0427\u0435\u0448\u0441\u043a\u0438\u0439 \u0436\u0443\u0440\u043d\u0430\u043b \u0441\u043e\u0446\u0438\u0430\u043b\u044c\u043d\u044b\u0445 \u043d\u0430\u0443\u043a, \u0431\u0438\u0437\u043d\u0435\u0441\u0430 \u0438 \u044d\u043a\u043e\u043d\u043e\u043c\u0438\u043a\u0438\u00bb (\u00ab<a href=\"https:\/\/www.cjssbe.cz\/editorial-board\" target=\"_blank\" rel=\"noopener noreferrer\"><span lang=\"EN-US\">Czech<\/span>\u00a0<span lang=\"EN-US\">Journal<\/span>\u00a0<span lang=\"EN-US\">of<\/span>\u00a0<span lang=\"EN-US\">Social<\/span>\u00a0<span lang=\"EN-US\">sciences<\/span>,\u00a0<span lang=\"EN-US\">Business<\/span>\u00a0<span lang=\"EN-US\">and<\/span>\u00a0<span lang=\"EN-US\">Economics<\/span><\/a>\u00bb) \u0438 \u0436\u0443\u0440\u043d\u0430\u043b\u0430 \u00ab\u041c\u0435\u0436\u0434\u0443\u043d\u0430\u0440\u043e\u0434\u043d\u044b\u0435 \u044d\u043a\u043e\u043d\u043e\u043c\u0438\u0447\u0435\u0441\u043a\u0438\u0435 \u043d\u043e\u0432\u043e\u0441\u0442\u0438\u00bb (\u00ab<a href=\"https:\/\/www.ieletters.cz\/\" target=\"_blank\" rel=\"noopener noreferrer\"><span lang=\"EN-US\">International<\/span>\u00a0<span lang=\"EN-US\">Economics<\/span>\u00a0<span lang=\"EN-US\">Letters<\/span><\/a>\u00bb).<\/p>\n<h4><a class=\"fancybox-thumb\" href=\"https:\/\/unec.edu.az\/application\/uploads\/2015\/06\/qida09158.jpg\"><img decoding=\"async\" class=\"fancybox-margin alignnone wp-image-85329 size-thumbnail\" title=\"UNEC m\u00fc\u0259lliml\u0259rinin T\u00fcrkiy\u0259 universitetl\u0259rin\u0259 s\u0259f\u0259ri s\u0259m\u0259r\u0259li oldu (16.02.2017)\" src=\"https:\/\/unec.edu.az\/application\/uploads\/2015\/06\/qida09158-150x150.jpg\" alt=\"qida09158\" width=\"150\" height=\"150\" \/><\/a><a class=\"fancybox-thumb\" href=\"http:\/\/unec.edu.az\/application\/uploads\/2024\/11\/aidab.jpeg\"><img decoding=\"async\" class=\"fancybox-margin alignnone wp-image-450674 size-thumbnail\" title=\"UNEC-in 3436 t\u0259l\u0259b\u0259si istehsalat t\u0259cr\u00fcb\u0259sind\u0259 olub (03.07.2024)\" src=\"http:\/\/unec.edu.az\/application\/uploads\/2024\/11\/aidab-150x150.jpeg\" alt=\"\" width=\"150\" height=\"150\" \/><\/a><a class=\"fancybox-thumb\" href=\"https:\/\/unec.edu.az\/application\/uploads\/2016\/05\/IMG_2896.jpg\"><img loading=\"lazy\" decoding=\"async\" class=\"fancybox-margin  alignnone wp-image-53741 size-thumbnail\" src=\"https:\/\/unec.edu.az\/application\/uploads\/2016\/05\/IMG_2896-150x150.jpg\" alt=\"IMG_2896\" width=\"150\" height=\"150\" \/><\/a><a class=\"fancybox-thumb alignnone\" title=\"UNEC-d\u0259 Elmi \u015euran\u0131n n\u00f6vb\u0259ti iclas\u0131 ke\u00e7irilib\" href=\"https:\/\/unec.edu.az\/application\/uploads\/2016\/05\/WhatsApp-Image-20160519-1.jpg\"><img loading=\"lazy\" decoding=\"async\" class=\"fancybox-margin alignnone wp-image-53789 size-thumbnail\" src=\"https:\/\/unec.edu.az\/application\/uploads\/2016\/05\/WhatsApp-Image-20160519-1-150x150.jpg\" alt=\"WhatsApp-Image-20160519 (1)\" width=\"150\" height=\"150\" \/><\/a><\/h4>\n<p style=\"text-align: left;\"><em><a style=\"color: #333333;\" href=\"https:\/\/unec.edu.az\/ru\/unec-telebesinden-huseyn-cavidin-ev-muzeyine-hediyye-serq-gunesi\/\">\u041f\u043e\u0434\u0430\u0440\u043e\u043a \u0434\u043e\u043c\u0443-\u043c\u0443\u0437\u0435\u044e \u0413\u0443\u0441\u0435\u0439\u043d\u0430 \u0414\u0436\u0430\u0432\u0438\u0434\u0430 \u043e\u0442 \u0441\u0442\u0443\u0434\u0435\u043d\u0442\u043a\u0438 UNEC \u2013 \u00ab\u0421\u043e\u043b\u043d\u0446\u0435 \u0412\u043e\u0441\u0442\u043e\u043a\u0430\u00bb<\/a>\u00a0(13.03.2018)<br \/>\n<a style=\"color: #333333;\" href=\"https:\/\/unec.edu.az\/ru\/unec-de-elmi-tedqiqat-ili-texnologiya-ve-dizayn-fakultesinde-elmi-seminarlar\/\">\u0412 UNEC \u00ab\u0413\u043e\u0434 \u043d\u0430\u0443\u0447\u043d\u044b\u0445 \u0438\u0441\u0441\u043b\u0435\u0434\u043e\u0432\u0430\u043d\u0438\u0439\u00bb \u2013 \u041d\u0430\u0443\u0447\u043d\u044b\u0439 \u0441\u0435\u043c\u0438\u043d\u0430\u0440 \u043d\u0430 \u0444\u0430\u043a\u0443\u043b\u044c\u0442\u0435\u0442\u0435 \u0422\u0435\u0445\u043d\u043e\u043b\u043e\u0433\u0438\u0438 \u0438 \u0434\u0438\u0437\u0430\u0439\u043d\u0430<\/a>\u00a0(05.03.2018)<br \/>\n\u0412 \u041f\u043e\u0437\u043d\u0430\u043d\u0441\u043a\u043e\u043c \u0443\u043d\u0438\u0432\u0435\u0440\u0441\u0438\u0442\u0435\u0442\u0435 \u044d\u043a\u043e\u043d\u043e\u043c\u0438\u043a\u0438 \u0438 \u0431\u0438\u0437\u043d\u0435\u0441\u0430 \u0432\u044b\u0441\u043e\u043a\u043e \u043e\u0446\u0435\u043d\u0435\u043d \u043f\u0435\u0434\u0430\u0433\u043e\u0433\u0438\u0447\u0435\u0441\u043a\u0438\u0439 \u043f\u043e\u0442\u0435\u043d\u0446\u0438\u0430\u043b \u043f\u0440\u0435\u043f\u043e\u0434\u0430\u0432\u0430\u0442\u0435\u043b\u0435\u0439 UNEC\u00a0(12.05.2017)<\/em><br \/>\n<em><a style=\"color: #000000;\" href=\"https:\/\/unec.edu.az\/ru\/unec-in-muellim-ve-telebeleri-praqada-telimlerde-istirak-edib\/\">\u041f\u0440\u0435\u043f\u043e\u0434\u0430\u0432\u0430\u0442\u0435\u043b\u0438 \u0438 \u0441\u0442\u0443\u0434\u0435\u043d\u0442\u044b UNEC \u043f\u0440\u0438\u043d\u044f\u043b\u0438 \u0443\u0447\u0430\u0441\u0442\u0438\u0435 \u0432 \u0442\u0440\u0435\u043d\u0438\u043d\u0433\u0430\u0445 \u0432 \u041f\u0440\u0430\u0433\u0435<\/a>\u00a0(30.03.2017)<\/em><br \/>\n<em><a style=\"color: #000000;\" href=\"https:\/\/unec.edu.az\/ru\/unec-alimleri-radio-unec-de-turkiye-tesrubesinden-danisiblar\/\">\u0423\u0447\u0435\u043d\u044b\u0435 UNEC \u0440\u0430\u0441\u0441\u043a\u0430\u0437\u0430\u043b\u0438 \u043e\u0431 \u043e\u043f\u044b\u0442\u0435 \u0422\u0443\u0440\u0446\u0438\u0438 \u043f\u043e Radio UNEC (03.03.2017)<br \/>\n<\/a><a style=\"color: #000000;\" href=\"https:\/\/unec.edu.az\/ru\/unec-de-strateji-yol-xeritesi-muzakire-edilib\/\">\u0412 UNEC \u043e\u0431\u0441\u0443\u0436\u0434\u0430\u043b\u0430\u0441\u044c \u00ab\u0421\u0442\u0440\u0430\u0442\u0435\u0433\u0438\u0447\u0435\u0441\u043a\u0430\u044f \u0434\u043e\u0440\u043e\u0436\u043d\u0430\u044f \u043a\u0430\u0440\u0442\u0430\u00bb (01.27.2017)<br \/>\n<\/a><a style=\"color: #000000;\" href=\"https:\/\/unec.edu.az\/ru\/valideynler-ovladlari-ucun-unec-i-secir\/\">\u0420\u043e\u0434\u0438\u0442\u0435\u043b\u0438 \u0432\u044b\u0431\u0438\u0440\u0430\u044e\u0442 \u0434\u043b\u044f \u0441\u0432\u043e\u0438\u0445 \u0434\u0435\u0442\u0435\u0439 UNEC <\/a>(01.25.2017)<\/em><br \/>\n<em><a style=\"color: #000000;\" href=\"https:\/\/unec.edu.az\/ru\/unec-telebeleri-dunya-azerbaycanlilarinin-hemreylik-gunu-ve-yeni-ili-qeyd-etdiler\/\">\u0421\u0442\u0443\u0434\u0435\u043d\u0442\u044b UNEC \u043e\u0442\u043c\u0435\u0442\u0438\u043b\u0438 \u0414\u0435\u043d\u044c \u0441\u043e\u043b\u0438\u0434\u0430\u0440\u043d\u043e\u0441\u0442\u0438 \u0430\u0437\u0435\u0440\u0431\u0430\u0439\u0434\u0436\u0430\u043d\u0446\u0435\u0432 \u0432\u0441\u0435\u0433\u043e \u043c\u0438\u0440\u0430 \u0438 \u041d\u043e\u0432\u044b\u0439 \u0433\u043e\u0434<\/a>\u00a0(30.12.2016)<\/em><br \/>\n<em><a style=\"color: #000000;\" href=\"https:\/\/unec.edu.az\/ru\/unec-alimleri-beynelxalq-konfransa-qatilib\/\">\u0423\u0447\u0435\u043d\u044b\u0435 UNEC \u043f\u0440\u0438\u043d\u044f\u043b\u0438 \u0443\u0447\u0430\u0441\u0442\u0438\u0435 \u0432 \u043c\u0435\u0436\u0434\u0443\u043d\u0430\u0440\u043e\u0434\u043d\u043e\u0439 \u043a\u043e\u043d\u0444\u0435\u0440\u0435\u043d\u0446\u0438\u0438<\/a>\u00a0 (20.05.2016)<\/em><\/p>\n<p style=\"text-align: justify;\"><a class=\"fancybox-thumb\" href=\"https:\/\/unec.edu.az\/application\/uploads\/2015\/06\/aida6727ad3d0a56c0abf3e.jpg\"><img loading=\"lazy\" decoding=\"async\" class=\"fancybox-margin alignnone wp-image-140924 size-thumbnail\" title=\"\u201cS\u0259ninl\u0259 f\u0259xr edirik, Az\u0259rbaycan \u0259sg\u0259ri! (08.06.2019)\" src=\"https:\/\/unec.edu.az\/application\/uploads\/2015\/06\/aida6727ad3d0a56c0abf3e-150x150.jpg\" alt=\"aida6727ad3d0a56c0abf3e\" width=\"150\" height=\"150\" \/><\/a><a class=\"fancybox-thumb\" href=\"https:\/\/unec.edu.az\/application\/uploads\/2015\/06\/qadinlar96d2b0ba1.jpg\"><img loading=\"lazy\" decoding=\"async\" class=\"fancybox-margin alignnone wp-image-140925 size-thumbnail\" title=\"\u201cS\u0259ninl\u0259 f\u0259xr edirik, Az\u0259rbaycan \u0259sg\u0259ri! (08.06.2019)\" src=\"https:\/\/unec.edu.az\/application\/uploads\/2015\/06\/qadinlar96d2b0ba1-150x150.jpg\" alt=\"qadinlar96d2b0ba\" width=\"150\" height=\"150\" \/><\/a><a class=\"fancybox-thumb\" href=\"https:\/\/unec.edu.az\/application\/uploads\/2017\/10\/IMG-20171006-WA0000.jpg\"><img loading=\"lazy\" decoding=\"async\" class=\"fancybox-margin alignnone wp-image-106053 size-thumbnail\" title=\"\u201cII Beyn\u0259lxalq \u0130qtisadi v\u0259 \u0130nzibati Perspektivl\u0259r: Dayan\u0131ql\u0131 Qlobal R\u0259qab\u0259t\u201d (11.10.2017)\" src=\"https:\/\/unec.edu.az\/application\/uploads\/2017\/10\/IMG-20171006-WA0000-150x150.jpg\" alt=\"IMG-20171006-WA0000\" width=\"150\" height=\"150\" \/><\/a><a class=\"fancybox-thumb\" href=\"https:\/\/unec.edu.az\/application\/uploads\/2015\/06\/zohra_aida0329-WA0013.jpg\"><img loading=\"lazy\" decoding=\"async\" class=\"fancybox-margin alignnone wp-image-89274 size-thumbnail\" title=\"UNEC-in m\u00fc\u0259llim v\u0259 t\u0259l\u0259b\u0259l\u0259ri Praqada t\u0259liml\u0259rd\u0259 i\u015ftirak edib (30.03.2017)\" src=\"https:\/\/unec.edu.az\/application\/uploads\/2015\/06\/zohra_aida0329-WA0013-150x150.jpg\" alt=\"zohra_aida0329-WA0013\" width=\"150\" height=\"150\" \/><\/a><a class=\"fancybox-thumb\" href=\"https:\/\/unec.edu.az\/application\/uploads\/2017\/05\/IMG_4145-001.jpg\"><img loading=\"lazy\" decoding=\"async\" class=\"fancybox-margin alignnone wp-image-95178 size-thumbnail\" title=\"Poznan \u0130qtisadiyyat v\u0259 Biznes Universitetind\u0259 UNEC m\u00fc\u0259lliml\u0259rinin pedaqoji potensial\u0131 y\u00fcks\u0259k qiym\u0259tl\u0259ndirilib (12.05.2017)\" src=\"https:\/\/unec.edu.az\/application\/uploads\/2017\/05\/IMG_4145-001-150x150.jpg\" alt=\"IMG_4145-001\" width=\"150\" height=\"150\" \/><\/a><a class=\"fancybox-thumb\" href=\"https:\/\/unec.edu.az\/application\/uploads\/2015\/06\/aidaa5e74ac858fe6269e.jpg\"><img loading=\"lazy\" decoding=\"async\" class=\"fancybox-margin alignnone wp-image-153744 size-thumbnail\" title=\"UNEC m\u00fc\u0259lliml\u0259rinin ara\u015fd\u0131rmas\u0131 Scopusda: X\u0259z\u0259ryan\u0131 \u00f6lk\u0259l\u0259rin enerji istehsal\u0131na \u00dc\u0130G-nin t\u0259siri (04.06.2020)\" src=\"https:\/\/unec.edu.az\/application\/uploads\/2015\/06\/aidaa5e74ac858fe6269e-150x150.jpg\" alt=\"aidaa5e74ac858fe6269e\" width=\"150\" height=\"150\" \/><\/a><a class=\"fancybox-thumb\" href=\"https:\/\/unec.edu.az\/application\/uploads\/2015\/06\/scan_aida1111.jpg\"><img loading=\"lazy\" decoding=\"async\" class=\"fancybox-margin alignnone wp-image-93093 size-thumbnail\" title=\"Poznan (Pol\u015fa) - sertifikat\" src=\"https:\/\/unec.edu.az\/application\/uploads\/2015\/06\/scan_aida1111-150x150.jpg\" alt=\"scan_aida111\" width=\"150\" height=\"150\" \/><\/a><\/p>\n","protected":false},"excerpt":{"rendered":"<p>\u0420\u0443\u043a\u043e\u0432\u043e\u0434\u0438\u0442\u0435\u043b\u044c \u0426\u0435\u043d\u0442\u0440\u0430 \u00a0\u201cSABAH\u201d\u00a0\u043a.\u044d.\u043d., \u0434\u043e\u0446\u0435\u043d\u0442 \u0410\u0438\u0434\u0430 \u0410\u0439\u0434\u044b\u043d \u0433\u044b\u0437\u044b \u041a\u0443\u043b\u0438\u0435\u0432\u0430 e-mail:\u00a0\u00a0a.guliyeva@unec.edu.az \u0412 1996 \u0433\u043e\u0434\u0443 \u0437\u0430\u0449\u0438\u0442\u0438\u0432 \u043a\u0430\u043d\u0434\u0438\u0434\u0430\u0442\u0441\u043a\u0443\u044e \u0434\u0438\u0441\u0441\u0435\u0440\u0442\u0430\u0446\u0438\u044e, \u043f\u043e\u043b\u0443\u0447\u0438\u043b\u0430 \u0443\u0447\u0435\u043d\u0443\u044e \u0441\u0442\u0435\u043f\u0435\u043d\u044c \u043a\u0430\u043d\u0434\u0438\u0434\u0430\u0442\u0430 \u044d\u043a\u043e\u043d\u043e\u043c\u0438\u0447\u0435\u0441\u043a\u0438\u0445 \u043d\u0430\u0443\u043a. \u0412 2001 \u0433\u043e\u0434\u0443 \u043f\u043e\u043b\u0443\u0447\u0438\u043b\u0430 \u043e\u0431\u0440\u0430\u0437\u043e\u0432\u0430\u043d\u0438\u0435 \u043d\u0430 \u043a\u0443\u0440\u0441\u0430\u0445 MBA \u0432 \u0430\u043c\u0435\u0440\u0438\u043a\u0430\u043d\u0441\u043a\u043e\u043c\u00a0\u0413\u043e\u0441\u0443\u0434\u0430\u0440\u0441\u0442\u0432\u0435\u043d\u043d\u043e\u043c \u0443\u043d\u0438\u0432\u0435\u0440\u0441\u0438\u0442\u0435\u0442\u0435\u00a0\u0448\u0442\u0430\u0442\u0430\u00a0\u0414\u0436\u043e\u0440\u0434\u0436\u0438\u044f, \u043d\u0430\u0445\u043e\u0434\u044f\u0449\u0435\u043c\u0441\u044f \u0432 \u0433. \u0410\u0442\u043b\u0430\u043d\u0442\u0430. \u0412 2005 \u0433\u043e\u0434\u0443 \u0440\u0430\u0431\u043e\u0442\u0430\u043b\u0430 \u043f\u043e \u043f\u0440\u043e\u0433\u0440\u0430\u043c\u043c\u0435 \u201cpost doctoral research\u201c\u00a0 \u041e\u043a\u0441\u0444\u043e\u0440\u0434\u0441\u043a\u043e\u0433\u043e \u0443\u043d\u0438\u0432\u0435\u0440\u0441\u0438\u0442\u0435\u0442\u0430 \u0432 \u0433. \u041e\u043a\u0441\u0444\u043e\u0440\u0434 (\u0412\u0435\u043b\u0438\u043a\u043e\u0431\u0440\u0438\u0442\u0430\u043d\u0438\u044f). \u0412 2009 \u0433\u043e\u0434\u0443, \u00a0\u043f\u043e [&hellip;]<\/p>\n","protected":false},"author":10,"featured_media":0,"parent":0,"menu_order":0,"comment_status":"open","ping_status":"open","template":"","meta":{"footnotes":""},"class_list":["post-13421","page","type-page","status-publish","hentry"],"_links":{"self":[{"href":"http:\/\/unec.edu.az\/ru\/wp-json\/wp\/v2\/pages\/13421","targetHints":{"allow":["GET"]}}],"collection":[{"href":"http:\/\/unec.edu.az\/ru\/wp-json\/wp\/v2\/pages"}],"about":[{"href":"http:\/\/unec.edu.az\/ru\/wp-json\/wp\/v2\/types\/page"}],"author":[{"embeddable":true,"href":"http:\/\/unec.edu.az\/ru\/wp-json\/wp\/v2\/users\/10"}],"replies":[{"embeddable":true,"href":"http:\/\/unec.edu.az\/ru\/wp-json\/wp\/v2\/comments?post=13421"}],"version-history":[{"count":28,"href":"http:\/\/unec.edu.az\/ru\/wp-json\/wp\/v2\/pages\/13421\/revisions"}],"predecessor-version":[{"id":452456,"href":"http:\/\/unec.edu.az\/ru\/wp-json\/wp\/v2\/pages\/13421\/revisions\/452456"}],"wp:attachment":[{"href":"http:\/\/unec.edu.az\/ru\/wp-json\/wp\/v2\/media?parent=13421"}],"curies":[{"name":"wp","href":"https:\/\/api.w.org\/{rel}","templated":true}]}}