{"id":157403,"date":"2020-10-27T19:46:25","date_gmt":"2020-10-27T15:46:25","guid":{"rendered":"https:\/\/unec.edu.az\/education\/bachelor\/muhendislik-fakultesi\/"},"modified":"2025-01-07T11:15:40","modified_gmt":"2025-01-07T07:15:40","slug":"muhendislik-fakultesi","status":"publish","type":"page","link":"http:\/\/unec.edu.az\/ru\/education\/bachelor\/muhendislik-fakultesi\/","title":{"rendered":"\u0424\u0410\u041a\u0423\u041b\u042c\u0422\u0415\u0422 \u0418\u041d\u0416\u0415\u041d\u0415\u0420\u0418\u0418"},"content":{"rendered":"<h4><\/h4>\n<table style=\"height: 175px; width: 92.9764%;\" width=\"787\">\n<tbody>\n<tr style=\"height: 131px;\">\n<td style=\"height: 131px; width: 45.6983%;\">\n<h4><span style=\"color: #800000;\"><a style=\"color: #800000;\" href=\"https:\/\/unec.edu.az\/ru\/dos-semedov-elcin-elesger-oglu\/\">\u0414\u0435\u043a\u0430\u043d: \u043a.\u0442.\u043d.,\u00a0\u0434\u043e\u0446.<br \/>\n\u0421\u0430\u043c\u0435\u0434\u043e\u0432\u00a0\u042d\u043b\u044c\u0447\u0438\u043d\u00a0\u0410\u043b\u0435\u0441\u043a\u0435\u0440 \u043e\u0433\u043b\u044b<\/a><\/span><\/h4>\n<h4><span style=\"color: #000000;\"><em><span style=\"font-size: 12pt;\">\u0422\u0435\u043b\u0435\u0444\u043e\u043d<\/span><\/em><em>:\u00a0<\/em><em>+(994) 12 492-59-03 (13-23)<br \/>\n<\/em><\/span><span style=\"color: #000000;\"><em>e-mail:\u00a0<\/em><em>elchin_samadov@unec.edu.az<\/em><\/span><\/h4>\n<\/td>\n<td style=\"height: 131px; width: 50.8926%;\">\n<h4><span style=\"color: #800000;\"><a style=\"color: #800000;\" href=\"https:\/\/unec.edu.az\/ru\/abdullayeva-sevinc-museyib\/\">\u0417\u0430\u043c\u0435\u0441\u0442\u0438\u0442\u0435\u043b\u044c \u0434\u0435\u043a\u0430\u043d\u0430:<\/a><\/span><br \/>\n<span style=\"color: #800000;\"><a style=\"color: #800000;\" href=\"https:\/\/unec.edu.az\/ru\/abdullayeva-sevinc-museyib\/\">\u0410\u0431\u0434\u0443\u043b\u043b\u0430\u0435\u0432\u0430 \u0421\u0435\u0432\u0438\u043d\u0434\u0436\u00a0 \u041c\u0443\u0441\u0435\u0438\u0431 \u043a\u044b\u0437\u044b<\/a><\/span><\/h4>\n<h4><em><span style=\"color: #000000;\">\u0422\u0435\u043b\u0435\u0444\u043e\u043d:\u00a0<\/span><\/em><span style=\"color: #000000;\"><em>+(994) 12 492-59-03 (13-31)<\/em><\/span><em>\u00a0<\/em><\/h4>\n<\/td>\n<\/tr>\n<\/tbody>\n<\/table>\n<p><a class=\"fancybox-thumb \" href=\"http:\/\/unec.edu.az\/application\/uploads\/2024\/09\/semed32685_3317237159109804340_n.jpg\"><img decoding=\"async\" class=\"fancybox-margin alignnone wp-image-443721 size-image236x180\" title=\"UNEC-in M\u00fch\u0259ndislik fak\u00fclt\u0259sinin dekan\u0131 dos.El\u00e7in S\u0259m\u0259dov I kurs t\u0259l\u0259b\u0259l\u0259ri il\u0259 g\u00f6r\u00fc\u015f\u00fcb (23.09.2024)\" src=\"http:\/\/unec.edu.az\/application\/uploads\/2024\/09\/semed32685_3317237159109804340_n-236x180.jpg\" alt=\"\" width=\"236\" height=\"180\" \/><\/a><a class=\"fancybox-thumb\" href=\"http:\/\/unec.edu.az\/application\/uploads\/2024\/09\/semed14497660147755_n.jpg\"><img decoding=\"async\" class=\"fancybox-margin alignnone wp-image-443715 size-image236x180\" title=\"UNEC-in M\u00fch\u0259ndislik fak\u00fclt\u0259sinin dekan\u0131 dos.El\u00e7in S\u0259m\u0259dov I kurs t\u0259l\u0259b\u0259l\u0259ri il\u0259 g\u00f6r\u00fc\u015f\u00fcb (23.09.2024)\" src=\"http:\/\/unec.edu.az\/application\/uploads\/2024\/09\/semed14497660147755_n-236x180.jpg\" alt=\"\" width=\"236\" height=\"180\" \/><\/a><a class=\"fancybox-thumb\" href=\"http:\/\/unec.edu.az\/application\/uploads\/2024\/09\/semed690_335280683277665856_n.jpg\"><img decoding=\"async\" class=\"fancybox-margin alignnone wp-image-443718 size-image236x180\" title=\"UNEC-in M\u00fch\u0259ndislik fak\u00fclt\u0259sinin dekan\u0131 dos.El\u00e7in S\u0259m\u0259dov I kurs t\u0259l\u0259b\u0259l\u0259ri il\u0259 g\u00f6r\u00fc\u015f\u00fcb (23.09.2024)\" src=\"http:\/\/unec.edu.az\/application\/uploads\/2024\/09\/semed690_335280683277665856_n-236x180.jpg\" alt=\"\" width=\"236\" height=\"180\" \/><\/a><a class=\"fancybox-thumb\" href=\"https:\/\/unec.edu.az\/application\/uploads\/2020\/10\/muhh979e6dab8e0eb9b28.jpeg\"><img loading=\"lazy\" decoding=\"async\" class=\"fancybox-margin alignnone wp-image-177322 size-image236x180\" src=\"https:\/\/unec.edu.az\/application\/uploads\/2020\/10\/muhh979e6dab8e0eb9b28-236x180.jpeg\" alt=\"muhh979e6dab8e0eb9b28\" width=\"236\" height=\"180\" \/><\/a><\/p>\n","protected":false},"excerpt":{"rendered":"<p>\u0414\u0435\u043a\u0430\u043d: \u043a.\u0442.\u043d.,\u00a0\u0434\u043e\u0446. \u0421\u0430\u043c\u0435\u0434\u043e\u0432\u00a0\u042d\u043b\u044c\u0447\u0438\u043d\u00a0\u0410\u043b\u0435\u0441\u043a\u0435\u0440 \u043e\u0433\u043b\u044b \u0422\u0435\u043b\u0435\u0444\u043e\u043d:\u00a0+(994) 12 492-59-03 (13-23) e-mail:\u00a0elchin_samadov@unec.edu.az \u0417\u0430\u043c\u0435\u0441\u0442\u0438\u0442\u0435\u043b\u044c \u0434\u0435\u043a\u0430\u043d\u0430: \u0410\u0431\u0434\u0443\u043b\u043b\u0430\u0435\u0432\u0430 \u0421\u0435\u0432\u0438\u043d\u0434\u0436\u00a0 \u041c\u0443\u0441\u0435\u0438\u0431 \u043a\u044b\u0437\u044b \u0422\u0435\u043b\u0435\u0444\u043e\u043d:\u00a0+(994) 12 492-59-03 (13-31)\u00a0<\/p>\n","protected":false},"author":6,"featured_media":0,"parent":489,"menu_order":11,"comment_status":"open","ping_status":"open","template":"page-templates\/3columncontent.php","meta":{"footnotes":""},"class_list":["post-157403","page","type-page","status-publish","hentry"],"_links":{"self":[{"href":"http:\/\/unec.edu.az\/ru\/wp-json\/wp\/v2\/pages\/157403","targetHints":{"allow":["GET"]}}],"collection":[{"href":"http:\/\/unec.edu.az\/ru\/wp-json\/wp\/v2\/pages"}],"about":[{"href":"http:\/\/unec.edu.az\/ru\/wp-json\/wp\/v2\/types\/page"}],"author":[{"embeddable":true,"href":"http:\/\/unec.edu.az\/ru\/wp-json\/wp\/v2\/users\/6"}],"replies":[{"embeddable":true,"href":"http:\/\/unec.edu.az\/ru\/wp-json\/wp\/v2\/comments?post=157403"}],"version-history":[{"count":18,"href":"http:\/\/unec.edu.az\/ru\/wp-json\/wp\/v2\/pages\/157403\/revisions"}],"predecessor-version":[{"id":457120,"href":"http:\/\/unec.edu.az\/ru\/wp-json\/wp\/v2\/pages\/157403\/revisions\/457120"}],"up":[{"embeddable":true,"href":"http:\/\/unec.edu.az\/ru\/wp-json\/wp\/v2\/pages\/489"}],"wp:attachment":[{"href":"http:\/\/unec.edu.az\/ru\/wp-json\/wp\/v2\/media?parent=157403"}],"curies":[{"name":"wp","href":"https:\/\/api.w.org\/{rel}","templated":true}]}}