{"id":450462,"date":"2015-02-17T17:33:32","date_gmt":"2015-02-17T13:33:32","guid":{"rendered":"https:\/\/unec.edu.az\/university\/innovativ-biznes-inkubator-mmc\/"},"modified":"2015-02-17T17:33:32","modified_gmt":"2015-02-17T13:33:32","slug":"innovativ-biznes-inkubator-mmc","status":"publish","type":"page","link":"http:\/\/unec.edu.az\/ru\/university\/innovativ-biznes-inkubator-mmc\/","title":{"rendered":"&#171;\u0130NNOVAT\u0130V-B\u0130ZNES-\u0130NKUBATOR\u201d  MMC"},"content":{"rendered":"<h4 style=\"text-align: justify;\"><a href=\"http:\/\/asue.edu.az\/application\/uploads\/2015\/02\/DSC_8729.jpg\"><img fetchpriority=\"high\" decoding=\"async\" class=\"left alignleft wp-image-1166\" src=\"http:\/\/asue.edu.az\/application\/uploads\/2015\/02\/DSC_8729.jpg\" alt=\"DSC_8729\" width=\"337\" height=\"273\" srcset=\"http:\/\/unec.edu.az\/application\/uploads\/2015\/02\/DSC_8729.jpg 800w, http:\/\/unec.edu.az\/application\/uploads\/2015\/02\/DSC_8729-300x243.jpg 300w\" sizes=\"(max-width: 337px) 100vw, 337px\" \/><\/a><\/h4>\n<h4 style=\"text-align: justify;\"><strong><span style=\"color: #800000;\">&#171;\u0130nnovativ-Biznes-\u0130nkubator&#187; MMC-nin r\u0259hb\u0259ri H\u0259s\u0259nov Mircavid A\u011fak\u0259rim o\u011flu <\/span><\/strong><\/h4>\n<p style=\"text-align: justify;\"><span style=\"color: #000000;\">7 mart 1981-ci ild\u0259 Bak\u0131 \u015f\u0259h\u0259rind\u0259 anadan olub. 1988-1998-ci ill\u0259rd\u0259 Garada\u011f rayonu 106 sayl\u0131 orta m\u0259kt\u0259bd\u0259 t\u0259hsil al\u0131b.<\/span><\/p>\n<p style=\"text-align: justify;\"><span style=\"color: #000000;\">1998-2002-ci ill\u0259rd\u0259 Az\u0259rbaycan D\u00f6vl\u0259t \u0130qtisad Universitetind\u0259 Menecment ixtisas\u0131 \u00fczr\u0259\u00a0 bakalavr t\u0259hsili al\u0131b, \u00a02002-2004-c\u00fc ill\u0259rd\u0259 magistartura proqram\u0131 \u00fczr\u0259 t\u0259hsil al\u0131b.<\/span><\/p>\n<p style=\"text-align: justify;\"><span style=\"color: #000000;\">2004-c\u00fc ild\u0259n bu g\u00fcn\u0259 kimi Az\u0259rbaycan D\u00f6vl\u0259t \u0130qtisad Universitetinin \u201cMenecment\u201d kafedras\u0131nda \u0259vv\u0259lc\u0259 ba\u015f laborant sonra is\u0259 m\u00fc\u0259llim v\u0259zif\u0259sind\u0259 \u00e7al\u0131\u015f\u0131b. 2007-2011-ci ill\u0259rd\u0259 \u201cPyramid Group\u201d MMC-nin direktoru v\u0259zif\u0259sind\u0259 \u00e7al\u0131\u015f\u0131b. 2011-2013-c\u00fc ill\u0259rd\u0259 \u201cSiren Trading\u201d MMC \u015firk\u0259tind\u0259 \u0259vv\u0259lc\u0259 \u201cT\u0259lim departamentinin\u201d direktoru, sonradan Regional ticar\u0259t direktoru v\u0259zif\u0259sind\u0259 \u00e7al\u0131\u015f\u0131b.<\/span><\/p>\n<p style=\"text-align: justify;\"><span style=\"color: #000000;\">20 may 2014-c\u00fc ild\u0259n bu g\u00fcn\u0259 kimi AD\u0130U-nun t\u0259sis\u00e7iliyi il\u0259 yarad\u0131lm\u0131\u015f \u0130nnovativ Biznes-\u0130nkubatorun direktoru v\u0259zif\u0259sind\u0259 \u00e7al\u0131\u015f\u0131r.<\/span><\/p>\n<p style=\"text-align: justify;\"><span style=\"color: #000000;\">Ail\u0259lidir, iki \u00f6vlad\u0131 var.<\/span><\/p>\n","protected":false},"excerpt":{"rendered":"<p>&#171;\u0130nnovativ-Biznes-\u0130nkubator&#187; MMC-nin r\u0259hb\u0259ri H\u0259s\u0259nov Mircavid A\u011fak\u0259rim o\u011flu 7 mart 1981-ci ild\u0259 Bak\u0131 \u015f\u0259h\u0259rind\u0259 anadan olub. 1988-1998-ci ill\u0259rd\u0259 Garada\u011f rayonu 106 sayl\u0131 orta m\u0259kt\u0259bd\u0259 t\u0259hsil al\u0131b. 1998-2002-ci ill\u0259rd\u0259 Az\u0259rbaycan D\u00f6vl\u0259t \u0130qtisad Universitetind\u0259 Menecment ixtisas\u0131 \u00fczr\u0259\u00a0 bakalavr t\u0259hsili al\u0131b, \u00a02002-2004-c\u00fc ill\u0259rd\u0259 magistartura proqram\u0131 \u00fczr\u0259 t\u0259hsil al\u0131b. 2004-c\u00fc ild\u0259n bu g\u00fcn\u0259 kimi Az\u0259rbaycan D\u00f6vl\u0259t \u0130qtisad Universitetinin \u201cMenecment\u201d kafedras\u0131nda [&hellip;]<\/p>\n","protected":false},"author":10,"featured_media":0,"parent":280,"menu_order":3,"comment_status":"open","ping_status":"open","template":"page-templates\/3columncontent.php","meta":{"footnotes":""},"class_list":["post-450462","page","type-page","status-publish","hentry"],"_links":{"self":[{"href":"http:\/\/unec.edu.az\/ru\/wp-json\/wp\/v2\/pages\/450462","targetHints":{"allow":["GET"]}}],"collection":[{"href":"http:\/\/unec.edu.az\/ru\/wp-json\/wp\/v2\/pages"}],"about":[{"href":"http:\/\/unec.edu.az\/ru\/wp-json\/wp\/v2\/types\/page"}],"author":[{"embeddable":true,"href":"http:\/\/unec.edu.az\/ru\/wp-json\/wp\/v2\/users\/10"}],"replies":[{"embeddable":true,"href":"http:\/\/unec.edu.az\/ru\/wp-json\/wp\/v2\/comments?post=450462"}],"version-history":[{"count":0,"href":"http:\/\/unec.edu.az\/ru\/wp-json\/wp\/v2\/pages\/450462\/revisions"}],"up":[{"embeddable":true,"href":"http:\/\/unec.edu.az\/ru\/wp-json\/wp\/v2\/pages\/280"}],"wp:attachment":[{"href":"http:\/\/unec.edu.az\/ru\/wp-json\/wp\/v2\/media?parent=450462"}],"curies":[{"name":"wp","href":"https:\/\/api.w.org\/{rel}","templated":true}]}}