{"id":464948,"date":"2025-04-25T16:16:12","date_gmt":"2025-04-25T12:16:12","guid":{"rendered":"https:\/\/unec.edu.az\/?page_id=464948"},"modified":"2025-04-29T16:44:53","modified_gmt":"2025-04-29T12:44:53","slug":"2024-2025-tedris-ilinin-yaz-semestrinin-ara-qiymetlendirme-imtahanlarinda-uzrlu-sebebden-istirak-ede-bilmeyen-telebeler-ucun-imtahan-cedveli","status":"publish","type":"page","link":"http:\/\/unec.edu.az\/ru\/2024-2025-tedris-ilinin-yaz-semestrinin-ara-qiymetlendirme-imtahanlarinda-uzrlu-sebebden-istirak-ede-bilmeyen-telebeler-ucun-imtahan-cedveli\/","title":{"rendered":"2024\/2025 t\u0259dris ilinin yaz semestrinin ara qiym\u0259tl\u0259ndirm\u0259 imtahanlar\u0131nda \u00fczrl\u00fc s\u0259b\u0259bd\u0259n i\u015ftirak ed\u0259 bilm\u0259y\u0259n t\u0259l\u0259b\u0259l\u0259r \u00fc\u00e7\u00fcn \u0130MTAHAN C\u018fDV\u018fL\u0130"},"content":{"rendered":"\n\n\n<p>2024\/2025 t\u0259dris ilinin yaz semestrinin ara qiym\u0259tl\u0259ndirm\u0259 imtahanlar\u0131nda \u00fczrl\u00fc s\u0259b\u0259bd\u0259n i\u015ftirak ed\u0259 bilm\u0259y\u0259n t\u0259l\u0259b\u0259l\u0259r \u00fc\u00e7\u00fcn \u0130MTAHAN C\u018fDV\u018fL\u0130<\/p>\n<p><span style=\"color: #000080;\"><em><a style=\"color: #000080;\" href=\"https:\/\/unec.edu.az\/application\/uploads\/2025\/04\/SABAH-m\u0259rk\u0259zi.xlsx\">SABAH m\u0259rk\u0259zi<\/a><\/em><\/span><\/p>\n<p><span style=\"color: #000080;\"><em><a style=\"color: #000080;\" href=\"https:\/\/unec.edu.az\/application\/uploads\/2025\/04\/Maliyy\u0259-ve-muhasibat-1.xlsx\">Maliyy\u0259 v\u0259 m\u00fchasibat<\/a><\/em><\/span><\/p>\n<p><span style=\"color: #000080;\"><em><a style=\"color: #000080;\" href=\"https:\/\/unec.edu.az\/application\/uploads\/2025\/04\/Beyn\u0259lxalq-iqtisadiyyat-m\u0259kt\u0259bi-1.xlsx\">Beyn\u0259lxalq iqtisadiyyat m\u0259kt\u0259bi<\/a><\/em><\/span><\/p>\n<p><span style=\"color: #000080;\"><em><a style=\"color: #000080;\" href=\"https:\/\/unec.edu.az\/application\/uploads\/2025\/04\/Unec-Dizayn-m\u0259kt\u0259bi-1.xlsx\">UNEC Dizayn m\u0259kt\u0259bi<\/a><\/em><\/span><\/p>\n<p><span style=\"color: #000080;\"><em><a style=\"color: #000080;\" href=\"https:\/\/unec.edu.az\/application\/uploads\/2025\/04\/Rus-iqtisad-m\u0259kt\u0259bi-1.xlsx\">Rus iqtisad m\u0259kt\u0259bi<\/a><\/em><\/span><\/p>\n<p><span style=\"color: #000080;\"><em><a style=\"color: #000080;\" href=\"https:\/\/unec.edu.az\/application\/uploads\/2025\/04\/Turk-dunyasi-iqtisad-1.xlsx\">T\u00fcrk d\u00fcnyas\u0131 iqtisad<\/a> <\/em><\/span><\/p>\n<p><span style=\"color: #000080;\"><em><a style=\"color: #000080;\" href=\"https:\/\/unec.edu.az\/application\/uploads\/2025\/04\/Muh\u0259ndislik-2.xlsx\">M\u00fch\u0259ndislik<\/a><\/em><\/span><\/p>\n<p><span style=\"color: #000080;\"><em><a style=\"color: #000080;\" href=\"https:\/\/unec.edu.az\/application\/uploads\/2025\/04\/Iqtisadiyyat-v\u0259-idar\u0259etm\u0259-2.xlsx\">Iqtisadiyyat v\u0259 idar\u0259etm\u0259<\/a><\/em><\/span><\/p>\n<p><span style=\"color: #000080;\"><em><a style=\"color: #000080;\" href=\"https:\/\/unec.edu.az\/application\/uploads\/2025\/04\/Biznes-v\u0259-menecment-2.xlsx\">Biznes v\u0259 menecment<\/a><\/em><\/span><\/p>\n<p><span style=\"color: #000080;\"><em><a style=\"color: #000080;\" href=\"https:\/\/unec.edu.az\/application\/uploads\/2025\/04\/R\u0259q\u0259msal-iqtisadiyyat-2.xlsx\">R\u0259q\u0259msal iqtisadiyyat<\/a><\/em><\/span><\/p>\n","protected":false},"excerpt":{"rendered":"<p>2024\/2025 t\u0259dris ilinin yaz semestrinin ara qiym\u0259tl\u0259ndirm\u0259 imtahanlar\u0131nda \u00fczrl\u00fc s\u0259b\u0259bd\u0259n i\u015ftirak ed\u0259 bilm\u0259y\u0259n t\u0259l\u0259b\u0259l\u0259r \u00fc\u00e7\u00fcn \u0130MTAHAN C\u018fDV\u018fL\u0130 SABAH m\u0259rk\u0259zi Maliyy\u0259 v\u0259 m\u00fchasibat Beyn\u0259lxalq iqtisadiyyat m\u0259kt\u0259bi UNEC Dizayn m\u0259kt\u0259bi Rus iqtisad m\u0259kt\u0259bi T\u00fcrk d\u00fcnyas\u0131 iqtisad M\u00fch\u0259ndislik Iqtisadiyyat v\u0259 idar\u0259etm\u0259 Biznes v\u0259 menecment R\u0259q\u0259msal iqtisadiyyat<\/p>\n","protected":false},"author":13,"featured_media":0,"parent":0,"menu_order":0,"comment_status":"closed","ping_status":"closed","template":"","meta":{"footnotes":""},"class_list":["post-464948","page","type-page","status-publish","hentry"],"_links":{"self":[{"href":"http:\/\/unec.edu.az\/ru\/wp-json\/wp\/v2\/pages\/464948","targetHints":{"allow":["GET"]}}],"collection":[{"href":"http:\/\/unec.edu.az\/ru\/wp-json\/wp\/v2\/pages"}],"about":[{"href":"http:\/\/unec.edu.az\/ru\/wp-json\/wp\/v2\/types\/page"}],"author":[{"embeddable":true,"href":"http:\/\/unec.edu.az\/ru\/wp-json\/wp\/v2\/users\/13"}],"replies":[{"embeddable":true,"href":"http:\/\/unec.edu.az\/ru\/wp-json\/wp\/v2\/comments?post=464948"}],"version-history":[{"count":14,"href":"http:\/\/unec.edu.az\/ru\/wp-json\/wp\/v2\/pages\/464948\/revisions"}],"predecessor-version":[{"id":465251,"href":"http:\/\/unec.edu.az\/ru\/wp-json\/wp\/v2\/pages\/464948\/revisions\/465251"}],"wp:attachment":[{"href":"http:\/\/unec.edu.az\/ru\/wp-json\/wp\/v2\/media?parent=464948"}],"curies":[{"name":"wp","href":"https:\/\/api.w.org\/{rel}","templated":true}]}}