{"id":50073,"date":"2016-04-27T11:41:43","date_gmt":"2016-04-27T07:41:43","guid":{"rendered":"https:\/\/unec.edu.az\/ziyadov-hemze-pasa-oglu-2\/"},"modified":"2017-03-16T14:29:59","modified_gmt":"2017-03-16T10:29:59","slug":"ziyadov-hemze-pasa-oglu","status":"publish","type":"page","link":"http:\/\/unec.edu.az\/ru\/ziyadov-hemze-pasa-oglu\/","title":{"rendered":"\u043a.\u044d.\u043d.\u0417\u0438\u044f\u0434\u043e\u0432 \u0413\u0430\u043c\u0437\u0430 \u041f\u0430\u0448\u0430 \u043e\u0433\u043b\u044b"},"content":{"rendered":"<h4><a href=\"https:\/\/unec.edu.az\/application\/uploads\/2016\/04\/DSC_7835.jpg\"><img fetchpriority=\"high\" decoding=\"async\" class=\"alignleft wp-image-49994 \" title=\"left\" src=\"https:\/\/unec.edu.az\/application\/uploads\/2016\/04\/DSC_7835-300x200.jpg\" alt=\"DSC_7835\" width=\"320\" height=\"213\" srcset=\"http:\/\/unec.edu.az\/application\/uploads\/2016\/04\/DSC_7835-300x200.jpg 300w, http:\/\/unec.edu.az\/application\/uploads\/2016\/04\/DSC_7835.jpg 800w\" sizes=\"(max-width: 320px) 100vw, 320px\" \/><\/a><\/h4>\n<p><span style=\"color: #800000;\"><em>\u0414\u0438\u0440\u0435\u043a\u0442\u043e\u0440 \u0410\u0437\u0435\u0440\u0431\u0430\u0439\u0434\u0436\u0430\u043d\u0441\u043a\u043e\u0433\u043e \u0444\u0438\u043d\u0430\u043d\u0441\u043e\u0432\u043e-\u044d\u043a\u043e\u043d\u043e\u043c\u0438\u0447\u0435\u0441\u043a\u043e\u0433\u043e \u043a\u043e\u043b\u043b\u0435\u0434\u0436\u0430 \u043f\u0440\u0438 \u0410\u0437\u0435\u0440\u0431\u0430\u0439\u0434\u0436\u0430\u043d\u0441\u043a\u043e\u043c \u0433\u043e\u0441\u0443\u0434\u0430\u0440\u0441\u0442\u0432\u0435\u043d\u043d\u043e\u043c \u044d\u043a\u043e\u043d\u043e\u043c\u0438\u0447\u0435\u0441\u043a\u043e\u043c \u0443\u043d\u0438\u0432\u0435\u0440\u0441\u0438\u0442\u0435\u0442\u0435 \u0417\u0438\u044f\u0434\u043e\u0432 \u0413\u0430\u043c\u0437\u0430 \u041f\u0430\u0448\u0430 \u043e\u0433\u043b\u044b<\/em><\/span><\/p>\n<p><span style=\"color: #000000;\"><em>e-mail: hamza.ziyadov@unec.edu.az<\/em><\/span><\/p>\n<p>\u0420\u043e\u0434\u0438\u043b\u0441\u044f 10 \u043c\u0430\u0440\u0442\u0430\u00a0 1952 \u0433\u043e\u0434\u0430.<\/p>\n<p>\u0412 1973 \u0433\u043e\u0434\u0443 \u043e\u043a\u043e\u043d\u0447\u0438\u043b \u0410\u0437\u0435\u0440\u0431\u0430\u0439\u0434\u0436\u0430\u043d\u0441\u043a\u0438\u0439 \u0438\u043d\u0441\u0442\u0438\u0442\u0443\u0442 \u043d\u0430\u0440\u043e\u0434\u043d\u043e\u0433\u043e \u0445\u043e\u0437\u044f\u0439\u0441\u0442\u0432\u0430 \u0438\u043c. \u0414. \u0411\u0443\u043d\u0438\u0430\u0442\u0437\u0430\u0434\u0435 (\u043d\u044b\u043d\u0435 \u0410\u0437\u0435\u0440\u0431\u0430\u0439\u0434\u0436\u0430\u043d\u0441\u043a\u0438\u0439 \u0433\u043e\u0441\u0443\u0434\u0430\u0440\u0441\u0442\u0432\u0435\u043d\u043d\u044b\u0439 \u044d\u043a\u043e\u043d\u043e\u043c\u0438\u0447\u0435\u0441\u043a\u0438\u0439 \u0443\u043d\u0438\u0432\u0435\u0440\u0441\u0438\u0442\u0435\u0442).<\/p>\n<p>\u0412 1987 \u0433\u043e\u0434\u0443, \u0437\u0430\u0449\u0438\u0442\u0438\u0432 \u0434\u0438\u0441\u0441\u0435\u0440\u0442\u0430\u0446\u0438\u043e\u043d\u043d\u0443\u044e \u0440\u0430\u0431\u043e\u0442\u0443 \u0432 \u0410\u0437\u0435\u0440\u0431\u0430\u0439\u0434\u0436\u0430\u043d\u0441\u043a\u043e\u043c \u0438\u043d\u0441\u0442\u0438\u0442\u0443\u0442\u0435 \u043d\u0430\u0440\u043e\u0434\u043d\u043e\u0433\u043e \u0445\u043e\u0437\u044f\u0439\u0441\u0442\u0432\u0430, \u043f\u043e\u043b\u0443\u0447\u0438\u043b \u0443\u0447\u0435\u043d\u0443\u044e \u0441\u0442\u0435\u043f\u0435\u043d\u044c \u043a\u0430\u043d\u0434\u0438\u0434\u0430\u0442\u0430 \u044d\u043a\u043e\u043d\u043e\u043c\u0438\u0447\u0435\u0441\u043a\u0438\u0445 \u043d\u0430\u0443\u043a.<\/p>\n<p><strong>\u00a0<\/strong><\/p>\n<p><strong><em>\u0422\u0440\u0443\u0434\u043e\u0432\u0430\u044f \u0434\u0435\u044f\u0442\u0435\u043b\u044c\u043d\u043e\u0441\u0442\u044c:<\/em><\/strong><em><strong>\u00a0<\/strong><\/em><strong>\u00a0<\/strong><\/p>\n<p>\u0412 1974-1975 \u0433\u043e\u0434\u0430\u0445 \u043d\u0430\u0445\u043e\u0434\u0438\u043b\u0441\u044f \u043d\u0430 \u0432\u043e\u0435\u043d\u043d\u043e\u0439 \u0441\u043b\u0443\u0436\u0431\u0435.<\/p>\n<p>\u0412 1975-1979 \u0433\u043e\u0434\u0430\u0445 \u0440\u0430\u0431\u043e\u0442\u0430\u043b \u0432 \u041d\u0430\u0443\u0447\u043d\u043e-\u0438\u0441\u0441\u043b\u0435\u0434\u043e\u0432\u0430\u0442\u0435\u043b\u044c\u0441\u043a\u043e\u043c \u0438\u043d\u0441\u0442\u0438\u0442\u0443\u0442\u0435 \u043f\u0440\u0438 \u0410\u0437\u0435\u0440\u0431\u0430\u0439\u0434\u0436\u0430\u043d\u0441\u043a\u043e\u043c \u0433\u043e\u0441\u0443\u0434\u0430\u0440\u0441\u0442\u0432\u0435\u043d\u043d\u043e\u043c \u043f\u043b\u0430\u043d\u043e\u0432\u043e\u043c \u043a\u043e\u043c\u0438\u0442\u0435\u0442\u0435.<\/p>\n<p>\u0412 \u0441\u0435\u043d\u0442\u044f\u0431\u0440\u0435 1979 \u0433\u043e\u0434\u0430 \u0440\u0430\u0431\u043e\u0442\u0430\u043b \u043d\u0430 \u0434\u043e\u043b\u0436\u043d\u043e\u0441\u0442\u0438 \u043f\u0440\u0435\u043f\u043e\u0434\u0430\u0432\u0430\u0442\u0435\u043b\u044f, \u043f\u0440\u0435\u0434\u0441\u0435\u0434\u0430\u0442\u0435\u043b\u044f \u043a\u043e\u043c\u0438\u0441\u0441\u0438\u0438 \u043f\u043e \u0434\u0438\u0441\u0446\u0438\u043f\u043b\u0438\u043d\u0435 \u0438 \u0437\u0430\u0432\u0435\u0434\u0443\u044e\u0449\u0435\u0433\u043e \u0437\u0430\u043e\u0447\u043d\u044b\u043c \u043e\u0442\u0434\u0435\u043b\u043e\u043c \u0411\u0430\u043a\u0438\u043d\u0441\u043a\u043e\u0433\u043e \u0444\u0438\u043d\u0430\u043d\u0441\u043e\u0432\u043e-\u043a\u0440\u0435\u0434\u0438\u0442\u043d\u043e\u0433\u043e \u0442\u0435\u0445\u043d\u0438\u043a\u0443\u043c\u0430..<\/p>\n<p>\u0412 1990-1992 \u0433\u043e\u0434\u0430\u0445 \u0440\u0430\u0431\u043e\u0442\u0430\u043b \u0432 \u0413\u043e\u0441\u0443\u0434\u0430\u0440\u0441\u0442\u0432\u0435\u043d\u043d\u043e\u0439 \u0438\u043d\u0441\u043f\u0435\u043a\u0446\u0438\u0438 \u043a\u043e\u043d\u0442\u0440\u043e\u043b\u044c\u043d\u043e-\u0440\u0435\u0432\u0438\u0437\u0438\u043e\u043d\u043d\u044b\u0445 \u043f\u0440\u0435\u0434\u043f\u0440\u0438\u044f\u0442\u0438\u0439 \u041c\u0438\u043d\u0438\u0441\u0442\u0435\u0440\u0441\u0442\u0432\u0430 \u043d\u0430\u0440\u043e\u0434\u043d\u043e\u0433\u043e \u043e\u0431\u0440\u0430\u0437\u043e\u0432\u0430\u043d\u0438\u044f \u0410\u0437\u0435\u0440\u0431\u0430\u0439\u0434\u0436\u0430\u043d\u0441\u043a\u043e\u0439 \u0420\u0435\u0441\u043f\u0443\u0431\u043b\u0438\u043a\u0438, \u043d\u0430\u0447\u0430\u043b\u044c\u043d\u0438\u043a\u043e\u043c \u043e\u0442\u0434\u0435\u043b\u0430 \u0441\u0440\u0435\u0434\u043d\u0435\u0433\u043e \u0441\u043f\u0435\u0446\u0438\u0430\u043b\u044c\u043d\u043e\u0433\u043e \u043e\u0431\u0440\u0430\u0437\u043e\u0432\u0430\u043d\u0438\u044f.<\/p>\n<p>\u0412 1992-1999 \u0433\u043e\u0434\u0430\u0445 \u0440\u0430\u0431\u043e\u0442\u0430\u043b \u043d\u0430 \u0434\u043e\u043b\u0436\u043d\u043e\u0441\u0442\u0438 \u0437\u0430\u043c\u0435\u0441\u0442\u0438\u0442\u0435\u043b\u044f \u0434\u0438\u0440\u0435\u043a\u0442\u043e\u0440\u0430 \u043f\u043e \u0443\u0447\u0435\u0431\u043d\u044b\u043c \u0440\u0430\u0431\u043e\u0442\u0430\u043c \u0410\u0437\u0435\u0440\u0431\u0430\u0439\u0434\u0436\u0430\u043d\u0441\u043a\u043e\u0433\u043e \u0444\u0438\u043d\u0430\u043d\u0441\u043e\u0432\u043e-\u044d\u043a\u043e\u043d\u043e\u043c\u0438\u0447\u0435\u0441\u043a\u043e\u0433\u043e \u043a\u043e\u043b\u043b\u0435\u0434\u0436\u0430 \u0438\u043c. \u0413.\u0417.\u0422\u0430\u0433\u0438\u0435\u0432\u0430.<\/p>\n<p>\u0421 1999 \u0433\u043e\u0434\u0430 \u0440\u0430\u0431\u043e\u0442\u0430\u0435\u0442 \u043d\u0430 \u0434\u043e\u043b\u0436\u043d\u043e\u0441\u0442\u0438 \u0434\u0438\u0440\u0435\u043a\u0442\u043e\u0440\u0430 \u0410\u0437\u0435\u0440\u0431\u0430\u0439\u0434\u0436\u0430\u043d\u0441\u043a\u043e\u0433\u043e \u0444\u0438\u043d\u0430\u043d\u0441\u043e\u0432\u043e-\u044d\u043a\u043e\u043d\u043e\u043c\u0438\u0447\u0435\u0441\u043a\u043e\u0433\u043e \u043a\u043e\u043b\u043b\u0435\u0434\u0436\u0430.<\/p>\n<p>\u0416\u0435\u043d\u0430\u0442, \u0438\u043c\u0435\u0435\u0442 \u0434\u0432\u043e\u0438\u0445 \u0434\u0435\u0442\u0435\u0439.<\/p>\n<p><a href=\"https:\/\/unec.edu.az\/ru\/bilik-fondu-ve-iv-islam-hemreyliyi-oyunlari-teskilat-komitesinin-numayendeleri-maliyye-iqtisad-kollecinde\/\"><img decoding=\"async\" class=\"fancybox-margin alignnone wp-image-71332\" title=\"\u201cElm ayl\u0131\u011f\u0131\u201d Maliyy\u0259-\u0130qtisad Kollecind\u0259 davam edib (10.11.2016)\" src=\"https:\/\/unec.edu.az\/application\/uploads\/2016\/11\/IMG_0846-300x200.jpg\" alt=\"IMG_0846\" width=\"222\" height=\"148\" srcset=\"http:\/\/unec.edu.az\/application\/uploads\/2016\/11\/IMG_0846-300x200.jpg 300w, http:\/\/unec.edu.az\/application\/uploads\/2016\/11\/IMG_0846.jpg 800w\" sizes=\"(max-width: 222px) 100vw, 222px\" \/><img decoding=\"async\" class=\"fancybox-margin alignnone wp-image-24726\" title=\"UNEC-in n\u0259zdin\u0259 veril\u0259n Maliyy\u0259-\u0130qtisad Kollecind\u0259 t\u0259drisin t\u0259\u015fkili m\u00fczakir\u0259 edilib (26.10.2016)\" src=\"https:\/\/unec.edu.az\/application\/uploads\/2015\/10\/DSC_7852-300x200.jpg\" alt=\"DSC_7852\" width=\"224\" height=\"149\" srcset=\"http:\/\/unec.edu.az\/application\/uploads\/2015\/10\/DSC_7852-300x200.jpg 300w, http:\/\/unec.edu.az\/application\/uploads\/2015\/10\/DSC_7852.jpg 800w\" sizes=\"(max-width: 224px) 100vw, 224px\" \/><img loading=\"lazy\" decoding=\"async\" class=\"fancybox-margin alignnone wp-image-71995\" src=\"https:\/\/unec.edu.az\/application\/uploads\/2016\/04\/hamza_0030-300x200.jpg\" alt=\"hamza_0030\" width=\"224\" height=\"149\" srcset=\"http:\/\/unec.edu.az\/application\/uploads\/2016\/04\/hamza_0030-300x200.jpg 300w, http:\/\/unec.edu.az\/application\/uploads\/2016\/04\/hamza_0030.jpg 800w\" sizes=\"(max-width: 224px) 100vw, 224px\" \/><\/a><\/p>\n<p><span style=\"color: #000000;\"><a style=\"color: #000000;\" href=\"https:\/\/unec.edu.az\/ru\/bilik-fondu-ve-iv-islam-hemreyliyi-oyunlari-teskilat-komitesinin-numayendeleri-maliyye-iqtisad-kollecinde\/\">\u041f\u0440\u0435\u0434\u0441\u0442\u0430\u0432\u0438\u0442\u0435\u043b\u0438 \u0424\u043e\u043d\u0434\u0430 \u0437\u043d\u0430\u043d\u0438\u0439 \u0438 \u041e\u0440\u0433\u043a\u043e\u043c\u0438\u0442\u0435\u0442\u0430 IV \u0418\u0441\u043b\u0430\u043c\u0441\u043a\u0438\u0445 \u0438\u0433\u0440 \u0441\u043e\u043b\u0438\u0434\u0430\u0440\u043d\u043e\u0441\u0442\u0438 \u0432 \u0424\u0438\u043d\u0430\u043d\u0441\u043e\u0432\u043e-\u044d\u043a\u043e\u043d\u043e\u043c\u0438\u0447\u0435\u0441\u043a\u043e\u043c \u043a\u043e\u043b\u043b\u0435\u0434\u0436\u0435 <\/a>(16.03.2017)<\/span><\/p>\n<p><a style=\"color: #000000;\" href=\"https:\/\/unec.edu.az\/ru\/unec-de-xocali-heftesi-davam-edir\/\">\u0412 UNEC \u0441\u043e\u0441\u0442\u043e\u044f\u043b\u0441\u044f \u043a\u043e\u043d\u043a\u0443\u0440\u0441, \u043f\u043e\u0441\u0432\u044f\u0449\u0435\u043d\u043d\u044b\u0439 \u0425\u043e\u0434\u0436\u0430\u043b\u044b <\/a>(22.02.2017)<\/p>\n<p><a style=\"color: #000000;\" href=\"https:\/\/unec.edu.az\/ru\/elm-ayligi-maliyye-iqtisad-kollecinde-davam-edib\/\">\u00ab\u041c\u0435\u0441\u044f\u0447\u043d\u0438\u043a \u043d\u0430\u0443\u043a\u0438\u00bb \u043f\u0440\u043e\u0434\u043e\u043b\u0436\u0430\u0435\u0442\u0441\u044f \u0432 \u0424\u0438\u043d\u0430\u043d\u0441\u043e\u0432\u043e-\u044d\u043a\u043e\u043d\u043e\u043c\u0438\u0447\u0435\u0441\u043a\u043e\u043c \u043a\u043e\u043b\u043b\u0435\u0434\u0436\u0435 <\/a>(10.11.2016)<\/p>\n<p><span style=\"color: #000000;\"><a style=\"color: #000000;\" href=\"https:\/\/unec.edu.az\/ru\/unec-in-nezdine-verilen-maliyye-iqtisad-kollecinde-tedrisin-teskili-muzakire-edilib\/\">\u0411\u044b\u043b\u0430 \u043e\u0431\u0441\u0443\u0436\u0434\u0435\u043d\u0430 \u043e\u0440\u0433\u0430\u043d\u0438\u0437\u0430\u0446\u0438\u044f \u043e\u0431\u0443\u0447\u0435\u043d\u0438\u044f \u0432 \u0424\u0438\u043d\u0430\u043d\u0441\u043e\u0432\u043e-\u044d\u043a\u043e\u043d\u043e\u043c\u0438\u0447\u0435\u0441\u043a\u043e\u043c \u043a\u043e\u043b\u043b\u0435\u0434\u0436\u0435 \u043f\u0440\u0438 UNEC\u00a0<em>(26.10.2016)<\/em><\/a><\/span><\/p>\n<p>&nbsp;<\/p>\n","protected":false},"excerpt":{"rendered":"<p>\u0414\u0438\u0440\u0435\u043a\u0442\u043e\u0440 \u0410\u0437\u0435\u0440\u0431\u0430\u0439\u0434\u0436\u0430\u043d\u0441\u043a\u043e\u0433\u043e \u0444\u0438\u043d\u0430\u043d\u0441\u043e\u0432\u043e-\u044d\u043a\u043e\u043d\u043e\u043c\u0438\u0447\u0435\u0441\u043a\u043e\u0433\u043e \u043a\u043e\u043b\u043b\u0435\u0434\u0436\u0430 \u043f\u0440\u0438 \u0410\u0437\u0435\u0440\u0431\u0430\u0439\u0434\u0436\u0430\u043d\u0441\u043a\u043e\u043c \u0433\u043e\u0441\u0443\u0434\u0430\u0440\u0441\u0442\u0432\u0435\u043d\u043d\u043e\u043c \u044d\u043a\u043e\u043d\u043e\u043c\u0438\u0447\u0435\u0441\u043a\u043e\u043c \u0443\u043d\u0438\u0432\u0435\u0440\u0441\u0438\u0442\u0435\u0442\u0435 \u0417\u0438\u044f\u0434\u043e\u0432 \u0413\u0430\u043c\u0437\u0430 \u041f\u0430\u0448\u0430 \u043e\u0433\u043b\u044b e-mail: hamza.ziyadov@unec.edu.az \u0420\u043e\u0434\u0438\u043b\u0441\u044f 10 \u043c\u0430\u0440\u0442\u0430\u00a0 1952 \u0433\u043e\u0434\u0430. \u0412 1973 \u0433\u043e\u0434\u0443 \u043e\u043a\u043e\u043d\u0447\u0438\u043b \u0410\u0437\u0435\u0440\u0431\u0430\u0439\u0434\u0436\u0430\u043d\u0441\u043a\u0438\u0439 \u0438\u043d\u0441\u0442\u0438\u0442\u0443\u0442 \u043d\u0430\u0440\u043e\u0434\u043d\u043e\u0433\u043e \u0445\u043e\u0437\u044f\u0439\u0441\u0442\u0432\u0430 \u0438\u043c. \u0414. \u0411\u0443\u043d\u0438\u0430\u0442\u0437\u0430\u0434\u0435 (\u043d\u044b\u043d\u0435 \u0410\u0437\u0435\u0440\u0431\u0430\u0439\u0434\u0436\u0430\u043d\u0441\u043a\u0438\u0439 \u0433\u043e\u0441\u0443\u0434\u0430\u0440\u0441\u0442\u0432\u0435\u043d\u043d\u044b\u0439 \u044d\u043a\u043e\u043d\u043e\u043c\u0438\u0447\u0435\u0441\u043a\u0438\u0439 \u0443\u043d\u0438\u0432\u0435\u0440\u0441\u0438\u0442\u0435\u0442). \u0412 1987 \u0433\u043e\u0434\u0443, \u0437\u0430\u0449\u0438\u0442\u0438\u0432 \u0434\u0438\u0441\u0441\u0435\u0440\u0442\u0430\u0446\u0438\u043e\u043d\u043d\u0443\u044e \u0440\u0430\u0431\u043e\u0442\u0443 \u0432 \u0410\u0437\u0435\u0440\u0431\u0430\u0439\u0434\u0436\u0430\u043d\u0441\u043a\u043e\u043c \u0438\u043d\u0441\u0442\u0438\u0442\u0443\u0442\u0435 \u043d\u0430\u0440\u043e\u0434\u043d\u043e\u0433\u043e \u0445\u043e\u0437\u044f\u0439\u0441\u0442\u0432\u0430, \u043f\u043e\u043b\u0443\u0447\u0438\u043b \u0443\u0447\u0435\u043d\u0443\u044e \u0441\u0442\u0435\u043f\u0435\u043d\u044c \u043a\u0430\u043d\u0434\u0438\u0434\u0430\u0442\u0430 \u044d\u043a\u043e\u043d\u043e\u043c\u0438\u0447\u0435\u0441\u043a\u0438\u0445 \u043d\u0430\u0443\u043a. \u00a0 \u0422\u0440\u0443\u0434\u043e\u0432\u0430\u044f [&hellip;]<\/p>\n","protected":false},"author":6,"featured_media":0,"parent":0,"menu_order":0,"comment_status":"open","ping_status":"open","template":"","meta":{"footnotes":""},"class_list":["post-50073","page","type-page","status-publish","hentry"],"_links":{"self":[{"href":"http:\/\/unec.edu.az\/ru\/wp-json\/wp\/v2\/pages\/50073","targetHints":{"allow":["GET"]}}],"collection":[{"href":"http:\/\/unec.edu.az\/ru\/wp-json\/wp\/v2\/pages"}],"about":[{"href":"http:\/\/unec.edu.az\/ru\/wp-json\/wp\/v2\/types\/page"}],"author":[{"embeddable":true,"href":"http:\/\/unec.edu.az\/ru\/wp-json\/wp\/v2\/users\/6"}],"replies":[{"embeddable":true,"href":"http:\/\/unec.edu.az\/ru\/wp-json\/wp\/v2\/comments?post=50073"}],"version-history":[{"count":13,"href":"http:\/\/unec.edu.az\/ru\/wp-json\/wp\/v2\/pages\/50073\/revisions"}],"predecessor-version":[{"id":87750,"href":"http:\/\/unec.edu.az\/ru\/wp-json\/wp\/v2\/pages\/50073\/revisions\/87750"}],"wp:attachment":[{"href":"http:\/\/unec.edu.az\/ru\/wp-json\/wp\/v2\/media?parent=50073"}],"curies":[{"name":"wp","href":"https:\/\/api.w.org\/{rel}","templated":true}]}}