{"id":8480,"date":"2015-02-09T17:17:40","date_gmt":"2015-02-09T13:17:40","guid":{"rendered":"http:\/\/asue.edu.az\/idareetme11\/departments\/umumi-sobe\/"},"modified":"2024-11-26T10:03:10","modified_gmt":"2024-11-26T06:03:10","slug":"umumi-sobe","status":"publish","type":"page","link":"http:\/\/unec.edu.az\/ru\/idareetme11\/departments\/umumi-sobe\/","title":{"rendered":"\u041e\u0411\u0429\u0418\u0419 \u043e\u0442\u0434\u0435\u043b"},"content":{"rendered":"<table style=\"height: 237px;\" width=\"553\">\n<tbody>\n<tr>\n<td>\n<h4><span style=\"color: #800000;\"><a style=\"color: #800000;\" href=\"https:\/\/unec.edu.az\/ru\/metanet-sahib-qizi-novruzova\/\">\u0417\u0430\u0432\u0435\u0434\u0443\u044e\u0449\u0438\u0439 \u043e\u0442\u0434\u0435\u043b\u043e\u043c: \u041c\u0430\u0442\u0430\u043d\u0430\u0442 \u0421\u0430\u0445\u0438\u0431 \u043a\u044b\u0437\u044b \u041d\u043e\u0432\u0440\u0443\u0437\u043e\u0432\u0430<\/a><\/span><\/h4>\n<h4><span style=\"color: #000000;\"><em><span style=\"font-size: 12pt;\">\u041a\u043e\u043d\u0442\u0430\u043a\u0442\u043d\u044b\u0439 \u0442\u0435\u043b\u0435\u0444\u043e\u043d: +(994) 12\u00a0437-10-86<br \/>\nFax: 492-59-40<br \/>\n<\/span>E-mail:\u00a0unec @unec.edu.az<\/em><\/span><\/h4>\n<h4><span style=\"color: #000000;\"><em><span style=\"font-size: 12pt;\">\u00a0<\/span><\/em><\/span><\/h4>\n<\/td>\n<\/tr>\n<\/tbody>\n<\/table>\n<p><a href=\"https:\/\/unec.edu.az\/ru\/unec-in-docnet-istifadecileri-ucun-treninqler\/\">\u00a0<\/a><\/p>\n<p><em><a class=\"fancybox-thumb\" href=\"https:\/\/unec.edu.az\/application\/uploads\/2017\/05\/DSC_7164.jpg\" rel=\"fancybox-thumb\"><img decoding=\"async\" class=\"fancybox-margin alignnone wp-image-95769 size-image236x180\" title=\"UNEC-d\u0259 elektron karg\u00fczarl\u0131\u011f\u0131 t\u0259kmill\u0259\u015fdirilir (18.05.2017)\" src=\"https:\/\/unec.edu.az\/application\/uploads\/2017\/05\/DSC_7164-236x180.jpg\" alt=\"DSC_7164\" width=\"236\" height=\"180\" \/><\/a>\u00a0<a class=\"fancybox-thumb\" href=\"https:\/\/unec.edu.az\/application\/uploads\/2017\/05\/DSC_7169.jpg\" rel=\"fancybox-thumb\"><img decoding=\"async\" class=\"fancybox-margin alignnone wp-image-95770 size-image236x180\" title=\"UNEC-d\u0259 elektron karg\u00fczarl\u0131\u011f\u0131 t\u0259kmill\u0259\u015fdirilir (18.05.2017)\" src=\"https:\/\/unec.edu.az\/application\/uploads\/2017\/05\/DSC_7169-236x180.jpg\" alt=\"DSC_7169\" width=\"236\" height=\"180\" \/><\/a><a class=\"fancybox-thumb\" href=\"https:\/\/unec.edu.az\/application\/uploads\/2017\/05\/DSC_7182.jpg\" rel=\"fancybox-thumb\"><img decoding=\"async\" class=\"fancybox-margin alignnone wp-image-95771 size-image236x180\" title=\"UNEC-d\u0259 elektron karg\u00fczarl\u0131\u011f\u0131 t\u0259kmill\u0259\u015fdirilir (18.05.2017)\" src=\"https:\/\/unec.edu.az\/application\/uploads\/2017\/05\/DSC_7182-236x180.jpg\" alt=\"DSC_7182\" width=\"236\" height=\"180\" \/><\/a>\u00a0<a class=\"fancybox-thumb\" href=\"https:\/\/unec.edu.az\/application\/uploads\/2017\/05\/DSC_7254.jpg\" rel=\"fancybox-thumb\"><img loading=\"lazy\" decoding=\"async\" class=\"fancybox-margin alignnone wp-image-95774 size-image236x180\" title=\"UNEC-d\u0259 elektron karg\u00fczarl\u0131\u011f\u0131 t\u0259kmill\u0259\u015fdirilir (18.05.2017)\" src=\"https:\/\/unec.edu.az\/application\/uploads\/2017\/05\/DSC_7254-236x180.jpg\" alt=\"DSC_7254\" width=\"236\" height=\"180\" \/><\/a><\/em><\/p>\n<p><a href=\"https:\/\/unec.edu.az\/ru\/unec-in-docnet-istifadecileri-ucun-treninqler\/\">\u00a0<span style=\"color: #000080;\">\u0412 UNEC \u0441\u043e\u0432\u0435\u0440\u0448\u0435\u043d\u0441\u0442\u0432\u0443\u0435\u0442\u0441\u044f \u044d\u043b\u0435\u043a\u0442\u0440\u043e\u043d\u043d\u043e\u0435 \u0434\u0435\u043b\u043e\u043f\u0440\u043e\u0438\u0437\u0432\u043e\u0434\u0441\u0442\u0432\u043e<\/span><\/a><span style=\"color: #000080;\">\u00a0 (18.05.2017)<\/span><\/p>\n","protected":false},"excerpt":{"rendered":"<p>\u0417\u0430\u0432\u0435\u0434\u0443\u044e\u0449\u0438\u0439 \u043e\u0442\u0434\u0435\u043b\u043e\u043c: \u041c\u0430\u0442\u0430\u043d\u0430\u0442 \u0421\u0430\u0445\u0438\u0431 \u043a\u044b\u0437\u044b \u041d\u043e\u0432\u0440\u0443\u0437\u043e\u0432\u0430 \u041a\u043e\u043d\u0442\u0430\u043a\u0442\u043d\u044b\u0439 \u0442\u0435\u043b\u0435\u0444\u043e\u043d: +(994) 12\u00a0437-10-86 Fax: 492-59-40 E-mail:\u00a0unec @unec.edu.az \u00a0 \u00a0 \u00a0\u00a0 \u00a0\u0412 UNEC \u0441\u043e\u0432\u0435\u0440\u0448\u0435\u043d\u0441\u0442\u0432\u0443\u0435\u0442\u0441\u044f \u044d\u043b\u0435\u043a\u0442\u0440\u043e\u043d\u043d\u043e\u0435 \u0434\u0435\u043b\u043e\u043f\u0440\u043e\u0438\u0437\u0432\u043e\u0434\u0441\u0442\u0432\u043e\u00a0 (18.05.2017)<\/p>\n","protected":false},"author":8,"featured_media":0,"parent":8973,"menu_order":2,"comment_status":"open","ping_status":"open","template":"page-templates\/3columncontent.php","meta":{"footnotes":""},"class_list":["post-8480","page","type-page","status-publish","hentry"],"_links":{"self":[{"href":"http:\/\/unec.edu.az\/ru\/wp-json\/wp\/v2\/pages\/8480","targetHints":{"allow":["GET"]}}],"collection":[{"href":"http:\/\/unec.edu.az\/ru\/wp-json\/wp\/v2\/pages"}],"about":[{"href":"http:\/\/unec.edu.az\/ru\/wp-json\/wp\/v2\/types\/page"}],"author":[{"embeddable":true,"href":"http:\/\/unec.edu.az\/ru\/wp-json\/wp\/v2\/users\/8"}],"replies":[{"embeddable":true,"href":"http:\/\/unec.edu.az\/ru\/wp-json\/wp\/v2\/comments?post=8480"}],"version-history":[{"count":12,"href":"http:\/\/unec.edu.az\/ru\/wp-json\/wp\/v2\/pages\/8480\/revisions"}],"predecessor-version":[{"id":451560,"href":"http:\/\/unec.edu.az\/ru\/wp-json\/wp\/v2\/pages\/8480\/revisions\/451560"}],"up":[{"embeddable":true,"href":"http:\/\/unec.edu.az\/ru\/wp-json\/wp\/v2\/pages\/8973"}],"wp:attachment":[{"href":"http:\/\/unec.edu.az\/ru\/wp-json\/wp\/v2\/media?parent=8480"}],"curies":[{"name":"wp","href":"https:\/\/api.w.org\/{rel}","templated":true}]}}