{"id":9425,"date":"2015-02-12T15:54:18","date_gmt":"2015-02-12T11:54:18","guid":{"rendered":"http:\/\/asue.edu.az\/education\/bachelor\/emteesunasliq-fakultesi\/"},"modified":"2024-10-11T12:19:06","modified_gmt":"2024-10-11T08:19:06","slug":"emteesunasliq-fakultesi","status":"publish","type":"page","link":"http:\/\/unec.edu.az\/ru\/emteesunasliq-fakultesi\/","title":{"rendered":"\u0424\u0410\u041a\u0423\u041b\u042c\u0422\u0415\u0422  \u0418\u041d\u0416\u0415\u041d\u0415\u0420\u0418\u0418"},"content":{"rendered":"<table style=\"width: 100%; height: 189px;\" width=\"787\">\n<tbody>\n<tr style=\"height: 189px;\">\n<td style=\"height: 189px; width: 49.5238%;\">\n<h4><span style=\"color: #800000;\"><a style=\"color: #800000;\" href=\"https:\/\/unec.edu.az\/ru\/dos-semedov-elcin-elesger-oglu\/\">\u0414\u0435\u043a\u0430\u043d:<\/a><\/span><br \/><span style=\"color: #800000;\"><a style=\"color: #800000;\" href=\"https:\/\/unec.edu.az\/ru\/dos-semedov-elcin-elesger-oglu\/\">\u043a.\u0442.\u043d., \u0434\u043e\u0446. \u0421\u0430\u043c\u0435\u0434\u043e\u0432 \u042d\u043b\u044c\u0447\u0438\u043d \u0410\u043b\u0435\u0441\u043a\u0435\u0440<\/a><\/span><\/h4>\n<p><em>\u0422\u0435\u043b\u0435\u0444\u043e\u043d: <\/em><em>+(994) 12 492-59-03 (13-23)<br \/><\/em><em>e-mail:\u00a0<\/em><em>elchin_samadov@unec.edu.az<\/em><\/p>\n<\/td>\n<td style=\"height: 189px; width: 49.5238%;\">\n<h4><span style=\"color: #800000;\"><a style=\"color: #800000;\" href=\"https:\/\/unec.edu.az\/ru\/abdullayeva-sevinc-museyib\/\">\u0417\u0430\u043c.\u0434\u0435\u043a\u0430\u043d\u0430:<\/a><\/span><br \/><span style=\"color: #800000;\"><a style=\"color: #800000;\" href=\"https:\/\/unec.edu.az\/ru\/abdullayeva-sevinc-museyib\/\">\u0421\u0435\u0432\u0438\u043d\u0434\u0436 \u0410\u0431\u0434\u0443\u043b\u043b\u0430\u0435\u0432\u0430 \u041c\u0443\u0441\u0435\u0438\u0431<\/a><\/span><\/h4>\n<p><em>\u0422\u0435\u043b\u0435\u0444\u043e\u043d: <\/em><em>+(994) 12 492-59-03 (13-31)<\/em><\/p>\n<\/td>\n<\/tr>\n<\/tbody>\n<\/table>\n\n\n<p><a class=\"fancybox-thumb \" href=\"http:\/\/unec.edu.az\/application\/uploads\/2024\/09\/semed32685_3317237159109804340_n.jpg\"><img decoding=\"async\" class=\"fancybox-margin alignnone wp-image-443721 size-image236x180\" title=\"UNEC-in M\u00fch\u0259ndislik fak\u00fclt\u0259sinin dekan\u0131 dos.El\u00e7in S\u0259m\u0259dov I kurs t\u0259l\u0259b\u0259l\u0259ri il\u0259 g\u00f6r\u00fc\u015f\u00fcb (23.09.2024)\" src=\"http:\/\/unec.edu.az\/application\/uploads\/2024\/09\/semed32685_3317237159109804340_n-236x180.jpg\" alt=\"\" width=\"236\" height=\"180\" \/><\/a><a class=\"fancybox-thumb\" href=\"http:\/\/unec.edu.az\/application\/uploads\/2024\/09\/semed14497660147755_n.jpg\"><img decoding=\"async\" class=\"fancybox-margin alignnone wp-image-443715 size-image236x180\" title=\"UNEC-in M\u00fch\u0259ndislik fak\u00fclt\u0259sinin dekan\u0131 dos.El\u00e7in S\u0259m\u0259dov I kurs t\u0259l\u0259b\u0259l\u0259ri il\u0259 g\u00f6r\u00fc\u015f\u00fcb (23.09.2024)\" src=\"http:\/\/unec.edu.az\/application\/uploads\/2024\/09\/semed14497660147755_n-236x180.jpg\" alt=\"\" width=\"236\" height=\"180\" \/><\/a><a class=\"fancybox-thumb\" href=\"http:\/\/unec.edu.az\/application\/uploads\/2024\/09\/semed690_335280683277665856_n.jpg\"><img decoding=\"async\" class=\"fancybox-margin alignnone wp-image-443718 size-image236x180\" title=\"UNEC-in M\u00fch\u0259ndislik fak\u00fclt\u0259sinin dekan\u0131 dos.El\u00e7in S\u0259m\u0259dov I kurs t\u0259l\u0259b\u0259l\u0259ri il\u0259 g\u00f6r\u00fc\u015f\u00fcb (23.09.2024)\" src=\"http:\/\/unec.edu.az\/application\/uploads\/2024\/09\/semed690_335280683277665856_n-236x180.jpg\" alt=\"\" width=\"236\" height=\"180\" \/><\/a><a class=\"fancybox-thumb\" href=\"https:\/\/unec.edu.az\/application\/uploads\/2020\/10\/muhh979e6dab8e0eb9b28.jpeg\"><img loading=\"lazy\" decoding=\"async\" class=\"fancybox-margin alignnone wp-image-177322 size-image236x180\" src=\"https:\/\/unec.edu.az\/application\/uploads\/2020\/10\/muhh979e6dab8e0eb9b28-236x180.jpeg\" alt=\"muhh979e6dab8e0eb9b28\" width=\"236\" height=\"180\" \/><\/a><\/p>\n","protected":false},"excerpt":{"rendered":"<p>\u0414\u0435\u043a\u0430\u043d:\u043a.\u0442.\u043d., \u0434\u043e\u0446. \u0421\u0430\u043c\u0435\u0434\u043e\u0432 \u042d\u043b\u044c\u0447\u0438\u043d \u0410\u043b\u0435\u0441\u043a\u0435\u0440 \u0422\u0435\u043b\u0435\u0444\u043e\u043d: +(994) 12 492-59-03 (13-23)e-mail:\u00a0elchin_samadov@unec.edu.az \u0417\u0430\u043c.\u0434\u0435\u043a\u0430\u043d\u0430:\u0421\u0435\u0432\u0438\u043d\u0434\u0436 \u0410\u0431\u0434\u0443\u043b\u043b\u0430\u0435\u0432\u0430 \u041c\u0443\u0441\u0435\u0438\u0431 \u0422\u0435\u043b\u0435\u0444\u043e\u043d: +(994) 12 492-59-03 (13-31)<\/p>\n","protected":false},"author":10,"featured_media":0,"parent":0,"menu_order":10,"comment_status":"open","ping_status":"open","template":"page-templates\/3columncontent.php","meta":{"footnotes":""},"class_list":["post-9425","page","type-page","status-publish","hentry"],"_links":{"self":[{"href":"http:\/\/unec.edu.az\/ru\/wp-json\/wp\/v2\/pages\/9425","targetHints":{"allow":["GET"]}}],"collection":[{"href":"http:\/\/unec.edu.az\/ru\/wp-json\/wp\/v2\/pages"}],"about":[{"href":"http:\/\/unec.edu.az\/ru\/wp-json\/wp\/v2\/types\/page"}],"author":[{"embeddable":true,"href":"http:\/\/unec.edu.az\/ru\/wp-json\/wp\/v2\/users\/10"}],"replies":[{"embeddable":true,"href":"http:\/\/unec.edu.az\/ru\/wp-json\/wp\/v2\/comments?post=9425"}],"version-history":[{"count":43,"href":"http:\/\/unec.edu.az\/ru\/wp-json\/wp\/v2\/pages\/9425\/revisions"}],"predecessor-version":[{"id":446691,"href":"http:\/\/unec.edu.az\/ru\/wp-json\/wp\/v2\/pages\/9425\/revisions\/446691"}],"wp:attachment":[{"href":"http:\/\/unec.edu.az\/ru\/wp-json\/wp\/v2\/media?parent=9425"}],"curies":[{"name":"wp","href":"https:\/\/api.w.org\/{rel}","templated":true}]}}