{"id":9430,"date":"2015-02-12T15:55:50","date_gmt":"2015-02-12T11:55:50","guid":{"rendered":"http:\/\/asue.edu.az\/education\/bachelor\/ingilis-dilinde-tedris-merkezi\/"},"modified":"2025-09-17T10:22:24","modified_gmt":"2025-09-17T06:22:24","slug":"ingilis-dilinde-tedris-merkezi","status":"publish","type":"page","link":"http:\/\/unec.edu.az\/ru\/education\/bachelor\/ingilis-dilinde-tedris-merkezi\/","title":{"rendered":"\u041c\u0415\u0416\u0414\u0423\u041d\u0410\u0420\u041e\u0414\u041d\u0410\u042f \u0428\u041a\u041e\u041b\u0410 \u042d\u041a\u041e\u041d\u041e\u041c\u0418\u041a\u0418 (ISE)"},"content":{"rendered":"<table style=\"width: 100.237%; height: 229px;\" width=\"712\">\n<tbody>\n<tr style=\"height: 229px;\">\n<td style=\"width: 34.5108%; height: 229px;\">\n<h4><span style=\"color: #800000;\">\u0414\u0438\u0440\u0435\u043a\u0442\u043e\u0440:<\/span><br \/><span style=\"color: #800000;\"><a style=\"color: #800000;\" href=\"https:\/\/unec.edu.az\/ru\/rzayeva-inare-rza\/\">\u0434.\u0444.\u044d., \u0434\u043e\u0446.\u0420\u0437\u0430\u0435\u0432\u0430 \u0418\u043d\u0430\u0440\u0430 \u0420\u0437\u0430<\/a><\/span><\/h4>\n<h4><span style=\"color: #000000;\"><em><span lang=\"AZ-LATIN\">\u0410\u0434\u0440\u0435\u0441:\u00a0 <\/span><span lang=\"AZ-LATIN\">\u0411\u0430\u043a\u0443, \u0443\u043b\u0438\u0446\u0430 \u0418\u0441\u0442\u0438\u0433\u043b\u0430\u043b\u0438\u044f\u0442 6 (I \u043a\u043e\u0440\u043f\u0443\u0441)<br \/><\/span>*<br \/>\u0442\u0435\u043b:<br \/>+<\/em><em>(994) 12 437-10-83<br \/><\/em><em>+(994) 12 492-59-03 (11-57)<\/em><\/span><\/h4>\n<h4><span style=\"color: #000000;\"><em>e-mail: <br \/>inara_rzayeva@unec.edu.az<\/em><\/span><\/h4>\n<\/td>\n<td style=\"width: 32.9479%; height: 229px;\">\n<h4><span style=\"color: #800000;\">\u0417\u0430\u043c\u0435\u0441\u0442\u0438\u0442\u0435\u043b\u044c \u0434\u0438\u0440\u0435\u043a\u0442\u043e\u0440\u0430:<\/span><br \/><span style=\"color: #800000;\"><a style=\"color: #800000;\" href=\"https:\/\/unec.edu.az\/ru\/quliyeva-aysel-aqil\/\">\u0410\u0439\u0441\u0435\u043b\u044c \u041a\u0443\u043b\u0438\u0435\u0432\u0430 \u0410\u0433\u0438\u043b\u044c<\/a><\/span><\/h4>\n<h4><span style=\"color: #000000;\"><em><span lang=\"AZ-LATIN\">\u0410\u0434\u0440\u0435\u0441:\u00a0 <\/span><span lang=\"AZ-LATIN\">\u0411\u0430\u043a\u0443, \u0443\u043b\u0438\u0446\u0430 \u0418\u0441\u0442\u0438\u0433\u043b\u0430\u043b\u0438\u044f\u0442\u00a0 6 (I \u043a\u043e\u0440\u043f\u0443\u0441)<br \/><\/span>*<br \/>\u0442\u0435\u043b:<br \/>+<\/em><em>(994) 12 437-10-83<br \/><\/em><\/span><\/h4>\n<h4><span style=\"color: #000000;\"><em>e-mail:<br \/>aguliyeva@unec.edu.az<\/em><\/span><\/h4>\n<h4>\u00a0<\/h4>\n<\/td>\n<td style=\"width: 25.6873%; height: 229px;\">\n<h4><span style=\"color: #800000;\">\u0421\u0435\u043a\u0440\u0435\u0442\u0430\u0440\u044c:\u00a0<\/span><br \/><span style=\"color: #800000;\">\u0425\u0443\u0440\u0430\u043c\u0430\u043d \u0410\u043c\u0438\u0440\u0430\u0441\u043b\u0430\u043d\u043e\u0432\u0430<\/span><\/h4>\n<h4><span style=\"color: #000000;\"><em>\u0442\u0435\u043b:<br \/><\/em><em>(+994) 12 492 60 91<br \/><\/em><em>+(994) 12 492-59-03 (11-40)<\/em><\/span><\/h4>\n<h4><span style=\"color: #000000;\"><em>e-mail:<br \/><\/em><em><a style=\"color: #000000;\" href=\"https:\/\/e.mail.ru\/compose\/?mailto=mailto%3akhuraman.amiraslanova@unec.edu.az\">khuraman.amiraslanova@un<\/a><\/em><\/span><\/h4>\n<\/td>\n<\/tr>\n<\/tbody>\n<\/table>\n<p><a style=\"font-size: revert;\" href=\"https:\/\/unec.edu.az\/application\/uploads\/2015\/02\/ISE-Promo-1.jpg\"><img fetchpriority=\"high\" decoding=\"async\" class=\"alignnone wp-image-154962 \" src=\"https:\/\/unec.edu.az\/application\/uploads\/2015\/02\/ISE-Promo-1-232x300.jpg\" alt=\"ISE Promo -1\" width=\"291\" height=\"375\" \/><\/a><span style=\"font-size: revert; color: initial;\">\u00a0<\/span><a style=\"font-size: revert;\" href=\"https:\/\/unec.edu.az\/application\/uploads\/2015\/02\/ise55.jpg\"><img decoding=\"async\" class=\"alignnone  wp-image-166540\" src=\"https:\/\/unec.edu.az\/application\/uploads\/2015\/02\/ise55-257x300.jpg\" sizes=\"(max-width: 288px) 100vw, 288px\" srcset=\"https:\/\/unec.edu.az\/application\/uploads\/2015\/02\/ise55-257x300.jpg 257w, https:\/\/unec.edu.az\/application\/uploads\/2015\/02\/ise55.jpg 404w\" alt=\"ise55\" width=\"288\" height=\"336\" \/><\/a><span style=\"font-size: revert; color: initial;\">\u00a0<\/span><a style=\"font-size: revert;\" href=\"https:\/\/unec.edu.az\/application\/uploads\/2015\/02\/ISE-Promo-4.jpg\"><img decoding=\"async\" class=\"alignnone  wp-image-154965\" src=\"https:\/\/unec.edu.az\/application\/uploads\/2015\/02\/ISE-Promo-4-232x300.jpg\" sizes=\"(max-width: 290px) 100vw, 290px\" srcset=\"https:\/\/unec.edu.az\/application\/uploads\/2015\/02\/ISE-Promo-4-232x300.jpg 232w, https:\/\/unec.edu.az\/application\/uploads\/2015\/02\/ISE-Promo-4-791x1024.jpg 791w, https:\/\/unec.edu.az\/application\/uploads\/2015\/02\/ISE-Promo-4.jpg 1700w\" alt=\"ISE Promo-4\" width=\"290\" height=\"375\" \/><\/a><\/p>\n<p><em><strong>Dear International Students<\/strong><\/em>,<\/p>\n<p>We look forward to welcoming you to the International School of Economics (UNEC)!<\/p>\n<p>Please see further information about\u00a0<strong>Online Registration and Application Forms on<\/strong>\u00a0<strong>https:\/\/unec.edu.az\/en\/admission\/international-students<\/strong><\/p>\n<p><a class=\"fancybox-thumb\" href=\"https:\/\/unec.edu.az\/application\/uploads\/2015\/02\/ACCREDITED-PROGRAMME.png\"><img loading=\"lazy\" decoding=\"async\" class=\"fancybox-margin alignnone wp-image-128333 size-thumbnail\" title=\"Beyn\u0259lxalq \u0130qtisadiyyat M\u0259kt\u0259bi ACCA akkreditasiyas\u0131n\u0131 qazand\u0131\" src=\"https:\/\/unec.edu.az\/application\/uploads\/2015\/02\/ACCREDITED-PROGRAMME-150x150.png\" sizes=\"(max-width: 150px) 100vw, 150px\" srcset=\"https:\/\/unec.edu.az\/application\/uploads\/2015\/02\/ACCREDITED-PROGRAMME-150x150.png 150w, https:\/\/unec.edu.az\/application\/uploads\/2015\/02\/ACCREDITED-PROGRAMME.png 207w\" alt=\"ACCREDITED-PROGRAMME\" width=\"150\" height=\"150\" \/><\/a><a class=\"fancybox-thumb\" href=\"https:\/\/unec.edu.az\/application\/uploads\/2015\/02\/0001.jpg\"><img loading=\"lazy\" decoding=\"async\" class=\"fancybox-margin alignnone wp-image-142271 size-thumbnail\" src=\"https:\/\/unec.edu.az\/application\/uploads\/2015\/02\/0001-150x150.jpg\" alt=\"0001\" width=\"150\" height=\"150\" \/><\/a><a class=\"fancybox-thumb\" href=\"https:\/\/unec.edu.az\/application\/uploads\/2017\/09\/DSC_4644.jpg\"><img loading=\"lazy\" decoding=\"async\" class=\"fancybox-margin alignnone wp-image-104153 size-thumbnail\" title=\"UNEC-in h\u0259d\u0259fi savadl\u0131 abituriyentl\u0259rdir (19.09.2017)\" src=\"https:\/\/unec.edu.az\/application\/uploads\/2017\/09\/DSC_4644-150x150.jpg\" alt=\"DSC_4644\" width=\"150\" height=\"150\" \/><\/a><a class=\"fancybox-thumb\" href=\"http:\/\/unec.edu.az\/application\/uploads\/2024\/09\/mmmmm-09-30-at-16.19.53.jpeg\"><img loading=\"lazy\" decoding=\"async\" class=\"fancybox-margin alignnone wp-image-444623 size-thumbnail\" src=\"http:\/\/unec.edu.az\/application\/uploads\/2024\/09\/mmmmm-09-30-at-16.19.53-150x150.jpeg\" alt=\"\" width=\"150\" height=\"150\" \/><\/a><a class=\"fancybox-thumb\" href=\"http:\/\/unec.edu.az\/application\/uploads\/2024\/09\/WhatsApp-Image-2024-09-30-at-17.18.03-1-1.jpeg\"><img loading=\"lazy\" decoding=\"async\" class=\"fancybox-margin alignnone wp-image-444615 size-thumbnail\" src=\"http:\/\/unec.edu.az\/application\/uploads\/2024\/09\/WhatsApp-Image-2024-09-30-at-17.18.03-1-1-150x150.jpeg\" alt=\"\" width=\"150\" height=\"150\" \/><\/a><a class=\"fancybox-thumb\" href=\"http:\/\/unec.edu.az\/application\/uploads\/2024\/09\/WhatsApp-Image-2024-09-30-at-17.18.03-2.jpeg\"><img loading=\"lazy\" decoding=\"async\" class=\"fancybox-margin alignnone wp-image-444618 size-thumbnail\" src=\"http:\/\/unec.edu.az\/application\/uploads\/2024\/09\/WhatsApp-Image-2024-09-30-at-17.18.03-2-150x150.jpeg\" alt=\"\" width=\"150\" height=\"150\" \/><\/a><\/p>\n<h4 id=\"tw-target-text\" class=\"tw-data-text tw-text-large tw-ta\" dir=\"ltr\" data-placeholder=\"\u041f\u0435\u0440\u0435\u0432\u043e\u0434\" data-ved=\"2ahUKEwiG6IXCtOyIAxV62gIHHe0bLU4Q3ewLegQICBAU\" aria-label=\"\u041f\u0435\u0440\u0435\u0432\u0435\u0434\u0435\u043d\u043d\u044b\u0439 \u0442\u0435\u043a\u0441\u0442: \u041d\u043e\u0432\u043e\u0441\u0442\u0438 \u041c\u0435\u0436\u0434\u0443\u043d\u0430\u0440\u043e\u0434\u043d\u043e\u0439 \u0448\u043a\u043e\u043b\u044b \u044d\u043a\u043e\u043d\u043e\u043c\u0438\u043a\u0438 (2015 \u2013 2018)\"><span style=\"color: #000080;\"><a style=\"color: #000080;\" href=\"https:\/\/unec.edu.az\/ru\/%d0%bd%d0%be%d0%b2%d0%be%d1%81%d1%82%d0%b8-%d0%bc%d0%b5%d0%b6%d0%b4%d1%83%d0%bd%d0%b0%d1%80%d0%be%d0%b4%d0%bd%d0%be%d0%b9-%d1%88%d0%ba%d0%be%d0%bb%d1%8b-%d1%8d%d0%ba%d0%be%d0%bd%d0%be%d0%bc%d0%b8\/\"><em><span class=\"Y2IQFc\" lang=\"ru\">\u041d\u043e\u0432\u043e\u0441\u0442\u0438 \u041c\u0435\u0436\u0434\u0443\u043d\u0430\u0440\u043e\u0434\u043d\u043e\u0439 \u0448\u043a\u043e\u043b\u044b \u044d\u043a\u043e\u043d\u043e\u043c\u0438\u043a\u0438 \u0432 UNEC NEWS<\/span><\/em><\/a><\/span><\/h4>\n<h4><a class=\"fancybox-thumb\" href=\"http:\/\/unec.edu.az\/application\/uploads\/2024\/09\/WhatsApp-Image-2024-09-30-at-16.00.05.jpeg\"><img loading=\"lazy\" decoding=\"async\" class=\"fancybox-margin alignnone wp-image-444534 size-thumbnail\" src=\"http:\/\/unec.edu.az\/application\/uploads\/2024\/09\/WhatsApp-Image-2024-09-30-at-16.00.05-150x150.jpeg\" alt=\"\" width=\"150\" height=\"150\" \/><\/a><a class=\"fancybox-thumb\" href=\"http:\/\/unec.edu.az\/application\/uploads\/2024\/09\/WhatsApp-Image-2024-09-30-at-16.02.32.jpeg\"><img loading=\"lazy\" decoding=\"async\" class=\"fancybox-margin alignnone wp-image-444537 size-thumbnail\" src=\"http:\/\/unec.edu.az\/application\/uploads\/2024\/09\/WhatsApp-Image-2024-09-30-at-16.02.32-150x150.jpeg\" alt=\"\" width=\"150\" height=\"150\" \/><\/a><a class=\"fancybox-thumb\" href=\"http:\/\/unec.edu.az\/application\/uploads\/2024\/09\/WhatsApp-Image-2024-09-30-at-16.01.20.jpeg\"><img loading=\"lazy\" decoding=\"async\" class=\"fancybox-margin alignnone wp-image-444540 size-thumbnail\" src=\"http:\/\/unec.edu.az\/application\/uploads\/2024\/09\/WhatsApp-Image-2024-09-30-at-16.01.20-150x150.jpeg\" alt=\"\" width=\"150\" height=\"150\" \/><\/a><a class=\"fancybox-thumb\" href=\"http:\/\/unec.edu.az\/application\/uploads\/2024\/09\/WhatsApp-Image-2024-09-30-at-16.04.04.jpeg\"><img loading=\"lazy\" decoding=\"async\" class=\"fancybox-margin alignnone wp-image-444545 size-thumbnail\" src=\"http:\/\/unec.edu.az\/application\/uploads\/2024\/09\/WhatsApp-Image-2024-09-30-at-16.04.04-150x150.jpeg\" alt=\"\" width=\"150\" height=\"150\" \/><\/a><a class=\"fancybox-thumb\" href=\"http:\/\/unec.edu.az\/application\/uploads\/2024\/09\/WhatsApp-Image-2024-09-30-at-16.19.54-1.jpeg\"><img loading=\"lazy\" decoding=\"async\" class=\"fancybox-margin alignnone wp-image-444552 size-thumbnail\" src=\"http:\/\/unec.edu.az\/application\/uploads\/2024\/09\/WhatsApp-Image-2024-09-30-at-16.19.54-1-150x150.jpeg\" alt=\"\" width=\"150\" height=\"150\" \/><\/a><a class=\"fancybox-thumb\" href=\"http:\/\/unec.edu.az\/application\/uploads\/2024\/09\/WhatsApp-Image-2024-09-30-at-16.19.54.jpeg\"><img loading=\"lazy\" decoding=\"async\" class=\"fancybox-margin alignnone wp-image-444555 size-thumbnail\" src=\"http:\/\/unec.edu.az\/application\/uploads\/2024\/09\/WhatsApp-Image-2024-09-30-at-16.19.54-150x150.jpeg\" alt=\"\" width=\"150\" height=\"150\" \/><\/a><a class=\"fancybox-thumb\" href=\"http:\/\/unec.edu.az\/application\/uploads\/2024\/09\/WhatsApp-Image-2024-09-30-at-16.03.38.jpeg\"><img loading=\"lazy\" decoding=\"async\" class=\"fancybox-margin alignnone wp-image-444548 \" src=\"http:\/\/unec.edu.az\/application\/uploads\/2024\/09\/WhatsApp-Image-2024-09-30-at-16.03.38-150x150.jpeg\" alt=\"\" width=\"113\" height=\"113\" \/><\/a><a class=\"fancybox-thumb\" href=\"https:\/\/unec.edu.az\/application\/uploads\/2016\/09\/DSC_6306.jpg\"><img loading=\"lazy\" decoding=\"async\" class=\"fancybox-margin alignnone wp-image-64272 \" src=\"https:\/\/unec.edu.az\/application\/uploads\/2016\/09\/DSC_6306-150x150.jpg\" alt=\"DSC_6306\" width=\"111\" height=\"111\" \/><\/a><a class=\"fancybox-thumb\" href=\"https:\/\/unec.edu.az\/application\/uploads\/2016\/09\/DSC_6398.jpg\"><img loading=\"lazy\" decoding=\"async\" class=\"fancybox-margin alignnone wp-image-64284 \" src=\"https:\/\/unec.edu.az\/application\/uploads\/2016\/09\/DSC_6398-150x150.jpg\" alt=\"DSC_6398\" width=\"117\" height=\"117\" \/><\/a><a class=\"fancybox-thumb\" href=\"http:\/\/unec.edu.az\/application\/uploads\/2024\/09\/WhatsApp-Image-2024-09-30-at-17.18.03-1.jpeg\"><img loading=\"lazy\" decoding=\"async\" class=\"fancybox-margin alignnone wp-image-444605 \" src=\"http:\/\/unec.edu.az\/application\/uploads\/2024\/09\/WhatsApp-Image-2024-09-30-at-17.18.03-1-150x150.jpeg\" alt=\"\" width=\"117\" height=\"117\" \/><\/a><a class=\"fancybox-thumb\" href=\"http:\/\/unec.edu.az\/application\/uploads\/2024\/09\/WhatsApp-Image-2024-09-30-at-17.18.03.jpeg\"><img loading=\"lazy\" decoding=\"async\" class=\"fancybox-margin alignnone wp-image-444608 \" src=\"http:\/\/unec.edu.az\/application\/uploads\/2024\/09\/WhatsApp-Image-2024-09-30-at-17.18.03-150x150.jpeg\" alt=\"\" width=\"116\" height=\"116\" \/><\/a><a class=\"fancybox-thumb\" href=\"https:\/\/unec.edu.az\/application\/uploads\/2017\/04\/ICD-Direktor.jpg\"><img loading=\"lazy\" decoding=\"async\" class=\"fancybox-margin alignnone wp-image-91853 \" title=\"Parisd\u0259 UNEC Beyn\u0259lxalq \u0130qtisadiyyat M\u0259kt\u0259bi il\u0259 \u0130CD Biznes M\u0259kt\u0259bi aras\u0131nda ikili diploma dair raz\u0131l\u0131q \u0259ld\u0259 edilib (24.04.2017)\" src=\"https:\/\/unec.edu.az\/application\/uploads\/2017\/04\/ICD-Direktor-150x150.jpg\" alt=\"ICD Direktor\" width=\"118\" height=\"118\" \/><\/a><a class=\"fancybox-thumb\" href=\"https:\/\/unec.edu.az\/application\/uploads\/2017\/04\/DSC_3175.jpg\"><img loading=\"lazy\" decoding=\"async\" class=\"fancybox-margin alignnone wp-image-90154 \" title=\"M\u0259zunlar UNEC-d\u0259 (10.04.2017)\" src=\"https:\/\/unec.edu.az\/application\/uploads\/2017\/04\/DSC_3175-150x150.jpg\" alt=\"DSC_3175\" width=\"121\" height=\"121\" \/><\/a><\/h4>\n\n\n\n\n\n\n\n\n\n","protected":false},"excerpt":{"rendered":"<p>\u0414\u0438\u0440\u0435\u043a\u0442\u043e\u0440:\u0434.\u0444.\u044d., \u0434\u043e\u0446.\u0420\u0437\u0430\u0435\u0432\u0430 \u0418\u043d\u0430\u0440\u0430 \u0420\u0437\u0430 \u0410\u0434\u0440\u0435\u0441:\u00a0 \u0411\u0430\u043a\u0443, \u0443\u043b\u0438\u0446\u0430 \u0418\u0441\u0442\u0438\u0433\u043b\u0430\u043b\u0438\u044f\u0442 6 (I \u043a\u043e\u0440\u043f\u0443\u0441)*\u0442\u0435\u043b:+(994) 12 437-10-83+(994) 12 492-59-03 (11-57) e-mail: inara_rzayeva@unec.edu.az \u0417\u0430\u043c\u0435\u0441\u0442\u0438\u0442\u0435\u043b\u044c \u0434\u0438\u0440\u0435\u043a\u0442\u043e\u0440\u0430:\u0410\u0439\u0441\u0435\u043b\u044c \u041a\u0443\u043b\u0438\u0435\u0432\u0430 \u0410\u0433\u0438\u043b\u044c \u0410\u0434\u0440\u0435\u0441:\u00a0 \u0411\u0430\u043a\u0443, \u0443\u043b\u0438\u0446\u0430 \u0418\u0441\u0442\u0438\u0433\u043b\u0430\u043b\u0438\u044f\u0442\u00a0 6 (I \u043a\u043e\u0440\u043f\u0443\u0441)*\u0442\u0435\u043b:+(994) 12 437-10-83 e-mail:aguliyeva@unec.edu.az \u00a0 \u0421\u0435\u043a\u0440\u0435\u0442\u0430\u0440\u044c:\u00a0\u0425\u0443\u0440\u0430\u043c\u0430\u043d \u0410\u043c\u0438\u0440\u0430\u0441\u043b\u0430\u043d\u043e\u0432\u0430 \u0442\u0435\u043b:(+994) 12 492 60 91+(994) 12 492-59-03 (11-40) e-mail:khuraman.amiraslanova@un \u00a0\u00a0 Dear International Students, We look forward to welcoming you to [&hellip;]<\/p>\n","protected":false},"author":10,"featured_media":0,"parent":489,"menu_order":2,"comment_status":"open","ping_status":"closed","template":"page-templates\/3columncontent.php","meta":{"footnotes":""},"class_list":["post-9430","page","type-page","status-publish","hentry"],"_links":{"self":[{"href":"http:\/\/unec.edu.az\/ru\/wp-json\/wp\/v2\/pages\/9430","targetHints":{"allow":["GET"]}}],"collection":[{"href":"http:\/\/unec.edu.az\/ru\/wp-json\/wp\/v2\/pages"}],"about":[{"href":"http:\/\/unec.edu.az\/ru\/wp-json\/wp\/v2\/types\/page"}],"author":[{"embeddable":true,"href":"http:\/\/unec.edu.az\/ru\/wp-json\/wp\/v2\/users\/10"}],"replies":[{"embeddable":true,"href":"http:\/\/unec.edu.az\/ru\/wp-json\/wp\/v2\/comments?post=9430"}],"version-history":[{"count":136,"href":"http:\/\/unec.edu.az\/ru\/wp-json\/wp\/v2\/pages\/9430\/revisions"}],"predecessor-version":[{"id":473180,"href":"http:\/\/unec.edu.az\/ru\/wp-json\/wp\/v2\/pages\/9430\/revisions\/473180"}],"up":[{"embeddable":true,"href":"http:\/\/unec.edu.az\/ru\/wp-json\/wp\/v2\/pages\/489"}],"wp:attachment":[{"href":"http:\/\/unec.edu.az\/ru\/wp-json\/wp\/v2\/media?parent=9430"}],"curies":[{"name":"wp","href":"https:\/\/api.w.org\/{rel}","templated":true}]}}