{"id":96240,"date":"2017-04-27T12:38:19","date_gmt":"2017-04-27T08:38:19","guid":{"rendered":"https:\/\/unec.edu.az\/biznesin-idareedilmesi-umumi-teyinat-li-2-2\/"},"modified":"2017-05-30T09:38:07","modified_gmt":"2017-05-30T05:38:07","slug":"biznesin-idareedilmesi-umumi-teyinat-li-2","status":"publish","type":"page","link":"http:\/\/unec.edu.az\/ru\/biznesin-idareedilmesi-umumi-teyinat-li-2\/","title":{"rendered":"\u0130XT\u0130SASLA\u015eMA:B\u0130ZNES\u0130N \u0130DAR\u018fED\u0130LM\u018fS\u0130 (\u00dcMUM\u0130 T\u018fY\u0130NAT\u00adLI)"},"content":{"rendered":"<h4 style=\"text-align: center;\"><a href=\"https:\/\/unec.edu.az\/application\/uploads\/2017\/04\/mba555.jpg\"><img decoding=\"async\" class=\"alignnone size-full wp-image-97183\" src=\"https:\/\/unec.edu.az\/application\/uploads\/2017\/04\/mba555.jpg\" alt=\"mba555\" width=\"240\" height=\"143\" \/><\/a><\/h4>\n<h4 style=\"text-align: center;\"><span style=\"color: #333333;\">UNEC B\u0130ZNES M\u018fKT\u018fB\u0130<\/span><\/h4>\n<h4 style=\"text-align: center;\"><span style=\"color: #333333;\">PROQRAM: B\u0130ZNES\u0130N \u0130DAR\u018f ED\u0130LM\u018fS\u0130 (MBA)<\/span><\/h4>\n<h4 style=\"text-align: center;\"><span style=\"color: #333333;\">\u0130XT\u0130SASLA\u015eMA: B\u0130ZNES\u0130N \u0130DAR\u018fED\u0130LM\u018fS\u0130 (\u00dcMUM\u0130 T\u018fY\u0130NAT\u00adLI)<\/span><\/h4>\n<p>&nbsp;<\/p>\n<p><strong>\u0130xtisasla\u015fman\u0131n m\u0259qs\u0259di:<\/strong><\/p>\n<p>Biznesin idar\u0259edilm\u0259si (\u00fcmumi t\u0259yinatl\u0131) ixtisasla\u015fmas\u0131\u0259sas\u0259n iki funksionalsah\u0259ni: idar\u0259etm\u0259 strategiyas\u0131\u00adn\u0131 v\u0259 \u00fcmumi strategiyan\u0131 d\u0259rind\u0259n m\u0259\u00adnim\u00ads\u0259m\u0259y\u0259 im\u00adkan verir. Bu ixtisas\u0131 se\u00e7\u0259n magistrantlar\u00a0 idar\u0259\u00adetm\u0259 \u00fczr\u0259 \u00fcmumi bilikl\u0259r\u0259 yiy\u0259l\u0259nirl\u0259r v\u0259 onlar geni\u015f spektrd\u0259 karyera se\u00e7imi etm\u0259k imkan\u0131n\u0131 \u0259ld\u0259 edirl\u0259r.<\/p>\n<p><strong>\u00a0<\/strong><\/p>\n<p><strong>MBA proqram\u0131n\u0131n<\/strong><strong> m\u00fcdd\u0259ti v\u0259 \u00fcnvan\u0131:<\/strong><\/p>\n<p>Biznesin idar\u0259edilm\u0259si (\u00fcmumi t\u0259yinatl\u0131) ixtisasla\u015fmas\u0131 \u00fczr\u0259 t\u0259hsil Avropa Kredit Transfer Sistemi uy\u011fun olaraq 4 semestr (2 il) \u0259rzind\u0259 10 \u00fcmumi f\u0259nn \u00fczr\u0259 60 kre\u00addit, 4 se\u00e7\u00adm\u0259 (ix\u00adti\u00adsas) f\u0259nn \u00fcz\u00ad\u00ad\u00adr\u0259 24 kredit v\u0259 burax\u0131l\u0131\u015f layih\u0259si \u00fczr\u0259 12 kredit ol\u00admaq\u00adla, c\u0259mi 96\u00a0 kreditl\u0259 tamam\u00adlan\u0131r.<\/p>\n<p>Bu ixtisas \u00fczr\u0259 kreditl\u0259r AB\u015e Kredit Sistemin\u0259 ekvivalent olaraq hesabland\u0131qda is\u0259 t\u0259hsil 4 semestr (2 il) \u0259rzind\u0259 10 \u00fcmumi f\u0259nn \u00fczr\u0259 30kre\u00addit, 4 se\u00e7\u00adm\u0259 (ix\u00adti\u00adsas) f\u0259nn \u00fcz\u00ad\u00adr\u0259 12 kredit v\u0259 burax\u0131l\u0131\u015f layih\u0259si \u00fczr\u0259 6 kredit ol\u00admaq\u00adla, c\u0259mi 48 kreditl\u0259 tamam\u00adlan\u0131r.<\/p>\n<p>D\u0259rsl\u0259r pay\u0131z, yaz v\u0259 yay semestrl\u0259rind\u0259 h\u0259ft\u0259d\u0259 iki d\u0259f\u0259 olmaqla, Bak\u0131 \u015f\u0259h\u0259ri, \u0130stiqlaliyy\u0259t k\u00fc\u00e7\u0259si 6, AZ1001 \u00fcnvan\u0131nda ke\u00e7irilir.\u018flaq\u0259: e-mail: <a href=\"mailto:mba@asue.edu.az\">mba@asue.edu.az<\/a>, tel\/fax +99412 4976267<\/p>\n<p>&nbsp;<\/p>\n<p><strong>MBA proqram\u0131na q\u0259bul \u015f\u0259rtl\u0259ri:<\/strong><\/p>\n<p>\u018fsas t\u0259hsili iqtisadiyyat sah\u0259sin\u0259 aid olan v\u0259 olmayan ixtisaslar \u00fczr\u0259 bakalavr d\u0259\u00adr\u0259\u00adc\u0259si alm\u0131\u015f namiz\u0259dl\u0259r D\u0130M (D\u00f6vl\u0259t \u0130mtahan M\u0259rk\u0259zi) q\u0259bul imtaha\u00adn\u0131n\u00addan u\u011furla ke\u00e7\u00adm\u0259k\u00adl\u0259 MBA proqram\u0131na q\u0259bul olunurlar.<\/p>\n<p><strong>\u00a0<\/strong><\/p>\n<p><strong>MBA proqram\u0131nda t\u0259dris metodlar\u0131n\u0131n \u00fcst\u00fcnl\u00fckl\u0259ri:<\/strong><\/p>\n<p>Bu proqram ali t\u0259hsilli ixtisasl\u0131 m\u00fct\u0259x\u0259ssisl\u0259r\u0259 \u00f6z r\u0259hb\u0259rlik keyfiyy\u0259tinin y\u00fck\u00ads\u0259l\u00addilm\u0259sin\u0259, sistemli bilik, bacar\u0131q v\u0259 i\u015fg\u00fczar idar\u0259etm\u0259 v\u0259rdi\u015fl\u0259rinin m\u0259nims\u0259nilm\u0259sin\u0259 v\u0259 pe\u015f\u0259karl\u0131q s\u0259\u00adviy\u00ady\u0259sinin da\u00advam\u00adl\u0131 olaraq art\u0131r\u0131lmas\u0131n\u0131a m\u00fcasir biznes informa\u00adsi\u00adya\u00ads\u0131\u00adn\u0131n ara\u015fd\u0131r\u0131lmas\u0131na, ana\u00adlitik d\u00fc\u00ad\u015f\u00fcn\u00adm\u0259 v\u0259 q\u0259\u00adrar\u00adverm\u0259 qabiliyy\u0259tin\u0131n inki\u015faf\u0131na, biznes eti\u00adka\u00ads\u0131, t\u0259qdimat qabiliyy\u0259ti, vax\u00adt\u0131n ida\u00adr\u0259\u00adedil\u00adm\u0259si v\u0259 sa\u00adhib\u00ad\u00adkarl\u0131q m\u0259ntiqinin for\u00adma\u00adla\u015fd\u0131r\u0131lmas\u0131na \u015f\u0259rait yarad\u0131r. Proqram ma\u00adgistrant\u00adlar\u0131 c\u0259\u00admiyy\u0259t, m\u00fc\u0259s\u00ad\u00adsis\u0259 v\u0259 t\u0259\u015fkilatlar\u0131n idar\u0259 olunmas\u0131nda m\u0259sul v\u0259zif\u0259l\u0259r tutma\u011fa haz\u0131rlay\u0131r. N\u0259z\u0259ri v\u0259 praktik m\u0259lu\u00admatlarla yana\u015f\u0131, proqramda n\u00fcmun\u0259 kimi konkret biznes hallar\u0131 (case study) m\u00fc\u00ad\u00adza\u00adkir\u0259 edi\u00adlir, rol oynama, biznes oyunu, m\u00fcxt\u0259lif ssenarialar\u0131nt\u0259qdimatlar\u0131, qrup v\u0259 la\u00adyi\u00ad\u00adh\u0259 \u00e7a\u00adl\u0131\u015f\u00admalar\u0131 h\u0259yata ke\u00e7irilir v\u0259 bu zaman m\u00fcasir t\u0259dris me\u00adtod v\u0259 texnologiyalar\u0131ndan istifad\u0259 edilir. Proqram ict\u00adi\u00admai \u0259h\u0259miyy\u0259tli qeyri-h\u00f6ku\u00adm\u0259t, qeyri-d\u00f6vl\u0259t v\u0259 kommersiya y\u00f6n\u00fcm\u00adl\u00fc t\u0259\u015f\u00ad\u00adki\u00adlat\u00adlarda struk\u00adtur v\u0259 f\u0259aliyy\u0259t sah\u0259sin\u0259 t\u0259sir ed\u0259c\u0259k d\u0259yi\u00ad\u015fiklikl\u0259rin \u00e7evik ida\u00adr\u0259\u00adedil\u00adm\u0259\u00adsi, qanun\u00adve\u00adri\u00ad\u00adcilikd\u0259 v\u0259 biznes m\u00fchitind\u0259 yeni meyill\u0259rin \u00f6nc\u0259d\u0259n (proaktiv) ara\u015fd\u0131r\u0131l\u00adma\u00ads\u0131 v\u0259rdi\u015fl\u0259rini a\u015f\u0131\u00adlay\u0131r. Magistrant\u0131n f\u0259nni m\u0259nims\u0259m\u0259si h\u0259f\u00adt\u0259\u00ad\u00adlik v\u0259 yar\u0131m se\u00admestrlik testl\u0259r (quiz), d\u0259rs\u00add\u0259 i\u015ftirak s\u0259viy\u00ady\u0259\u00adsi, ev tap\u00ad\u015f\u0131\u00adr\u0131q\u00adlar\u0131 v\u0259 kumulativ (semestr imtahan\u0131) imta\u00adhan \u0259sas\u0131nda (test v\u0259 yaz\u0131l\u0131 forma\u00adda a\u00e7\u0131q sual\u00adlar\u00addan ibar\u0259t olmaqla) qiym\u0259tl\u0259n\u00addir\u00adilir.<\/p>\n<p><strong>MBA proqram\u0131nda t\u0259dris kadrlar\u0131:<\/strong><\/p>\n<p>Proqram UNEC-in m\u00fc\u0259l\u00adliml\u0259ri il\u0259 yana\u015f\u0131, dig\u0259r ali t\u0259hsil m\u00fc\u0259ssis\u0259l\u0259rinin professor-m\u00fc\u0259llim heyy\u0259ti, \u00f6lk\u0259\u00add\u0259 f\u0259aliyy\u0259t g\u00f6st\u0259r\u0259n yerli v\u0259 xarici t\u0259\u015fkilatlarda m\u0259sul v\u0259zif\u0259d\u0259 \u00e7al\u0131\u015fan r\u0259hb\u0259r \u015f\u0259xsl\u0259r, pe\u015f\u0259\u00adkar menecerl\u0259r v\u0259 m\u00fcqavil\u0259 \u0259sas\u0131nda d\u00fcnyan\u0131n apar\u0131c\u0131 t\u0259hsil m\u00fc\u0259ssis\u0259l\u0259rind\u0259n d\u0259v\u0259t edilmi\u015f professor-m\u00fc\u0259llim hey\u0259tinin elmi bilik v\u0259 praktik potensial\u0131ndan faydalan\u0131r.<\/p>\n<p><strong>\u00a0<\/strong><\/p>\n<p><strong>Diplom:<\/strong><\/p>\n<p>T\u0259hsilini tamamlam\u0131\u015f magis\u00adtr\u00ad \u00f6z ixtisas\u0131 \u00fczr\u0259 magistr elmi-ixtisas d\u0259\u00adr\u0259c\u0259si v\u0259 diplomu il\u0259 t\u0259ltif olunur v\u0259 ona bu d\u0259r\u0259c\u0259y\u0259 uy\u011fun olan h\u00fcquq v\u0259 imtiyazlar verilir.<\/p>\n<p><strong>\u00a0<\/strong><\/p>\n<p><strong>Biznesin idar\u0259edilm\u0259si (\u00fcmumi t\u0259yinatl\u0131) ixtisas\u0131 \u00fczr\u0259 ke\u00e7iril\u0259n f\u0259nl\u0259r:<\/strong><\/p>\n<p><strong>\u00a0<\/strong><\/p>\n<p><strong>Birinci semestr:<\/strong><\/p>\n<p><strong>\u00a0<\/strong><\/p>\n<p>SMO 652\u00a0\u00a0\u00a0\u00a0\u00a0\u00a0\u00a0\u00a0\u00a0\u00a0\u00a0\u00a0\u00a0\u00a0\u00a0\u00a0\u00a0\u00a0\u00a0 Liderlik v\u0259 t\u0259\u015fkilati davran\u0131\u015f<\/p>\n<p>MGTSC 501\u00a0\u00a0\u00a0\u00a0\u00a0\u00a0\u00a0\u00a0\u00a0\u00a0\u00a0\u00a0\u00a0\u00a0 Biznes statistikas\u0131<\/p>\n<p>ECON 503\u00a0\u00a0\u00a0\u00a0\u00a0\u00a0\u00a0\u00a0\u00a0\u00a0\u00a0\u00a0\u00a0\u00a0\u00a0\u00a0 Menecment iqtisadiyyat\u0131<\/p>\n<p>ACCTG 503\u00a0\u00a0\u00a0\u00a0\u00a0\u00a0\u00a0\u00a0\u00a0\u00a0\u00a0\u00a0\u00a0\u00a0 Maliyy\u0259 u\u00e7otu<strong>(F3)<\/strong><\/p>\n<p>&nbsp;<\/p>\n<p><strong>\u0130kinci semestr:<\/strong><\/p>\n<p><strong>\u00a0<\/strong><\/p>\n<p>SMO 502\u00a0\u00a0\u00a0\u00a0\u00a0\u00a0\u00a0\u00a0\u00a0\u00a0\u00a0\u00a0\u00a0\u00a0\u00a0\u00a0\u00a0\u00a0\u00a0 Strategiya, t\u0259\u015fkilat v\u0259 innovasiya<\/p>\n<p>FIN 502\u00a0\u00a0\u00a0\u00a0\u00a0\u00a0\u00a0\u00a0\u00a0\u00a0\u00a0\u00a0\u00a0\u00a0\u00a0\u00a0\u00a0\u00a0\u00a0\u00a0\u00a0 Korporativ maliyy\u0259<\/p>\n<p>MARK 502\u00a0\u00a0\u00a0\u00a0\u00a0\u00a0\u00a0\u00a0\u00a0\u00a0\u00a0\u00a0\u00a0\u00a0\u00a0 Marketinq strategiyas\u0131<\/p>\n<p>ACCTG 502\u00a0\u00a0\u00a0\u00a0\u00a0\u00a0\u00a0\u00a0\u00a0\u00a0\u00a0\u00a0\u00a0\u00a0 \u0130dar\u0259etm\u0259 u\u00e7otu<strong>(F2)<\/strong><\/p>\n<p>&nbsp;<\/p>\n<p><strong>\u00dc\u00e7\u00fcnc\u00fc semestr:<\/strong><\/p>\n<p>OM 502\u00a0\u00a0\u00a0\u00a0\u00a0\u00a0\u00a0\u00a0\u00a0\u00a0\u00a0\u00a0\u00a0\u00a0\u00a0\u00a0\u00a0\u00a0\u00a0\u00a0\u00a0 \u018fm\u0259liyyatlar menecmenti<\/p>\n<p>BLAW 642\u00a0\u00a0\u00a0\u00a0 \u00a0\u00a0\u00a0\u00a0\u00a0\u00a0\u00a0\u00a0\u00a0\u00a0\u00a0 Biznes h\u00fcququ<strong>(F4)<\/strong><\/p>\n<p>&nbsp;<\/p>\n<p><strong>D\u00f6rd\u00fcnc\u00fc semestr \u2013 4 \u0259sas se\u00e7m\u0259 f\u0259nn<\/strong><\/p>\n<p>BUEC 501\u00a0\u00a0\u00a0\u00a0\u00a0\u00a0\u00a0\u00a0\u00a0\u00a0\u00a0\u00a0\u00a0\u00a0\u00a0\u00a0 Qlobal m\u00fchitd\u0259 biznes<\/p>\n<p>SMO 634\u00a0\u00a0\u00a0\u00a0\u00a0\u00a0\u00a0\u00a0\u00a0\u00a0\u00a0\u00a0\u00a0\u00a0\u00a0\u00a0\u00a0\u00a0\u00a0 Texnologiya v\u0259 qlobal r\u0259qab\u0259t<\/p>\n<p>SMO 601\u00a0\u00a0\u00a0\u00a0\u00a0\u00a0\u00a0\u00a0\u00a0\u00a0\u00a0\u00a0\u00a0\u00a0\u00a0\u00a0\u00a0\u00a0\u00a0 R\u0259qab\u0259t\u0259davaml\u0131 t\u0259\u015fkilatlar\u0131n layih\u0259l\u0259ndirilm\u0259si<\/p>\n<p>SMO 631\u00a0\u00a0\u00a0\u00a0\u00a0\u00a0\u00a0\u00a0\u00a0\u00a0\u00a0\u00a0\u00a0\u00a0\u00a0\u00a0\u00a0\u00a0\u00a0 \u0130nnovasiya\u00a0 v\u0259 yeni biznes m\u00fc\u0259ssis\u0259l\u0259ri<\/p>\n<p>SMO 621\u00a0\u00a0\u00a0\u00a0\u00a0\u00a0\u00a0\u00a0\u00a0\u00a0\u00a0\u00a0\u00a0\u00a0\u00a0\u00a0\u00a0\u00a0\u00a0 Ki\u00e7ik biznesin menecmenti<\/p>\n<p>SMO 656\u00a0\u00a0\u00a0\u00a0\u00a0\u00a0\u00a0\u00a0\u00a0\u00a0\u00a0\u00a0\u00a0\u00a0\u00a0\u00a0\u00a0\u00a0\u00a0 Liderlik, yenilik v\u0259 m\u0259suliyy\u0259t<\/p>\n<p>F\u0130N 621\u00a0\u00a0\u00a0\u00a0\u00a0\u00a0\u00a0\u00a0\u00a0\u00a0\u00a0\u00a0\u00a0\u00a0\u00a0\u00a0\u00a0\u00a0\u00a0\u00a0\u00a0 M\u00fcasir maliyy\u0259 sisteml\u0259ri<\/p>\n<p>RES 620\u00a0\u00a0\u00a0\u00a0\u00a0\u00a0\u00a0\u00a0 \u00a0\u00a0\u00a0\u00a0\u00a0\u00a0\u00a0\u00a0\u00a0\u00a0\u00a0 Q\u0259rarq\u0259buletm\u0259d\u0259 t\u0259dqiqat metodlar\u0131<\/p>\n<p>MIS 521\u00a0\u00a0\u00a0\u00a0\u00a0\u00a0\u00a0\u00a0 \u00a0\u00a0\u00a0\u00a0\u00a0\u00a0\u00a0\u00a0\u00a0\u00a0\u00a0 \u0130dar\u0259etm\u0259nin informasiya sisteml\u0259ri<\/p>\n<p>HRM 602\u00a0\u00a0\u00a0\u00a0\u00a0\u00a0 \u00a0\u00a0\u00a0\u00a0\u00a0\u00a0\u00a0\u00a0\u00a0\u00a0\u00a0 Beyn\u0259lxalq biznes etikas\u0131 v\u0259 korporativ idar\u0259etm\u0259<\/p>\n<p>BLAW 631\u00a0\u00a0\u00a0\u00a0 \u00a0\u00a0\u00a0\u00a0\u00a0\u00a0\u00a0\u00a0\u00a0\u00a0\u00a0 Menecmentin h\u00fcquqi aspektl\u0259ri<\/p>\n<p>&nbsp;<\/p>\n<p><strong>Burax\u0131l\u0131\u015f layih\u0259si (Capstone paper)<\/strong><strong> \u2013 <\/strong>ixtisas sah\u0259sin\u0259 aid olan aktual m\u0259s\u0259l\u0259l\u0259r \u00fczr\u0259<\/p>\n","protected":false},"excerpt":{"rendered":"<p>UNEC B\u0130ZNES M\u018fKT\u018fB\u0130 PROQRAM: B\u0130ZNES\u0130N \u0130DAR\u018f ED\u0130LM\u018fS\u0130 (MBA) \u0130XT\u0130SASLA\u015eMA: B\u0130ZNES\u0130N \u0130DAR\u018fED\u0130LM\u018fS\u0130 (\u00dcMUM\u0130 T\u018fY\u0130NAT\u00adLI) &nbsp; \u0130xtisasla\u015fman\u0131n m\u0259qs\u0259di: Biznesin idar\u0259edilm\u0259si (\u00fcmumi t\u0259yinatl\u0131) ixtisasla\u015fmas\u0131\u0259sas\u0259n iki funksionalsah\u0259ni: idar\u0259etm\u0259 strategiyas\u0131\u00adn\u0131 v\u0259 \u00fcmumi strategiyan\u0131 d\u0259rind\u0259n m\u0259\u00adnim\u00ads\u0259m\u0259y\u0259 im\u00adkan verir. Bu ixtisas\u0131 se\u00e7\u0259n magistrantlar\u00a0 idar\u0259\u00adetm\u0259 \u00fczr\u0259 \u00fcmumi bilikl\u0259r\u0259 yiy\u0259l\u0259nirl\u0259r v\u0259 onlar geni\u015f spektrd\u0259 karyera se\u00e7imi etm\u0259k imkan\u0131n\u0131 \u0259ld\u0259 edirl\u0259r. \u00a0 MBA proqram\u0131n\u0131n m\u00fcdd\u0259ti [&hellip;]<\/p>\n","protected":false},"author":6,"featured_media":0,"parent":0,"menu_order":0,"comment_status":"open","ping_status":"open","template":"","meta":{"footnotes":""},"class_list":["post-96240","page","type-page","status-publish","hentry"],"_links":{"self":[{"href":"http:\/\/unec.edu.az\/ru\/wp-json\/wp\/v2\/pages\/96240","targetHints":{"allow":["GET"]}}],"collection":[{"href":"http:\/\/unec.edu.az\/ru\/wp-json\/wp\/v2\/pages"}],"about":[{"href":"http:\/\/unec.edu.az\/ru\/wp-json\/wp\/v2\/types\/page"}],"author":[{"embeddable":true,"href":"http:\/\/unec.edu.az\/ru\/wp-json\/wp\/v2\/users\/6"}],"replies":[{"embeddable":true,"href":"http:\/\/unec.edu.az\/ru\/wp-json\/wp\/v2\/comments?post=96240"}],"version-history":[{"count":4,"href":"http:\/\/unec.edu.az\/ru\/wp-json\/wp\/v2\/pages\/96240\/revisions"}],"predecessor-version":[{"id":97189,"href":"http:\/\/unec.edu.az\/ru\/wp-json\/wp\/v2\/pages\/96240\/revisions\/97189"}],"wp:attachment":[{"href":"http:\/\/unec.edu.az\/ru\/wp-json\/wp\/v2\/media?parent=96240"}],"curies":[{"name":"wp","href":"https:\/\/api.w.org\/{rel}","templated":true}]}}