{"id":9629,"date":"2015-02-15T23:59:21","date_gmt":"2015-02-15T19:59:21","guid":{"rendered":"http:\/\/asue.edu.az\/issledovanie\/kafedralar\/muessisenin-iqtisadiyyati\/"},"modified":"2019-09-12T12:08:38","modified_gmt":"2019-09-12T08:08:38","slug":"muessisenin-iqtisadiyyati","status":"publish","type":"page","link":"http:\/\/unec.edu.az\/ru\/muessisenin-iqtisadiyyati\/","title":{"rendered":"\u042d\u041a\u041e\u041d\u041e\u041c\u0418\u041a\u0410 \u041f\u0420\u0415\u0414\u041f\u0420\u0418\u042f\u0422\u0418\u042f"},"content":{"rendered":"<table style=\"height: 163px;\" width=\"548\">\n<tbody>\n<tr>\n<td>\n<h4 style=\"text-align: justify;\"><span style=\"color: #993300;\"><a style=\"color: #993300;\" href=\"https:\/\/unec.edu.az\/ru\/dosent-haciyev-eli-veli-oglu\/\">\u0417\u0430\u0432\u0435\u0434\u0443\u044e\u0449\u0438\u0439 \u043a\u0430\u0444\u0435\u0434\u0440\u043e\u0439: \u043a.\u044d.\u043d., \u0434\u043e\u0446.\u00a0\u0413\u0430\u0434\u0436\u0438\u0435\u0432 \u0410\u043b\u0438 \u0412\u0435\u043b\u0438 \u043e\u0433\u043b\u044b\u00a0<\/a><\/span><\/h4>\n<p><span style=\"color: #000000;\"><em><span style=\"font-size: 12pt;\">\u0410\u0434\u0440\u0435\u0441: \u0411\u0430\u043a\u0443, \u0443\u043b.\u0413.\u0410\u043b\u0438\u0435\u0432\u0430, 135 (II\u00a0\u043a\u043e\u0440\u043f\u0443\u0441)<\/span><\/em><\/span><br \/>\n<span style=\"color: #000000;\"> <em> <span style=\"font-size: 12pt;\">\u0422\u0435\u043b\u0435\u0444\u043e\u043d: +(994) 12 564-67-58<br \/>\n<\/span>E-mail: ali.haciyev@unec.edu.az<\/em><\/span><\/td>\n<\/tr>\n<\/tbody>\n<\/table>\n<p>&nbsp;<\/p>\n<p><a class=\"fancybox-thumb\" href=\"https:\/\/unec.edu.az\/application\/uploads\/2017\/01\/DSC_0011.jpg\" rel=\"fancybox-thumb\"><img decoding=\"async\" class=\"fancybox-margin alignnone wp-image-82363 size-image236x180\" title=\"UNEC-d\u0259 seminar: \u201cA\u011f\u0131r s\u0259naye v\u0259 ma\u015f\u0131nqay\u0131rman\u0131n inki\u015faf\u0131na dair Strateji Yol X\u0259rit\u0259si\u201dnin h\u0259d\u0259fl\u0259ri (27\/01\/2017)\" src=\"https:\/\/unec.edu.az\/application\/uploads\/2017\/01\/DSC_0011-236x180.jpg\" alt=\"DSC_0011\" width=\"236\" height=\"180\" \/><\/a>\u00a0<a class=\"fancybox-thumb\" href=\"https:\/\/unec.edu.az\/application\/uploads\/2017\/01\/DSC_0021.jpg\" rel=\"fancybox-thumb\"><img decoding=\"async\" class=\"fancybox-margin alignnone wp-image-82365 size-image236x180\" title=\"UNEC-d\u0259 seminar: \u201cA\u011f\u0131r s\u0259naye v\u0259 ma\u015f\u0131nqay\u0131rman\u0131n inki\u015faf\u0131na dair Strateji Yol X\u0259rit\u0259si\u201dnin h\u0259d\u0259fl\u0259ri (27\/01\/2017)\" src=\"https:\/\/unec.edu.az\/application\/uploads\/2017\/01\/DSC_0021-236x180.jpg\" alt=\"DSC_0021\" width=\"236\" height=\"180\" \/><\/a>\u00a0<a class=\"fancybox-thumb\" href=\"https:\/\/unec.edu.az\/application\/uploads\/2017\/01\/DSC_0014.jpg\" rel=\"fancybox-thumb\"><img decoding=\"async\" class=\"fancybox-margin alignnone wp-image-82364 size-image236x180\" title=\"UNEC-d\u0259 seminar: \u201cA\u011f\u0131r s\u0259naye v\u0259 ma\u015f\u0131nqay\u0131rman\u0131n inki\u015faf\u0131na dair Strateji Yol X\u0259rit\u0259si\u201dnin h\u0259d\u0259fl\u0259ri (27\/01\/2017)\" src=\"https:\/\/unec.edu.az\/application\/uploads\/2017\/01\/DSC_0014-236x180.jpg\" alt=\"DSC_0014\" width=\"236\" height=\"180\" \/><\/a><\/p>\n<p><span style=\"color: #000000;\"><em><a style=\"color: #000000;\" href=\"https:\/\/unec.edu.az\/ru\/unec-alimleri-beynelxalq-konfransda-2\/\">\u0423\u0447\u0435\u043d\u044b\u0435 UNEC \u043d\u0430 \u043c\u0435\u0436\u0434\u0443\u043d\u0430\u0440\u043e\u0434\u043d\u043e\u0439 \u043a\u043e\u043d\u0444\u0435\u0440\u0435\u043d\u0446\u0438\u0438 <\/a>(17.05.2017)<\/em><\/span><br \/>\n<span style=\"color: #000000;\"><em><a style=\"color: #000000;\" href=\"https:\/\/unec.edu.az\/ru\/unec-de-seminar-agir-senaye-ve-masinqayirmanin-inkisafina-dair-strateji-yol-xeritesi-nin-hedefleri\/\">\u0421\u0435\u043c\u0438\u043d\u0430\u0440 \u0432 UNEC: \u0426\u0435\u043b\u0438 \u00ab\u0421\u0442\u0440\u0430\u0442\u0435\u0433\u0438\u0447\u0435\u0441\u043a\u043e\u0439 \u0434\u043e\u0440\u043e\u0436\u043d\u043e\u0439 \u043a\u0430\u0440\u0442\u044b \u043e\u0442\u043d\u043e\u0441\u0438\u0442\u0435\u043b\u044c\u043d\u043e \u0440\u0430\u0437\u0432\u0438\u0442\u0438\u044f \u0442\u044f\u0436\u0435\u043b\u043e\u0439 \u043f\u0440\u043e\u043c\u044b\u0448\u043b\u0435\u043d\u043d\u043e\u0441\u0442\u0438 \u0438 \u043c\u0430\u0448\u0438\u043d\u043e\u0441\u0442\u0440\u043e\u0435\u043d\u0438\u044f\u00bb<\/a>\u00a0(01.27.2017)<\/em><\/span><\/p>\n","protected":false},"excerpt":{"rendered":"<p>\u0417\u0430\u0432\u0435\u0434\u0443\u044e\u0449\u0438\u0439 \u043a\u0430\u0444\u0435\u0434\u0440\u043e\u0439: \u043a.\u044d.\u043d., \u0434\u043e\u0446.\u00a0\u0413\u0430\u0434\u0436\u0438\u0435\u0432 \u0410\u043b\u0438 \u0412\u0435\u043b\u0438 \u043e\u0433\u043b\u044b\u00a0 \u0410\u0434\u0440\u0435\u0441: \u0411\u0430\u043a\u0443, \u0443\u043b.\u0413.\u0410\u043b\u0438\u0435\u0432\u0430, 135 (II\u00a0\u043a\u043e\u0440\u043f\u0443\u0441) \u0422\u0435\u043b\u0435\u0444\u043e\u043d: +(994) 12 564-67-58 E-mail: ali.haciyev@unec.edu.az &nbsp; \u00a0\u00a0 \u0423\u0447\u0435\u043d\u044b\u0435 UNEC \u043d\u0430 \u043c\u0435\u0436\u0434\u0443\u043d\u0430\u0440\u043e\u0434\u043d\u043e\u0439 \u043a\u043e\u043d\u0444\u0435\u0440\u0435\u043d\u0446\u0438\u0438 (17.05.2017) \u0421\u0435\u043c\u0438\u043d\u0430\u0440 \u0432 UNEC: \u0426\u0435\u043b\u0438 \u00ab\u0421\u0442\u0440\u0430\u0442\u0435\u0433\u0438\u0447\u0435\u0441\u043a\u043e\u0439 \u0434\u043e\u0440\u043e\u0436\u043d\u043e\u0439 \u043a\u0430\u0440\u0442\u044b \u043e\u0442\u043d\u043e\u0441\u0438\u0442\u0435\u043b\u044c\u043d\u043e \u0440\u0430\u0437\u0432\u0438\u0442\u0438\u044f \u0442\u044f\u0436\u0435\u043b\u043e\u0439 \u043f\u0440\u043e\u043c\u044b\u0448\u043b\u0435\u043d\u043d\u043e\u0441\u0442\u0438 \u0438 \u043c\u0430\u0448\u0438\u043d\u043e\u0441\u0442\u0440\u043e\u0435\u043d\u0438\u044f\u00bb\u00a0(01.27.2017)<\/p>\n","protected":false},"author":10,"featured_media":0,"parent":0,"menu_order":36,"comment_status":"open","ping_status":"open","template":"page-templates\/3columncontent.php","meta":{"footnotes":""},"class_list":["post-9629","page","type-page","status-publish","hentry"],"_links":{"self":[{"href":"http:\/\/unec.edu.az\/ru\/wp-json\/wp\/v2\/pages\/9629","targetHints":{"allow":["GET"]}}],"collection":[{"href":"http:\/\/unec.edu.az\/ru\/wp-json\/wp\/v2\/pages"}],"about":[{"href":"http:\/\/unec.edu.az\/ru\/wp-json\/wp\/v2\/types\/page"}],"author":[{"embeddable":true,"href":"http:\/\/unec.edu.az\/ru\/wp-json\/wp\/v2\/users\/10"}],"replies":[{"embeddable":true,"href":"http:\/\/unec.edu.az\/ru\/wp-json\/wp\/v2\/comments?post=9629"}],"version-history":[{"count":20,"href":"http:\/\/unec.edu.az\/ru\/wp-json\/wp\/v2\/pages\/9629\/revisions"}],"predecessor-version":[{"id":143358,"href":"http:\/\/unec.edu.az\/ru\/wp-json\/wp\/v2\/pages\/9629\/revisions\/143358"}],"wp:attachment":[{"href":"http:\/\/unec.edu.az\/ru\/wp-json\/wp\/v2\/media?parent=9629"}],"curies":[{"name":"wp","href":"https:\/\/api.w.org\/{rel}","templated":true}]}}