{"id":9780,"date":"2015-02-15T00:10:41","date_gmt":"2015-02-14T20:10:41","guid":{"rendered":"http:\/\/asue.edu.az\/issledovanie\/kafedralar\/rus-dili\/"},"modified":"2020-09-10T22:22:16","modified_gmt":"2020-09-10T18:22:16","slug":"rus-dili","status":"publish","type":"page","link":"http:\/\/unec.edu.az\/ru\/rus-dili\/","title":{"rendered":"\u0420\u0423\u0421\u0421\u041a\u0418\u0419 \u042f\u0417\u042b\u041a"},"content":{"rendered":"<p style=\"text-align: center;\"><em><span style=\"color: #000000;\">\u00a0<\/span><\/em><\/p>\n<p align=\"center\"><em>\u0421 \u0446\u0435\u043b\u044c\u044e \u0438\u0441\u043f\u043e\u043b\u043d\u0435\u043d\u0438\u044f \u0440\u0435\u0448\u0435\u043d\u0438\u044f \u043e\u043d\u043b\u0430\u0439\u043d \u0437\u0430\u0441\u0435\u0434\u0430\u043d\u0438\u044f \u0423\u0447\u0435\u043d\u043e\u0433\u043e \u0441\u043e\u0432\u0435\u0442\u0430 \u00a0UNEC \u043e\u0442 31 \u043c\u0430\u044f \u00a02020 \u0433\u043e\u0434\u0430 \u2116 \u0423\u0421\u00a0 \u00a0172 \u00a0\u0441 07.09.2020 \u0433\u043e\u0434\u0430 \u043a\u0430\u0444\u0435\u0434\u0440\u0430 \u00ab\u0420\u0443\u0441\u0441\u043a\u0438\u0439 \u044f\u0437\u044b\u043a\u00bb \u0431\u044b\u043b\u0430 \u043b\u0438\u043a\u0432\u0438\u0434\u0438\u0440\u043e\u0432\u0430\u043d\u0430 \u0438 \u043f\u0440\u0438\u0441\u043e\u0435\u0434\u0438\u043d\u0435\u043d\u0430 \u00a0\u043a \u043a\u0430\u0444\u0435\u0434\u0440\u0435 \u00ab\u0418\u043d\u043e\u0441\u0442\u0440\u0430\u043d\u043d\u044b\u0435 \u044f\u0437\u044b\u043a\u0438\u00bb.<\/em><\/p>\n<p><a class=\"fancybox-thumb\" href=\"https:\/\/unec.edu.az\/application\/uploads\/2015\/12\/IMG_5921-2.jpg\" rel=\"fancybox-thumb\"><img decoding=\"async\" class=\"fancybox-margin alignnone wp-image-29971 \" src=\"https:\/\/unec.edu.az\/application\/uploads\/2015\/12\/IMG_5921-2-236x180.jpg\" alt=\"IMG_5921 (2)\" width=\"198\" height=\"151\" \/><\/a><a class=\"fancybox-thumb\" href=\"https:\/\/unec.edu.az\/application\/uploads\/2015\/12\/DSC_2443.jpg\" rel=\"fancybox-thumb\"><img decoding=\"async\" class=\"fancybox-margin alignnone wp-image-33835 \" src=\"https:\/\/unec.edu.az\/application\/uploads\/2015\/12\/DSC_2443-236x180.jpg\" alt=\"DSC_2443\" width=\"197\" height=\"150\" \/><\/a><a class=\"fancybox-thumb\" href=\"https:\/\/unec.edu.az\/application\/uploads\/2015\/02\/DSC01548.jpg\" rel=\"fancybox-thumb\"><img decoding=\"async\" class=\"fancybox-margin alignnone wp-image-42360 \" src=\"https:\/\/unec.edu.az\/application\/uploads\/2015\/02\/DSC01548-236x180.jpg\" alt=\"DSC01548\" width=\"197\" height=\"150\" \/><\/a><a class=\"fancybox-thumb\" href=\"https:\/\/unec.edu.az\/application\/uploads\/2016\/04\/DSC_9029.jpg\" rel=\"fancybox-thumb\"><img loading=\"lazy\" decoding=\"async\" class=\"fancybox-margin alignnone wp-image-50085 \" src=\"https:\/\/unec.edu.az\/application\/uploads\/2016\/04\/DSC_9029-300x201.jpg\" alt=\"DSC_9029\" width=\"209\" height=\"140\" srcset=\"http:\/\/unec.edu.az\/application\/uploads\/2016\/04\/DSC_9029-300x200.jpg 300w, http:\/\/unec.edu.az\/application\/uploads\/2016\/04\/DSC_9029.jpg 800w\" sizes=\"(max-width: 209px) 100vw, 209px\" \/><\/a><a class=\"fancybox-thumb\" href=\"https:\/\/unec.edu.az\/application\/uploads\/2015\/02\/rus_dili868290139_n.jpg\" rel=\"fancybox-thumb\"><img loading=\"lazy\" decoding=\"async\" class=\"fancybox-margin alignnone wp-image-73449\" src=\"https:\/\/unec.edu.az\/application\/uploads\/2015\/02\/rus_dili868290139_n-300x228.jpg\" alt=\"rus_dili868290139_n\" width=\"183\" height=\"139\" srcset=\"http:\/\/unec.edu.az\/application\/uploads\/2015\/02\/rus_dili868290139_n-300x228.jpg 300w, http:\/\/unec.edu.az\/application\/uploads\/2015\/02\/rus_dili868290139_n-236x180.jpg 236w, http:\/\/unec.edu.az\/application\/uploads\/2015\/02\/rus_dili868290139_n.jpg 664w\" sizes=\"(max-width: 183px) 100vw, 183px\" \/><\/a><\/p>\n<p><span style=\"color: #000000;\"><em><a style=\"color: #000000;\" href=\"https:\/\/unec.edu.az\/ru\/unec-de-interaktiv-rus-dili-dersi-2\/\">\u0412 UNEC \u0438\u043d\u0442\u0435\u0440\u0430\u043a\u0442\u0438\u0432\u043d\u044b\u0439 \u0443\u0440\u043e\u043a \u0440\u0443\u0441\u0441\u043a\u043e\u0433\u043e \u044f\u0437\u044b\u043a\u0430<\/a><a style=\"color: #000000;\" href=\"https:\/\/unec.edu.az\/ru\/unec-de-interaktiv-rus-dili-dersi-2\/\">\u00a0<\/a>(14.11.2017)<br \/>\n<\/em><em><a style=\"color: #000000;\" href=\"https:\/\/unec.edu.az\/ru\/rus-iqtisad-mektebinde-gorus\/\">\u0412\u0441\u0442\u0440\u0435\u0447\u0430 \u0432 \u0420\u0443\u0441\u0441\u043a\u043e\u0439 \u044d\u043a\u043e\u043d\u043e\u043c\u0438\u0447\u0435\u0441\u043a\u043e\u0439 \u0448\u043a\u043e\u043b\u0435<\/a>\u00a0(06.11.2017)<br \/>\n<\/em><em><a style=\"color: #000000;\" href=\"https:\/\/unec.edu.az\/ru\/unec-de-interaktiv-rus-dili-dersi\/\">\u0412 UNEC \u0438\u043d\u0442\u0435\u0440\u0430\u043a\u0442\u0438\u0432\u043d\u044b\u0439 \u0443\u0440\u043e\u043a \u0440\u0443\u0441\u0441\u043a\u043e\u0433\u043e \u044f\u0437\u044b\u043a\u0430<\/a><a style=\"color: #000000;\" href=\"https:\/\/unec.edu.az\/ru\/unec-de-interaktiv-rus-dili-dersi\/\">\u00a0<\/a>(26.10.2017)<br \/>\n<\/em><em><a style=\"color: #000000;\" href=\"https:\/\/unec.edu.az\/ru\/unec-alimi-beynelxalq-konfransda-muasir-ders-modelinden-danisib\/\">\u0423\u0447\u0435\u043d\u044b\u0439 UNEC \u0432\u044b\u0441\u0442\u0443\u043f\u0438\u043b\u0430 \u043d\u0430 \u043c\u0435\u0436\u0434\u0443\u043d\u0430\u0440\u043e\u0434\u043d\u043e\u0439 \u043a\u043e\u043d\u0444\u0435\u0440\u0435\u043d\u0446\u0438\u0438 \u043f\u043e \u0442\u0435\u043c\u0435 \u043c\u043e\u0434\u0435\u043b\u0438 \u0441\u043e\u0432\u0440\u0435\u043c\u0435\u043d\u043d\u043e\u0433\u043e \u0443\u0440\u043e\u043a\u0430 <\/a>(26.05.2017)<br \/>\n<\/em><em><a style=\"color: #000000;\" href=\"https:\/\/unec.edu.az\/ru\/turkiye-universitetlerinde-seferde-olan-unec-muellimleri-tecrulerini-paylasiblar\/\">\u041f\u0440\u0435\u043f\u043e\u0434\u0430\u0432\u0430\u0442\u0435\u043b\u0438 UNEC, \u043f\u043e\u0441\u0435\u0442\u0438\u0432\u0448\u0438\u0435 \u0443\u043d\u0438\u0432\u0435\u0440\u0441\u0438\u0442\u0435\u0442\u044b \u0422\u0443\u0440\u0446\u0438\u0438, \u043f\u043e\u0434\u0435\u043b\u0438\u043b\u0438\u0441\u044c \u043e\u043f\u044b\u0442\u043e\u043c<\/a>\u00a0(01.03.2017)<br \/>\n<\/em><em><a style=\"color: #000000;\" href=\"https:\/\/unec.edu.az\/ru\/unec-telebeleri-litva-universitetinde-xocali-faciesinden-danisib-2\/\">\u0421\u0442\u0443\u0434\u0435\u043d\u0442\u044b UNEC \u0432 \u041b\u0438\u0442\u043e\u0432\u0441\u043a\u043e\u043c \u0443\u043d\u0438\u0432\u0435\u0440\u0441\u0438\u0442\u0435\u0442\u0435 \u0440\u0430\u0441\u0441\u043a\u0430\u0437\u0430\u043b\u0438 \u043e \u0442\u0440\u0430\u0433\u0435\u0434\u0438\u0438 \u0425\u043e\u0434\u0436\u0430\u043b\u044b<\/a>\u00a0(24.02.2017)<br \/>\n<\/em><em><a style=\"color: #000000;\" href=\"https:\/\/unec.edu.az\/ru\/unec-in-professor-muellim-heyeti-turkiye-universitetlerinin-tecrubesinden-danisdi\/\">\u041f\u0440\u043e\u0444\u0435\u0441\u0441\u043e\u0440\u0441\u043a\u043e-\u043f\u0440\u0435\u043f\u043e\u0434\u0430\u0432\u0430\u0442\u0435\u043b\u044c\u0441\u043a\u0438\u0439 \u0441\u043e\u0441\u0442\u0430\u0432 UNEC \u0440\u0430\u0441\u0441\u043a\u0430\u0437\u0430\u043b \u043e\u0431 \u043e\u043f\u044b\u0442\u0435 \u0443\u043d\u0438\u0432\u0435\u0440\u0441\u0438\u0442\u0435\u0442\u043e\u0432 \u0422\u0443\u0440\u0446\u0438\u0438 (16.02.2017)<br \/>\n<\/a><\/em><em><a style=\"color: #000000;\" href=\"https:\/\/unec.edu.az\/ru\/elmi-metodik-seminar-rus-dilinin-tedrisinde-innovasiyalar-ve-texnologiyalar\/\">\u041d\u0430\u0443\u0447\u043d\u043e-\u043c\u0435\u0442\u043e\u0434\u0438\u0447\u0435\u0441\u043a\u0438\u0439 \u0441\u0435\u043c\u0438\u043d\u0430\u0440: \u00ab\u0418\u043d\u043d\u043e\u0432\u0430\u0446\u0438\u0438 \u0438 \u0442\u0435\u0445\u043d\u043e\u043b\u043e\u0433\u0438\u0438 \u0432 \u043e\u0431\u0443\u0447\u0435\u043d\u0438\u0438 \u0440\u0443\u0441\u0441\u043a\u043e\u043c\u0443 \u044f\u0437\u044b\u043a\u0443\u00bb <\/a>(02.01.2017)<br \/>\n<\/em><em><a style=\"color: #000000;\" href=\"https:\/\/unec.edu.az\/ru\/unec-telebeleri-beynelxalq-olimpiadada-istirak-edibler\/\">\u0421\u0442\u0443\u0434\u0435\u043d\u0442\u044b UNEC \u043f\u0440\u0438\u043d\u044f\u043b\u0438 \u0443\u0447\u0430\u0441\u0442\u0438\u0435 \u0432 \u043c\u0435\u0436\u0434\u0443\u043d\u0430\u0440\u043e\u0434\u043d\u043e\u0439 \u043e\u043b\u0438\u043c\u043f\u0438\u0430\u0434\u0435<\/a>\u00a0\u00a0(27.04.2016)<br \/>\n<\/em><em><a style=\"color: #000000;\" href=\"https:\/\/unec.edu.az\/ru\/turkiye-tecrubesi-unec-de\/\">\u041e\u043f\u044b\u0442 \u0422\u0443\u0440\u0446\u0438\u0438 \u0432 UNEC <\/a>(15.04.2016)<br \/>\n<\/em><em><a style=\"color: #000000;\" href=\"https:\/\/unec.edu.az\/ru\/rus-dili-kafedrasinda-bextiyar-vahabzadenin-90-illik-yubileyi-qeyd-edilib\/\">\u041d\u0430 \u043a\u0430\u0444\u0435\u0434\u0440\u0435 \u0420\u0443\u0441\u0441\u043a\u043e\u0433\u043e \u044f\u0437\u044b\u043a\u0430 \u043e\u0442\u043c\u0435\u0442\u0438\u043b\u0438 90-\u043b\u0435\u0442\u0438\u0435 \u0411\u0430\u0445\u0442\u0438\u044f\u0440\u0430 \u0412\u0430\u0433\u0430\u0431\u0437\u0430\u0434\u0435<\/a>\u00a0\u00a0(03.12.2015)<\/em><\/span><\/p>\n<p><a class=\"fancybox-thumb\" href=\"https:\/\/unec.edu.az\/application\/uploads\/2015\/02\/IMG-20170629-WA0007.jpg\" rel=\"fancybox-thumb\"><img loading=\"lazy\" decoding=\"async\" class=\"fancybox-margin  alignnone wp-image-99802 size-thumbnail\" src=\"https:\/\/unec.edu.az\/application\/uploads\/2015\/02\/IMG-20170629-WA0007-150x150.jpg\" alt=\"IMG-20170629-WA0007\" width=\"150\" height=\"150\" \/><\/a><a class=\"fancybox-thumb\" href=\"https:\/\/unec.edu.az\/application\/uploads\/2015\/02\/IMG-20170629-WA0009.jpg\" rel=\"fancybox-thumb\"><img loading=\"lazy\" decoding=\"async\" class=\"fancybox-margin  alignnone wp-image-99803 size-thumbnail\" src=\"https:\/\/unec.edu.az\/application\/uploads\/2015\/02\/IMG-20170629-WA0009-150x150.jpg\" alt=\"IMG-20170629-WA0009\" width=\"150\" height=\"150\" \/><\/a><a class=\"fancybox-thumb\" href=\"https:\/\/unec.edu.az\/application\/uploads\/2017\/02\/DSC01330.jpg\" rel=\"fancybox-thumb\"><img loading=\"lazy\" decoding=\"async\" class=\"fancybox-margin  alignnone wp-image-82742 size-thumbnail\" title=\"Elmi-metodik seminar: \u201cRus dilinin t\u0259drisind\u0259 innovasiyalar v\u0259 texnologiyalar\u201d (01.02.2017)\" src=\"https:\/\/unec.edu.az\/application\/uploads\/2017\/02\/DSC01330-150x150.jpg\" alt=\"???????????????????????????????\" width=\"150\" height=\"150\" \/><\/a><a class=\"fancybox-thumb\" href=\"https:\/\/unec.edu.az\/application\/uploads\/2017\/02\/DSC01313.jpg\" rel=\"fancybox-thumb\"><img loading=\"lazy\" decoding=\"async\" class=\"fancybox-margin  alignnone wp-image-82740 size-thumbnail\" title=\"Elmi-metodik seminar: \u201cRus dilinin t\u0259drisind\u0259 innovasiyalar v\u0259 texnologiyalar\u201d (01.02.2017)\" src=\"https:\/\/unec.edu.az\/application\/uploads\/2017\/02\/DSC01313-150x150.jpg\" alt=\"DSC01313\" width=\"150\" height=\"150\" \/><\/a><a class=\"fancybox-thumb\" href=\"https:\/\/unec.edu.az\/application\/uploads\/2016\/10\/zeynab7d642f960385.jpg\" rel=\"fancybox-thumb\"><img class=\"fancybox-thumb\" alt=\"\" \/><img loading=\"lazy\" decoding=\"async\" class=\"fancybox-margin alignnone wp-image-87859 size-thumbnail\" title=\"UNEC-d\u0259 interaktiv ekskursiya-d\u0259rs (17.03.2017)\" src=\"https:\/\/unec.edu.az\/application\/uploads\/2017\/03\/rus11-150x150.jpg\" alt=\"rus11\" width=\"150\" height=\"150\" \/><\/a><a class=\"fancybox-thumb\" href=\"https:\/\/unec.edu.az\/application\/uploads\/2015\/02\/zeynab8887d642f960385.jpg\" rel=\"fancybox-thumb\"><img loading=\"lazy\" decoding=\"async\" class=\"fancybox-margin alignnone wp-image-126765 size-thumbnail\" title=\"Beyn\u0259lxalq konfrans\u0131n i\u015ftirak\u00e7\u0131lar\u0131 Elektron Universitet Modelini maraqla qar\u015f\u0131lay\u0131blar (15.05.2018)\" src=\"https:\/\/unec.edu.az\/application\/uploads\/2015\/02\/zeynab8887d642f960385-150x150.jpg\" alt=\"zeynab8887d642f960385\" width=\"150\" height=\"150\" \/><\/a><\/p>\n","protected":false},"excerpt":{"rendered":"<p>\u00a0 \u0421 \u0446\u0435\u043b\u044c\u044e \u0438\u0441\u043f\u043e\u043b\u043d\u0435\u043d\u0438\u044f \u0440\u0435\u0448\u0435\u043d\u0438\u044f \u043e\u043d\u043b\u0430\u0439\u043d \u0437\u0430\u0441\u0435\u0434\u0430\u043d\u0438\u044f \u0423\u0447\u0435\u043d\u043e\u0433\u043e \u0441\u043e\u0432\u0435\u0442\u0430 \u00a0UNEC \u043e\u0442 31 \u043c\u0430\u044f \u00a02020 \u0433\u043e\u0434\u0430 \u2116 \u0423\u0421\u00a0 \u00a0172 \u00a0\u0441 07.09.2020 \u0433\u043e\u0434\u0430 \u043a\u0430\u0444\u0435\u0434\u0440\u0430 \u00ab\u0420\u0443\u0441\u0441\u043a\u0438\u0439 \u044f\u0437\u044b\u043a\u00bb \u0431\u044b\u043b\u0430 \u043b\u0438\u043a\u0432\u0438\u0434\u0438\u0440\u043e\u0432\u0430\u043d\u0430 \u0438 \u043f\u0440\u0438\u0441\u043e\u0435\u0434\u0438\u043d\u0435\u043d\u0430 \u00a0\u043a \u043a\u0430\u0444\u0435\u0434\u0440\u0435 \u00ab\u0418\u043d\u043e\u0441\u0442\u0440\u0430\u043d\u043d\u044b\u0435 \u044f\u0437\u044b\u043a\u0438\u00bb. \u0412 UNEC \u0438\u043d\u0442\u0435\u0440\u0430\u043a\u0442\u0438\u0432\u043d\u044b\u0439 \u0443\u0440\u043e\u043a \u0440\u0443\u0441\u0441\u043a\u043e\u0433\u043e \u044f\u0437\u044b\u043a\u0430\u00a0(14.11.2017) \u0412\u0441\u0442\u0440\u0435\u0447\u0430 \u0432 \u0420\u0443\u0441\u0441\u043a\u043e\u0439 \u044d\u043a\u043e\u043d\u043e\u043c\u0438\u0447\u0435\u0441\u043a\u043e\u0439 \u0448\u043a\u043e\u043b\u0435\u00a0(06.11.2017) \u0412 UNEC \u0438\u043d\u0442\u0435\u0440\u0430\u043a\u0442\u0438\u0432\u043d\u044b\u0439 \u0443\u0440\u043e\u043a \u0440\u0443\u0441\u0441\u043a\u043e\u0433\u043e \u044f\u0437\u044b\u043a\u0430\u00a0(26.10.2017) \u0423\u0447\u0435\u043d\u044b\u0439 UNEC \u0432\u044b\u0441\u0442\u0443\u043f\u0438\u043b\u0430 \u043d\u0430 \u043c\u0435\u0436\u0434\u0443\u043d\u0430\u0440\u043e\u0434\u043d\u043e\u0439 \u043a\u043e\u043d\u0444\u0435\u0440\u0435\u043d\u0446\u0438\u0438 [&hellip;]<\/p>\n","protected":false},"author":10,"featured_media":0,"parent":0,"menu_order":39,"comment_status":"open","ping_status":"open","template":"page-templates\/3columncontent.php","meta":{"footnotes":""},"class_list":["post-9780","page","type-page","status-publish","hentry"],"_links":{"self":[{"href":"http:\/\/unec.edu.az\/ru\/wp-json\/wp\/v2\/pages\/9780","targetHints":{"allow":["GET"]}}],"collection":[{"href":"http:\/\/unec.edu.az\/ru\/wp-json\/wp\/v2\/pages"}],"about":[{"href":"http:\/\/unec.edu.az\/ru\/wp-json\/wp\/v2\/types\/page"}],"author":[{"embeddable":true,"href":"http:\/\/unec.edu.az\/ru\/wp-json\/wp\/v2\/users\/10"}],"replies":[{"embeddable":true,"href":"http:\/\/unec.edu.az\/ru\/wp-json\/wp\/v2\/comments?post=9780"}],"version-history":[{"count":49,"href":"http:\/\/unec.edu.az\/ru\/wp-json\/wp\/v2\/pages\/9780\/revisions"}],"predecessor-version":[{"id":155828,"href":"http:\/\/unec.edu.az\/ru\/wp-json\/wp\/v2\/pages\/9780\/revisions\/155828"}],"wp:attachment":[{"href":"http:\/\/unec.edu.az\/ru\/wp-json\/wp\/v2\/media?parent=9780"}],"curies":[{"name":"wp","href":"https:\/\/api.w.org\/{rel}","templated":true}]}}