{"id":9799,"date":"2015-02-15T00:10:56","date_gmt":"2015-02-14T20:10:56","guid":{"rendered":"http:\/\/asue.edu.az\/issledovanie\/kafedralar\/dizayn\/"},"modified":"2025-01-16T11:08:37","modified_gmt":"2025-01-16T07:08:37","slug":"dizayn","status":"publish","type":"page","link":"http:\/\/unec.edu.az\/ru\/issledovanie\/kafedralar\/dizayn\/","title":{"rendered":"\u0414\u0418\u0417\u0410\u0419\u041d"},"content":{"rendered":"<table style=\"height: 189px;\" width=\"658\">\n<tbody>\n<tr>\n<td>\n<h4 style=\"text-align: justify;\"><span style=\"color: #800000;\"><a style=\"color: #800000;\" href=\"https:\/\/unec.edu.az\/ru\/fel-f-d-dosent-qasimova-elfane-nesimi\/\">\u0417\u0430\u0432\u0435\u0434\u0443\u044e\u0449\u0430\u044f \u043a\u0430\u0444\u0435\u0434\u0440\u043e\u0439: \u0434.\u0444.\u0444\u0438\u043b.,\u0434\u043e\u0446. \u0413\u0430\u0441\u044b\u043c\u043e\u0432\u0430 \u042d\u043b\u044c\u0444\u0430\u043d\u0430 \u041d\u0430\u0441\u0438\u043c\u0438 \u043a\u044b\u0437\u044b\u00a0<\/a><\/span><\/h4>\n<h4><span style=\"color: #000000;\"><em><span style=\"font-size: 12pt;\">\u0410\u0434\u0440\u0435\u0441: \u0411\u0430\u043a\u0443, \u0443\u043b.\u0413.\u0410\u043b\u0438\u0435\u0432\u0430, 135 (II \u043a\u043e\u0440\u043f\u0443\u0441)<br \/>\n\u0422\u0435\u043b\u0435\u0444\u043e\u043d:<\/span><\/em><em>\u00a0+(994)12 492-59-03 (13-22)<\/em><\/span><\/h4>\n<\/td>\n<\/tr>\n<\/tbody>\n<\/table>\n<p><a class=\"fancybox-thumb\" href=\"http:\/\/unec.edu.az\/application\/uploads\/2024\/11\/dizayn8bae07d26e.jpg\"><img decoding=\"async\" class=\"fancybox-margin alignnone wp-image-450278 size-thumbnail\" title=\"UNEC-d\u0259 Z\u0259f\u0259r G\u00fcn\u00fcn\u0259 h\u0259sr olunan r\u0259sm m\u00fcsabiq\u0259si ke\u00e7irilib (07.10.2024)\" src=\"http:\/\/unec.edu.az\/application\/uploads\/2024\/11\/dizayn8bae07d26e-150x150.jpg\" alt=\"\" width=\"150\" height=\"150\" \/><\/a>\u00a0<a class=\"fancybox-thumb\" href=\"https:\/\/unec.edu.az\/application\/uploads\/2015\/02\/lala_96071.jpg\"><img decoding=\"async\" class=\"fancybox-margin alignnone wp-image-70158 size-thumbnail\" src=\"https:\/\/unec.edu.az\/application\/uploads\/2015\/02\/lala_96071-150x150.jpg\" alt=\"lala_96071\" width=\"150\" height=\"150\" \/><\/a>\u00a0<a class=\"fancybox-thumb\" href=\"https:\/\/unec.edu.az\/application\/uploads\/2015\/02\/lala024x688.jpg\"><img decoding=\"async\" class=\"fancybox-margin alignnone wp-image-70159 size-thumbnail\" src=\"https:\/\/unec.edu.az\/application\/uploads\/2015\/02\/lala024x688-150x150.jpg\" alt=\"lala024x688\" width=\"150\" height=\"150\" \/><\/a><a class=\"fancybox-thumb\" href=\"https:\/\/unec.edu.az\/application\/uploads\/2015\/02\/lala885.jpg\"><img loading=\"lazy\" decoding=\"async\" class=\"fancybox-margin alignnone wp-image-90141 size-thumbnail\" title=\"UNEC-in dizayner t\u0259l\u0259b\u0259l\u0259rinin \u0259l i\u015fl\u0259ri maraqla qar\u015f\u0131lan\u0131b (07.04.2017)\" src=\"https:\/\/unec.edu.az\/application\/uploads\/2015\/02\/lala885-150x150.jpg\" alt=\"???????????????????????????????\" width=\"150\" height=\"150\" \/><\/a><a class=\"fancybox-thumb\" href=\"https:\/\/unec.edu.az\/application\/uploads\/2015\/02\/lala01855.jpg\"><img loading=\"lazy\" decoding=\"async\" class=\"fancybox-margin alignnone wp-image-90142 size-thumbnail\" title=\"UNEC-in dizayner t\u0259l\u0259b\u0259l\u0259rinin \u0259l i\u015fl\u0259ri maraqla qar\u015f\u0131lan\u0131b (07.04.2017)\" src=\"https:\/\/unec.edu.az\/application\/uploads\/2015\/02\/lala01855-150x150.jpg\" alt=\"???????????????????????????????\" width=\"150\" height=\"150\" \/><\/a><a class=\"fancybox-thumb\" href=\"https:\/\/unec.edu.az\/application\/uploads\/2015\/02\/dizayn_0693-.jpg\"><img loading=\"lazy\" decoding=\"async\" class=\"fancybox-margin alignnone wp-image-144597 size-thumbnail\" title=\"UNEC m\u00fc\u0259lliminin f\u0259rdi r\u0259sm s\u0259rgisi a\u00e7\u0131l\u0131b: \u201cAz\u0259rbaycan nax\u0131\u015flar\u0131\u201d\" src=\"https:\/\/unec.edu.az\/application\/uploads\/2015\/02\/dizayn_0693--150x150.jpg\" alt=\"dizayn_0693--------\" width=\"150\" height=\"150\" \/><\/a><\/p>\n","protected":false},"excerpt":{"rendered":"<p>\u0417\u0430\u0432\u0435\u0434\u0443\u044e\u0449\u0430\u044f \u043a\u0430\u0444\u0435\u0434\u0440\u043e\u0439: \u0434.\u0444.\u0444\u0438\u043b.,\u0434\u043e\u0446. \u0413\u0430\u0441\u044b\u043c\u043e\u0432\u0430 \u042d\u043b\u044c\u0444\u0430\u043d\u0430 \u041d\u0430\u0441\u0438\u043c\u0438 \u043a\u044b\u0437\u044b\u00a0 \u0410\u0434\u0440\u0435\u0441: \u0411\u0430\u043a\u0443, \u0443\u043b.\u0413.\u0410\u043b\u0438\u0435\u0432\u0430, 135 (II \u043a\u043e\u0440\u043f\u0443\u0441) \u0422\u0435\u043b\u0435\u0444\u043e\u043d:\u00a0+(994)12 492-59-03 (13-22) \u00a0\u00a0<\/p>\n","protected":false},"author":10,"featured_media":0,"parent":3468,"menu_order":60,"comment_status":"open","ping_status":"open","template":"page-templates\/3columncontent.php","meta":{"footnotes":""},"class_list":["post-9799","page","type-page","status-publish","hentry"],"_links":{"self":[{"href":"http:\/\/unec.edu.az\/ru\/wp-json\/wp\/v2\/pages\/9799","targetHints":{"allow":["GET"]}}],"collection":[{"href":"http:\/\/unec.edu.az\/ru\/wp-json\/wp\/v2\/pages"}],"about":[{"href":"http:\/\/unec.edu.az\/ru\/wp-json\/wp\/v2\/types\/page"}],"author":[{"embeddable":true,"href":"http:\/\/unec.edu.az\/ru\/wp-json\/wp\/v2\/users\/10"}],"replies":[{"embeddable":true,"href":"http:\/\/unec.edu.az\/ru\/wp-json\/wp\/v2\/comments?post=9799"}],"version-history":[{"count":50,"href":"http:\/\/unec.edu.az\/ru\/wp-json\/wp\/v2\/pages\/9799\/revisions"}],"predecessor-version":[{"id":457438,"href":"http:\/\/unec.edu.az\/ru\/wp-json\/wp\/v2\/pages\/9799\/revisions\/457438"}],"up":[{"embeddable":true,"href":"http:\/\/unec.edu.az\/ru\/wp-json\/wp\/v2\/pages\/3468"}],"wp:attachment":[{"href":"http:\/\/unec.edu.az\/ru\/wp-json\/wp\/v2\/media?parent=9799"}],"curies":[{"name":"wp","href":"https:\/\/api.w.org\/{rel}","templated":true}]}}