{"id":9836,"date":"2015-02-15T00:08:04","date_gmt":"2015-02-14T20:08:04","guid":{"rendered":"http:\/\/asue.edu.az\/issledovanie\/kafedralar\/marketinq\/"},"modified":"2018-06-25T09:47:35","modified_gmt":"2018-06-25T05:47:35","slug":"marketinq","status":"publish","type":"page","link":"http:\/\/unec.edu.az\/ru\/marketinq\/","title":{"rendered":"\u041c\u0410\u0420\u041a\u0415\u0422\u0418\u041d\u0413"},"content":{"rendered":"<p>&nbsp;<\/p>\n<table style=\"height: 187px;\" width=\"593\">\n<tbody>\n<tr>\n<td>\n<h4 style=\"text-align: justify;\"><span style=\"color: #800000;\">\u0417\u0430\u0432\u0435\u0434\u0443\u044e\u0449\u0438\u0439 \u043a\u0430\u0444\u0435\u0434\u0440\u043e\u0439:<\/span><\/h4>\n<p><span style=\"color: #000000;\"><em><span style=\"font-size: 12pt;\">\u0410\u0434\u0440\u0435\u0441: \u0411\u0430\u043a\u0443, \u0443\u043b.\u0413.\u0410\u043b\u0438\u0435\u0432\u0430, 135 (II \u043a\u043e\u0440\u043f\u0443\u0441)<\/span><\/em><\/span><br \/>\n<span style=\"color: #000000;\"><em> <span style=\"font-size: 12pt;\">\u0422\u0435\u043b\u0435\u0444\u043e\u043d: +(994) 12 440-66-32<br \/>\n<\/span><br \/>\n<\/em><\/span><\/td>\n<\/tr>\n<\/tbody>\n<\/table>\n<h4><span style=\"color: #ffffff;\">*<\/span><\/h4>\n<p><a class=\"fancybox-thumb\" href=\"https:\/\/unec.edu.az\/application\/uploads\/2016\/02\/marketinqDSC_0008.jpg\" rel=\"fancybox-thumb\"><img decoding=\"async\" class=\"fancybox-margin alignnone wp-image-43422 size-thumbnail\" src=\"https:\/\/unec.edu.az\/application\/uploads\/2016\/02\/marketinqDSC_0008-150x150.jpg\" alt=\"marketinqDSC_0008\" width=\"150\" height=\"150\" \/><\/a><a class=\"fancybox-thumb\" href=\"https:\/\/unec.edu.az\/application\/uploads\/2015\/02\/marIMG_4217.jpg\" rel=\"fancybox-thumb\"><img decoding=\"async\" class=\"fancybox-margin alignnone wp-image-26816 size-thumbnail\" src=\"https:\/\/unec.edu.az\/application\/uploads\/2015\/02\/marIMG_4217-150x150.jpg\" alt=\"marIMG_4217\" width=\"150\" height=\"150\" \/><\/a><a class=\"fancybox-thumb\" href=\"https:\/\/unec.edu.az\/application\/uploads\/2015\/02\/marIMG_4224.jpg\" rel=\"fancybox-thumb\"><img decoding=\"async\" class=\"fancybox-margin alignnone wp-image-26815 size-thumbnail\" src=\"https:\/\/unec.edu.az\/application\/uploads\/2015\/02\/marIMG_4224-150x150.jpg\" alt=\"marIMG_4224\" width=\"150\" height=\"150\" \/><\/a><a class=\"fancybox-thumb\" href=\"https:\/\/unec.edu.az\/application\/uploads\/2015\/02\/DSC_00046.jpg\" rel=\"fancybox-thumb\"><img loading=\"lazy\" decoding=\"async\" class=\"fancybox-margin alignnone wp-image-26823 size-thumbnail\" src=\"https:\/\/unec.edu.az\/application\/uploads\/2015\/02\/DSC_00046-150x150.jpg\" alt=\"DSC_0004\" width=\"150\" height=\"150\" \/><\/a><a class=\"fancybox-thumb\" href=\"https:\/\/unec.edu.az\/application\/uploads\/2015\/02\/marDSC_0025-1024x768.jpg\" rel=\"fancybox-thumb\"><img loading=\"lazy\" decoding=\"async\" class=\"fancybox-margin alignnone wp-image-26888 size-thumbnail\" src=\"https:\/\/unec.edu.az\/application\/uploads\/2015\/02\/marDSC_0025-1024x768-150x150.jpg\" alt=\"marDSC_0025-1024x768\" width=\"150\" height=\"150\" \/><\/a><a class=\"fancybox-thumb\" href=\"https:\/\/unec.edu.az\/application\/uploads\/2015\/02\/marDSC_0002-1024x768.jpg\" rel=\"fancybox-thumb\"><img loading=\"lazy\" decoding=\"async\" class=\"fancybox-margin alignnone wp-image-26889 size-thumbnail\" src=\"https:\/\/unec.edu.az\/application\/uploads\/2015\/02\/marDSC_0002-1024x768-150x150.jpg\" alt=\"marDSC_0002-1024x768\" width=\"150\" height=\"150\" \/><\/a><a style=\"color: #000000;\" href=\"https:\/\/unec.edu.az\/ru\/avropa-universitetinde-unec-muellimlerinin-muhazireleri-dinlenilib\/\">\u00a0<\/a><\/p>\n<p><span style=\"color: #000000;\"><em><a style=\"color: #000000;\" href=\"https:\/\/unec.edu.az\/ru\/unec-in-genc-muellimleri-turkiyede-marketinq-fennini-tedris-edirler\/\">\u041c\u043e\u043b\u043e\u0434\u044b\u0435 \u043f\u0440\u0435\u043f\u043e\u0434\u0430\u0432\u0430\u0442\u0435\u043b\u0438 UNEC \u043e\u0431\u0443\u0447\u0430\u044e\u0442 \u0434\u0438\u0441\u0446\u0438\u043f\u043b\u0438\u043d\u0435 \u00ab\u041c\u0430\u0440\u043a\u0435\u0442\u0438\u043d\u0433\u00bb \u0432 \u0422\u0443\u0440\u0446\u0438\u0438<\/a>\u00a0(08.02.2018)<br \/>\n<\/em><\/span><em><a style=\"color: #000000;\" href=\"https:\/\/unec.edu.az\/ru\/beynelxalq-qrant-musabiqesinin-qalibleri-unec-alimleri\/\">\u041f\u043e\u0431\u0435\u0434\u0438\u0442\u0435\u043b\u0438 \u043c\u0435\u0436\u0434\u0443\u043d\u0430\u0440\u043e\u0434\u043d\u043e\u0433\u043e \u043a\u043e\u043d\u043a\u0443\u0440\u0441\u0430 \u0433\u0440\u0430\u043d\u0442\u043e\u0432 \u2013 \u0443\u0447\u0435\u043d\u044b\u0435 UNEC\u00a0<\/a>(31.01.2018)<br \/>\n<\/em><em><a style=\"color: #000000;\" href=\"https:\/\/unec.edu.az\/ru\/xarici-bazara-cixisin-logistik-teminati-strateji-yol-xeritesinin-hedefleri\/\">\u00ab\u041b\u043e\u0433\u0438\u0441\u0442\u0438\u0447\u0435\u0441\u043a\u043e\u0435 \u043e\u0431\u0435\u0441\u043f\u0435\u0447\u0435\u043d\u0438\u0435 \u0432\u044b\u0445\u043e\u0434\u0430 \u043d\u0430 \u0432\u043d\u0435\u0448\u043d\u0438\u0439 \u0440\u044b\u043d\u043e\u043a: \u0446\u0435\u043b\u0438 \u0441\u0442\u0440\u0430\u0442\u0435\u0433\u0438\u0447\u0435\u0441\u043a\u043e\u0439 \u0434\u043e\u0440\u043e\u0436\u043d\u043e\u0439 \u043a\u0430\u0440\u0442\u044b\u00bb\u00a0<\/a>(08.11.2017)<br \/>\n<\/em><em><a style=\"color: #000000;\" href=\"https:\/\/unec.edu.az\/ru\/unec-de-yeni-layihe-ixtisasci-mutexessislerle-gorus\/\">\u0412 UNEC \u043d\u043e\u0432\u044b\u0439 \u043f\u0440\u043e\u0435\u043a\u0442: \u00ab\u0412\u0441\u0442\u0440\u0435\u0447\u0430 \u0441 \u043f\u0440\u043e\u0444\u0435\u0441\u0441\u0438\u043e\u043d\u0430\u043b\u044c\u043d\u044b\u043c\u0438 \u0441\u043f\u0435\u0446\u0438\u0430\u043b\u0438\u0441\u0442\u0430\u043c\u0438\u00bb\u00a0<\/a>(31.10.2017)<br \/>\n<\/em><em><a style=\"color: #000000;\" href=\"https:\/\/unec.edu.az\/ru\/marketinq-kafedrasinin-magistrleri-elmi-pedoqoji-tecrube-kecibler\/\">\u041c\u0430\u0433\u0438\u0441\u0442\u0440\u044b \u043a\u0430\u0444\u0435\u0434\u0440\u044b \u00ab\u041c\u0430\u0440\u043a\u0435\u0442\u0438\u043d\u0433\u00bb \u043f\u0440\u043e\u0448\u043b\u0438 \u043d\u0430\u0443\u0447\u043d\u043e-\u043f\u0435\u0434\u0430\u0433\u043e\u0433\u0438\u0447\u0435\u0441\u043a\u0443\u044e \u043f\u0440\u0430\u043a\u0442\u0438\u043a\u0443\u00a0<\/a>(17.03.2017)<br \/>\n<\/em><em><a style=\"color: #000000;\" href=\"https:\/\/unec.edu.az\/ru\/logistika-ve-ticaretin-inkisafina-dair-strateji-yol-xeritesi-ne-dair-muzakireler-kecirildi\/\">\u0412 UNEC \u0441\u043e\u0441\u0442\u043e\u044f\u043b\u0441\u044f \u0441\u0435\u043c\u0438\u043d\u0430\u0440 \u043d\u0430 \u0442\u0435\u043c\u0443 \u00ab\u0421\u0442\u0440\u0430\u0442\u0435\u0433\u0438\u0447\u0435\u0441\u043a\u0430\u044f \u0434\u043e\u0440\u043e\u0436\u043d\u0430\u044f \u043a\u0430\u0440\u0442\u0430 \u043e\u0442\u043d\u043e\u0441\u0438\u0442\u0435\u043b\u044c\u043d\u043e \u0440\u0430\u0437\u0432\u0438\u0442\u0438\u044f \u043b\u043e\u0433\u0438\u0441\u0442\u0438\u043a\u0438 \u0438 \u0442\u043e\u0440\u0433\u043e\u0432\u043b\u0438\u00bb\u00a0<\/a>\u00a0(24.01.2017)<br \/>\n<\/em><a style=\"color: #000000;\" href=\"https:\/\/unec.edu.az\/ru\/unec-de-konfrans-musteqil-azerbaycanin-inkisafi-reqemlerde\/\">\u041a\u043e\u043d\u0444\u0435\u0440\u0435\u043d\u0446\u0438\u044f \u0432 UNEC: \u201c\u0420\u0430\u0437\u0432\u0438\u0442\u0438\u0435 \u043d\u0435\u0437\u0430\u0432\u0438\u0441\u0438\u043c\u043e\u0433\u043e \u0410\u0437\u0435\u0440\u0431\u0430\u0439\u0434\u0436\u0430\u043d\u0430 \u0432 \u0446\u0438\u0444\u0440\u0430\u0445\u201d<\/a><em><a style=\"color: #000000;\" href=\"https:\/\/unec.edu.az\/ru\/unec-de-konfrans-musteqil-azerbaycanin-inkisafi-reqemlerde\/\">\u00a0<\/a>(24.11.2016)<br \/>\n<\/em><em><a style=\"color: #000000;\" href=\"https:\/\/unec.edu.az\/ru\/unec-de-yazici-filosof-eluca-atali-ile-gorus-kecirilib\/\">\u0412 UNEC \u0441\u043e\u0441\u0442\u043e\u044f\u043b\u0430\u0441\u044c \u0432\u0441\u0442\u0440\u0435\u0447\u0430 \u0441 \u043f\u0438\u0441\u0430\u0442\u0435\u043b\u0435\u043c-\u0444\u0438\u043b\u043e\u0441\u043e\u0444\u043e\u043c \u042d\u043b\u0443\u0434\u0436\u0435\u0439 \u0410\u0442\u0430\u043b\u0438\u00a0<\/a>(11.11.2016)<br \/>\n<\/em><em><a style=\"color: #000000;\" href=\"https:\/\/unec.edu.az\/ru\/avropa-universitetinde-unec-muellimlerinin-muhazireleri-dinlenilib\/\">\u0415\u0432\u0440\u043e\u043f\u0435\u0439\u0441\u043a\u0438\u0445 \u0443\u043d\u0438\u0432\u0435\u0440\u0441\u0438\u0442\u0435\u0442\u0430\u0445 \u0437\u0430\u0441\u043b\u0443\u0448\u0430\u043d\u044b \u043b\u0435\u043a\u0446\u0438\u0438 \u043f\u0440\u0435\u043f\u043e\u0434\u0430\u0432\u0430\u0442\u0435\u043b\u0435\u0439 UNEC<\/a>\u00a0(26.05.2017)<\/em><\/p>\n<p><span style=\"color: #000000;\"><em> <a style=\"color: #000000;\" href=\"https:\/\/unec.edu.az\/ru\/unec-alimi-ile-gorus-kecirilib\/\">\u0421\u043e\u0441\u0442\u043e\u044f\u043b\u0430\u0441\u044c \u0432\u0441\u0442\u0440\u0435\u0447\u0430 \u0441 \u0443\u0447\u0435\u043d\u044b\u043c UNEC<\/a>\u00a0(24.05.2017)<\/em><\/span><br \/>\n<span style=\"color: #000000;\"><em> <a style=\"color: #000000;\" href=\"https:\/\/unec.edu.az\/ru\/unec-alimleri-beynelxalq-konfransda-2\/\">\u0423\u0447\u0435\u043d\u044b\u0435 UNEC \u043d\u0430 \u043c\u0435\u0436\u0434\u0443\u043d\u0430\u0440\u043e\u0434\u043d\u043e\u0439 \u043a\u043e\u043d\u0444\u0435\u0440\u0435\u043d\u0446\u0438\u0438 <\/a>(17.05.2017)<\/em><\/span><br \/>\n<span style=\"color: #000000;\"><em> <a style=\"color: #000000;\" href=\"https:\/\/unec.edu.az\/ru\/unec-muellimleri-anadolu-universitetinde\/\">\u041f\u0440\u0435\u043f\u043e\u0434\u0430\u0432\u0430\u0442\u0435\u043b\u0438 UNEC \u0432 \u0443\u043d\u0438\u0432\u0435\u0440\u0441\u0438\u0442\u0435\u0442\u0435 \u0410\u043d\u0430\u0434\u043e\u043b\u0443 (01.05.2017)<br \/>\n<\/a><a style=\"color: #000000;\" href=\"https:\/\/unec.edu.az\/ru\/unec-professorlari-ile-gorus-sagirdler-ucun-faydalidir\/\">\u00ab\u0412\u0441\u0442\u0440\u0435\u0447\u0430 \u0441 \u043f\u0440\u043e\u0444\u0435\u0441\u0441\u043e\u0440\u0430\u043c\u0438 UNEC \u0431\u0443\u0434\u0435\u0442 \u043f\u043e\u043b\u0435\u0437\u043d\u044b\u043c \u0434\u043b\u044f \u0443\u0447\u0430\u0449\u0438\u0445\u0441\u044f \u0448\u043a\u043e\u043b\u00bb\u00a0<\/a>\u00a0(25.04.2017)<\/em><\/span><br \/>\n<span style=\"color: #000000;\"><em> <a style=\"color: #000000;\" href=\"https:\/\/unec.edu.az\/ru\/abituriyentler-unec-i-secir-2\/\">\u0410\u0431\u0438\u0442\u0443\u0440\u0438\u0435\u043d\u0442\u044b \u0432\u044b\u0431\u0438\u0440\u0430\u044e\u0442 UNEC<\/a>\u00a0(24.04.2017)<\/em><\/span><br \/>\n<span style=\"color: #000000;\"><em> <a style=\"color: #000000;\" href=\"https:\/\/unec.edu.az\/ru\/marketinq-kafedrasinin-magistrleri-elmi-pedoqoji-tecrube-kecibler\/\">\u041c\u0430\u0433\u0438\u0441\u0442\u0440\u044b \u043a\u0430\u0444\u0435\u0434\u0440\u044b \u00ab\u041c\u0430\u0440\u043a\u0435\u0442\u0438\u043d\u0433\u00bb \u043f\u0440\u043e\u0448\u043b\u0438 \u043d\u0430\u0443\u0447\u043d\u043e-\u043f\u0435\u0434\u0430\u0433\u043e\u0433\u0438\u0447\u0435\u0441\u043a\u0443\u044e \u043f\u0440\u0430\u043a\u0442\u0438\u043a\u0443 (17.03.2017)<br \/>\n<\/a><a style=\"color: #000000;\" href=\"https:\/\/unec.edu.az\/ru\/logistika-ve-ticaretin-inkisafina-dair-strateji-yol-xeritesi-ne-dair-muzakireler-kecirildi\/\">\u0412 UNEC \u0441\u043e\u0441\u0442\u043e\u044f\u043b\u0441\u044f \u0441\u0435\u043c\u0438\u043d\u0430\u0440 \u043d\u0430 \u0442\u0435\u043c\u0443 \u00ab\u0421\u0442\u0440\u0430\u0442\u0435\u0433\u0438\u0447\u0435\u0441\u043a\u0430\u044f \u0434\u043e\u0440\u043e\u0436\u043d\u0430\u044f \u043a\u0430\u0440\u0442\u0430 \u043e\u0442\u043d\u043e\u0441\u0438\u0442\u0435\u043b\u044c\u043d\u043e \u0440\u0430\u0437\u0432\u0438\u0442\u0438\u044f \u043b\u043e\u0433\u0438\u0441\u0442\u0438\u043a\u0438 \u0438 \u0442\u043e\u0440\u0433\u043e\u0432\u043b\u0438\u00bb <\/a>(01.24.2017)<\/em><\/span><br \/>\n<span style=\"color: #000000;\"><em> <a style=\"color: #000000;\" href=\"https:\/\/unec.edu.az\/ru\/unec-muellimi-microsoft-un-innovativ-muellim-sertifikatini-qazanib\/\">\u041f\u0440\u0435\u043f\u043e\u0434\u0430\u0432\u0430\u0442\u0435\u043b\u044c UNEC \u043f\u043e\u043b\u0443\u0447\u0438\u043b \u0441\u0435\u0440\u0442\u0438\u0444\u0438\u043a\u0430\u0442 \u00ab\u0418\u043d\u043d\u043e\u0432\u0430\u0446\u0438\u043e\u043d\u043d\u044b\u0439 \u043f\u0440\u0435\u043f\u043e\u0434\u0430\u0432\u0430\u0442\u0435\u043b\u044c\u00bb \u043a\u043e\u043c\u043f\u0430\u043d\u0438\u0438 \u201cMicrosoft\u201d<\/a>\u00a0(01.23.2017)<\/em><\/span><br \/>\n<span style=\"color: #000000;\"><em> <a style=\"color: #000000;\" href=\"https:\/\/unec.edu.az\/ru\/biz-unec-telebesi-olmaq-isteyirik\/\">\u00ab\u041c\u044b \u0445\u043e\u0442\u0438\u043c \u0441\u0442\u0430\u0442\u044c \u0441\u0442\u0443\u0434\u0435\u043d\u0442\u0430\u043c\u0438 UNEC\u00bb<\/a>\u00a0(10.01.2017)<\/em><\/span><br \/>\n<span style=\"color: #000000;\"><em> <a style=\"color: #000000;\" href=\"https:\/\/unec.edu.az\/ru\/unec-de-novbeti-innovativ-tedris-texnologiyasi-dual-tedris\/\">\u0412 UNEC \u0438\u043d\u043d\u043e\u0432\u0430\u0446\u0438\u043e\u043d\u043d\u0430\u044f \u0442\u0435\u0445\u043d\u043e\u043b\u043e\u0433\u0438\u044f \u043e\u0431\u0443\u0447\u0435\u043d\u0438\u044f: \u0414\u0443\u0430\u043b\u044c\u043d\u043e\u0435 \u043e\u0431\u0443\u0447\u0435\u043d\u0438\u0435<\/a>\u00a0(22.12.2016)<\/em><\/span><br \/>\n<span style=\"color: #000000;\"><em> <a style=\"color: #000000;\" href=\"https:\/\/unec.edu.az\/ru\/nufuzli-marketoloqlar-unec-de-azerbaycan-iqtisadiyyatinin-suretli-inkisaf-konteksinde-sahibkarliga-marketinq-desteyi\/\">\u0410\u0432\u0442\u043e\u0440\u0438\u0442\u0435\u0442\u043d\u044b\u0435 \u043c\u0430\u0440\u043a\u0435\u0442\u043e\u043b\u043e\u0433\u0438 \u0432 UNEC: \u201c\u0412 \u043a\u043e\u043d\u0442\u0435\u043a\u0441\u0442\u0435 \u0441\u0442\u0440\u0435\u043c\u0438\u0442\u0435\u043b\u044c\u043d\u043e\u0433\u043e \u0440\u0430\u0437\u0432\u0438\u0442\u0438\u044f \u044d\u043a\u043e\u043d\u043e\u043c\u0438\u043a\u0438 \u0410\u0437\u0435\u0440\u0431\u0430\u0439\u0434\u0436\u0430\u043d\u0430 \u043c\u0430\u0440\u043a\u0435\u0442\u0438\u043d\u0433\u043e\u0432\u0430\u044f \u043f\u043e\u0434\u0434\u0435\u0440\u0436\u043a\u0430 \u043f\u0440\u0435\u0434\u043f\u0440\u0438\u043d\u0438\u043c\u0430\u0442\u0435\u043b\u044c\u0441\u0442\u0432\u0430\u201d<\/a>\u00a0(26.05.2016)<br \/>\n<a style=\"color: #000000;\" href=\"https:\/\/unec.edu.az\/ru\/unec-de-seminar-muasir-seraitde-innovativ-fealiyyete-marketinq-yanasma\/\">\u0421\u0435\u043c\u0438\u043d\u0430\u0440 \u0432 UNEC: \u201c\u041c\u0430\u0440\u043a\u0435\u0442\u0438\u043d\u0433\u043e\u0432\u044b\u0439 \u043f\u043e\u0434\u0445\u043e\u0434 \u043a \u0438\u043d\u043d\u043e\u0432\u0430\u0446\u0438\u043e\u043d\u043d\u043e\u0439 \u0434\u0435\u044f\u0442\u0435\u043b\u044c\u043d\u043e\u0441\u0442\u0438 \u0432 \u0441\u043e\u0432\u0440\u0435\u043c\u0435\u043d\u043d\u044b\u0445 \u0443\u0441\u043b\u043e\u0432\u0438\u044f\u0445\u00bb<\/a>\u00a0(24.05.2016)<br \/>\n<a style=\"color: #000000;\" href=\"https:\/\/unec.edu.az\/ru\/unec-de-novbeti-praktiki-ders\/\">\u041e\u0447\u0435\u0440\u0435\u0434\u043d\u043e\u0439 \u043f\u0440\u0430\u043a\u0442\u0438\u0447\u0435\u0441\u043a\u0438\u0439 \u0443\u0440\u043e\u043a UNEC<\/a>\u00a0 (20.05.2016)<\/em><\/span><br \/>\n<span style=\"color: #000000;\"><em> <a style=\"color: #000000;\" href=\"https:\/\/unec.edu.az\/ru\/unec-muelliminden-adu-telebelerine-ustad-dersi\/\">\u0423\u0440\u043e\u043a \u043c\u0430\u0441\u0442\u0435\u0440-\u043a\u043b\u0430\u0441\u0441 \u043f\u0440\u0435\u043f\u043e\u0434\u0430\u0432\u0430\u0442\u0435\u043b\u044f UNEC \u0441\u0442\u0443\u0434\u0435\u043d\u0442\u0430\u043c \u0410\u0423\u042f <\/a>(27.04.2016)<\/em><\/span><br \/>\n<span style=\"color: #000000;\"><em> <a style=\"color: #000000;\" href=\"https:\/\/unec.edu.az\/ru\/marketinq-diskusiya-klubu-nun-novbeti-seminari-kecirilib\/\">\u0421\u043e\u0441\u0442\u043e\u044f\u043b\u0441\u044f \u043e\u0447\u0435\u0440\u0435\u0434\u043d\u043e\u0439 \u0441\u0435\u043c\u0438\u043d\u0430\u0440 \u00ab\u041a\u043b\u0443\u0431\u0430 \u041c\u0430\u0440\u043a\u0435\u0442\u0438\u043d\u0433-\u0434\u0438\u0441\u043a\u0443\u0441\u0441\u0438\u044f\u00bb<\/a>\u00a0(08.04.2016)<\/em><\/span><\/p>\n<p><span style=\"color: #000000;\"><em><a style=\"color: #000000;\" href=\"https:\/\/unec.edu.az\/ru\/unec-de-ilk-aciq-ders-canli-yayimlandi\/\">\u0412\u043f\u0435\u0440\u0432\u044b\u0435 \u0432 UNEC: \u041e\u0442\u043a\u0440\u044b\u0442\u044b\u0439 \u0443\u0440\u043e\u043a \u0442\u0440\u0430\u043d\u0441\u043b\u0438\u0440\u043e\u0432\u0430\u043b\u0441\u044f \u0432 \u043f\u0440\u044f\u043c\u043e\u043c \u044d\u0444\u0438\u0440\u0435 <\/a>(11.03.2016)<\/em><\/span><br \/>\n<span style=\"color: #000000;\"><em> <a style=\"color: #000000;\" href=\"https:\/\/unec.edu.az\/ru\/marketinq-diskusiya-klubu-nunda-aktual-movzu-muzakire-edilib\/\">\u0421\u043e\u0441\u0442\u043e\u044f\u043b\u043e\u0441\u044c \u043e\u0431\u0441\u0443\u0436\u0434\u0435\u043d\u0438\u0435 \u0430\u043a\u0442\u0443\u0430\u043b\u044c\u043d\u043e\u0439 \u0442\u0435\u043c\u044b \u0432 \u201c\u041a\u043b\u0443\u0431\u0435 \u043c\u0430\u0440\u043a\u0435\u0442\u0438\u043d\u0433-\u0434\u0438\u0441\u043a\u0443\u0441\u0441\u0438\u044f \u201d (<\/a>29.02.2016)<\/em><\/span><br \/>\n<span style=\"color: #000000;\"><em> <a style=\"color: #000000;\" href=\"https:\/\/unec.edu.az\/ru\/marketinq-kafedrasinda-ii-kurs-magistrantlarin-elmi-pedaqoji-tecrubelerinin-teskili-2\/\">\u041e\u0440\u0433\u0430\u043d\u0438\u0437\u0430\u0446\u0438\u044f \u043d\u0430\u0443\u0447\u043d\u043e-\u043f\u0435\u0434\u0430\u0433\u043e\u0433\u0438\u0447\u0435\u0441\u043a\u043e\u0439 \u043f\u0440\u0430\u043a\u0442\u0438\u043a\u0438 \u043c\u0430\u0433\u0438\u0441\u0442\u0440\u0430\u043d\u0442\u043e\u0432 II \u043a\u0443\u0440\u0441\u0430 \u043d\u0430 \u043a\u0430\u0444\u0435\u0434\u0440\u0435 \u00ab\u041c\u0430\u0440\u043a\u0435\u0442\u0438\u043d\u0433\u00bb<\/a>\u00a0(24.02.2016)<\/em><\/span><br \/>\n<span style=\"color: #000000;\"><em> <a style=\"color: #000000;\" href=\"https:\/\/unec.edu.az\/ru\/marketinq-kafedrasinda-ii-kurs-magistrantlarin-elmi-pedaqoji-tecrubelerinin-teskili\/\">\u041e\u0440\u0433\u0430\u043d\u0438\u0437\u0430\u0446\u0438\u044f \u043d\u0430\u0443\u0447\u043d\u043e-\u043f\u0435\u0434\u0430\u0433\u043e\u0433\u0438\u0447\u0435\u0441\u043a\u043e\u0439 \u043f\u0440\u0430\u043a\u0442\u0438\u043a\u0438 \u043c\u0430\u0433\u0438\u0441\u0442\u0440\u0430\u043d\u0442\u043e\u0432\u00a0II \u043a\u0443\u0440\u0441\u0430 \u043d\u0430 \u043a\u0430\u0444\u0435\u0434\u0440\u0435 \u00ab\u041c\u0430\u0440\u043a\u0435\u0442\u0438\u043d\u0433\u00bb\u00a0\u00a0<\/a>\u00a0(23.02.2016)<\/em><\/span><br \/>\n<span style=\"color: #000000;\"><em> <a style=\"color: #000000;\" href=\"https:\/\/unec.edu.az\/ru\/new-media-sirketinin-rehberi-adiu-da-seminar-kecib\/\">\u0420\u0443\u043a\u043e\u0432\u043e\u0434\u0438\u0442\u0435\u043b\u044c \u043a\u043e\u043c\u043f\u0430\u043d\u0438\u0438 \u00abNew Medi\u0430\u00bb \u043f\u0440\u043e\u0432\u0435\u043b \u0432 \u0410\u0413\u042d\u0423 \u0441\u0435\u043c\u0438\u043d\u0430\u0440<\/a>\u00a0\u00a0(10.04.2015)<\/em><\/span><br \/>\n<span style=\"color: #000000;\"><em> <a style=\"color: #000000;\" href=\"https:\/\/unec.edu.az\/ru\/yello-sirketinin-hemtesiscisi-adiu-da-seminar-kecib\/\">\u0421\u043e\u0443\u0447\u0440\u0435\u0434\u0438\u0442\u0435\u043b\u044c \u043a\u043e\u043c\u043f\u0430\u043d\u0438\u0438 \u201cYello\u201d \u043f\u0440\u043e\u0432\u0435\u043b \u0432 \u0410\u0413\u042d\u0423 \u0441\u0435\u043c\u0438\u043d\u0430\u0440<\/a>\u00a0(06.03.2015)<\/em><\/span><br \/>\n<span style=\"color: #000000;\"><em> <a style=\"color: #000000;\" href=\"https:\/\/unec.edu.az\/ru\/yello-sirketinin-hemtesiscisi-adiu-da-seminar-kecib\/\">\u0421\u043e\u0443\u0447\u0440\u0435\u0434\u0438\u0442\u0435\u043b\u044c \u043a\u043e\u043c\u043f\u0430\u043d\u0438\u0438 \u201cYello\u201d \u043f\u0440\u043e\u0432\u0435\u043b \u0432 \u0410\u0413\u042d\u0423 \u0441\u0435\u043c\u0438\u043d\u0430\u0440<\/a>\u00a0\u00a0(06.03.2015)<\/em><\/span><br \/>\n<span style=\"color: #000000;\"><em> <a style=\"color: #000000;\" href=\"https:\/\/unec.edu.az\/ru\/adiu-movlane-proqramini-ugurla-davam-etdirir\/\">\u0410\u0413\u042d\u0423 \u0443\u0441\u043f\u0435\u0448\u043d\u043e \u043f\u0440\u043e\u0434\u043e\u043b\u0436\u0430\u0435\u0442 \u043f\u0440\u043e\u0433\u0440\u0430\u043c\u043c\u0443 \u041c\u043e\u0432\u043b\u0430\u043d\u0435 <\/a>(16.05.2015)<\/em><\/span><br \/>\n<span style=\"color: #000000;\"><em> <a style=\"color: #000000;\" href=\"https:\/\/unec.edu.az\/ru\/i-yere-layiq-gorulen-elmi-tedqiqatcilarimiz\/\">\u041c\u043e\u043b\u043e\u0434\u044b\u0435 \u0438\u0441\u0441\u043b\u0435\u0434\u043e\u0432\u0430\u0442\u0435\u043b\u0438, \u0443\u0434\u043e\u0441\u0442\u043e\u0435\u043d\u043d\u044b\u0435 1 \u043c\u0435\u0441\u0442\u0430 <\/a>(13.11.1015)<\/em><\/span><\/p>\n<p><a class=\"fancybox-thumb\" href=\"https:\/\/unec.edu.az\/application\/uploads\/2015\/05\/1-telman_1363.jpg\" rel=\"fancybox-thumb\"><img loading=\"lazy\" decoding=\"async\" class=\"fancybox-margin alignnone wp-image-73728 \" title=\"UNEC-d\u0259 konfrans: \u201cM\u00fcst\u0259qil Az\u0259rbaycan\u0131n inki\u015faf\u0131 r\u0259q\u0259ml\u0259rd\u0259\u201d (24.11.2016)\" src=\"https:\/\/unec.edu.az\/application\/uploads\/2015\/05\/1-telman_1363-236x180.jpg\" alt=\"1-telman_1363\" width=\"170\" height=\"130\" \/><\/a><a class=\"fancybox-thumb\" href=\"https:\/\/unec.edu.az\/application\/uploads\/2015\/02\/DSC00838.jpg\" rel=\"fancybox-thumb\"><img loading=\"lazy\" decoding=\"async\" class=\"fancybox-margin alignnone wp-image-74228 \" title=\"UNEC-d\u0259 yaz\u0131\u00e7\u0131-filosof Eluca Atal\u0131 il\u0259 g\u00f6r\u00fc\u015f ke\u00e7irilib (11.11.2016)\" src=\"https:\/\/unec.edu.az\/application\/uploads\/2015\/02\/DSC00838-236x180.jpg\" alt=\"???????????????????????????????\" width=\"170\" height=\"130\" \/><\/a>\u00a0<a class=\"fancybox-thumb\" href=\"https:\/\/unec.edu.az\/application\/uploads\/2015\/02\/DSC_4494.jpg\" rel=\"fancybox-thumb\"><img loading=\"lazy\" decoding=\"async\" class=\"fancybox-margin alignnone wp-image-104323 \" title=\"Elmi \u015euran\u0131n iclas\u0131nda kafedran\u0131n laborant\u0131 Turan\u0259 \u018fhm\u0259dovaya i.f.d. diplomunun t\u0259qdim edilm\u0259si (14.09.2017)\" src=\"https:\/\/unec.edu.az\/application\/uploads\/2015\/02\/DSC_4494-150x150.jpg\" alt=\"DSC_4494\" width=\"130\" height=\"130\" \/><\/a><a class=\"fancybox-thumb\" href=\"https:\/\/unec.edu.az\/application\/uploads\/2015\/02\/DSC00834.jpg\" rel=\"fancybox-thumb\"><img loading=\"lazy\" decoding=\"async\" class=\"fancybox-margin alignnone wp-image-74229 \" title=\"UNEC-d\u0259 yaz\u0131\u00e7\u0131-filosof Eluca Atal\u0131 il\u0259 g\u00f6r\u00fc\u015f ke\u00e7irilib (11.11.2016)\" src=\"https:\/\/unec.edu.az\/application\/uploads\/2015\/02\/DSC00834-236x180.jpg\" alt=\"???????????????????????????????\" width=\"170\" height=\"130\" \/><\/a>\u00a0<a class=\"fancybox-thumb\" href=\"https:\/\/unec.edu.az\/application\/uploads\/2015\/02\/DSC00831.jpg\" rel=\"fancybox-thumb\"><img loading=\"lazy\" decoding=\"async\" class=\"fancybox-margin alignnone wp-image-74230 \" title=\"UNEC-d\u0259 yaz\u0131\u00e7\u0131-filosof Eluca Atal\u0131 il\u0259 g\u00f6r\u00fc\u015f ke\u00e7irilib (11.11.2016)\" src=\"https:\/\/unec.edu.az\/application\/uploads\/2015\/02\/DSC00831-236x180.jpg\" alt=\"???????????????????????????????\" width=\"172\" height=\"131\" \/><\/a><\/p>\n<p>&nbsp;<\/p>\n","protected":false},"excerpt":{"rendered":"<p>&nbsp; \u0417\u0430\u0432\u0435\u0434\u0443\u044e\u0449\u0438\u0439 \u043a\u0430\u0444\u0435\u0434\u0440\u043e\u0439: \u0410\u0434\u0440\u0435\u0441: \u0411\u0430\u043a\u0443, \u0443\u043b.\u0413.\u0410\u043b\u0438\u0435\u0432\u0430, 135 (II \u043a\u043e\u0440\u043f\u0443\u0441) \u0422\u0435\u043b\u0435\u0444\u043e\u043d: +(994) 12 440-66-32 * \u00a0 \u041c\u043e\u043b\u043e\u0434\u044b\u0435 \u043f\u0440\u0435\u043f\u043e\u0434\u0430\u0432\u0430\u0442\u0435\u043b\u0438 UNEC \u043e\u0431\u0443\u0447\u0430\u044e\u0442 \u0434\u0438\u0441\u0446\u0438\u043f\u043b\u0438\u043d\u0435 \u00ab\u041c\u0430\u0440\u043a\u0435\u0442\u0438\u043d\u0433\u00bb \u0432 \u0422\u0443\u0440\u0446\u0438\u0438\u00a0(08.02.2018) \u041f\u043e\u0431\u0435\u0434\u0438\u0442\u0435\u043b\u0438 \u043c\u0435\u0436\u0434\u0443\u043d\u0430\u0440\u043e\u0434\u043d\u043e\u0433\u043e \u043a\u043e\u043d\u043a\u0443\u0440\u0441\u0430 \u0433\u0440\u0430\u043d\u0442\u043e\u0432 \u2013 \u0443\u0447\u0435\u043d\u044b\u0435 UNEC\u00a0(31.01.2018) \u00ab\u041b\u043e\u0433\u0438\u0441\u0442\u0438\u0447\u0435\u0441\u043a\u043e\u0435 \u043e\u0431\u0435\u0441\u043f\u0435\u0447\u0435\u043d\u0438\u0435 \u0432\u044b\u0445\u043e\u0434\u0430 \u043d\u0430 \u0432\u043d\u0435\u0448\u043d\u0438\u0439 \u0440\u044b\u043d\u043e\u043a: \u0446\u0435\u043b\u0438 \u0441\u0442\u0440\u0430\u0442\u0435\u0433\u0438\u0447\u0435\u0441\u043a\u043e\u0439 \u0434\u043e\u0440\u043e\u0436\u043d\u043e\u0439 \u043a\u0430\u0440\u0442\u044b\u00bb\u00a0(08.11.2017) \u0412 UNEC \u043d\u043e\u0432\u044b\u0439 \u043f\u0440\u043e\u0435\u043a\u0442: \u00ab\u0412\u0441\u0442\u0440\u0435\u0447\u0430 \u0441 \u043f\u0440\u043e\u0444\u0435\u0441\u0441\u0438\u043e\u043d\u0430\u043b\u044c\u043d\u044b\u043c\u0438 \u0441\u043f\u0435\u0446\u0438\u0430\u043b\u0438\u0441\u0442\u0430\u043c\u0438\u00bb\u00a0(31.10.2017) \u041c\u0430\u0433\u0438\u0441\u0442\u0440\u044b \u043a\u0430\u0444\u0435\u0434\u0440\u044b \u00ab\u041c\u0430\u0440\u043a\u0435\u0442\u0438\u043d\u0433\u00bb \u043f\u0440\u043e\u0448\u043b\u0438 \u043d\u0430\u0443\u0447\u043d\u043e-\u043f\u0435\u0434\u0430\u0433\u043e\u0433\u0438\u0447\u0435\u0441\u043a\u0443\u044e \u043f\u0440\u0430\u043a\u0442\u0438\u043a\u0443\u00a0(17.03.2017) \u0412 [&hellip;]<\/p>\n","protected":false},"author":10,"featured_media":0,"parent":0,"menu_order":34,"comment_status":"open","ping_status":"open","template":"page-templates\/2columncontent.php","meta":{"footnotes":""},"class_list":["post-9836","page","type-page","status-publish","hentry"],"_links":{"self":[{"href":"http:\/\/unec.edu.az\/ru\/wp-json\/wp\/v2\/pages\/9836","targetHints":{"allow":["GET"]}}],"collection":[{"href":"http:\/\/unec.edu.az\/ru\/wp-json\/wp\/v2\/pages"}],"about":[{"href":"http:\/\/unec.edu.az\/ru\/wp-json\/wp\/v2\/types\/page"}],"author":[{"embeddable":true,"href":"http:\/\/unec.edu.az\/ru\/wp-json\/wp\/v2\/users\/10"}],"replies":[{"embeddable":true,"href":"http:\/\/unec.edu.az\/ru\/wp-json\/wp\/v2\/comments?post=9836"}],"version-history":[{"count":58,"href":"http:\/\/unec.edu.az\/ru\/wp-json\/wp\/v2\/pages\/9836\/revisions"}],"predecessor-version":[{"id":126725,"href":"http:\/\/unec.edu.az\/ru\/wp-json\/wp\/v2\/pages\/9836\/revisions\/126725"}],"wp:attachment":[{"href":"http:\/\/unec.edu.az\/ru\/wp-json\/wp\/v2\/media?parent=9836"}],"curies":[{"name":"wp","href":"https:\/\/api.w.org\/{rel}","templated":true}]}}