{"id":99632,"date":"2016-04-22T21:49:56","date_gmt":"2016-04-22T17:49:56","guid":{"rendered":"https:\/\/unec.edu.az\/professor-esger-abdullayev-2\/"},"modified":"2017-06-29T09:46:16","modified_gmt":"2017-06-29T05:46:16","slug":"professor-esger-abdullayev","status":"publish","type":"page","link":"http:\/\/unec.edu.az\/ru\/professor-esger-abdullayev\/","title":{"rendered":"\u0434.\u0438.\u043d., \u043f\u0440\u043e\u0444. \u0410\u0431\u0434\u0443\u043b\u043b\u0430\u0435\u0432 \u0410\u0441\u043a\u0435\u0440 \u0418\u0431\u0440\u0430\u0433\u0438\u043c \u043e\u0433\u043b\u044b"},"content":{"rendered":"<h4><span style=\"color: #800000;\"><a href=\"https:\/\/unec.edu.az\/application\/uploads\/2016\/04\/DSC_8454.jpg\"><img fetchpriority=\"high\" decoding=\"async\" class=\"alignleft wp-image-49357 \" title=\"left\" src=\"https:\/\/unec.edu.az\/application\/uploads\/2016\/04\/DSC_8454-300x200.jpg\" alt=\"DSC_8454\" width=\"282\" height=\"188\" srcset=\"http:\/\/unec.edu.az\/application\/uploads\/2016\/04\/DSC_8454-300x200.jpg 300w, http:\/\/unec.edu.az\/application\/uploads\/2016\/04\/DSC_8454.jpg 800w\" sizes=\"(max-width: 282px) 100vw, 282px\" \/><\/a><\/span><\/h4>\n<h4><span style=\"color: #800000;\"><em>\u0434.\u0438.\u043d., \u043f\u0440\u043e\u0444. \u0410\u0431\u0434\u0443\u043b\u043b\u0430\u0435\u0432 \u0410\u0441\u043a\u0435\u0440 \u0418\u0431\u0440\u0430\u0433\u0438\u043c \u043e\u0433\u043b\u044b (\u043a\u043e\u043d\u0441\u0443\u043b\u044c\u0442\u0430\u043d\u0442)<\/em><\/span><\/h4>\n<p style=\"text-align: justify;\">*\u041f\u0440\u043e\u0444\u0435\u0441\u0441\u043e\u0440 \u043a\u0430\u0444\u0435\u0434\u0440\u044b \u00ab\u041c\u0435\u0436\u0434\u0443\u043d\u0430\u0440\u043e\u0434\u043d\u044b\u0435 \u043e\u0442\u043d\u043e\u0448\u0435\u043d\u0438\u044f\u00bb \u0410\u0437\u0435\u0440\u0431\u0430\u0439\u0434\u0436\u0430\u043d\u0441\u043a\u043e\u0433\u043e \u0433\u043e\u0441\u0443\u0434\u0430\u0440\u0441\u0442\u0432\u0435\u043d\u043d\u043e\u0433\u043e \u044d\u043a\u043e\u043d\u043e\u043c\u0438\u0447\u0435\u0441\u043a\u043e\u0433\u043e \u0443\u043d\u0438\u0432\u0435\u0440\u0441\u0438\u0442\u0435\u0442\u0430.<\/p>\n<p style=\"text-align: justify;\">\u0417\u0430 \u0437\u0430\u0441\u043b\u0443\u0433\u0438 \u0432 \u043f\u043e\u0434\u0433\u043e\u0442\u043e\u0432\u043a\u0435 \u044d\u043a\u043e\u043d\u043e\u043c\u0438\u0447\u0435\u0441\u043a\u0438\u0445 \u043a\u0430\u0434\u0440\u043e\u0432 \u0432 \u0410\u0437\u0435\u0440\u0431\u0430\u0439\u0434\u0436\u0430\u043d\u0441\u043a\u043e\u043c \u0433\u043e\u0441\u0443\u0434\u0430\u0440\u0441\u0442\u0432\u0435\u043d\u043d\u043e\u043c \u044d\u043a\u043e\u043d\u043e\u043c\u0438\u0447\u0435\u0441\u043a\u043e\u043c \u0443\u043d\u0438\u0432\u0435\u0440\u0441\u0438\u0442\u0435\u0442\u0435, \u0432\u043a\u043b\u0430\u0434, \u0432\u043d\u0435\u0441\u0435\u043d\u043d\u044b\u0439 \u0432 \u0440\u0430\u0437\u0432\u0438\u0442\u0438\u0435 \u043d\u0430\u0443\u043a\u0438 \u0438 \u043e\u0431\u0440\u0430\u0437\u043e\u0432\u0430\u043d\u0438\u044f \u043d\u0430\u0433\u0440\u0430\u0436\u0434\u0435\u043d \u041f\u043e\u0447\u0435\u0442\u043d\u043e\u0439 \u0433\u0440\u0430\u043c\u043e\u0442\u043e\u0439.<\/p>\n<p>&nbsp;<\/p>\n<h4><span style=\"color: #ffffff;\">*<\/span><br \/>\n<em><span style=\"color: #333333;\">\u041d\u0430\u0443\u0447\u043d\u044b\u0435 \u0440\u0430\u0431\u043e\u0442\u044b:<\/span><\/em><\/h4>\n<p>&#8212; \u00a0Az\u0259rbaycana qar\u015f\u0131 erm\u0259ni t\u0259cav\u00fcz\u00fc v\u0259 xarici havadarl\u0131q: Monoqrafiya\u00a0\/\u018fsg\u0259r, Abdullayev; Elmi red.: M.F.C\u0259lilov.- B.: \u0130qtisad Universiteti, 2004<br \/>\n&#8212; \u00a0Az\u0259rbaycanl\u0131lar\u0131n mart soyq\u0131r\u0131m\u0131 unudulmamal\u0131d\u0131r : [monoqrafiya] \/\u018f.Abdullayev; elmi red. v\u0259 \u00f6n s\u00f6z. m\u00fc\u0259l. M.C\u0259lilov.- B.: \u0130qtisad Universiteti, 2008<br \/>\n&#8212; D\u00fcnya \u015f\u00f6hr\u0259tli d\u00f6vl\u0259t xadimi Heyd\u0259r \u018fliyev \u00a0\/\u018fsg\u0259r Abdullayev; Elmi red: M.F.C\u0259lilov; R\u0259y\u00e7il\u0259r: B.M.Abdullayev v\u0259 b.- B.: \u0130qtisad Universiteti, 2005<br \/>\n&#8212; \u00a0Erm\u0259ni t\u0259cav\u00fcz\u00fc: ac\u0131 faktlar, f\u0259lak\u0259tli n\u0259tic\u0259l\u0259r\u00a0\/\u018f.\u0130.Abdullayev; Elmi red.: M.F.C\u0259lilov; Az\u0259rbaycan D\u00f6vl\u0259t \u0130qtisad Universiteti.- B.: \u0130qtisad Universitetinin n\u0259\u015friyyat\u0131, 2003<br \/>\n&#8212; \u00a0Erm\u0259nistan\u0131n Az\u0259rbaycana qar\u015f\u0131 t\u0259cav\u00fczkarl\u0131q siyas\u0259ti :\u00a0XIX \u0259srin ax\u0131r\u0131-XX \u0259sr \/\u018f.\u0130. Abdullayev; Elmi red.: M.F. C\u0259lilov; Az\u0259rbaycan D\u00f6vl\u0259t \u0130qtisad \u0130nstitutu.- B.: Elm, 1998<br \/>\n&#8212; \u00a0Erm\u0259nistan\u0131n Az\u0259rbaycana qar\u015f\u0131 t\u0259cav\u00fcz\u00fc tarixind\u0259n b\u0259zi m\u0259qamlar \u00a0monoqrafiya \/\u018f. \u0130. Abdullayev; elmi red. H. C\u0259f\u0259rov.-Bak\u0131: \u0130qtisad Universiteti, 2011<br \/>\n&#8212; M\u00fcst\u0259qil Az\u0259rbaycan v\u0259 Fransa : monoqrafiya \u018f.\u0130.Abdullayev; elmi red. M.F.C\u0259lilov.- Bak\u0131, \u0130qtisad Universiteti, 2007<\/p>\n<p>&nbsp;<\/p>\n<p><a href=\"https:\/\/unec.edu.az\/application\/uploads\/2016\/03\/DSC_0621.jpg\"><img decoding=\"async\" class=\"alignleft wp-image-78964\" title=\"left\" src=\"https:\/\/unec.edu.az\/application\/uploads\/2016\/03\/DSC_0621-286x300.jpg\" alt=\"DSC_0621\" width=\"211\" height=\"221\" srcset=\"http:\/\/unec.edu.az\/application\/uploads\/2016\/03\/DSC_0621-286x300.jpg 286w, http:\/\/unec.edu.az\/application\/uploads\/2016\/03\/DSC_0621.jpg 495w\" sizes=\"(max-width: 211px) 100vw, 211px\" \/><\/a><\/p>\n<p><span style=\"color: #000000;\"><a style=\"color: #000000;\" href=\"https:\/\/unec.edu.az\/ru\/qarabag-faciesi-kitabinin-teqdimati-kecirilib\/\">\u0421\u043e\u0441\u0442\u043e\u044f\u043b\u0430\u0441\u044c \u043f\u0440\u0435\u0437\u0435\u043d\u0442\u0430\u0446\u0438\u044f \u043a\u043d\u0438\u0433\u0438 \u00ab\u041a\u0430\u0440\u0430\u0431\u0430\u0445\u0441\u043a\u0430\u044f \u0442\u0440\u0430\u0433\u0435\u0434\u0438\u044f\u00bb<\/a>\u00a0<em>(22.04.2016)<\/em><\/span><\/p>\n<p><iframe src=\"https:\/\/www.youtube.com\/embed\/N29ncC5nCjM\" width=\"400\" height=\"215\" frameborder=\"0\" allowfullscreen=\"allowfullscreen\"><\/iframe><\/p>\n","protected":false},"excerpt":{"rendered":"<p>\u0434.\u0438.\u043d., \u043f\u0440\u043e\u0444. \u0410\u0431\u0434\u0443\u043b\u043b\u0430\u0435\u0432 \u0410\u0441\u043a\u0435\u0440 \u0418\u0431\u0440\u0430\u0433\u0438\u043c \u043e\u0433\u043b\u044b (\u043a\u043e\u043d\u0441\u0443\u043b\u044c\u0442\u0430\u043d\u0442) *\u041f\u0440\u043e\u0444\u0435\u0441\u0441\u043e\u0440 \u043a\u0430\u0444\u0435\u0434\u0440\u044b \u00ab\u041c\u0435\u0436\u0434\u0443\u043d\u0430\u0440\u043e\u0434\u043d\u044b\u0435 \u043e\u0442\u043d\u043e\u0448\u0435\u043d\u0438\u044f\u00bb \u0410\u0437\u0435\u0440\u0431\u0430\u0439\u0434\u0436\u0430\u043d\u0441\u043a\u043e\u0433\u043e \u0433\u043e\u0441\u0443\u0434\u0430\u0440\u0441\u0442\u0432\u0435\u043d\u043d\u043e\u0433\u043e \u044d\u043a\u043e\u043d\u043e\u043c\u0438\u0447\u0435\u0441\u043a\u043e\u0433\u043e \u0443\u043d\u0438\u0432\u0435\u0440\u0441\u0438\u0442\u0435\u0442\u0430. \u0417\u0430 \u0437\u0430\u0441\u043b\u0443\u0433\u0438 \u0432 \u043f\u043e\u0434\u0433\u043e\u0442\u043e\u0432\u043a\u0435 \u044d\u043a\u043e\u043d\u043e\u043c\u0438\u0447\u0435\u0441\u043a\u0438\u0445 \u043a\u0430\u0434\u0440\u043e\u0432 \u0432 \u0410\u0437\u0435\u0440\u0431\u0430\u0439\u0434\u0436\u0430\u043d\u0441\u043a\u043e\u043c \u0433\u043e\u0441\u0443\u0434\u0430\u0440\u0441\u0442\u0432\u0435\u043d\u043d\u043e\u043c \u044d\u043a\u043e\u043d\u043e\u043c\u0438\u0447\u0435\u0441\u043a\u043e\u043c \u0443\u043d\u0438\u0432\u0435\u0440\u0441\u0438\u0442\u0435\u0442\u0435, \u0432\u043a\u043b\u0430\u0434, \u0432\u043d\u0435\u0441\u0435\u043d\u043d\u044b\u0439 \u0432 \u0440\u0430\u0437\u0432\u0438\u0442\u0438\u0435 \u043d\u0430\u0443\u043a\u0438 \u0438 \u043e\u0431\u0440\u0430\u0437\u043e\u0432\u0430\u043d\u0438\u044f \u043d\u0430\u0433\u0440\u0430\u0436\u0434\u0435\u043d \u041f\u043e\u0447\u0435\u0442\u043d\u043e\u0439 \u0433\u0440\u0430\u043c\u043e\u0442\u043e\u0439. &nbsp; * \u041d\u0430\u0443\u0447\u043d\u044b\u0435 \u0440\u0430\u0431\u043e\u0442\u044b: &#8212; \u00a0Az\u0259rbaycana qar\u015f\u0131 erm\u0259ni t\u0259cav\u00fcz\u00fc v\u0259 xarici havadarl\u0131q: Monoqrafiya\u00a0\/\u018fsg\u0259r, Abdullayev; Elmi red.: M.F.C\u0259lilov.- B.: \u0130qtisad [&hellip;]<\/p>\n","protected":false},"author":6,"featured_media":0,"parent":0,"menu_order":0,"comment_status":"open","ping_status":"open","template":"","meta":{"footnotes":""},"class_list":["post-99632","page","type-page","status-publish","hentry"],"_links":{"self":[{"href":"http:\/\/unec.edu.az\/ru\/wp-json\/wp\/v2\/pages\/99632","targetHints":{"allow":["GET"]}}],"collection":[{"href":"http:\/\/unec.edu.az\/ru\/wp-json\/wp\/v2\/pages"}],"about":[{"href":"http:\/\/unec.edu.az\/ru\/wp-json\/wp\/v2\/types\/page"}],"author":[{"embeddable":true,"href":"http:\/\/unec.edu.az\/ru\/wp-json\/wp\/v2\/users\/6"}],"replies":[{"embeddable":true,"href":"http:\/\/unec.edu.az\/ru\/wp-json\/wp\/v2\/comments?post=99632"}],"version-history":[{"count":2,"href":"http:\/\/unec.edu.az\/ru\/wp-json\/wp\/v2\/pages\/99632\/revisions"}],"predecessor-version":[{"id":99634,"href":"http:\/\/unec.edu.az\/ru\/wp-json\/wp\/v2\/pages\/99632\/revisions\/99634"}],"wp:attachment":[{"href":"http:\/\/unec.edu.az\/ru\/wp-json\/wp\/v2\/media?parent=99632"}],"curies":[{"name":"wp","href":"https:\/\/api.w.org\/{rel}","templated":true}]}}