{"id":10060,"date":"2015-05-18T20:57:31","date_gmt":"2015-05-18T16:57:31","guid":{"rendered":"http:\/\/asue.edu.az\/prof-manafov-qabil-nadir-oglu-2\/"},"modified":"2022-09-07T10:31:00","modified_gmt":"2022-09-07T06:31:00","slug":"manafov-gabil-nadir","status":"publish","type":"page","link":"http:\/\/unec.edu.az\/en\/manafov-gabil-nadir\/","title":{"rendered":"Manafov Gabil Nadir"},"content":{"rendered":"<h4><a href=\"https:\/\/unec.edu.az\/application\/uploads\/2015\/05\/Qabil-Manafov-1.jpg\"><img fetchpriority=\"high\" decoding=\"async\" class=\"alignleft wp-image-154076\" title=\"left\" src=\"https:\/\/unec.edu.az\/application\/uploads\/2015\/05\/Qabil-Manafov-1-300x200.jpg\" alt=\"Qabil Manafov (1)\" width=\"281\" height=\"187\" srcset=\"http:\/\/unec.edu.az\/application\/uploads\/2015\/05\/Qabil-Manafov-1-300x200.jpg 300w, http:\/\/unec.edu.az\/application\/uploads\/2015\/05\/Qabil-Manafov-1-1024x684.jpg 1024w, http:\/\/unec.edu.az\/application\/uploads\/2015\/05\/Qabil-Manafov-1.jpg 1200w\" sizes=\"(max-width: 281px) 100vw, 281px\" \/><\/a><\/h4>\n<h4><span style=\"color: #800000;\">Professor Dr Manafov Gabil Nadir<\/span><\/h4>\n<p><em><span style=\"color: #000000;\">e-mail: g.manafov@unec.edu.az<\/span><\/em><\/p>\n<p style=\"text-align: justify;\">Born in 1952 in Baku.<\/p>\n<p style=\"text-align: justify;\">In 1974 graduated from the<em><strong>\u00a0<\/strong><\/em>Azerbaijan Institute of National Economy named after D.Bunyadzadeh, specialty \u201cPolitical economy\u201d<strong>. <\/strong>After the graduation he worked as an economist at the Scientific-Research Institute under the State Planning Committee.<\/p>\n<p style=\"text-align: justify;\">In 1975 he served in the army.<\/p>\n<p style=\"text-align: justify;\">In 1976 he became a full-time post graduate student of the Economic Institute of the Academy of Sciences on \u201cPolitical Economy\u201d. In 1980-1982, after the post-graduation, he worked as a laboratory assistant at the Department of \u201cPolitical Economy\u201d of the Azerbaijan State Pedagogical Institute. .<\/p>\n<p style=\"text-align: justify;\">Since 1982 he has been working at the Department of \u201cEconomic Theory\u201d of the Azerbaijan Institute of the National Economy (current Azerbaijan State University of Economics) as a senior laboratory assistant, lecturer, senior lecturer, Assistant Professor; currently he is a Professor of the department.<\/p>\n<p style=\"text-align: justify;\">In 1982 he defended his Candidate\u2019s paper on \u201cPolitical Economy\u201d (present \u201cEconomic theory\u201d), in 2003 his Doctor\u2019s dissertation. He is the author of more than 90 scientific articles. In 2004-2007 \u00a0 he became a member of the Expert Council on \u201cEconomy and Law\u201d of Higher Attestation Commission under the President of the AzerbaijanRepublic.<\/p>\n<p style=\"text-align: justify;\">In 2009-2014 he worked as a Dean of the Faculty \u201cCommerce\u201d.<br \/>\nBeginning from April, 2014 he is a Director of the Master Center of\u00a0University of Economics.<\/p>\n<p id=\"tw-target-text\" class=\"tw-data-text tw-text-large tw-ta\" dir=\"ltr\" data-placeholder=\"\u041f\u0435\u0440\u0435\u0432\u043e\u0434\"><span class=\"Y2IQFc\" lang=\"en\">From April 2014 to September 2022, he worked as the director of the Master&#8217;s Center of UNEC.<\/span><\/p>\n<p style=\"text-align: justify;\">Currently he is a Chairman of the Permanent Scientific Workshop under the Dissertation Council of\u00a0University of Economics, member of the Dissertation Council.<\/p>\n<p style=\"text-align: justify;\">According to the Presidential Decree of the Republic of Azerbaijan signed on September 26 2011, he was awarded the title of &#8220;Honored Teacher&#8221; for his contributions made in the development of Azerbaijan education.<\/p>\n<p style=\"text-align: justify;\">By the Order of the President of the Republic of Azerbaijan dated September 24, 2020, he was awarded &#8220;Tataggi&#8221; medal on the occasion of the 90th anniversary of\u00a0 Azerbaijan State University of Economics and for his services to the development of education in Azerbaijan.<\/p>\n<p style=\"text-align: justify;\">He is married, has got two children.<\/p>\n<h4 style=\"text-align: left;\"><em><a style=\"color: #000080;\" href=\"https:\/\/unec.edu.az\/application\/uploads\/2015\/05\/Qabil-m.-Elmi-s-rl-r.pdf\">LIST OF SCIENTIFIC WORKS<\/a><\/em><\/h4>\n<p style=\"text-align: justify;\"><a class=\"fancybox-thumb\" href=\"https:\/\/unec.edu.az\/application\/uploads\/2016\/02\/DSC_4825.jpg\" rel=\"fancybox-thumb\"><img decoding=\"async\" class=\"fancybox-margin alignnone wp-image-40935 size-thumbnail\" src=\"https:\/\/unec.edu.az\/application\/uploads\/2016\/02\/DSC_4825-150x150.jpg\" alt=\"DSC_4825\" width=\"150\" height=\"150\" \/><\/a><a class=\"fancybox-thumb\" href=\"https:\/\/unec.edu.az\/application\/uploads\/2015\/05\/DSC_00285.jpg\" rel=\"fancybox-thumb\"><img decoding=\"async\" class=\"fancybox-margin alignnone wp-image-41399 size-thumbnail\" src=\"https:\/\/unec.edu.az\/application\/uploads\/2015\/05\/DSC_00285-150x150.jpg\" alt=\"DSC_00285\" width=\"150\" height=\"150\" \/><\/a><a class=\"fancybox-thumb\" href=\"https:\/\/unec.edu.az\/application\/uploads\/2015\/07\/DSC_2235.jpg\" rel=\"fancybox-thumb\"><img loading=\"lazy\" decoding=\"async\" class=\"fancybox-margin alignnone wp-image-18216 size-thumbnail\" src=\"https:\/\/unec.edu.az\/application\/uploads\/2015\/07\/DSC_2235-150x150.jpg\" alt=\"DSC_2235\" width=\"150\" height=\"150\" \/><\/a><a class=\"fancybox-thumb\" href=\"https:\/\/unec.edu.az\/application\/uploads\/2015\/05\/DSC_00014.jpg\" rel=\"fancybox-thumb\"><img loading=\"lazy\" decoding=\"async\" class=\"fancybox-margin alignnone wp-image-41400 size-thumbnail\" src=\"https:\/\/unec.edu.az\/application\/uploads\/2015\/05\/DSC_00014-150x150.jpg\" alt=\"DSC_0001\" width=\"150\" height=\"150\" \/><\/a><a class=\"fancybox-thumb\" href=\"https:\/\/unec.edu.az\/application\/uploads\/2016\/02\/DSC_4939.jpg\" rel=\"fancybox-thumb\"><img loading=\"lazy\" decoding=\"async\" class=\"fancybox-margin alignnone wp-image-41480 size-thumbnail\" src=\"https:\/\/unec.edu.az\/application\/uploads\/2016\/02\/DSC_4939-150x150.jpg\" alt=\"DSC_4939\" width=\"150\" height=\"150\" \/><\/a><a class=\"fancybox-thumb\" href=\"https:\/\/unec.edu.az\/application\/uploads\/2015\/05\/qabill24aafce54eb344f.jpg\" rel=\"fancybox-thumb\"><img loading=\"lazy\" decoding=\"async\" class=\"fancybox-margin alignnone wp-image-131488 size-thumbnail\" title=\"UNEC-d\u0259 \u201cAz\u0259rbaycan\u0131n iqtisadi inki\u015faf strategiyas\u0131&quot; m\u00f6vzusunda Respublika elmi konfrans\u0131 (14.11.2018)\" src=\"https:\/\/unec.edu.az\/application\/uploads\/2015\/05\/qabill24aafce54eb344f-150x150.jpg\" alt=\"???????????????????????????????\" width=\"150\" height=\"150\" \/><\/a><\/p>\n<p>\u00a0<em><span style=\"font-size: 12pt;\"><a style=\"color: #000000;\" href=\"https:\/\/unec.edu.az\/en\/unec-de-elmi-tedqiqat-islerinin-perspektivleri-muzakire-edilib\/\">Prospects of Scientific Research Works discussed at UNEC<\/a>\u00a0(10.03.2017)<\/span><\/em><\/p>\n<p><span style=\"color: #000000;\"><em><span style=\"font-size: 12pt;\"><a style=\"color: #000000;\" href=\"https:\/\/unec.edu.az\/en\/unec-in-yeni-layiheleri-itv-nin-canli-efirinde-muzakire-edilib\/\"><br \/>\nUNEC\u2019s New Projects were discussed lively on \u0130TV<\/a>\u00a0&#8211; V\u0130DEO (27.10.2016)<\/span><\/em><\/span><\/p>\n<p><iframe src=\"https:\/\/www.youtube.com\/embed\/pu1_1x0ohQM\" width=\"425\" height=\"239\" frameborder=\"0\" allowfullscreen=\"allowfullscreen\"><\/iframe><\/p>\n","protected":false},"excerpt":{"rendered":"<p>Professor Dr Manafov Gabil Nadir e-mail: g.manafov@unec.edu.az Born in 1952 in Baku. In 1974 graduated from the\u00a0Azerbaijan Institute of National Economy named after D.Bunyadzadeh, specialty \u201cPolitical economy\u201d. After the graduation he worked as an economist at the Scientific-Research Institute under the State Planning Committee. In 1975 he served in the army. In 1976 he became [&hellip;]<\/p>\n","protected":false},"author":10,"featured_media":0,"parent":0,"menu_order":0,"comment_status":"open","ping_status":"open","template":"","meta":{"footnotes":""},"class_list":["post-10060","page","type-page","status-publish","hentry"],"_links":{"self":[{"href":"http:\/\/unec.edu.az\/en\/wp-json\/wp\/v2\/pages\/10060","targetHints":{"allow":["GET"]}}],"collection":[{"href":"http:\/\/unec.edu.az\/en\/wp-json\/wp\/v2\/pages"}],"about":[{"href":"http:\/\/unec.edu.az\/en\/wp-json\/wp\/v2\/types\/page"}],"author":[{"embeddable":true,"href":"http:\/\/unec.edu.az\/en\/wp-json\/wp\/v2\/users\/10"}],"replies":[{"embeddable":true,"href":"http:\/\/unec.edu.az\/en\/wp-json\/wp\/v2\/comments?post=10060"}],"version-history":[{"count":16,"href":"http:\/\/unec.edu.az\/en\/wp-json\/wp\/v2\/pages\/10060\/revisions"}],"predecessor-version":[{"id":179652,"href":"http:\/\/unec.edu.az\/en\/wp-json\/wp\/v2\/pages\/10060\/revisions\/179652"}],"wp:attachment":[{"href":"http:\/\/unec.edu.az\/en\/wp-json\/wp\/v2\/media?parent=10060"}],"curies":[{"name":"wp","href":"https:\/\/api.w.org\/{rel}","templated":true}]}}