{"id":10075,"date":"2015-05-18T21:02:38","date_gmt":"2015-05-18T17:02:38","guid":{"rendered":"http:\/\/asue.edu.az\/dos-musayev-geray-cumsud-oglu-2\/"},"modified":"2022-11-21T17:09:07","modified_gmt":"2022-11-21T13:09:07","slug":"assist-prof-musayev-garay-jumshud","status":"publish","type":"page","link":"http:\/\/unec.edu.az\/en\/assist-prof-musayev-garay-jumshud\/","title":{"rendered":"Assist.Prof. Musayev Garay Jumshud"},"content":{"rendered":"<h4><span style=\"color: #800000;\"><a href=\"https:\/\/unec.edu.az\/application\/uploads\/2015\/05\/geray_8441.jpg\"><img fetchpriority=\"high\" decoding=\"async\" class=\"alignleft wp-image-166406 size-medium\" title=\"left\" src=\"https:\/\/unec.edu.az\/application\/uploads\/2015\/05\/geray_8441-300x200.jpg\" alt=\"geray_8441\" width=\"300\" height=\"200\" srcset=\"http:\/\/unec.edu.az\/application\/uploads\/2015\/05\/geray_8441-300x200.jpg 300w, http:\/\/unec.edu.az\/application\/uploads\/2015\/05\/geray_8441.jpg 1024w\" sizes=\"(max-width: 300px) 100vw, 300px\" \/><\/a><\/span><\/h4>\n<h4 id=\"tw-target-text\" class=\"tw-data-text tw-text-large tw-ta\" dir=\"ltr\" data-placeholder=\"\u041f\u0435\u0440\u0435\u0432\u043e\u0434\"><span class=\"Y2IQFc\" lang=\"en\" style=\"color: #800000;\">Vice-Rector for\u00a0Educational\u00a0\u00a0Affairs of UNEC Doctor of Philosophy, Assoc. Musaev Garay Jumshud<\/span><\/h4>\n<h4><span style=\"color: #000080;\"><em>geray.musayev@unec.edu.az<\/em><\/span><\/h4>\n<p><strong>Work experience:<\/strong><\/p>\n<p style=\"text-align: justify;\">&#8211; Azerbaijan State University of Economics, Distant and Supplementary Education Center, Director (2014)<br \/>\n\u2013 Azerbaijan State University of Economics, Faculty of Turkic World of Administration, Department of Economy and Administration\u201d,\u00a0 teacher\u00a0 (0,5 staff) (2014)<br \/>\n\u2013 Azerbaijan State University of Economics, Faculty of Turkic World of Administration, Department of \u201cEconomy and Administration\u201d, Director (2013-2014)<br \/>\n\u2013 Azerbaijan State University of Economics, Faculty of Turkic World of Administration, teacher\u00a0 (2000-2013)<br \/>\n&#8211; Director of the Center for Distance, Part- time and Supplementary Education (2014-2016)<br \/>\n&#8211; Dean of the Faculty of Finance and Accounting (April, 2016)<br \/>\n&#8211; Dean of the Faculty of Finance and Accounting (April 2016 &#8211; August 2021)<br \/>\n&#8211; Vice-Rector for Teaching and Learning Technologies (August 2021 -)<\/p>\n<p style=\"text-align: justify;\"><strong>Education:<\/strong><\/p>\n<p style=\"text-align: justify;\">&#8211; Republic of Turkey, Dokuz Eylul University, Institute of Social Sciences, Faculty of Finance, Doctor, PhD (2001- 2007)<br \/>\n\u2013 Republic of Turkey, Dokuz Eylul University, Institute of Social Sciences, Faculty of Finance, Master, (1998- 2001)<br \/>\n\u2013 Republic of Turkey, Dokuz Eylul University, Faculty of Economic and Administrative Sciences, Faculty of Finance, Bachelor (1993-1997)<\/p>\n<p style=\"text-align: justify;\"><strong>Dissertation<\/strong><\/p>\n<p style=\"text-align: justify;\">&#8211; The Role of the International Monetary Fund and the World Bank in Exercising Financial Discipline in Transition Economies: Azerbaijan Example (doctoral thesis- 2007)<br \/>\n&#8211; Investigation of Azerbaijani Tax System in terms of the Administrative Structure and Legislation (Master\u2019s thesis- 2001)<\/p>\n<p style=\"text-align: justify;\"><strong>Disciplines:\u00a0<\/strong>Micro-economy, Macro-economy, Finance, International Economic and Financial Organizations, Tax System, Fiscal Policy.<\/p>\n<p style=\"text-align: justify;\">He has been awarded with the Honorary Award of Azerbaijan Republic Ministry of Education for the achievements gained in the field of training and educating of the young generation in October of 2015.<\/p>\n<p style=\"text-align: justify;\"><strong>Languages:<\/strong>\u00a0 Turkish (fluent), English (intermediate), Russian language (intermediate)<br \/>\n<strong>Date and place of birth:<\/strong>\u00a010.09.1975\/ Tovuz region<br \/>\n<strong>Marital status:<\/strong>\u00a0married<\/p>\n<p style=\"text-align: justify;\"><a class=\"fancybox-thumb\" href=\"https:\/\/unec.edu.az\/application\/uploads\/2015\/11\/DSC_0336.jpg\"><img decoding=\"async\" class=\"fancybox-margin  alignnone wp-image-29234 size-thumbnail\" src=\"https:\/\/unec.edu.az\/application\/uploads\/2015\/11\/DSC_0336-150x150.jpg\" alt=\"DSC_0336\" width=\"150\" height=\"150\" \/><\/a><a class=\"fancybox-thumb\" href=\"https:\/\/unec.edu.az\/application\/uploads\/2015\/05\/geray_1194-1024x683.jpg\"><img decoding=\"async\" class=\"fancybox-margin alignnone wp-image-89271 size-thumbnail\" title=\"UNEC-d\u0259 YAP \u00fczvl\u0259rinin s\u0131ralar\u0131 geni\u015fl\u0259nir (27.03.2017)\" src=\"https:\/\/unec.edu.az\/application\/uploads\/2015\/05\/geray_1194-1024x683-150x150.jpg\" alt=\"geray_1194-1024x683\" width=\"150\" height=\"150\" \/><\/a><a class=\"fancybox-thumb\" href=\"https:\/\/unec.edu.az\/application\/uploads\/2022\/05\/DSC_6038.jpg\"><img loading=\"lazy\" decoding=\"async\" class=\"fancybox-margin alignnone wp-image-176594 size-thumbnail\" title=\"D\u00fcnya \u015f\u00f6hr\u0259tli aliml\u0259r UNEC-in m\u00fc\u0259llim v\u0259 t\u0259l\u0259b\u0259l\u0259ri il\u0259 g\u00f6r\u00fc\u015f\u00fcbl\u0259r (06.05.2022)\" src=\"https:\/\/unec.edu.az\/application\/uploads\/2022\/05\/DSC_6038-150x150.jpg\" alt=\"DSC_6038\" width=\"150\" height=\"150\" \/><\/a><a class=\"fancybox-thumb\" href=\"https:\/\/unec.edu.az\/application\/uploads\/2022\/05\/DSC_5994.jpg\"><img loading=\"lazy\" decoding=\"async\" class=\"fancybox-margin alignnone wp-image-176588 size-thumbnail\" title=\"D\u00fcnya \u015f\u00f6hr\u0259tli aliml\u0259r UNEC-in m\u00fc\u0259llim v\u0259 t\u0259l\u0259b\u0259l\u0259ri il\u0259 g\u00f6r\u00fc\u015f\u00fcbl\u0259r (06.05.2022)\" src=\"https:\/\/unec.edu.az\/application\/uploads\/2022\/05\/DSC_5994-150x150.jpg\" alt=\"DSC_5994\" width=\"150\" height=\"150\" \/><\/a><a class=\"fancybox-thumb\" href=\"https:\/\/unec.edu.az\/application\/uploads\/2015\/05\/tv883fc4b078053b1.jpg\"><img loading=\"lazy\" decoding=\"async\" class=\"fancybox-margin alignnone wp-image-131562 size-thumbnail\" title=\"UNEC T\u00fcrkiy\u0259nin TV8 kanal\u0131nda (19.11.2018)\" src=\"https:\/\/unec.edu.az\/application\/uploads\/2015\/05\/tv883fc4b078053b1-150x150.jpg\" alt=\"tv883fc4b078053b1\" width=\"150\" height=\"150\" \/><\/a><a class=\"fancybox-thumb\" href=\"https:\/\/unec.edu.az\/application\/uploads\/2015\/05\/IMG_3012.jpg\"><img loading=\"lazy\" decoding=\"async\" class=\"fancybox-margin alignnone wp-image-155686 size-thumbnail\" title=\"UNEC professorlar\u0131 beyn\u0259lxalq konfransda stradibl\u0259r (07.11.2017)\" src=\"https:\/\/unec.edu.az\/application\/uploads\/2015\/05\/IMG_3012-150x150.jpg\" alt=\"IMG_3012\" width=\"150\" height=\"150\" \/><\/a><\/p>\n<p><span style=\"color: #000000;\"><em><a style=\"color: #000000;\" href=\"https:\/\/unec.edu.az\/en\/unec-de-vergilere-aid-ders-vesaitinin-hazirligi-uzre-meslehetlesmelere-baslanilib\/\">The consulatations on the preparation of tax-related training materials have started at UNEC<\/a>\u00a0(13.11.2017)<br \/>\n<\/em><em><a style=\"color: #000000;\" href=\"https:\/\/unec.edu.az\/en\/unec-in-numayende-heyeti-turkiyenin-uludag-universitetinde\/\">UNEC Delegation at the Uludagh University of Turkey<\/a>\u00a0(11.07.2017)<br \/>\n<\/em><em><a style=\"color: #000000;\" href=\"https:\/\/unec.edu.az\/en\/unec-ii-beynelxalq-mersin-elm-festivalinda-temsil-edilib\/\">UNEC was represented in the \u201cII International Mersin Science Festival\u201d<\/a>\u00a0(13.06.2017)<br \/>\n<\/em><em><a style=\"color: #000000;\" href=\"https:\/\/unec.edu.az\/en\/unec-kollektivi-leletepede\/\">UNEC Staff in Lalatepe<\/a>\u00a0(07.04.2017)<br \/>\n<\/em><em><a style=\"color: #000000;\" href=\"https:\/\/unec.edu.az\/en\/unec-de-seminar-maliyye-xidmetlerinin-inkisafi-real-sektorun-dayaniqliligini-temin-edecek\/\">A Seminar held at UNEC: Development of Financial Services will provide the Sustainability of the Real Sector<\/a>\u00a0(18.01.2017)<br \/>\n<\/em><em><em><a style=\"color: #000000;\" href=\"https:\/\/unec.edu.az\/en\/rektor-yeni-dekani-teqdim-edib\/\">Rector introduces the new Dean<\/a>\u00a0<\/em><em><span style=\"font-size: 12pt;\">(21.04.2016)<\/span><\/em><\/em><\/span><\/p>\n<p><a class=\"fancybox-thumb\" href=\"https:\/\/unec.edu.az\/application\/uploads\/2015\/05\/dekan3a465c63da.jpg\"><img loading=\"lazy\" decoding=\"async\" class=\"fancybox-margin alignnone wp-image-167690 size-thumbnail\" title=\"\u201cAz\u0259rbaycan Respublikas\u0131n\u0131n qabaqc\u0131l t\u0259hsil i\u015f\u00e7isi\u201d d\u00f6\u015f ni\u015fan\u0131 il\u0259 t\u0259ltif  olunma\" src=\"https:\/\/unec.edu.az\/application\/uploads\/2015\/05\/dekan3a465c63da-150x150.jpg\" alt=\"dekan3a465c63da\" width=\"150\" height=\"150\" \/><\/a><a class=\"fancybox-thumb\" href=\"https:\/\/unec.edu.az\/application\/uploads\/2015\/05\/accessf3885bb3d7f486041aa9e25b.jpg\"><img loading=\"lazy\" decoding=\"async\" class=\"fancybox-margin alignnone wp-image-129478 size-thumbnail\" title=\"&quot;AccessBank&quot;\u0131n d\u0259st\u0259yi il\u0259 Maliyy\u0259 v\u0259 M\u00fchasibat fak\u00fclt\u0259sind\u0259 &quot;UNEC Business Conversation Club&quot; (19.10.2018)\" src=\"https:\/\/unec.edu.az\/application\/uploads\/2015\/05\/accessf3885bb3d7f486041aa9e25b-150x150.jpg\" alt=\"accessf3885bb3d7f486041aa9e25b\" width=\"150\" height=\"150\" \/><\/a><a class=\"fancybox-thumb\" href=\"https:\/\/unec.edu.az\/application\/uploads\/2017\/07\/ulu07-3.jpg\"><img loading=\"lazy\" decoding=\"async\" class=\"fancybox-margin alignnone wp-image-101851 size-thumbnail\" title=\"UNEC-in n\u00fcmay\u0259nd\u0259 hey\u0259ti T\u00fcrkiy\u0259nin Uluda\u011f Universitetind\u0259 (11.07.2017)\" src=\"https:\/\/unec.edu.az\/application\/uploads\/2017\/07\/ulu07-3-150x150.jpg\" alt=\"ulu07-3\" width=\"150\" height=\"150\" \/><\/a><a class=\"fancybox-thumb\" href=\"https:\/\/unec.edu.az\/application\/uploads\/2015\/05\/Garay_3110.jpg\"><img loading=\"lazy\" decoding=\"async\" class=\"fancybox-margin alignnone wp-image-155685 size-thumbnail\" title=\"UNEC professorlar\u0131 beyn\u0259lxalq konfransda stradibl\u0259r (07.11.2017)\" src=\"https:\/\/unec.edu.az\/application\/uploads\/2015\/05\/Garay_3110-150x150.jpg\" alt=\"Garay_3110\" width=\"150\" height=\"150\" \/><\/a><a class=\"fancybox-thumb\" href=\"https:\/\/unec.edu.az\/application\/uploads\/2017\/06\/IMG_0494.jpg\"><img loading=\"lazy\" decoding=\"async\" class=\"fancybox-margin alignnone wp-image-98598 size-thumbnail\" title=\"UNEC \u201cII Beyn\u0259lxalq Mersin Elm Festival\u0131nda\u201d t\u0259msil edilib (13.06.2017)\" src=\"https:\/\/unec.edu.az\/application\/uploads\/2017\/06\/IMG_0494-150x150.jpg\" alt=\"IMG_0494\" width=\"150\" height=\"150\" \/><\/a><a class=\"fancybox-thumb\" href=\"https:\/\/unec.edu.az\/application\/uploads\/2017\/06\/Mersin2.jpg\"><img loading=\"lazy\" decoding=\"async\" class=\"fancybox-margin alignnone wp-image-98601 size-thumbnail\" title=\"UNEC \u201cII Beyn\u0259lxalq Mersin Elm Festival\u0131nda\u201d t\u0259msil edilib (13.06.2017)\" src=\"https:\/\/unec.edu.az\/application\/uploads\/2017\/06\/Mersin2-150x150.jpg\" alt=\"Mersin2\" width=\"150\" height=\"150\" \/><\/a><\/p>\n<p><span style=\"color: #333333;\"><em><a style=\"color: #333333;\" href=\"https:\/\/unec.edu.az\/en\/leletepe-fatehleri-ile-gorus-video\/\">Meeting with Conquerors of Lalatepe &#8211; VIDEO<\/a>\u00a0<\/em><\/span><em><span style=\"font-size: 12pt;\">(06.04.2017)<\/span><\/em><\/p>\n<p><iframe src=\"https:\/\/www.youtube.com\/embed\/OGPuTkSUWDk\" width=\"476\" height=\"268\" frameborder=\"0\" allowfullscreen=\"allowfullscreen\"><\/iframe><\/p>\n","protected":false},"excerpt":{"rendered":"<p>Vice-Rector for\u00a0Educational\u00a0\u00a0Affairs of UNEC Doctor of Philosophy, Assoc. Musaev Garay Jumshud geray.musayev@unec.edu.az Work experience: &#8211; Azerbaijan State University of Economics, Distant and Supplementary Education Center, Director (2014) \u2013 Azerbaijan State University of Economics, Faculty of Turkic World of Administration, Department of Economy and Administration\u201d,\u00a0 teacher\u00a0 (0,5 staff) (2014) \u2013 Azerbaijan State University of Economics, Faculty [&hellip;]<\/p>\n","protected":false},"author":10,"featured_media":0,"parent":0,"menu_order":0,"comment_status":"open","ping_status":"open","template":"","meta":{"footnotes":""},"class_list":["post-10075","page","type-page","status-publish","hentry"],"_links":{"self":[{"href":"http:\/\/unec.edu.az\/en\/wp-json\/wp\/v2\/pages\/10075","targetHints":{"allow":["GET"]}}],"collection":[{"href":"http:\/\/unec.edu.az\/en\/wp-json\/wp\/v2\/pages"}],"about":[{"href":"http:\/\/unec.edu.az\/en\/wp-json\/wp\/v2\/types\/page"}],"author":[{"embeddable":true,"href":"http:\/\/unec.edu.az\/en\/wp-json\/wp\/v2\/users\/10"}],"replies":[{"embeddable":true,"href":"http:\/\/unec.edu.az\/en\/wp-json\/wp\/v2\/comments?post=10075"}],"version-history":[{"count":42,"href":"http:\/\/unec.edu.az\/en\/wp-json\/wp\/v2\/pages\/10075\/revisions"}],"predecessor-version":[{"id":182292,"href":"http:\/\/unec.edu.az\/en\/wp-json\/wp\/v2\/pages\/10075\/revisions\/182292"}],"wp:attachment":[{"href":"http:\/\/unec.edu.az\/en\/wp-json\/wp\/v2\/media?parent=10075"}],"curies":[{"name":"wp","href":"https:\/\/api.w.org\/{rel}","templated":true}]}}