{"id":10080,"date":"2015-05-18T21:04:17","date_gmt":"2015-05-18T17:04:17","guid":{"rendered":"http:\/\/asue.edu.az\/i-f-d-qasimov-raqif-xanbala-oglu-2\/"},"modified":"2025-04-02T09:06:22","modified_gmt":"2025-04-02T05:06:22","slug":"gasimov-ragif-khanbala","status":"publish","type":"page","link":"http:\/\/unec.edu.az\/en\/gasimov-ragif-khanbala\/","title":{"rendered":"Assoc.Professor. Gasimov Ragif  Khanbala"},"content":{"rendered":"<p style=\"text-align: justify;\"><a href=\"https:\/\/unec.edu.az\/application\/uploads\/2015\/05\/raqif_foto29.jpg\"><img fetchpriority=\"high\" decoding=\"async\" class=\"alignleft wp-image-21554\" title=\"left\" src=\"https:\/\/unec.edu.az\/application\/uploads\/2015\/05\/raqif_foto29.jpg\" alt=\"raqif_foto29\" width=\"331\" height=\"221\" srcset=\"http:\/\/unec.edu.az\/application\/uploads\/2015\/05\/raqif_foto29.jpg 800w, http:\/\/unec.edu.az\/application\/uploads\/2015\/05\/raqif_foto29-300x200.jpg 300w\" sizes=\"(max-width: 331px) 100vw, 331px\" \/><\/a><\/p>\n<h4 id=\"tw-target-text\" class=\"tw-data-text tw-text-large tw-ta\" dir=\"ltr\" data-placeholder=\"\u041f\u0435\u0440\u0435\u0432\u043e\u0434\" data-ved=\"2ahUKEwiZ1cLSjtOEAxX8AxAIHdEKBzcQ3ewLegQIBRAU\"><span style=\"color: #800000;\"><span class=\"Y2IQFc\" lang=\"en\">Director of Zagatala branch of UNEC,\u00a0<\/span>UNEC Vice-Rector for Digitalization Assoc.Professor,\u00a0 Gasimov Ragif Khanbala\u00a0<\/span><\/h4>\n<h4 style=\"text-align: left;\"><span style=\"color: #000000;\"><em><a style=\"color: #000000;\" href=\"mailto:raqif.qasimov@unec.edu.az\">raqif.qasimov@unec.edu.az<\/a><\/em><\/span><\/h4>\n<p style=\"text-align: justify;\">Ragif Gasimov was born on August 11, 1983 in Baku. He graduated from the School-lyceum #246 in Binagadi district in 2000 and entered the Institute of Administration of People\u2019s Economy under the auspice of the Cabinet of Ministers the same year. As the mentioned Institute was merged with the Azerbaijan State Economic University in 2002, he graduated from the Faculty of Turkish World OF Business Administration of Azerbaijan State University Economics in 2004.<\/p>\n<p style=\"text-align: justify;\">Later, he continued his education. In 2004, he got graduate education in \u201cManagement and Organizing\u201d at the Nigde University of the Republic of Turkey. After receiving Master\u2019s degree in 2006, he got an opportunity to get Doctorate study in \u201cManagement and Organizing\u201d at the Sakarya University of the Republic of Turkey. In 2011, he defended the doctorate thesis on \u201cHuman resources management at enterprises in Azerbaijan\u201d and received a PhD in Economic Sciences.<\/p>\n<p style=\"text-align: justify;\">Since 2008, he worked as a specialist at the Department of Student Affairs in UNEC Faculty of Turkish World of Business Administration and was a member of the Executive Board. Moreover, he conducted classes in \u201cHuman resources management\u201d, \u201cStrategic management\u201c, \u201cQuality management\u201d , \u201cBusiness Administration\u201d and \u201cModern management theory\u201d. He delivered speeches at a number of local and foreign conferences and published more than 15 articles. He was appointed the Director of the Student Affairs Department of the Faculty Turkish World of Business Administrationin 2010. He worked as the coordinator of the \u201cMevlana Program\u201d at\u00a0University of Economics\u00a0from 2012 and occupied the position of the Deputy Director of the Master Degree Center from April 2014 to October 1.<\/p>\n<p>From October 1, 2014, to August 2021, he served as Director of the Center for Educational Quality Assessment and Management.<\/p>\n<p>In August 2021, he was appointed \u00a0UNEC\u00a0Vice-Rector for Digitalization.<\/p>\n<p id=\"tw-target-text\" class=\"tw-data-text tw-text-large tw-ta\" dir=\"ltr\" data-placeholder=\"\u041f\u0435\u0440\u0435\u0432\u043e\u0434\" data-ved=\"2ahUKEwigh-LVyLiMAxXTBNsEHQb7HUsQ3ewLegQICBAV\" aria-label=\"\u041f\u0435\u0440\u0435\u0432\u0435\u0434\u0435\u043d\u043d\u044b\u0439 \u0442\u0435\u043a\u0441\u0442: From August 2021 to March 2025, he served as UNEC's Vice-Rector for Digitalization.\"><span class=\"Y2IQFc\" lang=\"en\">From August 2021 to March 2025, he served as UNEC&#8217;s Vice-Rector for Digitalization.<\/span><\/p>\n<p>Since 2023, he has been the director of the Zagatala branch of UNEC.<\/p>\n<p style=\"text-align: justify;\"><span style=\"font-size: 8pt; color: #ffffff;\">*<\/span><\/p>\n<p><span style=\"color: #333333;\"><em><span style=\"color: #333333;\"><a style=\"color: #333333;\" href=\"https:\/\/unec.edu.az\/en\/unec-imtahan-verilisinde-muzakire-qis-imtahan-sesssiyasi-yenilikler-deyisiklikler\/\">The discussion in the \u201cUNEC exam\u201d broadcasting: the \u201cWinter examination semester \u2013 novelties, changes\u201d<\/a>\u00a0(27.12.2017)<\/span><a style=\"color: #333333;\" href=\"https:\/\/unec.edu.az\/en\/imtahanlarla-bagli-butun-suallar-radiounec-de-cavablandirilacaq\/\"><br \/>\nAll the questions addressed by the students will be answered on Radio UNEC<\/a>\u00a0(26.05.2017)<a style=\"color: #333333;\" href=\"https:\/\/unec.edu.az\/en\/unec-imtahan-verilisinde-telebelerin-suallari-cavablandirilib\/\"><br \/>\nStudents\u2019 Questions were answered in the Program \u201cUNEC Exam\u201d<\/a>\u00a0(29.12.2016)<a style=\"color: #333333;\" href=\"https:\/\/unec.edu.az\/en\/unec-muelimlerinin-dissertasiyalari-siegen-universitetinin-doktorantlar-surasinda-muzakireye-cixarilib\/\"><br \/>\nUNEC Teachers\u2019 Theses were discussed in the PhD Board of the University of Siegen<\/a>\u00a0(15.12.2016)<\/em><\/span><\/p>\n<p style=\"text-align: justify;\"><a class=\"fancybox-thumb\" href=\"https:\/\/unec.edu.az\/application\/uploads\/2017\/02\/DSC_0146.jpg\"><img decoding=\"async\" class=\"fancybox-margin alignnone wp-image-85971 size-thumbnail\" title=\"\u0130mtahan prosesini c\u0259miyy\u0259t\u0259 etibar ed\u0259n universitet \u2013 UNEC (28.02.2017)\" src=\"https:\/\/unec.edu.az\/application\/uploads\/2017\/02\/DSC_0146-150x150.jpg\" alt=\"DSC_0146\" width=\"150\" height=\"150\" \/><\/a><a class=\"fancybox-thumb\" href=\"https:\/\/unec.edu.az\/application\/uploads\/2016\/03\/DSC_6788.jpg\"><img decoding=\"async\" class=\"fancybox-margin  alignnone wp-image-45633 size-thumbnail\" src=\"https:\/\/unec.edu.az\/application\/uploads\/2016\/03\/DSC_6788-150x150.jpg\" alt=\"DSC_6788\" width=\"150\" height=\"150\" \/><\/a><a class=\"fancybox-thumb\" href=\"https:\/\/unec.edu.az\/application\/uploads\/2015\/12\/raqif22.jpg\"><img loading=\"lazy\" decoding=\"async\" class=\"fancybox-margin  alignnone wp-image-32028 size-thumbnail\" src=\"https:\/\/unec.edu.az\/application\/uploads\/2015\/12\/raqif22-150x150.jpg\" alt=\"raqif22\" width=\"150\" height=\"150\" \/><\/a><a class=\"fancybox-thumb\" href=\"https:\/\/unec.edu.az\/application\/uploads\/2015\/12\/raqifqasimov2-1024x1024.jpg\"><img loading=\"lazy\" decoding=\"async\" class=\"fancybox-margin  alignnone wp-image-32029 size-thumbnail\" src=\"https:\/\/unec.edu.az\/application\/uploads\/2015\/12\/raqifqasimov2-1024x1024-150x150.jpg\" alt=\"raqifqasimov2-1024x1024\" width=\"150\" height=\"150\" srcset=\"http:\/\/unec.edu.az\/application\/uploads\/2015\/12\/raqifqasimov2-1024x1024-150x150.jpg 150w, http:\/\/unec.edu.az\/application\/uploads\/2015\/12\/raqifqasimov2-1024x1024-300x300.jpg 300w, http:\/\/unec.edu.az\/application\/uploads\/2015\/12\/raqifqasimov2-1024x1024.jpg 600w\" sizes=\"(max-width: 150px) 100vw, 150px\" \/><\/a><a class=\"fancybox-thumb\" href=\"https:\/\/unec.edu.az\/application\/uploads\/2016\/01\/DSC_3069.jpg\"><img loading=\"lazy\" decoding=\"async\" class=\"fancybox-margin  alignnone wp-image-36795 size-thumbnail\" src=\"https:\/\/unec.edu.az\/application\/uploads\/2016\/01\/DSC_3069-150x150.jpg\" alt=\"DSC_3069\" width=\"150\" height=\"150\" \/><\/a><\/p>\n<p><span style=\"font-size: 12pt; color: #333333;\"><em><a style=\"color: #000000;\" href=\"https:\/\/unec.edu.az\/en\/unec-regionun-iqtisadyonumlu-4-cu-universitetidir\/\">UNEC is the 4th University of the Region of Economic Profile<\/a>\u00a0&#8211; V\u0130DEO (11.07.2016)<\/em><\/span><\/p>\n<p><span style=\"color: #ffffff;\">*<\/span><br \/>\n<iframe src=\"https:\/\/www.youtube.com\/embed\/SULOtPCAW8c\" width=\"334\" height=\"188\" frameborder=\"0\" allowfullscreen=\"allowfullscreen\"><\/iframe><\/p>\n<p><span style=\"color: #000000;\"><em><a style=\"color: #000000;\" href=\"https:\/\/unec.edu.az\/en\/unec-keyfiyyet-teminatinda-finlandiya-ve-estoniya-tecrubesinden-faydalanacaq\/\">UNEC will benefit of the experience of Finland and Estonia in Quality Assurance<\/a>\u00a0(13.06.2016)<br \/>\n<\/em><em><a style=\"color: #000000;\" href=\"https:\/\/unec.edu.az\/en\/unec-milli-insan-resurslari-forumunda-temsil-olunub\/\">UNEC was represented in the Forum of National Human Resources<\/a>\u00a0 (21.12.2015)<\/em><\/span><\/p>\n<p style=\"text-align: justify;\"><span style=\"color: #000000;\"><iframe src=\"https:\/\/www.youtube.com\/embed\/sFl1hWArPcY\" width=\"560\" height=\"315\" frameborder=\"0\" allowfullscreen=\"allowfullscreen\"><\/iframe><\/span><\/p>\n<p><a class=\"fancybox-thumb\" href=\"https:\/\/unec.edu.az\/application\/uploads\/2015\/05\/raqif_9654.jpg\"><img loading=\"lazy\" decoding=\"async\" class=\"fancybox-margin alignnone wp-image-118840 \" title=\"Elmi \u015eurada F\u0259xri F\u0259rman\u0131n t\u0259qdim edilm\u0259si (24.11.2017)\" src=\"https:\/\/unec.edu.az\/application\/uploads\/2015\/05\/raqif_9654-150x150.jpg\" alt=\"raqif_9654\" width=\"125\" height=\"125\" \/><\/a><a class=\"fancybox-thumb\" href=\"https:\/\/unec.edu.az\/application\/uploads\/2015\/05\/raqif01797.jpg\"><img loading=\"lazy\" decoding=\"async\" class=\"fancybox-margin alignnone wp-image-90136 \" title=\"EHEA Tvinninq Layih\u0259sinin ekspertl\u0259ri Biznes v\u0259 menecment fak\u00fclt\u0259sind\u0259 olub (06.04.2017)\" src=\"https:\/\/unec.edu.az\/application\/uploads\/2015\/05\/raqif01797-150x150.jpg\" alt=\"???????????????????????????????\" width=\"129\" height=\"129\" \/><\/a><a class=\"fancybox-thumb\" href=\"https:\/\/unec.edu.az\/application\/uploads\/2015\/05\/raqifc263e655.jpg\"><img loading=\"lazy\" decoding=\"async\" class=\"fancybox-margin alignnone wp-image-167810 \" title=\"UNEC-in 90 illiyi m\u00fcnasib\u0259til\u0259 F\u0259xri F\u0259rmanla t\u0259ltif (2021)\" src=\"https:\/\/unec.edu.az\/application\/uploads\/2015\/05\/raqifc263e655-150x150.jpg\" alt=\"raqifc263e655\" width=\"128\" height=\"128\" \/><\/a><a class=\"fancybox-thumb\" href=\"https:\/\/unec.edu.az\/application\/uploads\/2015\/05\/DSC01828.jpg\"><img loading=\"lazy\" decoding=\"async\" class=\"fancybox-margin alignnone wp-image-90415 \" title=\"EHEA Tvinninq Layih\u0259sinin ekspertl\u0259ri Biznes v\u0259 menecment fak\u00fclt\u0259sind\u0259 olub (06.04.2017)\" src=\"https:\/\/unec.edu.az\/application\/uploads\/2015\/05\/DSC01828-150x150.jpg\" alt=\"???????????????????????????????\" width=\"129\" height=\"129\" \/><\/a><a class=\"fancybox-thumb\" href=\"https:\/\/unec.edu.az\/application\/uploads\/2018\/01\/unec-3.jpg\"><img loading=\"lazy\" decoding=\"async\" class=\"fancybox-margin alignnone wp-image-115611 \" title=\"Mill\u0259t v\u0259kili: \u201cYaz\u0131l\u0131 imtahanlar savadl\u0131 m\u00fct\u0259x\u0259ssisl\u0259rin haz\u0131rl\u0131\u011f\u0131nda m\u00fch\u00fcm rol oynayacaq\u201d (08.01.2017)\" src=\"https:\/\/unec.edu.az\/application\/uploads\/2018\/01\/unec-3-150x150.jpg\" alt=\"unec (3)\" width=\"128\" height=\"128\" \/><\/a><a class=\"fancybox-thumb\" href=\"https:\/\/unec.edu.az\/application\/uploads\/2015\/05\/raqif_0154.jpg\"><img loading=\"lazy\" decoding=\"async\" class=\"fancybox-margin alignnone wp-image-137137 \" title=\"UNEC-l\u0259 Hacettepe Universiteti aras\u0131nda \u0259m\u0259kda\u015fl\u0131q \u0259laq\u0259l\u0259ri geni\u015fl\u0259nir (11.02.2019)\" src=\"https:\/\/unec.edu.az\/application\/uploads\/2015\/05\/raqif_0154-150x150.jpg\" alt=\"raqif_0154\" width=\"128\" height=\"128\" \/><\/a><a class=\"fancybox-thumb\" href=\"https:\/\/unec.edu.az\/application\/uploads\/2015\/05\/raqifb5d73e74349080118af.jpg\"><img loading=\"lazy\" decoding=\"async\" class=\"fancybox-margin alignnone wp-image-157649 \" src=\"https:\/\/unec.edu.az\/application\/uploads\/2015\/05\/raqifb5d73e74349080118af-150x150.jpg\" alt=\"raqifb5d73e74349080118af\" width=\"127\" height=\"127\" \/><\/a><\/p>\n","protected":false},"excerpt":{"rendered":"<p>Director of Zagatala branch of UNEC,\u00a0UNEC Vice-Rector for Digitalization Assoc.Professor,\u00a0 Gasimov Ragif Khanbala\u00a0 raqif.qasimov@unec.edu.az Ragif Gasimov was born on August 11, 1983 in Baku. He graduated from the School-lyceum #246 in Binagadi district in 2000 and entered the Institute of Administration of People\u2019s Economy under the auspice of the Cabinet of Ministers the same year. [&hellip;]<\/p>\n","protected":false},"author":10,"featured_media":0,"parent":0,"menu_order":0,"comment_status":"open","ping_status":"open","template":"","meta":{"footnotes":""},"class_list":["post-10080","page","type-page","status-publish","hentry"],"_links":{"self":[{"href":"http:\/\/unec.edu.az\/en\/wp-json\/wp\/v2\/pages\/10080","targetHints":{"allow":["GET"]}}],"collection":[{"href":"http:\/\/unec.edu.az\/en\/wp-json\/wp\/v2\/pages"}],"about":[{"href":"http:\/\/unec.edu.az\/en\/wp-json\/wp\/v2\/types\/page"}],"author":[{"embeddable":true,"href":"http:\/\/unec.edu.az\/en\/wp-json\/wp\/v2\/users\/10"}],"replies":[{"embeddable":true,"href":"http:\/\/unec.edu.az\/en\/wp-json\/wp\/v2\/comments?post=10080"}],"version-history":[{"count":29,"href":"http:\/\/unec.edu.az\/en\/wp-json\/wp\/v2\/pages\/10080\/revisions"}],"predecessor-version":[{"id":462332,"href":"http:\/\/unec.edu.az\/en\/wp-json\/wp\/v2\/pages\/10080\/revisions\/462332"}],"wp:attachment":[{"href":"http:\/\/unec.edu.az\/en\/wp-json\/wp\/v2\/media?parent=10080"}],"curies":[{"name":"wp","href":"https:\/\/api.w.org\/{rel}","templated":true}]}}