{"id":10142,"date":"2015-05-18T21:23:53","date_gmt":"2015-05-18T17:23:53","guid":{"rendered":"http:\/\/asue.edu.az\/i-e-n-xalide-haci-qizi-yusifova-2\/"},"modified":"2024-11-28T12:43:29","modified_gmt":"2024-11-28T08:43:29","slug":"yusifova-khalida-haji","status":"publish","type":"page","link":"http:\/\/unec.edu.az\/en\/yusifova-khalida-haji\/","title":{"rendered":"C.e.s.Yusifova Khalida  Haji"},"content":{"rendered":"<h4 style=\"text-align: justify;\"><\/h4>\n<h4><a href=\"http:\/\/unec.edu.az\/application\/uploads\/2015\/05\/Xalid-Yusifova.jpg\"><img fetchpriority=\"high\" decoding=\"async\" class=\"alignleft wp-image-194392 \" title=\"left\" src=\"http:\/\/unec.edu.az\/application\/uploads\/2015\/05\/Xalid-Yusifova-300x251.jpg\" sizes=\"(max-width: 252px) 100vw, 252px\" srcset=\"https:\/\/unec.edu.az\/application\/uploads\/2015\/05\/Xalid-Yusifova-300x251.jpg 300w, https:\/\/unec.edu.az\/application\/uploads\/2015\/05\/Xalid-Yusifova-1024x858.jpg 1024w\" alt=\"Xalid\u0259 Yusifova\" width=\"252\" height=\"211\" \/><\/a><\/h4>\n<h4><span style=\"color: #800000;\">Director of the centre of student affairs<br \/>\nYusifova Khalida Haji<\/span><\/h4>\n<p>KhalidaYusifova is an employee of the Azerbaijan State Economic University since 1993.<\/p>\n<p>In 1993, Khalida.Yusifovahas been appointed as the head of the General department of the Azerbaijan State Economic University. She has been working as the head of the \u201cStudents department\u201d since 1993 up to now. Also she is working as a teacher at the \u201ceconomics of the social sphere\u201d department.<\/p>\n<p>She is Candidate of Economic Sciences.<\/p>\n<p>By the Order of the President of the Republic of Azerbaijan dated September 24, 2020, he was awarded\u00a0 &#8220;Taraggi&#8221; medal on the occasion of the 90th anniversary of\u00a0 Azerbaijan State University of Economics and for his services to the development of education in Azerbaijan.<\/p>\n<p><a class=\"fancybox-thumb\" href=\"https:\/\/unec.edu.az\/application\/uploads\/2015\/05\/xalidafee8601dfe14e4.jpg\"><img decoding=\"async\" class=\"fancybox-margin alignnone wp-image-164503 size-thumbnail\" src=\"https:\/\/unec.edu.az\/application\/uploads\/2015\/05\/xalidafee8601dfe14e4-150x150.jpg\" alt=\"xalidafee8601dfe14e4\" width=\"150\" height=\"150\" \/><\/a><a class=\"fancybox-thumb\" href=\"https:\/\/unec.edu.az\/application\/uploads\/2017\/03\/Xalid__-Yusifova-UNEC-1-3.jpg\"><img decoding=\"async\" class=\"fancybox-margin alignnone wp-image-86676 size-thumbnail\" title=\"Emalatxanama da eyni il\u0259 auditoriyaya daxil oldu\u011fum h\u0259v\u0259sl\u0259 daxil oluram (07.03.2017)\" src=\"https:\/\/unec.edu.az\/application\/uploads\/2017\/03\/Xalid__-Yusifova-UNEC-1-3-150x150.jpg\" alt=\"Xalid__-Yusifova-UNEC-1-3\" width=\"150\" height=\"150\" \/><\/a><a class=\"fancybox-thumb\" href=\"http:\/\/unec.edu.az\/application\/uploads\/2024\/11\/xalida249343c94846600.jpeg\"><img loading=\"lazy\" decoding=\"async\" class=\"fancybox-margin alignnone wp-image-450564 size-thumbnail\" title=\"UNEC-in 3436 t\u0259l\u0259b\u0259si istehsalat t\u0259cr\u00fcb\u0259sind\u0259 olub (03.07.2024)\" src=\"http:\/\/unec.edu.az\/application\/uploads\/2024\/11\/xalida249343c94846600-150x150.jpeg\" alt=\"\" width=\"150\" height=\"150\" \/><\/a><a class=\"fancybox-thumb\" href=\"https:\/\/unec.edu.az\/application\/uploads\/2015\/06\/qadinlar96d2b0ba1.jpg\"><img loading=\"lazy\" decoding=\"async\" class=\"fancybox-margin alignnone wp-image-140925 size-thumbnail\" title=\"\u201cS\u0259ninl\u0259 f\u0259xr edirik, Az\u0259rbaycan \u0259sg\u0259ri!\u201d aksiyas\u0131 i\u015ftirak\u00e7\u0131lar\u0131ndan bir qrupu \u201c\u0130sg\u0259nd\u0259r qalas\u0131\u201dnda olub - V\u0130DEO (08.06.2019)\" src=\"https:\/\/unec.edu.az\/application\/uploads\/2015\/06\/qadinlar96d2b0ba1-150x150.jpg\" alt=\"qadinlar96d2b0ba\" width=\"150\" height=\"150\" \/><\/a><a class=\"fancybox-thumb\" href=\"https:\/\/unec.edu.az\/application\/uploads\/2015\/05\/xalida_lale160e1a0f59515a6.jpg\"><img loading=\"lazy\" decoding=\"async\" class=\"fancybox-margin alignnone wp-image-140929 size-thumbnail\" title=\"\u201cS\u0259ninl\u0259 f\u0259xr edirik, Az\u0259rbaycan \u0259sg\u0259ri!\u201d aksiyas\u0131 i\u015ftirak\u00e7\u0131lar\u0131ndan bir qrupu \u201c\u0130sg\u0259nd\u0259r qalas\u0131\u201dnda olub - V\u0130DEO (08.06.2019)\" src=\"https:\/\/unec.edu.az\/application\/uploads\/2015\/05\/xalida_lale160e1a0f59515a6-150x150.jpg\" alt=\"xalida_lale160e1a0f59515a6\" width=\"150\" height=\"150\" \/><\/a><a class=\"fancybox-thumb\" href=\"https:\/\/unec.edu.az\/application\/uploads\/2015\/05\/xalida_laleaa5abba68c781.jpg\"><img loading=\"lazy\" decoding=\"async\" class=\"fancybox-margin alignnone wp-image-140930 size-thumbnail\" title=\"\u201cS\u0259ninl\u0259 f\u0259xr edirik, Az\u0259rbaycan \u0259sg\u0259ri!\u201d aksiyas\u0131 i\u015ftirak\u00e7\u0131lar\u0131ndan bir qrupu \u201c\u0130sg\u0259nd\u0259r qalas\u0131\u201dnda olub - V\u0130DEO (08.06.2019)\" src=\"https:\/\/unec.edu.az\/application\/uploads\/2015\/05\/xalida_laleaa5abba68c781-150x150.jpg\" alt=\"xalida_laleaa5abba68c781\" width=\"150\" height=\"150\" \/><\/a><a class=\"fancybox-thumb\" href=\"https:\/\/unec.edu.az\/application\/uploads\/2015\/05\/xalidaaa-80e9-b4a83c43d41a_cleanup.jpg\"><img loading=\"lazy\" decoding=\"async\" class=\"fancybox-margin alignnone wp-image-178179 size-thumbnail\" src=\"https:\/\/unec.edu.az\/application\/uploads\/2015\/05\/xalidaaa-80e9-b4a83c43d41a_cleanup-150x150.jpg\" alt=\"xalidaaa-80e9-b4a83c43d41a_cleanup\" width=\"150\" height=\"150\" \/><\/a><a class=\"fancybox-thumb\" href=\"https:\/\/unec.edu.az\/application\/uploads\/2015\/05\/xalida_sevar_2fb10da5bda8e05.gif\"><img loading=\"lazy\" decoding=\"async\" class=\"fancybox-margin alignnone wp-image-178181 size-thumbnail\" src=\"https:\/\/unec.edu.az\/application\/uploads\/2015\/05\/xalida_sevar_2fb10da5bda8e05-150x150.gif\" alt=\"xalida_sevar_2fb10da5bda8e05\" width=\"150\" height=\"150\" \/><\/a><\/p>\n<p style=\"text-align: justify;\">\n","protected":false},"excerpt":{"rendered":"<p>Director of the centre of student affairs Yusifova Khalida Haji KhalidaYusifova is an employee of the Azerbaijan State Economic University since 1993. In 1993, Khalida.Yusifovahas been appointed as the head of the General department of the Azerbaijan State Economic University. She has been working as the head of the \u201cStudents department\u201d since 1993 up to [&hellip;]<\/p>\n","protected":false},"author":10,"featured_media":0,"parent":0,"menu_order":0,"comment_status":"open","ping_status":"open","template":"","meta":{"footnotes":""},"class_list":["post-10142","page","type-page","status-publish","hentry"],"_links":{"self":[{"href":"http:\/\/unec.edu.az\/en\/wp-json\/wp\/v2\/pages\/10142","targetHints":{"allow":["GET"]}}],"collection":[{"href":"http:\/\/unec.edu.az\/en\/wp-json\/wp\/v2\/pages"}],"about":[{"href":"http:\/\/unec.edu.az\/en\/wp-json\/wp\/v2\/types\/page"}],"author":[{"embeddable":true,"href":"http:\/\/unec.edu.az\/en\/wp-json\/wp\/v2\/users\/10"}],"replies":[{"embeddable":true,"href":"http:\/\/unec.edu.az\/en\/wp-json\/wp\/v2\/comments?post=10142"}],"version-history":[{"count":10,"href":"http:\/\/unec.edu.az\/en\/wp-json\/wp\/v2\/pages\/10142\/revisions"}],"predecessor-version":[{"id":451934,"href":"http:\/\/unec.edu.az\/en\/wp-json\/wp\/v2\/pages\/10142\/revisions\/451934"}],"wp:attachment":[{"href":"http:\/\/unec.edu.az\/en\/wp-json\/wp\/v2\/media?parent=10142"}],"curies":[{"name":"wp","href":"https:\/\/api.w.org\/{rel}","templated":true}]}}