{"id":10327,"date":"2015-05-18T21:48:38","date_gmt":"2015-05-18T17:48:38","guid":{"rendered":"https:\/\/unec.edu.az\/prof-huseynov-vekil-nemet-oglu-2\/"},"modified":"2021-08-18T12:34:39","modified_gmt":"2021-08-18T08:34:39","slug":"assist-prof-huseynov-vakil-nemat","status":"publish","type":"page","link":"http:\/\/unec.edu.az\/en\/assist-prof-huseynov-vakil-nemat\/","title":{"rendered":"Assist.Prof.Huseynov Vakil Nemat"},"content":{"rendered":"<h4><a href=\"https:\/\/unec.edu.az\/application\/uploads\/2015\/05\/Huseynov-Vekil-1.jpg\"><img fetchpriority=\"high\" decoding=\"async\" class=\"alignleft wp-image-154093\" title=\"left\" src=\"https:\/\/unec.edu.az\/application\/uploads\/2015\/05\/Huseynov-Vekil-1-300x200.jpg\" alt=\"Huseynov Vekil (1)\" width=\"282\" height=\"188\" srcset=\"http:\/\/unec.edu.az\/application\/uploads\/2015\/05\/Huseynov-Vekil-1-300x200.jpg 300w, http:\/\/unec.edu.az\/application\/uploads\/2015\/05\/Huseynov-Vekil-1-1024x683.jpg 1024w, http:\/\/unec.edu.az\/application\/uploads\/2015\/05\/Huseynov-Vekil-1.jpg 1200w\" sizes=\"(max-width: 282px) 100vw, 282px\" \/><\/a><\/h4>\n<h4><span style=\"color: #800000;\">Dean:\u00a0Dr. of Tech. Sc., Prof. Huseynov Vakil Nemat<\/span><\/h4>\n<h4 style=\"text-align: justify;\"><span style=\"color: #000000;\"><em>Telephone:\u00a0<strong>\u00a0<\/strong><em>+(994)12 494-45-20<\/em><\/em><\/span><br \/>\n<span style=\"color: #000000;\"><em>E-mail:\u00a0vekil.huseynov@unec.edu.az<\/em><\/span><\/h4>\n<p><strong>Education, Scientific degrees and Scientific titles<\/strong><\/p>\n<p>1952-1962 \u2013 Secondary school;<\/p>\n<p>1962-1969 \u2013 Azerbaijan Polytechnic Institute (currently AzTU) named after Ch.Ildirim<\/p>\n<p>1969-1972 \u2013 Post graduate study; 1979 \u2013 Associate professor; 1992 \u2013 Professor<\/p>\n<p>&nbsp;<\/p>\n<p><strong>Employment history:<\/strong><\/p>\n<p>1973-1979 \u2013 Azerbaijan Polytechnic Institute, assistant<\/p>\n<p>1979-1996 \u2013 Azerbaijan Technology Institute, faculty dean<\/p>\n<p>1996-2000 \u2013 Baku State Institute of Merchandising and Commerce, faculty dean<\/p>\n<p>2000-up to now \u2013 Azerbaijan State \u00a0University of Economics, faculty dean<\/p>\n<p>&nbsp;<\/p>\n<p><strong>Scientific-methodological researches:<\/strong><\/p>\n<p>Over 130 scientific researches, 4 textbooks, 3 inventions<\/p>\n<p style=\"text-align: justify;\">According to the Order of the President of the Republic of Azerbaijan dated September 24, 2020, he was awarded the honorary title of \u201cHonored Teacher\u201d on the occasion of the 90th anniversary of\u00a0 Azerbaijan State University of Economics and for his services to the development of education in Azerbaijan.<\/p>\n<p><a class=\"fancybox-thumb\" href=\"https:\/\/unec.edu.az\/application\/uploads\/2015\/05\/vakildcbf0e60d89e01aaa340c.jpg\" rel=\"fancybox-thumb\"><img decoding=\"async\" class=\"fancybox-margin alignnone wp-image-164688 \" src=\"https:\/\/unec.edu.az\/application\/uploads\/2015\/05\/vakildcbf0e60d89e01aaa340c-236x180.jpg\" alt=\"vakildcbf0e60d89e01aaa340c\" width=\"145\" height=\"111\" \/><\/a><a class=\"fancybox-thumb\" href=\"https:\/\/unec.edu.az\/application\/uploads\/2015\/05\/emtee_2240.jpg\" rel=\"fancybox-thumb\"><img decoding=\"async\" class=\"fancybox-margin alignnone wp-image-41268 \" src=\"https:\/\/unec.edu.az\/application\/uploads\/2015\/05\/emtee_2240-236x180.jpg\" alt=\"emtee_2240\" width=\"145\" height=\"111\" \/><\/a><a class=\"fancybox-thumb\" href=\"https:\/\/unec.edu.az\/application\/uploads\/2015\/05\/1-Sakarya-Universitesi-Ziyaret_9488-2_resize-1.jpg\" rel=\"fancybox-thumb\"><img loading=\"lazy\" decoding=\"async\" class=\"fancybox-margin alignnone wp-image-85352 \" title=\"UNEC m\u00fc\u0259lliml\u0259rinin T\u00fcrkiy\u0259 universitetl\u0259rin\u0259 s\u0259f\u0259ri s\u0259m\u0259r\u0259li oldu (16.02.2017)\" src=\"https:\/\/unec.edu.az\/application\/uploads\/2015\/05\/1-Sakarya-Universitesi-Ziyaret_9488-2_resize-1-300x200.jpg\" alt=\"1-Sakarya Universitesi Ziyaret_9488 (2)_resize (1)\" width=\"167\" height=\"111\" srcset=\"http:\/\/unec.edu.az\/application\/uploads\/2015\/05\/1-Sakarya-Universitesi-Ziyaret_9488-2_resize-1-300x200.jpg 300w, http:\/\/unec.edu.az\/application\/uploads\/2015\/05\/1-Sakarya-Universitesi-Ziyaret_9488-2_resize-1.jpg 800w\" sizes=\"(max-width: 167px) 100vw, 167px\" \/><\/a><a class=\"fancybox-thumb\" href=\"https:\/\/unec.edu.az\/application\/uploads\/2016\/10\/DSC_0019.jpg\" rel=\"fancybox-thumb\"><img loading=\"lazy\" decoding=\"async\" class=\"fancybox-margin alignnone wp-image-67691\" src=\"https:\/\/unec.edu.az\/application\/uploads\/2016\/10\/DSC_0019-300x202.jpg\" alt=\"DSC_0019\" width=\"165\" height=\"111\" srcset=\"http:\/\/unec.edu.az\/application\/uploads\/2016\/10\/DSC_0019-300x200.jpg 300w, http:\/\/unec.edu.az\/application\/uploads\/2016\/10\/DSC_0019.jpg 1024w\" sizes=\"(max-width: 165px) 100vw, 165px\" \/><\/a><a class=\"fancybox-thumb\" href=\"https:\/\/unec.edu.az\/application\/uploads\/2015\/05\/vekiltttDSC_00302-1024x687.jpg\" rel=\"fancybox-thumb\"><img loading=\"lazy\" decoding=\"async\" class=\"fancybox-margin alignnone wp-image-41269 \" src=\"https:\/\/unec.edu.az\/application\/uploads\/2015\/05\/vekiltttDSC_00302-1024x687-236x180.jpg\" alt=\"vekiltttDSC_00302-1024x687\" width=\"146\" height=\"111\" \/><\/a><a class=\"fancybox-thumb\" href=\"https:\/\/unec.edu.az\/application\/uploads\/2016\/09\/DSC_7247.jpg\" rel=\"fancybox-thumb\"><img loading=\"lazy\" decoding=\"async\" class=\"fancybox-margin alignnone wp-image-65570 \" src=\"https:\/\/unec.edu.az\/application\/uploads\/2016\/09\/DSC_7247-236x180.jpg\" alt=\"DSC_7247\" width=\"144\" height=\"110\" \/><\/a><\/p>\n<p><span style=\"color: #333333;\"><a style=\"color: #333333;\" href=\"https:\/\/unec.edu.az\/en\/unec-de-ikt-ve-innovasiyalarin-inkisafinda-dovlet-desteyi-mexanizmleri-muzakire-olunub\/\">The mechanisms of state support for the development of ICT and innovations have been discussed at UNEC<\/a>\u00a0(26.12.2017)<\/span><\/p>\n<p><a class=\"fancybox-thumb\" href=\"https:\/\/unec.edu.az\/application\/uploads\/2017\/12\/DSC_5162.jpg\" rel=\"fancybox-thumb\"><img loading=\"lazy\" decoding=\"async\" class=\"fancybox-margin alignnone wp-image-114898 size-image236x180\" title=\"\u018fmt\u0259\u0259\u015f\u00fcnasl\u0131q m\u0259kt\u0259binin banisi \u018fli H\u0259s\u0259novun 80 illik yubileyi (28.12.2017)\" src=\"https:\/\/unec.edu.az\/application\/uploads\/2017\/12\/DSC_5162-236x180.jpg\" alt=\"DSC_5162\" width=\"236\" height=\"180\" \/><\/a><a class=\"fancybox-thumb\" href=\"https:\/\/unec.edu.az\/application\/uploads\/2015\/05\/mehriban_vekil.jpg\" rel=\"fancybox-thumb\"><img loading=\"lazy\" decoding=\"async\" class=\"fancybox-margin alignnone wp-image-137305 size-image236x180\" title=\"UNEC: apar\u0131c\u0131 universitetl\u0259rin t\u0259cr\u00fcb\u0259si h\u0259d\u0259fimizd\u0259 (12.02.2019)\" src=\"https:\/\/unec.edu.az\/application\/uploads\/2015\/05\/mehriban_vekil-236x180.jpg\" alt=\"mehriban_vekil\" width=\"236\" height=\"180\" \/><\/a><a class=\"fancybox-thumb\" href=\"https:\/\/unec.edu.az\/application\/uploads\/2016\/07\/mehriban_vekil11.jpg\" rel=\"fancybox-thumb\"><img loading=\"lazy\" decoding=\"async\" class=\"fancybox-margin alignnone wp-image-137303 size-image236x180\" title=\"UNEC: apar\u0131c\u0131 universitetl\u0259rin t\u0259cr\u00fcb\u0259si h\u0259d\u0259fimizd\u0259 (12.02.2019)\" src=\"https:\/\/unec.edu.az\/application\/uploads\/2016\/07\/mehriban_vekil11-236x180.jpg\" alt=\"mehriban_vekil11\" width=\"236\" height=\"180\" \/><\/a><\/p>\n<p>&nbsp;<\/p>\n<p>&nbsp;<\/p>\n","protected":false},"excerpt":{"rendered":"<p>Dean:\u00a0Dr. of Tech. Sc., Prof. Huseynov Vakil Nemat Telephone:\u00a0\u00a0+(994)12 494-45-20 E-mail:\u00a0vekil.huseynov@unec.edu.az Education, Scientific degrees and Scientific titles 1952-1962 \u2013 Secondary school; 1962-1969 \u2013 Azerbaijan Polytechnic Institute (currently AzTU) named after Ch.Ildirim 1969-1972 \u2013 Post graduate study; 1979 \u2013 Associate professor; 1992 \u2013 Professor &nbsp; Employment history: 1973-1979 \u2013 Azerbaijan Polytechnic Institute, assistant 1979-1996 \u2013 Azerbaijan [&hellip;]<\/p>\n","protected":false},"author":10,"featured_media":0,"parent":0,"menu_order":0,"comment_status":"open","ping_status":"open","template":"","meta":{"footnotes":""},"class_list":["post-10327","page","type-page","status-publish","hentry"],"_links":{"self":[{"href":"http:\/\/unec.edu.az\/en\/wp-json\/wp\/v2\/pages\/10327","targetHints":{"allow":["GET"]}}],"collection":[{"href":"http:\/\/unec.edu.az\/en\/wp-json\/wp\/v2\/pages"}],"about":[{"href":"http:\/\/unec.edu.az\/en\/wp-json\/wp\/v2\/types\/page"}],"author":[{"embeddable":true,"href":"http:\/\/unec.edu.az\/en\/wp-json\/wp\/v2\/users\/10"}],"replies":[{"embeddable":true,"href":"http:\/\/unec.edu.az\/en\/wp-json\/wp\/v2\/comments?post=10327"}],"version-history":[{"count":19,"href":"http:\/\/unec.edu.az\/en\/wp-json\/wp\/v2\/pages\/10327\/revisions"}],"predecessor-version":[{"id":165333,"href":"http:\/\/unec.edu.az\/en\/wp-json\/wp\/v2\/pages\/10327\/revisions\/165333"}],"wp:attachment":[{"href":"http:\/\/unec.edu.az\/en\/wp-json\/wp\/v2\/media?parent=10327"}],"curies":[{"name":"wp","href":"https:\/\/api.w.org\/{rel}","templated":true}]}}