{"id":10629,"date":"2015-05-08T15:29:30","date_gmt":"2015-05-08T11:29:30","guid":{"rendered":"https:\/\/unec.edu.az\/dos-qendilova-seadet-tagi-qizi-2\/"},"modified":"2019-12-30T11:05:03","modified_gmt":"2019-12-30T07:05:03","slug":"dos-qendilova-seadet-tagi-qizi","status":"publish","type":"page","link":"http:\/\/unec.edu.az\/en\/dos-qendilova-seadet-tagi-qizi\/","title":{"rendered":"Seadet Tagi Gandilova"},"content":{"rendered":"<h4 style=\"text-align: justify;\"><a href=\"https:\/\/unec.edu.az\/application\/uploads\/2015\/05\/Sadet-x.jpg\"><img fetchpriority=\"high\" decoding=\"async\" class=\"alignleft wp-image-83352\" title=\"left\" src=\"https:\/\/unec.edu.az\/application\/uploads\/2015\/05\/Sadet-x.jpg\" alt=\"Sadet-x\" width=\"218\" height=\"261\" \/><\/a><strong><span style=\"color: #800000;\">Seadet Tagi Gandilova, associate professor<\/span><\/strong><\/h4>\n<h4 style=\"text-align: justify;\"><span style=\"color: #000000;\"><em>e-mail: s.gandilova@unec.edu.az<\/em><\/span><\/h4>\n<p style=\"text-align: justify;\">She was born on October 22, 1949 in Baku city.<\/p>\n<p style=\"text-align: justify;\">Mrs.Gandilova entered to the secondary school N:190 in 1957 in Baku city and finished the same school in 1967.<\/p>\n<p style=\"text-align: justify;\">In 1967-1971 years, she got education at the department of \u201cNational economy and planning\u201d of the Azerbaijani Institute of National Economics named after D.Bunyadzadeh.<\/p>\n<p style=\"text-align: justify;\">After graduating institute in 1971, she entered to the full-time department of post-graduate degree (separate from production).<\/p>\n<p style=\"text-align: justify;\">She began to labor activity in 1975 and till 1988 she had been working as senior research assistant, graduate assistant, staff lector and lector at the chair of \u201cEconomy and organization of labor\u201d. Mrs.Gandilova had been working as lector since the establishment of \u201cThe management of economy\u201d chair since 1988, and after the changing the name of the chair \u201cManagement and entrepreneurial activity\u201d since 1991, served as a senior lector of the chair. From 1995 till nowadays she has been the associate professor of \u201cManagement\u201d chair. She has been the member of New Azerbaijan Party since 2002.<\/p>\n<p style=\"text-align: justify;\">In 1985, defending her dissertation she get the title of candidate on economic sciences. She is the author of more than 50 scientific article dedicated to the modern problems of the economy (including articles published abroad), 1monographs, 1 textbook, 6 course program and co-author of 2 books.<\/p>\n<p style=\"text-align: justify;\">She completed the qualification course\u00a0 of the Azerbaijan Institute of Management of National Economy under the Azerbaijan SSR Council in 1990, and get the course of re-training on increasing qualification of Azerbaijan Pedagogical Institute in 1999.<\/p>\n<p style=\"text-align: justify;\"><a class=\"fancybox-thumb\" href=\"https:\/\/unec.edu.az\/application\/uploads\/2015\/05\/seadet_foto.jpg\" rel=\"fancybox-thumb\"><img decoding=\"async\" class=\"fancybox-margin alignnone wp-image-77291 \" src=\"https:\/\/unec.edu.az\/application\/uploads\/2015\/05\/seadet_foto-300x201.jpg\" alt=\"seadet_foto\" width=\"157\" height=\"105\" srcset=\"http:\/\/unec.edu.az\/application\/uploads\/2015\/05\/seadet_foto-300x200.jpg 300w, http:\/\/unec.edu.az\/application\/uploads\/2015\/05\/seadet_foto.jpg 800w\" sizes=\"(max-width: 157px) 100vw, 157px\" \/><\/a><a class=\"fancybox-thumb\" href=\"https:\/\/unec.edu.az\/application\/uploads\/2016\/09\/DSC_6818.jpg\" rel=\"fancybox-thumb\"><img decoding=\"async\" class=\"fancybox-margin alignnone wp-image-65036 \" src=\"https:\/\/unec.edu.az\/application\/uploads\/2016\/09\/DSC_6818-300x200.jpg\" alt=\"DSC_6818\" width=\"158\" height=\"105\" srcset=\"http:\/\/unec.edu.az\/application\/uploads\/2016\/09\/DSC_6818-300x200.jpg 300w, http:\/\/unec.edu.az\/application\/uploads\/2016\/09\/DSC_6818.jpg 800w\" sizes=\"(max-width: 158px) 100vw, 158px\" \/><\/a><a class=\"fancybox-thumb\" href=\"https:\/\/unec.edu.az\/application\/uploads\/2017\/04\/sadet88.jpg\" rel=\"fancybox-thumb\"><img loading=\"lazy\" decoding=\"async\" class=\"fancybox-margin  alignnone wp-image-92727\" title=\"UNEC xarici ticar\u0259t\u0259 kadr d\u0259st\u0259yi ver\u0259c\u0259k (29.04.2017)\" src=\"https:\/\/unec.edu.az\/application\/uploads\/2017\/04\/sadet88-300x200.jpg\" alt=\"sadet88\" width=\"158\" height=\"105\" srcset=\"http:\/\/unec.edu.az\/application\/uploads\/2017\/04\/sadet88-300x200.jpg 300w, http:\/\/unec.edu.az\/application\/uploads\/2017\/04\/sadet88.jpg 800w\" sizes=\"(max-width: 158px) 100vw, 158px\" \/><\/a><a class=\"fancybox-thumb\" href=\"https:\/\/unec.edu.az\/application\/uploads\/2016\/09\/DSC_6826.jpg\" rel=\"fancybox-thumb\"><img loading=\"lazy\" decoding=\"async\" class=\"fancybox-margin alignnone wp-image-65037\" src=\"https:\/\/unec.edu.az\/application\/uploads\/2016\/09\/DSC_6826-300x200.jpg\" alt=\"DSC_6826\" width=\"158\" height=\"105\" srcset=\"http:\/\/unec.edu.az\/application\/uploads\/2016\/09\/DSC_6826-300x200.jpg 300w, http:\/\/unec.edu.az\/application\/uploads\/2016\/09\/DSC_6826.jpg 800w\" sizes=\"(max-width: 158px) 100vw, 158px\" \/><\/a><a class=\"fancybox-thumb\" href=\"https:\/\/unec.edu.az\/application\/uploads\/2016\/03\/IMG_2290.jpg\" rel=\"fancybox-thumb\"><img loading=\"lazy\" decoding=\"async\" class=\"fancybox-margin alignnone wp-image-46124 \" src=\"https:\/\/unec.edu.az\/application\/uploads\/2016\/03\/IMG_2290-236x180.jpg\" alt=\"IMG_2290\" width=\"139\" height=\"106\" \/><\/a><a class=\"fancybox-thumb\" href=\"https:\/\/unec.edu.az\/application\/uploads\/2015\/05\/sadet1ca30cbfe45a99554d3a9.jpg\" rel=\"fancybox-thumb\"><img loading=\"lazy\" decoding=\"async\" class=\"fancybox-margin alignnone wp-image-148761 \" title=\"UNEC-in prorektoru \u201c\u0130lin prorektoru\u201d se\u00e7ildi (29.12.2019)\" src=\"https:\/\/unec.edu.az\/application\/uploads\/2015\/05\/sadet1ca30cbfe45a99554d3a9-300x200.jpg\" alt=\"sadet1ca30cbfe45a99554d3a9\" width=\"160\" height=\"106\" srcset=\"http:\/\/unec.edu.az\/application\/uploads\/2015\/05\/sadet1ca30cbfe45a99554d3a9-300x200.jpg 300w, http:\/\/unec.edu.az\/application\/uploads\/2015\/05\/sadet1ca30cbfe45a99554d3a9.jpg 800w\" sizes=\"(max-width: 160px) 100vw, 160px\" \/><\/a><\/p>\n<p style=\"text-align: justify;\">She had been working as the scientific secretary of Institute for Scientific Economic Society,\u00a0 the executive secretary of Expert Commission of \u201cPlan-economy\u201d department, scientific secretary of Scientific Council of \u201cInformation and management\u201d department and then in the position of deputy dean in charge of educational affairs of the same department.\u00a0 From 2005 till 2014 she had been the dean of the \u201cTraining\u201d department of Azerbaijan State Economics University. Mrs.Gandilova is the secretary of competition committee established for Head of the chair and dean positions of the University.\u00a0 At the same time, she is the deputy chairman of the Trade Union Committee of the University. She is the member of \u201cManagement\u201d sector of the Scientific-Methodological Council of the Ministry of Education of the Republic of Azerbaijan, as well of the Council of Elders of \u201cIcherisheher\u201d State Historical-Architectural Reserve Office and International Women\u2019s Club. Mrs.Gandilova was awarded with the commemorative medal of \u201cAzerbaijani women\u201d of the XXth\u00a0 century, medal of \u201cAdvanced education employee of the Republic of Azerbaijan and with the \u201cTaraggi\u201d reward,by the Order of the President of the Republic of Azerbaijan.<\/p>\n<p style=\"text-align: justify;\">At the same time, she was the mandatory representative of XII Congress of Azerbaijani teachers and II Congress of Azerbaijani Women.<\/p>\n<p style=\"text-align: justify;\">Since April 2014, she was appointed to the position of vice-rector in charge of Student affairs of the ASEU.<\/p>\n<p style=\"text-align: justify;\">She is married, and has two children.<\/p>\n<p style=\"text-align: justify;\"><strong><a class=\"fancybox-thumb\" href=\"https:\/\/unec.edu.az\/application\/uploads\/2015\/05\/access9057635658e82da6.jpg\" rel=\"fancybox-thumb\"><img loading=\"lazy\" decoding=\"async\" class=\"fancybox-margin alignnone wp-image-129477 size-thumbnail\" title=\"&quot;AccessBank&quot;\u0131n d\u0259st\u0259yi il\u0259 Maliyy\u0259 v\u0259 M\u00fchasibat fak\u00fclt\u0259sind\u0259 &quot;UNEC Business Conversation Club&quot; (19.10.2018)\" src=\"https:\/\/unec.edu.az\/application\/uploads\/2015\/05\/access9057635658e82da6-150x150.jpg\" alt=\"access9057635658e82da6\" width=\"150\" height=\"150\" \/><\/a><a class=\"fancybox-thumb\" href=\"https:\/\/unec.edu.az\/application\/uploads\/2017\/03\/DSC_0457.jpg\" rel=\"fancybox-thumb\"><img loading=\"lazy\" decoding=\"async\" class=\"fancybox-margin  alignnone wp-image-87093 size-thumbnail\" title=\"UNEC-d\u0259 elmi t\u0259dqiqat i\u015fl\u0259rinin perspektivl\u0259ri m\u00fczakir\u0259 edilib (10.03.2017)\" src=\"https:\/\/unec.edu.az\/application\/uploads\/2017\/03\/DSC_0457-150x150.jpg\" alt=\"DSC_0457\" width=\"150\" height=\"150\" \/><\/a><a class=\"fancybox-thumb\" href=\"https:\/\/unec.edu.az\/application\/uploads\/2016\/03\/IMG_2809.jpg\" rel=\"fancybox-thumb\"><img loading=\"lazy\" decoding=\"async\" class=\"fancybox-margin  alignnone wp-image-46127 size-thumbnail\" src=\"https:\/\/unec.edu.az\/application\/uploads\/2016\/03\/IMG_2809-150x150.jpg\" alt=\"IMG_2809\" width=\"150\" height=\"150\" \/><\/a><a class=\"fancybox-thumb\" href=\"https:\/\/unec.edu.az\/application\/uploads\/2017\/03\/WhatsApp-Image-2017-03-15-at-12.49.47.jpg\" rel=\"fancybox-thumb\"><img loading=\"lazy\" decoding=\"async\" class=\"fancybox-margin alignnone wp-image-87623 size-thumbnail\" title=\"\u201c\u018flilliyi olanlar \u00fc\u00e7\u00fcn \u015ea\u011fan m\u00fcalic\u0259 pansionat\u0131\u201dnda Novruz \u015f\u0259nliyi (15.03.2017)\" src=\"https:\/\/unec.edu.az\/application\/uploads\/2017\/03\/WhatsApp-Image-2017-03-15-at-12.49.47-150x150.jpg\" alt=\"WhatsApp Image 2017-03-15 at 12.49.47\" width=\"150\" height=\"150\" \/><\/a><a class=\"fancybox-thumb\" href=\"https:\/\/unec.edu.az\/application\/uploads\/2015\/05\/seadet_xanim2612.jpg\" rel=\"fancybox-thumb\"><img loading=\"lazy\" decoding=\"async\" class=\"fancybox-margin alignnone wp-image-85477 size-thumbnail\" src=\"https:\/\/unec.edu.az\/application\/uploads\/2015\/05\/seadet_xanim2612-150x150.jpg\" alt=\"seadet_xanim2612\" width=\"150\" height=\"150\" \/><\/a><a class=\"fancybox-thumb\" href=\"https:\/\/unec.edu.az\/application\/uploads\/2015\/02\/DSC_4414-001.jpg\" rel=\"fancybox-thumb\"><img loading=\"lazy\" decoding=\"async\" class=\"fancybox-margin alignnone wp-image-115710 size-thumbnail\" title=\"\u0130lin T\u0259l\u0259b\u0259 G\u0259ncl\u0259r T\u0259\u015fkilat\u0131: UNEC TGT (27.12.2017)\" src=\"https:\/\/unec.edu.az\/application\/uploads\/2015\/02\/DSC_4414-001-150x150.jpg\" alt=\"DSC_4414-001\" width=\"150\" height=\"150\" \/><\/a><\/strong><\/p>\n<p style=\"text-align: justify;\"><span style=\"color: #333333;\"><em><span style=\"color: #333333;\"><a style=\"color: #333333;\" href=\"https:\/\/unec.edu.az\/en\/unec-kollektivi-novruz-bayramini-daun-sindromlu-usaqlarla-kecirib\/\">The UNEC staff celebrated the Novruz holiday with the children with Down syndrome<\/a>\u00a0(16.03.2018)<\/span><br \/>\nThe winners of Interfaculty intellectual competition were awarded\u00a0(24.11.2017)<a style=\"color: #333333;\" href=\"https:\/\/unec.edu.az\/en\/ucrengli-bayragim\/\"><br \/>\n\u201cMy tricolor flag\u201d<\/a>\u00a0(08.11.2017)<a style=\"color: #000000;\" href=\"https:\/\/unec.edu.az\/en\/unec-konulluleri-ile-gorus-kecirilib\/\"><br \/>\nMeeting with UNEC Volunteers<\/a>\u00a0(14.04.2017)<a style=\"color: #000000;\" href=\"https:\/\/unec.edu.az\/en\/unec-telebelerinden-elilliyi-olanlar-ucun-sagan-mualice-pansionati-nda-novruz-senliyi\/\"><br \/>\n\u201cNovruz\u201d Festivities at the \u201cShaghan Boarding House for Disabled People\u201d<\/a>\u00a0(15.03.2017)<\/em><\/span><\/p>\n<p style=\"text-align: justify;\">\n","protected":false},"excerpt":{"rendered":"<p>Seadet Tagi Gandilova, associate professor e-mail: s.gandilova@unec.edu.az She was born on October 22, 1949 in Baku city. Mrs.Gandilova entered to the secondary school N:190 in 1957 in Baku city and finished the same school in 1967. In 1967-1971 years, she got education at the department of \u201cNational economy and planning\u201d of the Azerbaijani Institute of [&hellip;]<\/p>\n","protected":false},"author":10,"featured_media":0,"parent":0,"menu_order":0,"comment_status":"open","ping_status":"open","template":"","meta":{"footnotes":""},"class_list":["post-10629","page","type-page","status-publish","hentry"],"_links":{"self":[{"href":"http:\/\/unec.edu.az\/en\/wp-json\/wp\/v2\/pages\/10629","targetHints":{"allow":["GET"]}}],"collection":[{"href":"http:\/\/unec.edu.az\/en\/wp-json\/wp\/v2\/pages"}],"about":[{"href":"http:\/\/unec.edu.az\/en\/wp-json\/wp\/v2\/types\/page"}],"author":[{"embeddable":true,"href":"http:\/\/unec.edu.az\/en\/wp-json\/wp\/v2\/users\/10"}],"replies":[{"embeddable":true,"href":"http:\/\/unec.edu.az\/en\/wp-json\/wp\/v2\/comments?post=10629"}],"version-history":[{"count":18,"href":"http:\/\/unec.edu.az\/en\/wp-json\/wp\/v2\/pages\/10629\/revisions"}],"predecessor-version":[{"id":148771,"href":"http:\/\/unec.edu.az\/en\/wp-json\/wp\/v2\/pages\/10629\/revisions\/148771"}],"wp:attachment":[{"href":"http:\/\/unec.edu.az\/en\/wp-json\/wp\/v2\/media?parent=10629"}],"curies":[{"name":"wp","href":"https:\/\/api.w.org\/{rel}","templated":true}]}}