{"id":10633,"date":"2015-05-08T15:44:25","date_gmt":"2015-05-08T11:44:25","guid":{"rendered":"https:\/\/unec.edu.az\/i-e-n-bagirzade-elsen-resul-oglu-2\/"},"modified":"2023-01-30T16:52:32","modified_gmt":"2023-01-30T12:52:32","slug":"i-e-n-bagirzade-elsen-resul-oglu","status":"publish","type":"page","link":"http:\/\/unec.edu.az\/en\/i-e-n-bagirzade-elsen-resul-oglu\/","title":{"rendered":"Baghirzade Elshan Rasul"},"content":{"rendered":"<h4 style=\"text-align: justify;\"><span style=\"color: #800000;\"><a href=\"https:\/\/unec.edu.az\/application\/uploads\/2015\/04\/Elshen.jpg\"><img fetchpriority=\"high\" decoding=\"async\" class=\"alignleft wp-image-5785 \" title=\"left\" src=\"https:\/\/unec.edu.az\/application\/uploads\/2015\/04\/Elshen.jpg\" alt=\"Elshen\" width=\"259\" height=\"269\" \/><\/a><\/span><\/h4>\n<h4 style=\"text-align: left;\"><span style=\"color: #800000;\">Counciller of the rector:\u00a0Assoc. Prof. Dr. Elshan Bagirzadeh<\/span><\/h4>\n<h4><span style=\"color: #000000;\"><em>e-mail: elshan.bagirzadeh@unec.edu.az<\/em><\/span><\/h4>\n<p><span style=\"font-size: 14pt; color: #000080;\"><em><a style=\"color: #000080;\" href=\"https:\/\/unec.edu.az\/application\/uploads\/2015\/05\/CV-Dr.-Elshan-Bagirzadeh-Eng.pdf\">CV<\/a><\/em><\/span><\/p>\n<p><em><a style=\"color: #333333;\" href=\"https:\/\/unec.edu.az\/en\/ise-economic-talks-post-neft-dovrunun-iqtisadi-inkisaf-perspektivleri-2\/\">ISE Economic Talks: \u201cEconomic Development perspectives of Post-oil period\u201d<\/a>\u00a0(27.04.2017)<a style=\"color: #333333;\" href=\"https:\/\/unec.edu.az\/en\/unec-eksperti-diqqet-merkezi-nde\/\"><br \/>\nUNEC\u2019s Expert in the \u201cDigget Merkezi\u201d (Center of Attention)<\/a>\u00a0(24.04.2017)<a style=\"color: #333333;\" href=\"https:\/\/unec.edu.az\/en\/socar-capital-ve-unec-konfrans-kecirib\/\"><br \/>\nA Conference by \u201cSOCAR Capital\u201d and UNEC<\/a>\u00a0(15.04.2017)<br \/>\n<\/em><em><a style=\"color: #333333;\" href=\"https:\/\/unec.edu.az\/en\/unec-regionun-aparici-universitetlerindendir-video\/\">UNEC is one of the leading universities of the region \u2013 VIDEO<\/a>\u00a0(20.02.2017)<br \/>\n<\/em><em><a style=\"color: #333333;\" href=\"https:\/\/unec.edu.az\/en\/unec-ii-istanbul-dovlet-ozel-emekdasligi-heftesi-nde-temsil-edilib\/\">UNEC was represented in the \u201cII Istanbul Public- Private Partnership Week\u201d<\/a>\u00a0(10.11.2016)<br \/>\n<\/em><em><a style=\"color: #333333;\" href=\"https:\/\/unec.edu.az\/en\/yeni-layihe-heftenin-meqalesi\/\">New Project: \u201cThe Week\u2019s Article\u201d<\/a>\u00a0(26.04.2016)<br \/>\n<\/em><em><a style=\"color: #333333;\" href=\"https:\/\/unec.edu.az\/en\/unec-muellimlerinin-reytinqinin-hesablanmasina-start-verildi\/\">UNEC starts to calculate the teaching staff\u2019s rating<\/a>\u00a0(10.12.2015)<br \/>\n<\/em><em><a style=\"color: #333333;\" href=\"https:\/\/unec.edu.az\/en\/differensial-emek-haqqi-sistemi-unec-in-intellektual-mehsuludur\/\">The Differential Payroll System is UNEC\u2019s Intellectual Property<\/a>\u00a0(13.11.2015)<\/em><\/p>\n<p style=\"text-align: justify;\"><a class=\"fancybox-thumb\" href=\"https:\/\/unec.edu.az\/application\/uploads\/2017\/11\/DSC_9635.jpg\"><img decoding=\"async\" class=\"fancybox-margin alignnone wp-image-112167 \" title=\"UNEC-d\u0259 yeni t\u0259dqiqat m\u0259rk\u0259zl\u0259ri yarad\u0131l\u0131b (29.11.2017)\" src=\"https:\/\/unec.edu.az\/application\/uploads\/2017\/11\/DSC_9635-150x150.jpg\" alt=\"DSC_9635\" width=\"110\" height=\"110\" \/><\/a><a class=\"fancybox-thumb\" href=\"https:\/\/unec.edu.az\/application\/uploads\/2015\/05\/elll12d132222c04f8e.jpg\"><img decoding=\"async\" class=\"fancybox-margin alignnone wp-image-168866 \" title=\"UNEC \u0130qtisadi Forumu 2021  (12.2021)\" src=\"https:\/\/unec.edu.az\/application\/uploads\/2015\/05\/elll12d132222c04f8e-150x150.jpg\" alt=\"elll12d132222c04f8e\" width=\"112\" height=\"112\" \/><\/a><a class=\"fancybox-thumb\" href=\"https:\/\/unec.edu.az\/application\/uploads\/2015\/05\/elllll03f1223761a4cadb4.jpg\"><img loading=\"lazy\" decoding=\"async\" class=\"fancybox-margin alignnone wp-image-168867 \" title=\"UNEC \u0130qtisadi Forumu 2021  (12.2021)\" src=\"https:\/\/unec.edu.az\/application\/uploads\/2015\/05\/elllll03f1223761a4cadb4-150x150.jpg\" alt=\"elllll03f1223761a4cadb4\" width=\"110\" height=\"110\" \/><\/a><a class=\"fancybox-thumb\" href=\"https:\/\/unec.edu.az\/application\/uploads\/2015\/05\/elsand5ed34a3f12.jpg\"><img loading=\"lazy\" decoding=\"async\" class=\"fancybox-margin alignnone wp-image-167703 \" src=\"https:\/\/unec.edu.az\/application\/uploads\/2015\/05\/elsand5ed34a3f12-150x150.jpg\" alt=\"elsand5ed34a3f12\" width=\"109\" height=\"109\" \/><\/a><a class=\"fancybox-thumb\" href=\"https:\/\/unec.edu.az\/application\/uploads\/2016\/11\/57301.jpg\"><img loading=\"lazy\" decoding=\"async\" class=\"fancybox-margin  alignnone wp-image-71402 \" title=\"UNEC \u201cII \u0130stanbul d\u00f6vl\u0259t-\u00f6z\u0259l \u0259m\u0259kda\u015fli\u011fi h\u0259ft\u0259si\u201dnd\u0259 t\u0259msil edilib (10.11.2016)\" src=\"https:\/\/unec.edu.az\/application\/uploads\/2016\/11\/57301-150x150.jpg\" alt=\"57301\" width=\"109\" height=\"109\" \/><\/a><a class=\"fancybox-thumb\" href=\"https:\/\/unec.edu.az\/application\/uploads\/2016\/11\/elsan1010.jpg\"><img loading=\"lazy\" decoding=\"async\" class=\"fancybox-margin  alignnone wp-image-71409 \" title=\"UNEC \u201cII \u0130stanbul d\u00f6vl\u0259t-\u00f6z\u0259l \u0259m\u0259kda\u015fli\u011fi h\u0259ft\u0259si\u201dnd\u0259 t\u0259msil edilib (10.11.2016)\" src=\"https:\/\/unec.edu.az\/application\/uploads\/2016\/11\/elsan1010-150x150.jpg\" alt=\"elsan1010\" width=\"110\" height=\"110\" \/><\/a><a class=\"fancybox-thumb\" href=\"https:\/\/unec.edu.az\/application\/uploads\/2015\/05\/elsen320af8a979a5eac2ff2a50.jpg\"><img loading=\"lazy\" decoding=\"async\" class=\"fancybox-margin alignnone wp-image-136296 \" title=\"UNEC-d\u0259 t\u0259drisin keyfiyy\u0259tind\u0259 v\u0259 elmi f\u0259aliyy\u0259tin stimulla\u015fd\u0131r\u0131lmas\u0131nda yeni m\u0259rh\u0259l\u0259 (27.09.2018)\" src=\"https:\/\/unec.edu.az\/application\/uploads\/2015\/05\/elsen320af8a979a5eac2ff2a50-150x150.jpg\" alt=\"elsen320af8a979a5eac2ff2a50\" width=\"109\" height=\"109\" \/><\/a><\/p>\n<p><span style=\"color: #000000;\"><em><a style=\"color: #000000;\" href=\"https:\/\/unec.edu.az\/en\/unec-in-yeni-layiheleri-itv-nin-canli-efirinde-muzakire-edilib\/\">UNEC\u2019s New Projects were discussed lively on \u0130TV<\/a>\u00a0&#8211; V\u0130DEO (27.10.2016)<\/em><\/span><\/p>\n<p><iframe src=\"https:\/\/www.youtube.com\/embed\/pu1_1x0ohQM\" width=\"494\" height=\"278\" frameborder=\"0\" allowfullscreen=\"allowfullscreen\"><\/iframe><\/p>\n<p><em><a style=\"color: #000000;\" href=\"https:\/\/unec.edu.az\/tehsil-tv-temel-unec-de-differensial-emek-haqqi-sistemine-kecidi-video\/\">\u00a0Tehsil (Education) TV: &#8220;Temel (Foundation)- Introduction to the Differential Salary System<\/a><\/em>&#8211; VIDEO\u00a0<em style=\"color: #333333; font-family: Georgia, 'Times New Roman', 'Bitstream Charter', Times, serif; font-size: 16px;\">(07.10.216)<\/em><\/p>\n<p><span style=\"color: #000000;\"><em><a style=\"color: #000000;\" href=\"https:\/\/unec.edu.az\/en\/unec-in-differensial-emek-haqqi-sistemi-ans-de-muzakire-edilib\/\">UNEC\u2019s Differential Salary System is discussed in ANS<\/a>\u00a0\u00a0(05.05.2016)<\/em><\/span><\/p>\n<p><iframe src=\"https:\/\/www.youtube.com\/embed\/rAJjKI8dFmM\" width=\"504\" height=\"378\" frameborder=\"0\" allowfullscreen=\"allowfullscreen\"><\/iframe><\/p>\n","protected":false},"excerpt":{"rendered":"<p>Counciller of the rector:\u00a0Assoc. Prof. Dr. Elshan Bagirzadeh e-mail: elshan.bagirzadeh@unec.edu.az CV ISE Economic Talks: \u201cEconomic Development perspectives of Post-oil period\u201d\u00a0(27.04.2017) UNEC\u2019s Expert in the \u201cDigget Merkezi\u201d (Center of Attention)\u00a0(24.04.2017) A Conference by \u201cSOCAR Capital\u201d and UNEC\u00a0(15.04.2017) UNEC is one of the leading universities of the region \u2013 VIDEO\u00a0(20.02.2017) UNEC was represented in the \u201cII Istanbul [&hellip;]<\/p>\n","protected":false},"author":10,"featured_media":0,"parent":0,"menu_order":0,"comment_status":"open","ping_status":"open","template":"","meta":{"footnotes":""},"class_list":["post-10633","page","type-page","status-publish","hentry"],"_links":{"self":[{"href":"http:\/\/unec.edu.az\/en\/wp-json\/wp\/v2\/pages\/10633","targetHints":{"allow":["GET"]}}],"collection":[{"href":"http:\/\/unec.edu.az\/en\/wp-json\/wp\/v2\/pages"}],"about":[{"href":"http:\/\/unec.edu.az\/en\/wp-json\/wp\/v2\/types\/page"}],"author":[{"embeddable":true,"href":"http:\/\/unec.edu.az\/en\/wp-json\/wp\/v2\/users\/10"}],"replies":[{"embeddable":true,"href":"http:\/\/unec.edu.az\/en\/wp-json\/wp\/v2\/comments?post=10633"}],"version-history":[{"count":33,"href":"http:\/\/unec.edu.az\/en\/wp-json\/wp\/v2\/pages\/10633\/revisions"}],"predecessor-version":[{"id":183820,"href":"http:\/\/unec.edu.az\/en\/wp-json\/wp\/v2\/pages\/10633\/revisions\/183820"}],"wp:attachment":[{"href":"http:\/\/unec.edu.az\/en\/wp-json\/wp\/v2\/media?parent=10633"}],"curies":[{"name":"wp","href":"https:\/\/api.w.org\/{rel}","templated":true}]}}