{"id":11688,"date":"2015-05-20T11:22:10","date_gmt":"2015-05-20T07:22:10","guid":{"rendered":"https:\/\/unec.edu.az\/dos-tofiq-ramazan-oglu-osmanov-2\/"},"modified":"2020-10-22T21:45:21","modified_gmt":"2020-10-22T17:45:21","slug":"dean-tofig-ramazan-osmanov","status":"publish","type":"page","link":"http:\/\/unec.edu.az\/en\/dean-tofig-ramazan-osmanov\/","title":{"rendered":"Dean: Tofig Ramazan Osmanov, candidate of technical sciences and associate professor"},"content":{"rendered":"<h4><span style=\"color: #800000;\"><a href=\"https:\/\/unec.edu.az\/application\/uploads\/2015\/02\/Tofiq-m-.jpg\"><img fetchpriority=\"high\" decoding=\"async\" class=\"alignleft wp-image-4811\" title=\"left\" src=\"https:\/\/unec.edu.az\/application\/uploads\/2015\/02\/Tofiq-m-.jpg\" alt=\"Tofiq m\" width=\"228\" height=\"229\" srcset=\"http:\/\/unec.edu.az\/application\/uploads\/2015\/02\/Tofiq-m-.jpg 180w, http:\/\/unec.edu.az\/application\/uploads\/2015\/02\/Tofiq-m--150x150.jpg 150w\" sizes=\"(max-width: 228px) 100vw, 228px\" \/><\/a><\/span><\/h4>\n<h4><span style=\"color: #800000;\">Dean of the Faculty of Expertise and Standardization: Candidate of Technical Sciences, Associate Professor Tofig Ramazan Osmanov\u00a0<\/span><\/h4>\n<h4><span style=\"color: #000000;\"><em>Address: \u00a0I.Mammadov str. 17, apt 118, Baku City<\/em><\/span><br \/>\n<span style=\"color: #000000;\"> <em> Telephone: \u00a0+(994)12 564-42-49<\/em><\/span><br \/>\n<span style=\"color: #000000;\"><em>E-mail: \u00a0<\/em>tofiq.osmanov@unec.edu.az; \u00a0<em>t.r.osmanov@gmail.com<\/em><\/span><\/h4>\n<p>&nbsp;<\/p>\n<p style=\"text-align: justify;\">\u00a0T.Osmanov was born in Gakh region in 1950. Studied at the secondary school within 1957-1967yy.<\/p>\n<p style=\"text-align: justify;\">He was enrolled the Faculty of Commodity Research of the Institute of People\u2019s Economy named after D.Bunyadzade the same year after completing the school in 1967 and graduated from the Institute in \u201cCommodity Research of Industrial Goods and Organization of Trade\u201d in 1971.<\/p>\n<p style=\"text-align: justify;\">Beginning from December of 1971, he started to work as a teaching staff and senior teacher of the Department of \u201cCommodity Research of Industrial Goods\u201d of AIPE named after D.Bunyadzade.<\/p>\n<p style=\"text-align: justify;\">He became a post-graduate student in 1974 and received a Candidate\u2019s Degree in Technical Sciences after defending his thesis on \u201cFriction of PVC- based Linoleums in exploitation condition and the investigation of stability of main hygienic characteristics\u201d in the session of Specialized Academic Council of Moscow Cooperation Institute in 1981.<\/p>\n<p style=\"text-align: justify;\">He made a speech in the scientific-practical conference dedicated to the Problems of Commodity Research held in the cities of Moscow and Donetsk within 1970-1980yy.<\/p>\n<p><a class=\"fancybox-thumb\" href=\"https:\/\/unec.edu.az\/application\/uploads\/2015\/07\/DSC_2241.jpg\" rel=\"fancybox-thumb\"><img decoding=\"async\" class=\"fancybox-margin    alignnone wp-image-18221 size-thumbnail\" src=\"https:\/\/unec.edu.az\/application\/uploads\/2015\/07\/DSC_2241-150x150.jpg\" alt=\"DSC_2241\" width=\"150\" height=\"150\" \/><\/a><a class=\"fancybox-thumb\" href=\"https:\/\/unec.edu.az\/application\/uploads\/2015\/07\/DSC_2225.jpg\" rel=\"fancybox-thumb\"><img decoding=\"async\" class=\"fancybox-margin    alignnone wp-image-18212 size-thumbnail\" src=\"https:\/\/unec.edu.az\/application\/uploads\/2015\/07\/DSC_2225-150x150.jpg\" alt=\"DSC_2225\" width=\"150\" height=\"150\" \/><\/a><a class=\"fancybox-thumb\" href=\"https:\/\/unec.edu.az\/application\/uploads\/2015\/02\/osman_0017.jpg\" rel=\"fancybox-thumb\"><img loading=\"lazy\" decoding=\"async\" class=\"fancybox-margin   alignnone wp-image-71483 size-thumbnail\" title=\"\u201cD\u00f6vl\u0259t Bayra\u011f\u0131 G\u00fcn\u00fc\u201d UNEC-d\u0259 qeyd edilib (08.11.2016)\" src=\"https:\/\/unec.edu.az\/application\/uploads\/2015\/02\/osman_0017-150x150.jpg\" alt=\"osman_0017\" width=\"150\" height=\"150\" \/><\/a>\u00a0<a class=\"fancybox-thumb\" href=\"https:\/\/unec.edu.az\/application\/uploads\/2017\/02\/turk_00061.jpg\" rel=\"fancybox-thumb\"><img loading=\"lazy\" decoding=\"async\" class=\"fancybox-margin   alignnone wp-image-84259 size-thumbnail\" title=\"S\u00fcleyman D\u0259mir\u0259l Universiteti UNEC m\u00fc\u0259lliml\u0259rinin s\u0259f\u0259rind\u0259n yaz\u0131b (13.02.2017)\" src=\"https:\/\/unec.edu.az\/application\/uploads\/2017\/02\/turk_00061-150x150.jpg\" alt=\"turk_0006(1)\" width=\"150\" height=\"150\" \/><\/a><a class=\"fancybox-thumb\" href=\"https:\/\/unec.edu.az\/application\/uploads\/2016\/03\/IMG_2290.jpg\" rel=\"fancybox-thumb\"><img loading=\"lazy\" decoding=\"async\" class=\"fancybox-margin   alignnone wp-image-46124 size-thumbnail\" src=\"https:\/\/unec.edu.az\/application\/uploads\/2016\/03\/IMG_2290-150x150.jpg\" alt=\"IMG_2290\" width=\"150\" height=\"150\" \/><\/a><a class=\"fancybox-thumb\" href=\"https:\/\/unec.edu.az\/application\/uploads\/2017\/12\/DSC_5146.jpg\" rel=\"fancybox-thumb\"><img loading=\"lazy\" decoding=\"async\" class=\"fancybox-thumb alignnone wp-image-114895 size-thumbnail\" title=\"\u018fmt\u0259\u0259\u015f\u00fcnasl\u0131q m\u0259kt\u0259binin banisi \u018fli H\u0259s\u0259novun 80 illik yubileyi (28.12.2017)\" src=\"https:\/\/unec.edu.az\/application\/uploads\/2017\/12\/DSC_5146-150x150.jpg\" alt=\"DSC_5146\" width=\"150\" height=\"150\" \/><\/a><\/p>\n<p>In the years of 1992-2000 he served as a Dean of the Faculty of Commodity Research at the Institute of Commodity Research and Commerce of Baku, in 2000-2004 as a Dean of the Faculty of Commodity Research of the University of Economics. From 2004 he became a Deputy Dean of the Faculty of Commodity Research. Currently He is a Dean of the Faculty of Expertise and Standardization.<\/p>\n<p style=\"text-align: justify;\">T.Osmanov is the author of more than 150 scientific articles, including 20 textbooks and 5 teaching materials dedicated to the modern problems of commodity research. The research carried out was directed to determine sustainability of the more narrow function linoleums from PVC in different aggressive environment, science-based methods of their pollution and treatment, investigation of the resistance of linoleums against abrasion in laboratory conditions by matching them of maximum operating condition and hygienic properties and finally to the issue of consumption of scientific classification of polymer floor materials.<\/p>\n<p>He was awarded a medal of \u201cProgress\u201d by the Presidential Decree of the Republic of Azerbaijan.<\/p>\n<p style=\"text-align: justify;\">According to the Order of the President of the Republic of Azerbaijan dated September 24, 2020, he was awarded the honorary title of &#8220;Honored Teacher&#8221; on the occasion of the 90th anniversary of\u00a0 Azerbaijan State University of Economics and for his services to the development of education in Azerbaijan.<\/p>\n<p>He is married, has two children and a grandchild.<\/p>\n<p>&nbsp;<\/p>\n<p><em><span style=\"color: #000000;\"><span style=\"color: #333333;\"><a style=\"color: #333333;\" href=\"https:\/\/unec.edu.az\/en\/unec-kollektivi-novruz-bayramini-daun-sindromlu-usaqlarla-kecirib\/\">The UNEC staff celebrated the Novruz holiday with the children with Down syndrome<\/a>\u00a0(16.03.2018)<\/span><\/span><\/em><\/p>\n","protected":false},"excerpt":{"rendered":"<p>Dean of the Faculty of Expertise and Standardization: Candidate of Technical Sciences, Associate Professor Tofig Ramazan Osmanov\u00a0 Address: \u00a0I.Mammadov str. 17, apt 118, Baku City Telephone: \u00a0+(994)12 564-42-49 E-mail: \u00a0tofiq.osmanov@unec.edu.az; \u00a0t.r.osmanov@gmail.com &nbsp; \u00a0T.Osmanov was born in Gakh region in 1950. Studied at the secondary school within 1957-1967yy. He was enrolled the Faculty of Commodity Research [&hellip;]<\/p>\n","protected":false},"author":10,"featured_media":0,"parent":0,"menu_order":0,"comment_status":"open","ping_status":"open","template":"","meta":{"footnotes":""},"class_list":["post-11688","page","type-page","status-publish","hentry"],"_links":{"self":[{"href":"http:\/\/unec.edu.az\/en\/wp-json\/wp\/v2\/pages\/11688","targetHints":{"allow":["GET"]}}],"collection":[{"href":"http:\/\/unec.edu.az\/en\/wp-json\/wp\/v2\/pages"}],"about":[{"href":"http:\/\/unec.edu.az\/en\/wp-json\/wp\/v2\/types\/page"}],"author":[{"embeddable":true,"href":"http:\/\/unec.edu.az\/en\/wp-json\/wp\/v2\/users\/10"}],"replies":[{"embeddable":true,"href":"http:\/\/unec.edu.az\/en\/wp-json\/wp\/v2\/comments?post=11688"}],"version-history":[{"count":19,"href":"http:\/\/unec.edu.az\/en\/wp-json\/wp\/v2\/pages\/11688\/revisions"}],"predecessor-version":[{"id":157009,"href":"http:\/\/unec.edu.az\/en\/wp-json\/wp\/v2\/pages\/11688\/revisions\/157009"}],"wp:attachment":[{"href":"http:\/\/unec.edu.az\/en\/wp-json\/wp\/v2\/media?parent=11688"}],"curies":[{"name":"wp","href":"https:\/\/api.w.org\/{rel}","templated":true}]}}